{"id":34,"date":"2017-05-15T17:36:04","date_gmt":"2017-05-15T15:36:04","guid":{"rendered":"http:\/\/uniontradingmonaco-marine.com\/fr\/?page_id=34"},"modified":"2018-08-22T15:58:39","modified_gmt":"2018-08-22T13:58:39","slug":"a-propos","status":"publish","type":"page","link":"https:\/\/uniontradingmonaco-marine.com\/fr\/a-propos\/","title":{"rendered":"A propos"},"content":{"rendered":"<div id=\"pl-34\"  class=\"panel-layout\" ><div id=\"pg-34-0\"  class=\"panel-grid panel-has-style\" ><div class=\"siteorigin-panels-stretch panel-row-style panel-row-style-for-34-0\" data-stretch-type=\"full-stretched\" ><div id=\"pgc-34-0-0\"  class=\"panel-grid-cell\" ><div id=\"panel-34-0-0-0\" class=\"so-panel widget widget_sow-hero panel-first-child panel-last-child\" data-index=\"0\" ><div\n\t\t\t\n\t\t\tclass=\"so-widget-sow-hero so-widget-sow-hero-default-dfa5fc7eec44-34\"\n\t\t\t\n\t\t>\t\t\t\t<div class=\"sow-slider-base\" style=\"display: none\" tabindex=\"0\">\n\t\t\t\t\t<ul\n\t\t\t\t\tclass=\"sow-slider-images\"\n\t\t\t\t\tdata-settings=\"{&quot;pagination&quot;:true,&quot;speed&quot;:800,&quot;timeout&quot;:8000,&quot;paused&quot;:false,&quot;pause_on_hover&quot;:false,&quot;swipe&quot;:false,&quot;nav_always_show_desktop&quot;:&quot;&quot;,&quot;nav_always_show_mobile&quot;:&quot;&quot;,&quot;breakpoint&quot;:&quot;780px&quot;,&quot;unmute&quot;:false,&quot;anchor&quot;:null}\"\n\t\t\t\t\t\t\t\t\t\tdata-anchor-id=\"\"\n\t\t\t\t>\t\t<li class=\"sow-slider-image  sow-slider-image-cover\" style=\"visibility: visible;;background-color: #707070\" >\n\t\t\t\t\t<div class=\"sow-slider-image-container\">\n\t\t\t<div class=\"sow-slider-image-wrapper\">\n\t\t\t\t<h1 style=\"text-align: center\">UNION TRADING MONACO<\/h1>\n<h1 style=\"text-align: center\">PASSION &amp; INNOVATION DEPUIS 1960<\/h1>\n\t\t\t<\/div>\n\t\t<\/div>\n\t\t<div class=\"sow-slider-image-overlay sow-slider-image-cover\" style=\"opacity: 0.3;background-image: url(https:\/\/uniontradingmonaco-marine.com\/fr\/wp-content\/uploads\/sites\/2\/2018\/05\/ea31b10f21f4043ecd0b4204e2445b97e675e4d31bb9144493_1920.jpg)\"  ><\/div>\t\t<\/li>\n\t\t<\/ul>\t\t\t\t<ol class=\"sow-slider-pagination\">\n\t\t\t\t\t\t\t\t\t\t\t<li><a href=\"#\" data-goto=\"0\" aria-label=\"Display slide 1\"><\/a><\/li>\n\t\t\t\t\t\t\t\t\t<\/ol>\n\n\t\t\t\t<div class=\"sow-slide-nav sow-slide-nav-next\">\n\t\t\t\t\t<a href=\"#\" data-goto=\"next\" aria-label=\"Next slide\" data-action=\"next\">\n\t\t\t\t\t\t<em class=\"sow-sld-icon-thin-right\"><\/em>\n\t\t\t\t\t<\/a>\n\t\t\t\t<\/div>\n\n\t\t\t\t<div class=\"sow-slide-nav sow-slide-nav-prev\">\n\t\t\t\t\t<a href=\"#\" data-goto=\"previous\" aria-label=\"Previous slide\" data-action=\"prev\">\n\t\t\t\t\t\t<em class=\"sow-sld-icon-thin-left\"><\/em>\n\t\t\t\t\t<\/a>\n\t\t\t\t<\/div>\n\t\t\t\t<\/div><\/div><\/div><\/div><\/div><\/div><div id=\"pg-34-1\"  class=\"panel-grid panel-no-style\" ><div id=\"pgc-34-1-0\"  class=\"panel-grid-cell\" ><div id=\"panel-34-1-0-0\" class=\"so-panel widget widget_sow-editor panel-first-child panel-last-child\" data-index=\"1\" ><div\n\t\t\t\n\t\t\tclass=\"so-widget-sow-editor so-widget-sow-editor-base\"\n\t\t\t\n\t\t>\n<div class=\"siteorigin-widget-tinymce textwidget\">\n\t<h2 style=\"text-align: center;\"><strong><span style=\"color: #194196;\">UTM - UNION TRADING MONACO sam est une soci\u00e9t\u00e9 anonyme mon\u00e9gasque, fond\u00e9e en 1960<\/span> <\/strong><\/h2>\n<p style=\"text-align: justify;\">La soci\u00e9t\u00e9 \u00a0a initialement port\u00e9e son activit\u00e9 vers la commercialisation de mat\u00e9riaux de chantier du b\u00e2timent, et le trading de machines et de v\u00e9hicules vers l\u2019Afrique, principalement la Cote d\u2019Ivoire. <strong>Dans les ann\u00e9es 90, la soci\u00e9t\u00e9 a redessin\u00e9 son orientation et son activit\u00e9 vers le Secteur Naval. <\/strong>Fourniture de mat\u00e9riaux pour bateau de croisi\u00e8res et Super-Yaching, assistance de contr\u00f4le en collaboration d\u2019un staff d\u2019ing\u00e9nieurs et de techniciens op\u00e9rant \u00e0 contrat.<\/p>\n<p style=\"text-align: justify;\"><strong>Depuis lors, elle s\u2019est sp\u00e9cialis\u00e9e dans la recherche et la vente de produits de protection et d'isolation pour pont et sous-pont, lampe de s\u00e9curit\u00e9 et de design, syst\u00e8mes technologiquement avanc\u00e9s. Tout ceci pour offrir \u00e0 une client\u00e8le sp\u00e9cialis\u00e9e un mat\u00e9riel de pointe, dans le soucis d'optimiser le rapport Qualit\u00e9\/Prix.<\/strong><\/p>\n<p style=\"text-align: justify;\">Par sa vue ample du march\u00e9, <strong>UTM - UNION TRADING MONACO sam\u00a0<\/strong> propose \u00e0 sa client\u00e8le de trouver facilement et rapidement tout mat\u00e9riaux ou appareillages qui lui sont n\u00e9cessaires pour la bonne marche des vaisseaux.<\/p>\n<p style=\"text-align: justify;\">Ses fournisseurs sont localis\u00e9s en Hollande, UK, Su\u00e8de, Allemagne, Italie, France. <strong>UTM - UNION TRADING MONACO sam\u00a0<\/strong>travaille avec de diff\u00e9rents armateurs tels que\u00a0<strong>Carnival Cruises, P&amp;O, Costa Croisi\u00e8res<\/strong>\u00a0mais aussi avec des chantiers des constructions comme<strong> Fincantieri <\/strong>et les<strong> Chantiers de Saint-Nazaire.<\/strong>\u00a0Elle \u00e9tend son activit\u00e9 en Europe et aux USA et organise l'envoie de mat\u00e9riaux et l'interventions de sp\u00e9cialistes dans le monde.<\/p>\n<\/div>\n<\/div><\/div><\/div><\/div><div id=\"pg-34-2\"  class=\"panel-grid panel-has-style\" ><div class=\"panel-row-style panel-row-style-for-34-2\" ><div id=\"pgc-34-2-0\"  class=\"panel-grid-cell\" ><div id=\"panel-34-2-0-0\" class=\"so-panel widget widget_sow-button panel-first-child panel-last-child\" data-index=\"2\" ><div\n\t\t\t\n\t\t\tclass=\"so-widget-sow-button so-widget-sow-button-flat-1bea293ef6f7-34\"\n\t\t\t\n\t\t><div class=\"ow-button-base ow-button-align-center\"\n>\n\t\t\t<a\n\t\t\t\t\thref=\"https:\/\/uniontradingmonaco-marine.com\/fr\/contact\/\"\n\t\t\t\t\tclass=\"sowb-button ow-icon-placement-left ow-button-hover\" \t>\n\t\t<span>\n\t\t\t<span class=\"sow-icon-genericons\" data-sow-icon=\"&#xf410;\"\n\t\tstyle=\"color: #ffffff\" \n\t\taria-hidden=\"true\"><\/span>\n\t\t\tPlus de renseignements\t\t<\/span>\n\t\t\t<\/a>\n\t<\/div>\n<\/div><\/div><\/div><\/div><\/div><\/div><!-- AddThis Advanced Settings generic via filter on the_content --><!-- AddThis Share Buttons generic via filter on the_content -->","protected":false},"excerpt":{"rendered":"<p>UTM &#8211; UNION TRADING MONACO sam est une soci\u00e9t\u00e9 anonyme mon\u00e9gasque, fond\u00e9e en 1960 La soci\u00e9t\u00e9 \u00a0a initialement port\u00e9e son activit\u00e9 vers la commercialisation de mat\u00e9riaux de chantier du b\u00e2timent, et le trading de machines et de v\u00e9hicules vers l\u2019Afrique, principalement la Cote d\u2019Ivoire. Dans les ann\u00e9es 90, la soci\u00e9t\u00e9 a redessin\u00e9 son orientation et &hellip;<!-- AddThis Advanced Settings generic via filter on get_the_excerpt --><!-- AddThis Share Buttons generic via filter on get_the_excerpt --><\/p>\n","protected":false},"author":1,"featured_media":0,"parent":0,"menu_order":0,"comment_status":"closed","ping_status":"closed","template":"","meta":{"footnotes":""},"class_list":["post-34","page","type-page","status-publish","hentry","no-thumb"],"yoast_head":"<!-- This site is optimized with the Yoast SEO plugin v27.4 - https:\/\/yoast.com\/product\/yoast-seo-wordpress\/ -->\n<title>A propos - Union Trading Monaco<\/title>\n<meta name=\"description\" content=\"Union Trading Monaco sam fond\u00e9e en 1960, intervient dans la fourniture de mat\u00e9riau d&#039;amm\u00e9nagement Secteur Naval... Yacht, Super-Yacht, Bateau de Croisi\u00e8res\" \/>\n<meta name=\"robots\" content=\"index, follow, max-snippet:-1, max-image-preview:large, max-video-preview:-1\" \/>\n<link rel=\"canonical\" href=\"https:\/\/uniontradingmonaco-marine.com\/fr\/a-propos\/\" \/>\n<meta property=\"og:locale\" content=\"fr_FR\" \/>\n<meta property=\"og:type\" content=\"article\" \/>\n<meta property=\"og:title\" content=\"A propos - Union Trading Monaco\" \/>\n<meta property=\"og:description\" content=\"Union Trading Monaco sam fond\u00e9e en 1960, intervient dans la fourniture de mat\u00e9riau d&#039;amm\u00e9nagement Secteur Naval... Yacht, Super-Yacht, Bateau de Croisi\u00e8res\" \/>\n<meta property=\"og:url\" content=\"https:\/\/uniontradingmonaco-marine.com\/fr\/a-propos\/\" \/>\n<meta property=\"og:site_name\" content=\"Union Trading Monaco\" \/>\n<meta property=\"article:modified_time\" content=\"2018-08-22T13:58:39+00:00\" \/>\n<meta name=\"twitter:card\" content=\"summary_large_image\" \/>\n<meta name=\"twitter:label1\" content=\"Dur\u00e9e de lecture estim\u00e9e\" \/>\n\t<meta name=\"twitter:data1\" content=\"1 minute\" \/>\n<!-- \/ Yoast SEO plugin. -->","yoast_head_json":{"title":"A propos - Union Trading Monaco","description":"Union Trading Monaco sam fond\u00e9e en 1960, intervient dans la fourniture de mat\u00e9riau d'amm\u00e9nagement Secteur Naval... Yacht, Super-Yacht, Bateau de Croisi\u00e8res","robots":{"index":"index","follow":"follow","max-snippet":"max-snippet:-1","max-image-preview":"max-image-preview:large","max-video-preview":"max-video-preview:-1"},"canonical":"https:\/\/uniontradingmonaco-marine.com\/fr\/a-propos\/","og_locale":"fr_FR","og_type":"article","og_title":"A propos - Union Trading Monaco","og_description":"Union Trading Monaco sam fond\u00e9e en 1960, intervient dans la fourniture de mat\u00e9riau d'amm\u00e9nagement Secteur Naval... Yacht, Super-Yacht, Bateau de Croisi\u00e8res","og_url":"https:\/\/uniontradingmonaco-marine.com\/fr\/a-propos\/","og_site_name":"Union Trading Monaco","article_modified_time":"2018-08-22T13:58:39+00:00","twitter_card":"summary_large_image","twitter_misc":{"Dur\u00e9e de lecture estim\u00e9e":"1 minute"},"schema":{"@context":"https:\/\/schema.org","@graph":[{"@type":"WebPage","@id":"https:\/\/uniontradingmonaco-marine.com\/fr\/a-propos\/","url":"https:\/\/uniontradingmonaco-marine.com\/fr\/a-propos\/","name":"A propos - Union Trading Monaco","isPartOf":{"@id":"https:\/\/uniontradingmonaco-marine.com\/fr\/#website"},"datePublished":"2017-05-15T15:36:04+00:00","dateModified":"2018-08-22T13:58:39+00:00","description":"Union Trading Monaco sam fond\u00e9e en 1960, intervient dans la fourniture de mat\u00e9riau d'amm\u00e9nagement Secteur Naval... Yacht, Super-Yacht, Bateau de Croisi\u00e8res","breadcrumb":{"@id":"https:\/\/uniontradingmonaco-marine.com\/fr\/a-propos\/#breadcrumb"},"inLanguage":"fr-FR","potentialAction":[{"@type":"ReadAction","target":["https:\/\/uniontradingmonaco-marine.com\/fr\/a-propos\/"]}]},{"@type":"BreadcrumbList","@id":"https:\/\/uniontradingmonaco-marine.com\/fr\/a-propos\/#breadcrumb","itemListElement":[{"@type":"ListItem","position":1,"name":"Accueil","item":"https:\/\/uniontradingmonaco-marine.com\/fr\/"},{"@type":"ListItem","position":2,"name":"A propos"}]},{"@type":"WebSite","@id":"https:\/\/uniontradingmonaco-marine.com\/fr\/#website","url":"https:\/\/uniontradingmonaco-marine.com\/fr\/","name":"Union Trading Monaco","description":"","publisher":{"@id":"https:\/\/uniontradingmonaco-marine.com\/fr\/#organization"},"potentialAction":[{"@type":"SearchAction","target":{"@type":"EntryPoint","urlTemplate":"https:\/\/uniontradingmonaco-marine.com\/fr\/?s={search_term_string}"},"query-input":{"@type":"PropertyValueSpecification","valueRequired":true,"valueName":"search_term_string"}}],"inLanguage":"fr-FR"},{"@type":"Organization","@id":"https:\/\/uniontradingmonaco-marine.com\/fr\/#organization","name":"Union Trading Monaco","url":"https:\/\/uniontradingmonaco-marine.com\/fr\/","logo":{"@type":"ImageObject","inLanguage":"fr-FR","@id":"https:\/\/uniontradingmonaco-marine.com\/fr\/#\/schema\/logo\/image\/","url":"https:\/\/uniontradingmonaco-marine.com\/fr\/wp-content\/uploads\/sites\/2\/2017\/06\/Logo-UTM-xs.png","contentUrl":"https:\/\/uniontradingmonaco-marine.com\/fr\/wp-content\/uploads\/sites\/2\/2017\/06\/Logo-UTM-xs.png","width":144,"height":113,"caption":"Union Trading Monaco"},"image":{"@id":"https:\/\/uniontradingmonaco-marine.com\/fr\/#\/schema\/logo\/image\/"},"sameAs":["https:\/\/www.linkedin.com\/company\/union-trading-monaco\/"]}]}},"_links":{"self":[{"href":"https:\/\/uniontradingmonaco-marine.com\/fr\/wp-json\/wp\/v2\/pages\/34","targetHints":{"allow":["GET"]}}],"collection":[{"href":"https:\/\/uniontradingmonaco-marine.com\/fr\/wp-json\/wp\/v2\/pages"}],"about":[{"href":"https:\/\/uniontradingmonaco-marine.com\/fr\/wp-json\/wp\/v2\/types\/page"}],"author":[{"embeddable":true,"href":"https:\/\/uniontradingmonaco-marine.com\/fr\/wp-json\/wp\/v2\/users\/1"}],"replies":[{"embeddable":true,"href":"https:\/\/uniontradingmonaco-marine.com\/fr\/wp-json\/wp\/v2\/comments?post=34"}],"version-history":[{"count":76,"href":"https:\/\/uniontradingmonaco-marine.com\/fr\/wp-json\/wp\/v2\/pages\/34\/revisions"}],"predecessor-version":[{"id":765,"href":"https:\/\/uniontradingmonaco-marine.com\/fr\/wp-json\/wp\/v2\/pages\/34\/revisions\/765"}],"wp:attachment":[{"href":"https:\/\/uniontradingmonaco-marine.com\/fr\/wp-json\/wp\/v2\/media?parent=34"}],"curies":[{"name":"wp","href":"https:\/\/api.w.org\/{rel}","templated":true}]}}