{"id":37,"date":"2017-05-15T17:37:12","date_gmt":"2017-05-15T15:37:12","guid":{"rendered":"http:\/\/uniontradingmonaco-marine.com\/fr\/?page_id=37"},"modified":"2020-01-27T14:22:54","modified_gmt":"2020-01-27T13:22:54","slug":"contact","status":"publish","type":"page","link":"https:\/\/uniontradingmonaco-marine.com\/fr\/contact\/","title":{"rendered":"Contact"},"content":{"rendered":"<div id=\"pl-37\"  class=\"panel-layout\" ><div id=\"pg-37-0\"  class=\"panel-grid panel-has-style\" ><div class=\"siteorigin-panels-stretch panel-row-style panel-row-style-for-37-0\" data-stretch-type=\"full\" ><div id=\"pgc-37-0-0\"  class=\"panel-grid-cell\" ><div id=\"panel-37-0-0-0\" class=\"so-panel widget widget_sow-headline panel-first-child\" data-index=\"0\" ><div\n\t\t\t\n\t\t\tclass=\"so-widget-sow-headline so-widget-sow-headline-default-288154587976-37\"\n\t\t\t\n\t\t><div class=\"sow-headline-container \">\n\t\t\t\t\t\t\t<h1 class=\"sow-headline\">\n\t\t\t\t\t\tContact\t\t\t\t\t\t<\/h1>\n\t\t\t\t\t\t\t\t\t\t\t\t<h2 class=\"sow-sub-headline\">\n\t\t\t\t\t\tPour plus de renseignements \t\t\t\t\t\t<\/h2>\n\t\t\t\t\t\t<\/div>\n<\/div><\/div><div id=\"panel-37-0-0-1\" class=\"so-panel widget widget_sow-features\" data-index=\"1\" ><div\n\t\t\t\n\t\t\tclass=\"so-widget-sow-features so-widget-sow-features-default-cc9fd8c7e71f-37\"\n\t\t\t\n\t\t><ul\n\tclass=\"sow-features-list\n\tsow-features-responsive\">\n\n\t\t\t<li\n\t\t\tclass=\"sow-features-feature sow-icon-container-position-top\"\n\t\t\tstyle=\"display: flex; flex-direction: column; width: calc(100% - 25px);\"\n\t\t>\n\t\t\t\n\t\t\t\t\t\t<div\t\t\t\tclass=\"sow-icon-container sow-container-none\"\n\t\t\t\tstyle=\"color: #404040; \"\n\t\t\t\t\n\t\t\t\t\t\t\t>\n\t\t\t\t\t\t\t<\/div>\n\n\t\t\t<div class=\"textwidget\">\n\t\t\t\t\n\t\t\t\t\t\t\t\t\t<h5 class=\"sow-features-feature-title\">\n\t\t\t\t\t\tT\u00e9l\u00e9phone\t\t\t\t\t<\/h5>\n\t\t\t\t\n\t\t\t\t\t\t\t\t\t<div class=\"sow-features-feature-text\">\n\t\t\t\t\t<p><span class=\"_Xbe _ZWk kno-fv\"><a class=\"fl r-icCsH5qY7FLE\" title=\"Appeler avec Hangouts\">+377 97 70 25 70<\/a><\/span><\/p>\n\t\t\t\t\t<\/div>\n\t\t\t\t\t\t\t\t<\/div>\n\t\t\t\t\t\t\t\t<\/li>\n\n\t\t\t<li\n\t\t\tclass=\"sow-features-feature sow-icon-container-position-top\"\n\t\t\tstyle=\"display: flex; flex-direction: column; width: calc(100% - 25px);\"\n\t\t>\n\t\t\t\n\t\t\t\t\t\t<div\t\t\t\tclass=\"sow-icon-container sow-container-none\"\n\t\t\t\tstyle=\"color: #404040; \"\n\t\t\t\t\n\t\t\t\t\t\t\t>\n\t\t\t\t<span class=\"sow-icon-fontawesome sow-fas\" data-sow-icon=\"&#xf041;\"\n\t\tstyle=\"font-size: 40px; color: #424242\" \n\t\taria-hidden=\"true\"><\/span>\t\t\t<\/div>\n\n\t\t\t<div class=\"textwidget\">\n\t\t\t\t\n\t\t\t\t\t\t\t\t\t<h5 class=\"sow-features-feature-title\">\n\t\t\t\t\t\tO\u00f9 nous trouver?\t\t\t\t\t<\/h5>\n\t\t\t\t\n\t\t\t\t\t\t\t\t\t<div class=\"sow-features-feature-text\">\n\t\t\t\t\t<p><span class=\"_Xbe\">30 Boulevard Princesse Charlotte, 98000 Monaco<\/span><\/p>\n\t\t\t\t\t<\/div>\n\t\t\t\t\t\t\t\t<\/div>\n\t\t\t\t\t\t\t\t<\/li>\n\n\t\t\t<li\n\t\t\tclass=\"sow-features-feature sow-icon-container-position-top\"\n\t\t\tstyle=\"display: flex; flex-direction: column; width: calc(100% - 25px);\"\n\t\t>\n\t\t\t\n\t\t\t\t\t\t<div\t\t\t\tclass=\"sow-icon-container sow-container-none\"\n\t\t\t\tstyle=\"color: #404040; \"\n\t\t\t\t\n\t\t\t\t\t\t\t>\n\t\t\t\t<span class=\"sow-icon-fontawesome sow-far\" data-sow-icon=\"&#xf0e0;\"\n\t\tstyle=\"font-size: 40px; color: #424242\" \n\t\taria-hidden=\"true\"><\/span>\t\t\t<\/div>\n\n\t\t\t<div class=\"textwidget\">\n\t\t\t\t\n\t\t\t\t\t\t\t\t\t<h5 class=\"sow-features-feature-title\">\n\t\t\t\t\t\tEmail\t\t\t\t\t<\/h5>\n\t\t\t\t\n\t\t\t\t\t\t\t\t\t<div class=\"sow-features-feature-text\">\n\t\t\t\t\t<p>sales@uniontradingmonaco.com<\/p>\n\t\t\t\t\t<\/div>\n\t\t\t\t\t\t\t\t<\/div>\n\t\t\t\t\t\t\t\t<\/li>\n\n\t<\/ul>\n<\/div><\/div><div id=\"panel-37-0-0-2\" class=\"so-panel widget widget_sow-social-media-buttons panel-last-child\" data-index=\"2\" ><div\n\t\t\t\n\t\t\tclass=\"so-widget-sow-social-media-buttons so-widget-sow-social-media-buttons-flat-ce2e3f14e429-37\"\n\t\t\t\n\t\t>\n\n<div class=\"social-media-button-container\">\n\t\n\t\t<a \n\t\tclass=\"ow-button-hover sow-social-media-button-linkedin-0 sow-social-media-button\" title=\"Union Trading Monaco sur Linkedin\" aria-label=\"Union Trading Monaco sur Linkedin\" target=\"_blank\" rel=\"noopener noreferrer\" href=\"https:\/\/www.linkedin.com\/company\/11170638\/\" \t\t>\n\t\t\t<span>\n\t\t\t\t\t\t\t\t<span class=\"sow-icon-fontawesome sow-fab\" data-sow-icon=\"&#xf0e1;\"\n\t\t \n\t\taria-hidden=\"true\"><\/span>\t\t\t\t\t\t\t<\/span>\n\t\t<\/a>\n\t<\/div>\n<\/div><\/div><\/div><div id=\"pgc-37-0-1\"  class=\"panel-grid-cell\" ><div id=\"panel-37-0-1-0\" class=\"so-panel widget widget_sow-headline panel-first-child\" data-index=\"3\" ><div\n\t\t\t\n\t\t\tclass=\"so-widget-sow-headline so-widget-sow-headline-default-8653345cabc2-37\"\n\t\t\t\n\t\t><div class=\"sow-headline-container \">\n\t\t\t\t\t\t\t<h5 class=\"sow-headline\">\n\t\t\t\t\t\tSI VOUS NECESSITEZ D\u2019INFORMATIONS SUR NOS SERVICES ET SUR NOS PRODUITS FAITES NOUS PART DE VOTRE DEMANDE EN REMPLISSANT LE FORMULAIRE CI-APR\u00c9S. NOTRE EQUIPE PRENDRA CONTACT AVEC VOUS DANS LES MEILLEURS D\u00c9LAIS\t\t\t\t\t\t<\/h5>\n\t\t\t\t\t\t<\/div>\n<\/div><\/div><div id=\"panel-37-0-1-1\" class=\"so-panel widget widget_sow-contact-form panel-last-child\" data-index=\"4\" ><div class=\"panel-widget-style panel-widget-style-for-37-0-1-1\" ><div\n\t\t\t\n\t\t\tclass=\"so-widget-sow-contact-form so-widget-sow-contact-form-default-b10e381a6879-37\"\n\t\t\t\n\t\t>\t<form\n\t\taction=\"\/fr\/wp-json\/wp\/v2\/pages\/37\"\n\t\tmethod=\"POST\"\n\t\tclass=\"sow-contact-form\"\n\t\tid=\"contact-form-b64d\"\n\t>\n\n\t\t\n\t\t\t\t\t<div class=\"sow-form-field sow-form-field-name\">\n\t\t\t\t<label class=\"sow-form-field-label-above\" for=\"sow-contact-form-field-votre-nom-1\">\n\t\t\t\t<strong>\n\t\t\t\t\tVotre nom\t\t\t\t\t\t\t\t\t<\/strong>\n\t\t\t<\/label>\n\t\t\t\t\t\t\t<div class=\"sow-field-container\">\n\t\t\t\t\t\t\t<input\n\t\t\ttype=\"text\"\n\t\t\tname=\"votre-nom-1\"\n\t\t\tid=\"sow-contact-form-field-votre-nom-1\"\n\t\t\tvalue=\"\"\n\t\t\tclass=\"sow-text-field\"\n\t\t\t\t\t\t\t\t\/>\n\t\t\t\t\t\t<\/div>\n\t\t\t\t\t\t\t<\/div>\n\t\t\t\t\t\t<div class=\"sow-form-field sow-form-field-email\">\n\t\t\t\t<label class=\"sow-form-field-label-above\" for=\"sow-contact-form-field-votre-adresse-de-messagerie-1\">\n\t\t\t\t<strong>\n\t\t\t\t\tVotre adresse de messagerie\t\t\t\t\t\t\t\t\t<\/strong>\n\t\t\t<\/label>\n\t\t\t\t\t\t\t<div class=\"sow-field-container\">\n\t\t\t\t\t\t\t<input\n\t\t\ttype=\"email\"\n\t\t\tname=\"votre-adresse-de-messagerie-1\"\n\t\t\tid=\"sow-contact-form-field-votre-adresse-de-messagerie-1\"\n\t\t\tvalue=\"\"\n\t\t\tclass=\"sow-text-field\"\t\t\t\t\t\t\t\t\/>\n\t\t\t\t\t\t<\/div>\n\t\t\t\t\t\t\t<\/div>\n\t\t\t\t\t\t<div class=\"sow-form-field sow-form-field-subject\">\n\t\t\t\t<label class=\"sow-form-field-label-above\" for=\"sow-contact-form-field-sujet-1\">\n\t\t\t\t<strong>\n\t\t\t\t\tSujet\t\t\t\t\t\t\t\t\t<\/strong>\n\t\t\t<\/label>\n\t\t\t\t\t\t\t<div class=\"sow-field-container\">\n\t\t\t\t\t\t\t<input\n\t\t\ttype=\"text\"\n\t\t\tname=\"sujet-1\"\n\t\t\tid=\"sow-contact-form-field-sujet-1\"\n\t\t\tvalue=\"\"\n\t\t\tclass=\"sow-text-field\"\n\t\t\t\t\t\t\t\t\/>\n\t\t\t\t\t\t<\/div>\n\t\t\t\t\t\t\t<\/div>\n\t\t\t\t\t\t<div class=\"sow-form-field sow-form-field-textarea\">\n\t\t\t\t<label class=\"sow-form-field-label-above\" for=\"sow-contact-form-field-message-1\">\n\t\t\t\t<strong>\n\t\t\t\t\tMessage\t\t\t\t\t\t\t\t\t<\/strong>\n\t\t\t<\/label>\n\t\t\t\t\t\t\t<div class=\"sow-field-container\">\n\t\t\t\t\t\t\t<textarea\n\t\t\tname=\"message-1\"\n\t\t\tid=\"sow-contact-form-field-message-1\"\n\t\t\trows=\"10\"\n\t\t\t\t\t\t\t\t><\/textarea>\n\t\t\t\t\t\t<\/div>\n\t\t\t\t\t\t\t<\/div>\n\t\t\t\n\t\t\t\t\t<div class=\"sow-recaptcha\"\n\t\t\t\t\t\t\t\t\tdata-config=\"{&quot;sitekey&quot;:&quot;6LcCH2AUAAAAAPHU5kEpobwgnqehBlJQoP7MqIt-&quot;,&quot;theme&quot;:&quot;light&quot;,&quot;type&quot;:&quot;image&quot;,&quot;size&quot;:&quot;normal&quot;}\"\n\t\t\t\t\t\t\t><\/div>\n\t\t\t\n\t\t<div class=\"sow-submit-wrapper \n\t\tsow-submit-styled\t\t\">\n\n\t\t\t<button\n\t\t\t\ttype=\"submit\"\n\t\t\t\tclass=\"sow-submit\n\t\t\t\t\t\t\t\t\"\n\t\t\t\t\t\t\t>\n\t\t\t\tEnvoi\t\t\t<\/button>\n\t\t<\/div>\n\t\t\t\t<input\n\t\t\ttype=\"hidden\"\n\t\t\tname=\"instance_hash-1\"\n\t\t\tvalue=\"b64dc042\"\n\t\t\/>\n\n\t\t<input type=\"hidden\" id=\"_wpnonce\" name=\"_wpnonce\" value=\"c445cdbead\" \/><input type=\"hidden\" name=\"_wp_http_referer\" value=\"\/fr\/wp-json\/wp\/v2\/pages\/37\" \/>\t<\/form>\n\t<\/div><\/div><\/div><\/div><\/div><\/div><div id=\"pg-37-1\"  class=\"panel-grid panel-has-style\" ><div class=\"siteorigin-panels-stretch panel-row-style panel-row-style-for-37-1\" data-stretch-type=\"full-stretched\" ><div id=\"pgc-37-1-0\"  class=\"panel-grid-cell\" ><div id=\"panel-37-1-0-0\" class=\"so-panel widget widget_sow-editor panel-first-child panel-last-child\" data-index=\"5\" ><div\n\t\t\t\n\t\t\tclass=\"so-widget-sow-editor so-widget-sow-editor-base\"\n\t\t\t\n\t\t>\n<div class=\"siteorigin-widget-tinymce textwidget\">\n\t<p><iframe loading=\"lazy\" style=\"border: 0;\" src=\"https:\/\/www.google.com\/maps\/embed?pb=!1m14!1m8!1m3!1d11530.036514632322!2d7.4258191!3d43.7415232!3m2!1i1024!2i768!4f13.1!3m3!1m2!1s0x0%3A0xf4d991a7c0e2e0b5!2sU.t.m.!5e0!3m2!1sfr!2sfr!4v1495386652889\" width=\"100%\" height=\"450\" frameborder=\"0\" allowfullscreen=\"allowfullscreen\"><\/iframe><\/p>\n<\/div>\n<\/div><\/div><\/div><\/div><\/div><\/div><!-- AddThis Advanced Settings generic via filter on the_content --><!-- AddThis Share Buttons generic via filter on the_content -->","protected":false},"excerpt":{"rendered":"<p>Contact Pour plus de renseignements T\u00e9l\u00e9phone +377 97 70 25 70 O\u00f9 nous trouver? 30 Boulevard Princesse Charlotte, 98000 Monaco Email sales@uniontradingmonaco.com SI VOUS NECESSITEZ D\u2019INFORMATIONS SUR NOS SERVICES ET SUR NOS PRODUITS FAITES NOUS PART DE VOTRE DEMANDE EN REMPLISSANT LE FORMULAIRE CI-APR\u00c9S. NOTRE EQUIPE PRENDRA CONTACT AVEC VOUS DANS LES MEILLEURS D\u00c9LAIS Votre &hellip;<!-- AddThis Advanced Settings generic via filter on get_the_excerpt --><!-- AddThis Share Buttons generic via filter on get_the_excerpt --><\/p>\n","protected":false},"author":1,"featured_media":0,"parent":0,"menu_order":0,"comment_status":"closed","ping_status":"closed","template":"","meta":{"footnotes":""},"class_list":["post-37","page","type-page","status-publish","hentry","no-thumb"],"yoast_head":"<!-- This site is optimized with the Yoast SEO plugin v27.2 - https:\/\/yoast.com\/product\/yoast-seo-wordpress\/ -->\n<title>Contact - Union Trading Monaco<\/title>\n<meta name=\"description\" content=\"Pour plus de renseignements T\u00e9l\u00e9phone +377 97 70 25 70, 30 Boulevard Princesse Charlotte, 98000 Monaco Email sales@uniontradingmonaco.com\" \/>\n<meta name=\"robots\" content=\"index, follow, max-snippet:-1, max-image-preview:large, max-video-preview:-1\" \/>\n<link rel=\"canonical\" href=\"https:\/\/uniontradingmonaco-marine.com\/fr\/contact\/\" \/>\n<meta property=\"og:locale\" content=\"fr_FR\" \/>\n<meta property=\"og:type\" content=\"article\" \/>\n<meta property=\"og:title\" content=\"Contact - Union Trading Monaco\" \/>\n<meta property=\"og:description\" content=\"Pour plus de renseignements T\u00e9l\u00e9phone +377 97 70 25 70, 30 Boulevard Princesse Charlotte, 98000 Monaco Email sales@uniontradingmonaco.com\" \/>\n<meta property=\"og:url\" content=\"https:\/\/uniontradingmonaco-marine.com\/fr\/contact\/\" \/>\n<meta property=\"og:site_name\" content=\"Union Trading Monaco\" \/>\n<meta property=\"article:modified_time\" content=\"2020-01-27T13:22:54+00:00\" \/>\n<meta name=\"twitter:card\" content=\"summary_large_image\" \/>\n<!-- \/ Yoast SEO plugin. -->","yoast_head_json":{"title":"Contact - Union Trading Monaco","description":"Pour plus de renseignements T\u00e9l\u00e9phone +377 97 70 25 70, 30 Boulevard Princesse Charlotte, 98000 Monaco Email sales@uniontradingmonaco.com","robots":{"index":"index","follow":"follow","max-snippet":"max-snippet:-1","max-image-preview":"max-image-preview:large","max-video-preview":"max-video-preview:-1"},"canonical":"https:\/\/uniontradingmonaco-marine.com\/fr\/contact\/","og_locale":"fr_FR","og_type":"article","og_title":"Contact - Union Trading Monaco","og_description":"Pour plus de renseignements T\u00e9l\u00e9phone +377 97 70 25 70, 30 Boulevard Princesse Charlotte, 98000 Monaco Email sales@uniontradingmonaco.com","og_url":"https:\/\/uniontradingmonaco-marine.com\/fr\/contact\/","og_site_name":"Union Trading Monaco","article_modified_time":"2020-01-27T13:22:54+00:00","twitter_card":"summary_large_image","schema":{"@context":"https:\/\/schema.org","@graph":[{"@type":"WebPage","@id":"https:\/\/uniontradingmonaco-marine.com\/fr\/contact\/","url":"https:\/\/uniontradingmonaco-marine.com\/fr\/contact\/","name":"Contact - Union Trading Monaco","isPartOf":{"@id":"https:\/\/uniontradingmonaco-marine.com\/fr\/#website"},"datePublished":"2017-05-15T15:37:12+00:00","dateModified":"2020-01-27T13:22:54+00:00","description":"Pour plus de renseignements T\u00e9l\u00e9phone +377 97 70 25 70, 30 Boulevard Princesse Charlotte, 98000 Monaco Email sales@uniontradingmonaco.com","breadcrumb":{"@id":"https:\/\/uniontradingmonaco-marine.com\/fr\/contact\/#breadcrumb"},"inLanguage":"fr-FR","potentialAction":[{"@type":"ReadAction","target":["https:\/\/uniontradingmonaco-marine.com\/fr\/contact\/"]}]},{"@type":"BreadcrumbList","@id":"https:\/\/uniontradingmonaco-marine.com\/fr\/contact\/#breadcrumb","itemListElement":[{"@type":"ListItem","position":1,"name":"Accueil","item":"https:\/\/uniontradingmonaco-marine.com\/fr\/"},{"@type":"ListItem","position":2,"name":"Contact"}]},{"@type":"WebSite","@id":"https:\/\/uniontradingmonaco-marine.com\/fr\/#website","url":"https:\/\/uniontradingmonaco-marine.com\/fr\/","name":"Union Trading Monaco","description":"","publisher":{"@id":"https:\/\/uniontradingmonaco-marine.com\/fr\/#organization"},"potentialAction":[{"@type":"SearchAction","target":{"@type":"EntryPoint","urlTemplate":"https:\/\/uniontradingmonaco-marine.com\/fr\/?s={search_term_string}"},"query-input":{"@type":"PropertyValueSpecification","valueRequired":true,"valueName":"search_term_string"}}],"inLanguage":"fr-FR"},{"@type":"Organization","@id":"https:\/\/uniontradingmonaco-marine.com\/fr\/#organization","name":"Union Trading Monaco","url":"https:\/\/uniontradingmonaco-marine.com\/fr\/","logo":{"@type":"ImageObject","inLanguage":"fr-FR","@id":"https:\/\/uniontradingmonaco-marine.com\/fr\/#\/schema\/logo\/image\/","url":"https:\/\/uniontradingmonaco-marine.com\/fr\/wp-content\/uploads\/sites\/2\/2017\/06\/Logo-UTM-xs.png","contentUrl":"https:\/\/uniontradingmonaco-marine.com\/fr\/wp-content\/uploads\/sites\/2\/2017\/06\/Logo-UTM-xs.png","width":144,"height":113,"caption":"Union Trading Monaco"},"image":{"@id":"https:\/\/uniontradingmonaco-marine.com\/fr\/#\/schema\/logo\/image\/"},"sameAs":["https:\/\/www.linkedin.com\/company\/union-trading-monaco\/"]}]}},"_links":{"self":[{"href":"https:\/\/uniontradingmonaco-marine.com\/fr\/wp-json\/wp\/v2\/pages\/37","targetHints":{"allow":["GET"]}}],"collection":[{"href":"https:\/\/uniontradingmonaco-marine.com\/fr\/wp-json\/wp\/v2\/pages"}],"about":[{"href":"https:\/\/uniontradingmonaco-marine.com\/fr\/wp-json\/wp\/v2\/types\/page"}],"author":[{"embeddable":true,"href":"https:\/\/uniontradingmonaco-marine.com\/fr\/wp-json\/wp\/v2\/users\/1"}],"replies":[{"embeddable":true,"href":"https:\/\/uniontradingmonaco-marine.com\/fr\/wp-json\/wp\/v2\/comments?post=37"}],"version-history":[{"count":88,"href":"https:\/\/uniontradingmonaco-marine.com\/fr\/wp-json\/wp\/v2\/pages\/37\/revisions"}],"predecessor-version":[{"id":861,"href":"https:\/\/uniontradingmonaco-marine.com\/fr\/wp-json\/wp\/v2\/pages\/37\/revisions\/861"}],"wp:attachment":[{"href":"https:\/\/uniontradingmonaco-marine.com\/fr\/wp-json\/wp\/v2\/media?parent=37"}],"curies":[{"name":"wp","href":"https:\/\/api.w.org\/{rel}","templated":true}]}}