{"id":49,"date":"2017-05-15T18:21:44","date_gmt":"2017-05-15T16:21:44","guid":{"rendered":"http:\/\/uniontradingmonaco-marine.com\/fr\/?page_id=49"},"modified":"2017-07-29T17:39:21","modified_gmt":"2017-07-29T15:39:21","slug":"plan-du-site","status":"publish","type":"page","link":"https:\/\/uniontradingmonaco-marine.com\/fr\/plan-du-site\/","title":{"rendered":"Plan du site"},"content":{"rendered":"<h2>Plan du site<\/h2>\n<div id=\"simple-sitemap-container-69eacbf97a187\" class=\"simple-sitemap-container simple-sitemap-container-69eacbf97a187 tab-disabled\"><div class=\"simple-sitemap-wrap\"><ul class=\"simple-sitemap-page main\"><li class=\"sitemap-item page_item page-item-34\"><a href=\"https:\/\/uniontradingmonaco-marine.com\/fr\/a-propos\/\">A propos<\/a><\/li>\n<li class=\"sitemap-item page_item page-item-722\"><a href=\"https:\/\/uniontradingmonaco-marine.com\/fr\/\">Bienvenue<\/a><\/li>\n<li class=\"sitemap-item page_item page-item-867\"><a href=\"https:\/\/uniontradingmonaco-marine.com\/fr\/boutique-2\/\">Boutique<\/a><\/li>\n<li class=\"sitemap-item page_item page-item-512\"><a href=\"https:\/\/uniontradingmonaco-marine.com\/fr\/catalogue\/\">Catalogue<\/a><\/li>\n<li class=\"sitemap-item page_item page-item-37\"><a href=\"https:\/\/uniontradingmonaco-marine.com\/fr\/contact\/\">Contact<\/a><\/li>\n<li class=\"sitemap-item page_item page-item-51\"><a href=\"https:\/\/uniontradingmonaco-marine.com\/fr\/mentions-legales\/\">Mentions l\u00e9gales<\/a><\/li>\n<li class=\"sitemap-item page_item page-item-49\"><a href=\"https:\/\/uniontradingmonaco-marine.com\/fr\/plan-du-site\/\">Plan du site<\/a><\/li>\n<\/ul><\/div><\/div><br style=\"clear: both;\">\n<div id=\"simple-sitemap-container-69eacbf97c3d1\" class=\"simple-sitemap-container simple-sitemap-container-69eacbf97c3d1 tab-disabled\"><div class=\"simple-sitemap-wrap\"><h3 class=\"post-type\">Produits<\/h3><ul class=\"simple-sitemap-product main\"><li class=\"sitemap-item\"><a href=\"https:\/\/uniontradingmonaco-marine.com\/fr\/produit\/dalles-excellence-marine\/\">Dalles EXCELLENCE &#8211; MARINE<\/a><\/li><li class=\"sitemap-item\"><a href=\"https:\/\/uniontradingmonaco-marine.com\/fr\/produit\/dalles-excellence-extreme-marine\/\">Dalles EXCELLENCE EXTREME &#8211; MARINE<\/a><\/li><li class=\"sitemap-item\"><a href=\"https:\/\/uniontradingmonaco-marine.com\/fr\/produit\/film-de-protection-vitres-ns-pet-125-bl\/\">Film de protection vitres &#8211; NS PET 125 BL<\/a><\/li><li class=\"sitemap-item\"><a href=\"https:\/\/uniontradingmonaco-marine.com\/fr\/produit\/fire-blanket-aluminium\/\">FIRE BLANKET ALUMINIUM<\/a><\/li><li class=\"sitemap-item\"><a href=\"https:\/\/uniontradingmonaco-marine.com\/fr\/produit\/flodding-panel\/\">FLODDING PANEL<\/a><\/li><li class=\"sitemap-item\"><a href=\"https:\/\/uniontradingmonaco-marine.com\/fr\/produit\/fr-lps-1207-200-micron\/\">FR LPS 1207 &#8211; 200 micron<\/a><\/li><li class=\"sitemap-item\"><a href=\"https:\/\/uniontradingmonaco-marine.com\/fr\/produit\/fr-lsp-1207-impact-blue-foam\/\">FR LSP 1207 IMPACT BLUE FOAM<\/a><\/li><li class=\"sitemap-item\"><a href=\"https:\/\/uniontradingmonaco-marine.com\/fr\/produit\/isospray-a30-a60\/\">ISOSPRAY A30 &#8211; A60<\/a><\/li><li class=\"sitemap-item\"><a href=\"https:\/\/uniontradingmonaco-marine.com\/fr\/produit\/main-courantes-aluteak\/\">Main Courantes ALUTEAK<\/a><\/li><li class=\"sitemap-item\"><a href=\"https:\/\/uniontradingmonaco-marine.com\/fr\/produit\/maricover\/\">MARICOVER<\/a><\/li><li class=\"sitemap-item\"><a href=\"https:\/\/uniontradingmonaco-marine.com\/fr\/produit\/maricover-bicolore\/\">MARICOVER BICOLORE<\/a><\/li><li class=\"sitemap-item\"><a href=\"https:\/\/uniontradingmonaco-marine.com\/fr\/produit\/maricover-deck-e-maricover-deck-vertical\/\">MARICOVER DECK et MARICOVER DECK VERTICAL<\/a><\/li><li class=\"sitemap-item\"><a href=\"https:\/\/uniontradingmonaco-marine.com\/fr\/produit\/maricover-f15\/\">MARICOVER F15 e F15 light<\/a><\/li><li class=\"sitemap-item\"><a href=\"https:\/\/uniontradingmonaco-marine.com\/fr\/produit\/maricover-f20-e-f20-micro-perfore\/\">MARICOVER F20 et F20 MICRO-PERFORE<\/a><\/li><li class=\"sitemap-item\"><a href=\"https:\/\/uniontradingmonaco-marine.com\/fr\/produit\/polycarbonate\/\">POLYCARBONATE<\/a><\/li><li class=\"sitemap-item\"><a href=\"https:\/\/uniontradingmonaco-marine.com\/fr\/produit\/projecteurs-fr-range\/\">Projecteurs FR RANGE<\/a><\/li><li class=\"sitemap-item\"><a href=\"https:\/\/uniontradingmonaco-marine.com\/fr\/produit\/projecteurs-lite-range\/\">Projecteurs LITE RANGE<\/a><\/li><li class=\"sitemap-item\"><a href=\"https:\/\/uniontradingmonaco-marine.com\/fr\/produit\/projecteurs-metal-halide-range\/\">Projecteurs METAL HALIDE RANGE<\/a><\/li><li class=\"sitemap-item\"><a href=\"https:\/\/uniontradingmonaco-marine.com\/fr\/produit\/projecteurs-searchlight-canal-de-suez\/\">Projecteurs SEARCHLIGHT CANAL DE SUEZ<\/a><\/li><li class=\"sitemap-item\"><a href=\"https:\/\/uniontradingmonaco-marine.com\/fr\/produit\/projecteurs-signalling-range\/\">Projecteurs SIGNALLING RANGE<\/a><\/li><li class=\"sitemap-item\"><a href=\"https:\/\/uniontradingmonaco-marine.com\/fr\/produit\/projecteurs-solas-products\/\">Projecteurs SOLAS PRODUCTS<\/a><\/li><li class=\"sitemap-item\"><a href=\"https:\/\/uniontradingmonaco-marine.com\/fr\/produit\/projecteurs-voyager-range\/\">Projecteurs VOYAGER RANGE<\/a><\/li><li class=\"sitemap-item\"><a href=\"https:\/\/uniontradingmonaco-marine.com\/fr\/produit\/projecteurs-xenon-range\/\">Projecteurs XENON RANGE<\/a><\/li><li class=\"sitemap-item\"><a href=\"https:\/\/uniontradingmonaco-marine.com\/fr\/produit\/promesh-1207\/\">PROMESH 1207<\/a><\/li><li class=\"sitemap-item\"><a href=\"https:\/\/uniontradingmonaco-marine.com\/fr\/produit\/282\/\">PROMESH 1207 HD<\/a><\/li><li class=\"sitemap-item\"><a href=\"https:\/\/uniontradingmonaco-marine.com\/fr\/produit\/proplex-fr\/\">PROPLEX FR<\/a><\/li><li class=\"sitemap-item\"><a href=\"https:\/\/uniontradingmonaco-marine.com\/fr\/produit\/protherm-ce-2000\/\">PROTHERM CE 2000<\/a><\/li><li class=\"sitemap-item\"><a href=\"https:\/\/uniontradingmonaco-marine.com\/fr\/produit\/protherm-tfp\/\">PROTHERM TFP<\/a><\/li><li class=\"sitemap-item\"><a href=\"https:\/\/uniontradingmonaco-marine.com\/fr\/produit\/ruban-adhesif-maricover-f20-link\/\">Ruban Adh\u00e9sif MARICOVER F20 LINK<\/a><\/li><li class=\"sitemap-item\"><a href=\"https:\/\/uniontradingmonaco-marine.com\/fr\/produit\/ruban-adhesif-maricover-link\/\">Ruban Adh\u00e9sif MARICOVER LINK<\/a><\/li><li class=\"sitemap-item\"><a href=\"https:\/\/uniontradingmonaco-marine.com\/fr\/produit\/ruban-adhesif-maricover-link-light\/\">Ruban Adh\u00e9sif MARICOVER LINK LIGHT<\/a><\/li><li class=\"sitemap-item\"><a href=\"https:\/\/uniontradingmonaco-marine.com\/fr\/produit\/systeme-de-colmatage-navicross-classe-a0-a60\/\">SYSTEME DE COLMATAGE NAVYCROSS<\/a><\/li><li class=\"sitemap-item\"><a href=\"https:\/\/uniontradingmonaco-marine.com\/fr\/produit\/293\/\">SYSTEME de REMPLISSAGE ISOBULK B15<\/a><\/li><li class=\"sitemap-item\"><a href=\"https:\/\/uniontradingmonaco-marine.com\/fr\/produit\/systeme-navycross-m\/\">SYSTEME NAVYCROSS M<\/a><\/li><\/ul><\/div><\/div><br style=\"clear: both;\">\n<!-- AddThis Advanced Settings generic via filter on the_content --><!-- AddThis Share Buttons generic via filter on the_content -->","protected":false},"excerpt":{"rendered":"<p>Plan du site<!-- AddThis Advanced Settings generic via filter on get_the_excerpt --><!-- AddThis Share Buttons generic via filter on get_the_excerpt --><\/p>\n","protected":false},"author":1,"featured_media":0,"parent":0,"menu_order":0,"comment_status":"closed","ping_status":"closed","template":"","meta":{"footnotes":""},"class_list":["post-49","page","type-page","status-publish","hentry","has-thumb"],"yoast_head":"<!-- This site is optimized with the Yoast SEO plugin v27.4 - https:\/\/yoast.com\/product\/yoast-seo-wordpress\/ -->\n<title>Plan du site - Union Trading Monaco<\/title>\n<meta name=\"description\" content=\"Retrouvez votre chemin et nos produits gr\u00e2ce plan du site : Illumination,Protections temporaires, Syst\u00e8mes coupe feux, Am\u00e9nagement Ext\u00e9rieur pour bateau\" \/>\n<meta name=\"robots\" content=\"index, follow, max-snippet:-1, max-image-preview:large, max-video-preview:-1\" \/>\n<link rel=\"canonical\" href=\"https:\/\/uniontradingmonaco-marine.com\/fr\/plan-du-site\/\" \/>\n<meta property=\"og:locale\" content=\"fr_FR\" \/>\n<meta property=\"og:type\" content=\"article\" \/>\n<meta property=\"og:title\" content=\"Plan du site - Union Trading Monaco\" \/>\n<meta property=\"og:description\" content=\"Retrouvez votre chemin et nos produits gr\u00e2ce plan du site : Illumination,Protections temporaires, Syst\u00e8mes coupe feux, Am\u00e9nagement Ext\u00e9rieur pour bateau\" \/>\n<meta property=\"og:url\" content=\"https:\/\/uniontradingmonaco-marine.com\/fr\/plan-du-site\/\" \/>\n<meta property=\"og:site_name\" content=\"Union Trading Monaco\" \/>\n<meta property=\"article:modified_time\" content=\"2017-07-29T15:39:21+00:00\" \/>\n<meta name=\"twitter:card\" content=\"summary_large_image\" \/>\n<!-- \/ Yoast SEO plugin. -->","yoast_head_json":{"title":"Plan du site - Union Trading Monaco","description":"Retrouvez votre chemin et nos produits gr\u00e2ce plan du site : Illumination,Protections temporaires, Syst\u00e8mes coupe feux, Am\u00e9nagement Ext\u00e9rieur pour bateau","robots":{"index":"index","follow":"follow","max-snippet":"max-snippet:-1","max-image-preview":"max-image-preview:large","max-video-preview":"max-video-preview:-1"},"canonical":"https:\/\/uniontradingmonaco-marine.com\/fr\/plan-du-site\/","og_locale":"fr_FR","og_type":"article","og_title":"Plan du site - Union Trading Monaco","og_description":"Retrouvez votre chemin et nos produits gr\u00e2ce plan du site : Illumination,Protections temporaires, Syst\u00e8mes coupe feux, Am\u00e9nagement Ext\u00e9rieur pour bateau","og_url":"https:\/\/uniontradingmonaco-marine.com\/fr\/plan-du-site\/","og_site_name":"Union Trading Monaco","article_modified_time":"2017-07-29T15:39:21+00:00","twitter_card":"summary_large_image","schema":{"@context":"https:\/\/schema.org","@graph":[{"@type":"WebPage","@id":"https:\/\/uniontradingmonaco-marine.com\/fr\/plan-du-site\/","url":"https:\/\/uniontradingmonaco-marine.com\/fr\/plan-du-site\/","name":"Plan du site - Union Trading Monaco","isPartOf":{"@id":"https:\/\/uniontradingmonaco-marine.com\/fr\/#website"},"datePublished":"2017-05-15T16:21:44+00:00","dateModified":"2017-07-29T15:39:21+00:00","description":"Retrouvez votre chemin et nos produits gr\u00e2ce plan du site : Illumination,Protections temporaires, Syst\u00e8mes coupe feux, Am\u00e9nagement Ext\u00e9rieur pour bateau","breadcrumb":{"@id":"https:\/\/uniontradingmonaco-marine.com\/fr\/plan-du-site\/#breadcrumb"},"inLanguage":"fr-FR","potentialAction":[{"@type":"ReadAction","target":["https:\/\/uniontradingmonaco-marine.com\/fr\/plan-du-site\/"]}]},{"@type":"BreadcrumbList","@id":"https:\/\/uniontradingmonaco-marine.com\/fr\/plan-du-site\/#breadcrumb","itemListElement":[{"@type":"ListItem","position":1,"name":"Accueil","item":"https:\/\/uniontradingmonaco-marine.com\/fr\/"},{"@type":"ListItem","position":2,"name":"Plan du site"}]},{"@type":"WebSite","@id":"https:\/\/uniontradingmonaco-marine.com\/fr\/#website","url":"https:\/\/uniontradingmonaco-marine.com\/fr\/","name":"Union Trading Monaco","description":"","publisher":{"@id":"https:\/\/uniontradingmonaco-marine.com\/fr\/#organization"},"potentialAction":[{"@type":"SearchAction","target":{"@type":"EntryPoint","urlTemplate":"https:\/\/uniontradingmonaco-marine.com\/fr\/?s={search_term_string}"},"query-input":{"@type":"PropertyValueSpecification","valueRequired":true,"valueName":"search_term_string"}}],"inLanguage":"fr-FR"},{"@type":"Organization","@id":"https:\/\/uniontradingmonaco-marine.com\/fr\/#organization","name":"Union Trading Monaco","url":"https:\/\/uniontradingmonaco-marine.com\/fr\/","logo":{"@type":"ImageObject","inLanguage":"fr-FR","@id":"https:\/\/uniontradingmonaco-marine.com\/fr\/#\/schema\/logo\/image\/","url":"https:\/\/uniontradingmonaco-marine.com\/fr\/wp-content\/uploads\/sites\/2\/2017\/06\/Logo-UTM-xs.png","contentUrl":"https:\/\/uniontradingmonaco-marine.com\/fr\/wp-content\/uploads\/sites\/2\/2017\/06\/Logo-UTM-xs.png","width":144,"height":113,"caption":"Union Trading Monaco"},"image":{"@id":"https:\/\/uniontradingmonaco-marine.com\/fr\/#\/schema\/logo\/image\/"},"sameAs":["https:\/\/www.linkedin.com\/company\/union-trading-monaco\/"]}]}},"_links":{"self":[{"href":"https:\/\/uniontradingmonaco-marine.com\/fr\/wp-json\/wp\/v2\/pages\/49","targetHints":{"allow":["GET"]}}],"collection":[{"href":"https:\/\/uniontradingmonaco-marine.com\/fr\/wp-json\/wp\/v2\/pages"}],"about":[{"href":"https:\/\/uniontradingmonaco-marine.com\/fr\/wp-json\/wp\/v2\/types\/page"}],"author":[{"embeddable":true,"href":"https:\/\/uniontradingmonaco-marine.com\/fr\/wp-json\/wp\/v2\/users\/1"}],"replies":[{"embeddable":true,"href":"https:\/\/uniontradingmonaco-marine.com\/fr\/wp-json\/wp\/v2\/comments?post=49"}],"version-history":[{"count":2,"href":"https:\/\/uniontradingmonaco-marine.com\/fr\/wp-json\/wp\/v2\/pages\/49\/revisions"}],"predecessor-version":[{"id":361,"href":"https:\/\/uniontradingmonaco-marine.com\/fr\/wp-json\/wp\/v2\/pages\/49\/revisions\/361"}],"wp:attachment":[{"href":"https:\/\/uniontradingmonaco-marine.com\/fr\/wp-json\/wp\/v2\/media?parent=49"}],"curies":[{"name":"wp","href":"https:\/\/api.w.org\/{rel}","templated":true}]}}