{"id":51,"date":"2017-05-15T18:22:04","date_gmt":"2017-05-15T16:22:04","guid":{"rendered":"http:\/\/uniontradingmonaco-marine.com\/fr\/?page_id=51"},"modified":"2017-06-27T09:47:23","modified_gmt":"2017-06-27T07:47:23","slug":"mentions-legales","status":"publish","type":"page","link":"https:\/\/uniontradingmonaco-marine.com\/fr\/mentions-legales\/","title":{"rendered":"Mentions l\u00e9gales"},"content":{"rendered":"<h1>MENTIONS L\u00c9GALES<\/h1>\n<h3>SIEGE<\/h3>\n<p>Union Trading Monaco<br \/>\n30 Boulevard Princesse Charlotte, 98000 Monaco<\/p>\n<h3>H\u00c9BERGEMENT<\/h3>\n<p>OVH<br \/>\nSAS au capital de 10 069 020 \u20ac<br \/>\nRCS Lille M\u00e9tropole 424 761 419 00045<br \/>\nCode APE 2620Z<br \/>\nN\u00b0 TVA : FR 22 424 761 419<br \/>\nSi\u00e8ge social : 2 rue Kellermann &#8211; 59100 Roubaix &#8211; France.<\/p>\n<h3>ACC\u00c8S AU SITE<\/h3>\n<p>A l&rsquo;exception du co\u00fbt de connexion, l&rsquo;acc\u00e8s au contenu de ce site est gratuit et se fait sans inscription pr\u00e9alable, ni abonnement.Union Trading Monaco aux Usagers se r\u00e9serve le droit, \u00e0 tout moment, de modifier, interrompre temporairement ou de mani\u00e8re d\u00e9finitive tout ou partie de ce site, et ce sans avoir \u00e0 informer pr\u00e9alablement l&rsquo;utilisateur. Aucune responsabilit\u00e9 de ce fait n&rsquo;est encourue par Union Trading Monaco.<\/p>\n<h3>PROPRI\u00c9T\u00c9 DU SITE<\/h3>\n<p>Ce site est la propri\u00e9t\u00e9 exclusive de d&rsquo;Union Trading Monaco.<\/p>\n<h3>DROIT D&rsquo;AUTEUR<\/h3>\n<p>Tous les contenus (qu&rsquo;il s&rsquo;agisse de textes, commentaires, titres, photographies, sons, images, donn\u00e9es, dessins, s\u00e9quences anim\u00e9es sonores, vid\u00e9os, etc.) reproduits sur le site d&rsquo;Union Trading Monaco, ainsi que la conception, la forme et les logiciels sont la propri\u00e9t\u00e9 d&rsquo;Union Trading Monaco (sauf mentions sp\u00e9ciales) et sont prot\u00e9g\u00e9s par les textes en vigueur sur le droit d&rsquo;auteur et plus g\u00e9n\u00e9ralement sur les droits incorporels. Seule la copie \u00e9lectronique \u00e0 usage priv\u00e9 de tout ou partie du site ou des \u00e9l\u00e9ments le composant est autoris\u00e9e par La Direction d&rsquo;Union Trading Monaco, sous r\u00e9serve de ne pas en modifier l&rsquo;original. La Direction d&rsquo;Union Trading Monaco accorde aux utilisateurs de son site un droit d&rsquo;usage personnel, ponctuel et non exclusif, de celui-ci. La reproduction, la copie ou l&rsquo;exploitation dans un but autre que celui mentionn\u00e9 ci-dessus et notamment la modification, la diffusion ou l&rsquo;utilisation dans un but commercial ou non, constitue une infraction p\u00e9nalement sanctionn\u00e9e par les Cours et Tribunaux mon\u00e9gasques.<\/p>\n<h3>UTILISATION DU SITE ET DE SON CONTENU<\/h3>\n<p>L&rsquo;utilisateur s&rsquo;engage \u00e0 ne pas commettre sur ce site des actes illicites ou des actes portant atteinte aux droits de la Personne et plus g\u00e9n\u00e9ralement aux int\u00e9r\u00eats de tiers. Sont prohib\u00e9s par les pr\u00e9sentes conditions g\u00e9n\u00e9rales d\u2019utilisation, tous actes pouvant contribuer \u00e0 ternir le nom et ou l\u2019image d&rsquo;Union Trading Monaco ou pouvant endommager, surcharger, mettre hors d&rsquo;\u00e9tat, discr\u00e9diter ou mettre en \u00e9chec le site. Sont notamment prohib\u00e9s : la transmission par e-mail ou par tout autre moyen des contenus servant \u00e0 des fins de pers\u00e9cution, harc\u00e8lement, diffamation, discrimination, insultes ou toute autre diffusion d&rsquo;information ou d\u2019opinion \u00e0 caract\u00e8re personnel sur un ou plusieurs individus ou portant atteinte aux droits de la personne ou aux utilisateurs mineurs. Les correspondances doivent avoir en toute circonstance un caract\u00e8re courtois et doivent ob\u00e9ir aux r\u00e8gles \u00e9l\u00e9mentaires de la politesse.<br \/>\nLes contenus de ce site Internet sont traduits \u00e0 titre indicatif, en cas de divergence seul le texte en fran\u00e7ais fait foi.<\/p>\n<h3>RESPONSABILIT\u00c9<\/h3>\n<p>Union Trading Monaco ne donne aucune garantie, implicite ou explicite, concernant le fonctionnement, et\/ou le contenu du site. Union Trading Monaco ne sera pas tenu responsable des dommages, directs ou indirects, commerciaux ou non, r\u00e9sultant de l&rsquo;utilisation du site. Union Trading Monaco ne garantit pas la continuit\u00e9, l&rsquo;acc\u00e8s et la disponibilit\u00e9 du fonctionnement du site et des services aff\u00e9rents.Union Trading Monaco d\u00e9cline toute responsabilit\u00e9 relative aux virus qui pourraient \u00eatre import\u00e9s lors du t\u00e9l\u00e9chargement de l&rsquo;un des \u00e9l\u00e9ments du site ou des sites auxquels La Union Trading Monaco renvoie par le biais de liens hypertextes.<\/p>\n<h3>PROTECTION DES DONN\u00c9ES PERSONNELLES<\/h3>\n<p>Conform\u00e9ment aux dispositions de la loi n\u00b0 1.165 du 23 d\u00e9cembre 1993 relative \u00e0 la protection des informations nominatives, modifi\u00e9e, Union Trading Monaco s\u2019engage \u00e0 pr\u00e9server la confidentialit\u00e9 des informations nominatives fournies par les usagers dans le cadre de leurs demandes d&rsquo;informations \u00e0 l&rsquo;Administration ou leur abonnement aux \u00ab Newsletters \u00bb (Lettres d&rsquo;informations envoy\u00e9es par e-mail). Ces informations sont exploit\u00e9es dans le cadre de traitements automatis\u00e9s ayant pour finalit\u00e9 \u00ab Site Internet d&rsquo;information au public \u00bb<\/p>\n<h3>LIENS HYPERTEXTES<\/h3>\n<p>Les liens vers ce site et en direction d&rsquo;autres sites doivent faire l&rsquo;objet d&rsquo;une autorisation pr\u00e9alable de la part d&rsquo;Union Trading Monaco. Le site peut fournir \u00e0 l&rsquo;utilisateur, ainsi que des tiers, des liens vers d&rsquo;autres sites ou d&rsquo;autres sources Internet. Union Trading Monaco ne contr\u00f4le pas ces sites et ne pourrait \u00eatre tenue responsable, ni supporter aucune responsabilit\u00e9 quant aux contenus, publicit\u00e9s, produits, services ou tout autre mat\u00e9riel disponible \u00e0 partir de ces sites tiers. Union Trading Monaco ne pourrait \u00eatre tenu responsable de tous dommages ou pertes av\u00e9r\u00e9s ou all\u00e9gu\u00e9s cons\u00e9cutifs ou en relation avec l&rsquo;utilisation ou avec le fait d&rsquo;avoir fait confiance au contenu des sites tiers ou aux biens et services disponibles sur ces sites tiers. L&rsquo;utilisateur est responsable et supporte tous les risques aff\u00e9rents \u00e0 l&rsquo;utilisation qu&rsquo;il fait du contenu du site, notamment lorsqu&rsquo;il se fie \u00e0 l&rsquo;opportunit\u00e9, l&rsquo;utilit\u00e9 ou le caract\u00e8re complet de ce contenu. Si un lien amenait l&rsquo;utilisateur \u00e0 pointer vers des contenus illicites, en infraction avec la l\u00e9gislation en vigueur, l&rsquo;utilisateur devrait alors interrompre sa consultation du site concern\u00e9, sauf \u00e0 encourir les sanctions pr\u00e9vues par ladite l\u00e9gislation et \u00e0 r\u00e9pondre des actions en justice initi\u00e9es \u00e0 son encontre. Union Trading Monaco invite dans ce cas l&rsquo;utilisateur \u00e0 l&rsquo;en informer imm\u00e9diatement ainsi que les autorit\u00e9s comp\u00e9tentes, du lien automatique vers un site illicite.<\/p>\n<h3>COOKIES<\/h3>\n<p>Union Trading Monaco utilise la technologie de suivi des \u00ab cookies \u00bb. Un cookie ne permet pas d\u2019identifier l\u2019utilisateur. En revanche, il enregistre des informations relatives \u00e0 la navigation de son ordinateur sur le pr\u00e9sent site (les pages consult\u00e9es, la date et l&rsquo;heure de la consultation, etc.) qui ne pourront \u00eatre lues lors des visites ult\u00e9rieures de ce m\u00eame utilisateur. La dur\u00e9e de conservation de ces informations dans l\u2019ordinateur de l\u2019utilisateur est de 3 ans. Tout utilisateur peut s\u2019opposer \u00e0 l&rsquo;enregistrement de \u00ab cookies \u00bb en configurant son navigateur.<br \/>\nContacter la Direction<\/p>\n<!-- AddThis Advanced Settings generic via filter on the_content --><!-- AddThis Share Buttons generic via filter on the_content -->","protected":false},"excerpt":{"rendered":"<p>MENTIONS L\u00c9GALES SIEGE Union Trading Monaco 30 Boulevard Princesse Charlotte, 98000 Monaco H\u00c9BERGEMENT OVH SAS au capital de 10 069 020 \u20ac RCS Lille M\u00e9tropole 424 761 419 00045 Code APE 2620Z N\u00b0 TVA : FR 22 424 761 419 Si\u00e8ge social : 2 rue Kellermann &#8211; 59100 Roubaix &#8211; France. ACC\u00c8S AU SITE A &hellip;<!-- AddThis Advanced Settings generic via filter on get_the_excerpt --><!-- AddThis Share Buttons generic via filter on get_the_excerpt --><\/p>\n","protected":false},"author":1,"featured_media":0,"parent":0,"menu_order":0,"comment_status":"closed","ping_status":"closed","template":"","meta":{"footnotes":""},"class_list":["post-51","page","type-page","status-publish","hentry","no-thumb"],"yoast_head":"<!-- This site is optimized with the Yoast SEO plugin v27.3 - https:\/\/yoast.com\/product\/yoast-seo-wordpress\/ -->\n<title>Mentions l\u00e9gales - Union Trading Monaco<\/title>\n<meta name=\"robots\" content=\"index, follow, max-snippet:-1, max-image-preview:large, max-video-preview:-1\" \/>\n<link rel=\"canonical\" href=\"https:\/\/uniontradingmonaco-marine.com\/fr\/mentions-legales\/\" \/>\n<meta property=\"og:locale\" content=\"fr_FR\" \/>\n<meta property=\"og:type\" content=\"article\" \/>\n<meta property=\"og:title\" content=\"Mentions l\u00e9gales - Union Trading Monaco\" \/>\n<meta property=\"og:description\" content=\"MENTIONS L\u00c9GALES SIEGE Union Trading Monaco 30 Boulevard Princesse Charlotte, 98000 Monaco H\u00c9BERGEMENT OVH SAS au capital de 10 069 020 \u20ac RCS Lille M\u00e9tropole 424 761 419 00045 Code APE 2620Z N\u00b0 TVA : FR 22 424 761 419 Si\u00e8ge social : 2 rue Kellermann &#8211; 59100 Roubaix &#8211; France. ACC\u00c8S AU SITE A &hellip;\" \/>\n<meta property=\"og:url\" content=\"https:\/\/uniontradingmonaco-marine.com\/fr\/mentions-legales\/\" \/>\n<meta property=\"og:site_name\" content=\"Union Trading Monaco\" \/>\n<meta property=\"article:modified_time\" content=\"2017-06-27T07:47:23+00:00\" \/>\n<meta name=\"twitter:card\" content=\"summary_large_image\" \/>\n<meta name=\"twitter:label1\" content=\"Dur\u00e9e de lecture estim\u00e9e\" \/>\n\t<meta name=\"twitter:data1\" content=\"5 minutes\" \/>\n<!-- \/ Yoast SEO plugin. -->","yoast_head_json":{"title":"Mentions l\u00e9gales - Union Trading Monaco","robots":{"index":"index","follow":"follow","max-snippet":"max-snippet:-1","max-image-preview":"max-image-preview:large","max-video-preview":"max-video-preview:-1"},"canonical":"https:\/\/uniontradingmonaco-marine.com\/fr\/mentions-legales\/","og_locale":"fr_FR","og_type":"article","og_title":"Mentions l\u00e9gales - Union Trading Monaco","og_description":"MENTIONS L\u00c9GALES SIEGE Union Trading Monaco 30 Boulevard Princesse Charlotte, 98000 Monaco H\u00c9BERGEMENT OVH SAS au capital de 10 069 020 \u20ac RCS Lille M\u00e9tropole 424 761 419 00045 Code APE 2620Z N\u00b0 TVA : FR 22 424 761 419 Si\u00e8ge social : 2 rue Kellermann &#8211; 59100 Roubaix &#8211; France. ACC\u00c8S AU SITE A &hellip;","og_url":"https:\/\/uniontradingmonaco-marine.com\/fr\/mentions-legales\/","og_site_name":"Union Trading Monaco","article_modified_time":"2017-06-27T07:47:23+00:00","twitter_card":"summary_large_image","twitter_misc":{"Dur\u00e9e de lecture estim\u00e9e":"5 minutes"},"schema":{"@context":"https:\/\/schema.org","@graph":[{"@type":"WebPage","@id":"https:\/\/uniontradingmonaco-marine.com\/fr\/mentions-legales\/","url":"https:\/\/uniontradingmonaco-marine.com\/fr\/mentions-legales\/","name":"Mentions l\u00e9gales - Union Trading Monaco","isPartOf":{"@id":"https:\/\/uniontradingmonaco-marine.com\/fr\/#website"},"datePublished":"2017-05-15T16:22:04+00:00","dateModified":"2017-06-27T07:47:23+00:00","breadcrumb":{"@id":"https:\/\/uniontradingmonaco-marine.com\/fr\/mentions-legales\/#breadcrumb"},"inLanguage":"fr-FR","potentialAction":[{"@type":"ReadAction","target":["https:\/\/uniontradingmonaco-marine.com\/fr\/mentions-legales\/"]}]},{"@type":"BreadcrumbList","@id":"https:\/\/uniontradingmonaco-marine.com\/fr\/mentions-legales\/#breadcrumb","itemListElement":[{"@type":"ListItem","position":1,"name":"Accueil","item":"https:\/\/uniontradingmonaco-marine.com\/fr\/"},{"@type":"ListItem","position":2,"name":"Mentions l\u00e9gales"}]},{"@type":"WebSite","@id":"https:\/\/uniontradingmonaco-marine.com\/fr\/#website","url":"https:\/\/uniontradingmonaco-marine.com\/fr\/","name":"Union Trading Monaco","description":"","publisher":{"@id":"https:\/\/uniontradingmonaco-marine.com\/fr\/#organization"},"potentialAction":[{"@type":"SearchAction","target":{"@type":"EntryPoint","urlTemplate":"https:\/\/uniontradingmonaco-marine.com\/fr\/?s={search_term_string}"},"query-input":{"@type":"PropertyValueSpecification","valueRequired":true,"valueName":"search_term_string"}}],"inLanguage":"fr-FR"},{"@type":"Organization","@id":"https:\/\/uniontradingmonaco-marine.com\/fr\/#organization","name":"Union Trading Monaco","url":"https:\/\/uniontradingmonaco-marine.com\/fr\/","logo":{"@type":"ImageObject","inLanguage":"fr-FR","@id":"https:\/\/uniontradingmonaco-marine.com\/fr\/#\/schema\/logo\/image\/","url":"https:\/\/uniontradingmonaco-marine.com\/fr\/wp-content\/uploads\/sites\/2\/2017\/06\/Logo-UTM-xs.png","contentUrl":"https:\/\/uniontradingmonaco-marine.com\/fr\/wp-content\/uploads\/sites\/2\/2017\/06\/Logo-UTM-xs.png","width":144,"height":113,"caption":"Union Trading Monaco"},"image":{"@id":"https:\/\/uniontradingmonaco-marine.com\/fr\/#\/schema\/logo\/image\/"},"sameAs":["https:\/\/www.linkedin.com\/company\/union-trading-monaco\/"]}]}},"_links":{"self":[{"href":"https:\/\/uniontradingmonaco-marine.com\/fr\/wp-json\/wp\/v2\/pages\/51","targetHints":{"allow":["GET"]}}],"collection":[{"href":"https:\/\/uniontradingmonaco-marine.com\/fr\/wp-json\/wp\/v2\/pages"}],"about":[{"href":"https:\/\/uniontradingmonaco-marine.com\/fr\/wp-json\/wp\/v2\/types\/page"}],"author":[{"embeddable":true,"href":"https:\/\/uniontradingmonaco-marine.com\/fr\/wp-json\/wp\/v2\/users\/1"}],"replies":[{"embeddable":true,"href":"https:\/\/uniontradingmonaco-marine.com\/fr\/wp-json\/wp\/v2\/comments?post=51"}],"version-history":[{"count":3,"href":"https:\/\/uniontradingmonaco-marine.com\/fr\/wp-json\/wp\/v2\/pages\/51\/revisions"}],"predecessor-version":[{"id":363,"href":"https:\/\/uniontradingmonaco-marine.com\/fr\/wp-json\/wp\/v2\/pages\/51\/revisions\/363"}],"wp:attachment":[{"href":"https:\/\/uniontradingmonaco-marine.com\/fr\/wp-json\/wp\/v2\/media?parent=51"}],"curies":[{"name":"wp","href":"https:\/\/api.w.org\/{rel}","templated":true}]}}