{"id":110,"date":"2017-05-23T19:35:22","date_gmt":"2017-05-23T17:35:22","guid":{"rendered":"http:\/\/uniontradingmonaco-marine.com\/fr\/?post_type=product&#038;p=110"},"modified":"2017-05-31T13:05:02","modified_gmt":"2017-05-31T11:05:02","slug":"maricover-f20-e-f20-micro-perfore","status":"publish","type":"product","link":"https:\/\/uniontradingmonaco-marine.com\/fr\/produit\/maricover-f20-e-f20-micro-perfore\/","title":{"rendered":"MARICOVER F20 et F20 MICRO-PERFORE"},"content":{"rendered":"<h2>Les toiles de protection temporaire MARICOVER F20 et F20 MICRO-PERFORE sont conditionn\u00e9es en rouleaux selon les caract\u00e9ristiques suivantes:<\/h2>\n<table border=\"1\" cellspacing=\"0\" cellpadding=\"0\">\n<tbody>\n<tr>\n<td valign=\"top\" width=\"106\">\n<p align=\"center\">Typologie<\/p>\n<\/td>\n<td valign=\"top\" width=\"71\">\n<p align=\"center\">Epaisseur<\/p>\n<p align=\"center\">Micron<\/p>\n<\/td>\n<td valign=\"top\" width=\"43\">\n<p align=\"center\">Pois<\/p>\n<p align=\"center\">g.\/mq.<\/p>\n<\/td>\n<td valign=\"top\" width=\"70\">\n<p align=\"center\">Longeur du rouleau \u00a0 \u00a0\u00a0m.<\/p>\n<\/td>\n<td valign=\"top\" width=\"64\">\n<p align=\"center\">Hauteur du Rouleau \u00a0 m.<\/p>\n<\/td>\n<td valign=\"top\" width=\"64\">\n<p align=\"center\">Superficie du rouleau mq.<\/p>\n<\/td>\n<td valign=\"top\" width=\"64\">\n<p align=\"center\">Pois net du rouleau \u00a0 Kg.<\/p>\n<\/td>\n<td valign=\"top\" width=\"50\">\n<p align=\"center\">Rouleaux\/Palette nombre<\/p>\n<\/td>\n<\/tr>\n<tr>\n<td valign=\"top\" width=\"106\">\n<p align=\"center\">MARICOVER F20<\/p>\n<\/td>\n<td valign=\"top\" width=\"71\">\n<p align=\"center\">100 (\u00b110%)<\/p>\n<\/td>\n<td valign=\"top\" width=\"43\">\n<p align=\"center\">105<\/p>\n<\/td>\n<td valign=\"top\" width=\"70\">\n<p align=\"center\">200<\/p>\n<\/td>\n<td valign=\"top\" width=\"64\">\n<p align=\"center\">1,25<\/p>\n<\/td>\n<td valign=\"top\" width=\"64\">\n<p align=\"center\">250<\/p>\n<\/td>\n<td valign=\"top\" width=\"64\">\n<p align=\"center\">26,25<\/p>\n<\/td>\n<td valign=\"top\" width=\"50\">\n<p align=\"center\">20<\/p>\n<\/td>\n<\/tr>\n<tr>\n<td valign=\"top\" width=\"106\">\n<p align=\"center\">MARICOVER F20 Micro-perfor\u00e9<\/p>\n<\/td>\n<td valign=\"top\" width=\"71\">\n<p align=\"center\">100 (\u00b110%)<\/p>\n<\/td>\n<td valign=\"top\" width=\"43\">\n<p align=\"center\">105<\/p>\n<\/td>\n<td valign=\"top\" width=\"70\">\n<p align=\"center\">200<\/p>\n<\/td>\n<td valign=\"top\" width=\"64\">\n<p align=\"center\">1,25<\/p>\n<\/td>\n<td valign=\"top\" width=\"64\">\n<p align=\"center\">250<\/p>\n<\/td>\n<td valign=\"top\" width=\"64\">\n<p align=\"center\">26,25<\/p>\n<\/td>\n<td valign=\"top\" width=\"50\">\n<p align=\"center\">20<\/p>\n<p>&nbsp;<\/td>\n<\/tr>\n<\/tbody>\n<\/table>\n<p>Couleur: transparent, incolore dans les deux typologies\u00a0F20 et F20 MICRO-PERFORE<\/p>\n<p>Comme tous les produits de la gamme MARICOVER, MARICOVER F20 et MARICOVER F20 MICRO-PERFORE sont\u00a0<strong>certifi\u00e9s ignifuges<\/strong>, dans le respect des\u00a0normes nationles italiennes et europ\u00e9ennes.<\/p>\n<!-- AddThis Advanced Settings generic via filter on the_content --><!-- AddThis Share Buttons generic via filter on the_content -->","protected":false},"excerpt":{"rendered":"<h2>MARICOVER F20 et F20 MICRO-PERFORE protections ignifuges, adh\u00e9sives, rapides et r\u00e9sistantes, applicables sur diff\u00e9rentes superficies \u00e0 la fois sans besoins d&rsquo;assemblages<\/h2>\n<p>MARICOVER F20 et MARICOVER F20 MICRO-PERFORE forment la gamme de toiles auto-adhesives certifi\u00e9es ignifuges con\u00e7ues pour la protection temporaire de sols \u00a0en moquettes et pour la protection de meubles en g\u00e9n\u00e9rale. Leur particularit\u00e9 consiste dans la capacit\u00e9 d&rsquo;adh\u00e9rer parfaitement \u00e0 superficies de diff\u00e9rentes consistances sans besoins de faire des assemblages. Le m\u00eame film de protection pourra \u00eatre pos\u00e9 sur le sol en moquette puis, passer au marbre, pour revenir \u00e0 la moquette, sans probl\u00e8mes d&rsquo;application. Disponible dans les typologies MARICOVER F20 e MARICOVER F20 MICRO-PERFORE en fonction des superficies et des mat\u00e9riaux qu&rsquo;il faut prot\u00e9ger.<\/p>\n<p>&nbsp;<!-- AddThis Advanced Settings generic via filter on get_the_excerpt --><!-- AddThis Share Buttons generic via filter on get_the_excerpt --><\/p>\n","protected":false},"featured_media":84,"template":"","meta":[],"product_brand":[],"product_cat":[17],"product_tag":[],"class_list":{"0":"post-110","1":"product","2":"type-product","3":"status-publish","4":"has-post-thumbnail","6":"product_cat-protections-temporaires","7":"has-thumb","9":"first","10":"instock","11":"shipping-taxable","12":"product-type-simple"},"yoast_head":"<!-- This site is optimized with the Yoast SEO plugin v27.3 - https:\/\/yoast.com\/product\/yoast-seo-wordpress\/ -->\n<title>MARICOVER F20 et F20 MICRO-PERFORE - Union Trading Monaco<\/title>\n<meta name=\"description\" content=\"MARICOVER F20 et F20 MICRO-PERFORE protection ignifuge, adh\u00e9sive, rapide et r\u00e9sistante, applicable sur diff\u00e9rentes superficies sans besoins d&#039;assemblages\" \/>\n<meta name=\"robots\" content=\"index, follow, max-snippet:-1, max-image-preview:large, max-video-preview:-1\" \/>\n<link rel=\"canonical\" href=\"https:\/\/uniontradingmonaco-marine.com\/fr\/produit\/maricover-f20-e-f20-micro-perfore\/\" \/>\n<meta property=\"og:locale\" content=\"fr_FR\" \/>\n<meta property=\"og:type\" content=\"article\" \/>\n<meta property=\"og:title\" content=\"MARICOVER F20 et F20 MICRO-PERFORE - Union Trading Monaco\" \/>\n<meta property=\"og:description\" content=\"MARICOVER F20 et F20 MICRO-PERFORE protection ignifuge, adh\u00e9sive, rapide et r\u00e9sistante, applicable sur diff\u00e9rentes superficies sans besoins d&#039;assemblages\" \/>\n<meta property=\"og:url\" content=\"https:\/\/uniontradingmonaco-marine.com\/fr\/produit\/maricover-f20-e-f20-micro-perfore\/\" \/>\n<meta property=\"og:site_name\" content=\"Union Trading Monaco\" \/>\n<meta property=\"article:modified_time\" content=\"2017-05-31T11:05:02+00:00\" \/>\n<meta property=\"og:image\" content=\"https:\/\/uniontradingmonaco-marine.com\/fr\/wp-content\/uploads\/sites\/2\/2017\/05\/MARICOVER-F20.jpg\" \/>\n\t<meta property=\"og:image:width\" content=\"600\" \/>\n\t<meta property=\"og:image:height\" content=\"350\" \/>\n\t<meta property=\"og:image:type\" content=\"image\/jpeg\" \/>\n<meta name=\"twitter:card\" content=\"summary_large_image\" \/>\n<!-- \/ Yoast SEO plugin. -->","yoast_head_json":{"title":"MARICOVER F20 et F20 MICRO-PERFORE - Union Trading Monaco","description":"MARICOVER F20 et F20 MICRO-PERFORE protection ignifuge, adh\u00e9sive, rapide et r\u00e9sistante, applicable sur diff\u00e9rentes superficies sans besoins d'assemblages","robots":{"index":"index","follow":"follow","max-snippet":"max-snippet:-1","max-image-preview":"max-image-preview:large","max-video-preview":"max-video-preview:-1"},"canonical":"https:\/\/uniontradingmonaco-marine.com\/fr\/produit\/maricover-f20-e-f20-micro-perfore\/","og_locale":"fr_FR","og_type":"article","og_title":"MARICOVER F20 et F20 MICRO-PERFORE - Union Trading Monaco","og_description":"MARICOVER F20 et F20 MICRO-PERFORE protection ignifuge, adh\u00e9sive, rapide et r\u00e9sistante, applicable sur diff\u00e9rentes superficies sans besoins d'assemblages","og_url":"https:\/\/uniontradingmonaco-marine.com\/fr\/produit\/maricover-f20-e-f20-micro-perfore\/","og_site_name":"Union Trading Monaco","article_modified_time":"2017-05-31T11:05:02+00:00","og_image":[{"width":600,"height":350,"url":"https:\/\/uniontradingmonaco-marine.com\/fr\/wp-content\/uploads\/sites\/2\/2017\/05\/MARICOVER-F20.jpg","type":"image\/jpeg"}],"twitter_card":"summary_large_image","schema":{"@context":"https:\/\/schema.org","@graph":[{"@type":"WebPage","@id":"https:\/\/uniontradingmonaco-marine.com\/fr\/produit\/maricover-f20-e-f20-micro-perfore\/","url":"https:\/\/uniontradingmonaco-marine.com\/fr\/produit\/maricover-f20-e-f20-micro-perfore\/","name":"MARICOVER F20 et F20 MICRO-PERFORE - Union Trading Monaco","isPartOf":{"@id":"https:\/\/uniontradingmonaco-marine.com\/fr\/#website"},"primaryImageOfPage":{"@id":"https:\/\/uniontradingmonaco-marine.com\/fr\/produit\/maricover-f20-e-f20-micro-perfore\/#primaryimage"},"image":{"@id":"https:\/\/uniontradingmonaco-marine.com\/fr\/produit\/maricover-f20-e-f20-micro-perfore\/#primaryimage"},"thumbnailUrl":"https:\/\/uniontradingmonaco-marine.com\/fr\/wp-content\/uploads\/sites\/2\/2017\/05\/MARICOVER-F20.jpg","datePublished":"2017-05-23T17:35:22+00:00","dateModified":"2017-05-31T11:05:02+00:00","description":"MARICOVER F20 et F20 MICRO-PERFORE protection ignifuge, adh\u00e9sive, rapide et r\u00e9sistante, applicable sur diff\u00e9rentes superficies sans besoins d'assemblages","breadcrumb":{"@id":"https:\/\/uniontradingmonaco-marine.com\/fr\/produit\/maricover-f20-e-f20-micro-perfore\/#breadcrumb"},"inLanguage":"fr-FR","potentialAction":[{"@type":"ReadAction","target":["https:\/\/uniontradingmonaco-marine.com\/fr\/produit\/maricover-f20-e-f20-micro-perfore\/"]}]},{"@type":"ImageObject","inLanguage":"fr-FR","@id":"https:\/\/uniontradingmonaco-marine.com\/fr\/produit\/maricover-f20-e-f20-micro-perfore\/#primaryimage","url":"https:\/\/uniontradingmonaco-marine.com\/fr\/wp-content\/uploads\/sites\/2\/2017\/05\/MARICOVER-F20.jpg","contentUrl":"https:\/\/uniontradingmonaco-marine.com\/fr\/wp-content\/uploads\/sites\/2\/2017\/05\/MARICOVER-F20.jpg","width":600,"height":350,"caption":"MARICOVER F20 et F20 MICRO-PERFORE"},{"@type":"BreadcrumbList","@id":"https:\/\/uniontradingmonaco-marine.com\/fr\/produit\/maricover-f20-e-f20-micro-perfore\/#breadcrumb","itemListElement":[{"@type":"ListItem","position":1,"name":"Accueil","item":"https:\/\/uniontradingmonaco-marine.com\/fr\/"},{"@type":"ListItem","position":2,"name":"MARICOVER F20 et F20 MICRO-PERFORE"}]},{"@type":"WebSite","@id":"https:\/\/uniontradingmonaco-marine.com\/fr\/#website","url":"https:\/\/uniontradingmonaco-marine.com\/fr\/","name":"Union Trading Monaco","description":"","publisher":{"@id":"https:\/\/uniontradingmonaco-marine.com\/fr\/#organization"},"potentialAction":[{"@type":"SearchAction","target":{"@type":"EntryPoint","urlTemplate":"https:\/\/uniontradingmonaco-marine.com\/fr\/?s={search_term_string}"},"query-input":{"@type":"PropertyValueSpecification","valueRequired":true,"valueName":"search_term_string"}}],"inLanguage":"fr-FR"},{"@type":"Organization","@id":"https:\/\/uniontradingmonaco-marine.com\/fr\/#organization","name":"Union Trading Monaco","url":"https:\/\/uniontradingmonaco-marine.com\/fr\/","logo":{"@type":"ImageObject","inLanguage":"fr-FR","@id":"https:\/\/uniontradingmonaco-marine.com\/fr\/#\/schema\/logo\/image\/","url":"https:\/\/uniontradingmonaco-marine.com\/fr\/wp-content\/uploads\/sites\/2\/2017\/06\/Logo-UTM-xs.png","contentUrl":"https:\/\/uniontradingmonaco-marine.com\/fr\/wp-content\/uploads\/sites\/2\/2017\/06\/Logo-UTM-xs.png","width":144,"height":113,"caption":"Union Trading Monaco"},"image":{"@id":"https:\/\/uniontradingmonaco-marine.com\/fr\/#\/schema\/logo\/image\/"},"sameAs":["https:\/\/www.linkedin.com\/company\/union-trading-monaco\/"]}]}},"_links":{"self":[{"href":"https:\/\/uniontradingmonaco-marine.com\/fr\/wp-json\/wp\/v2\/product\/110","targetHints":{"allow":["GET"]}}],"collection":[{"href":"https:\/\/uniontradingmonaco-marine.com\/fr\/wp-json\/wp\/v2\/product"}],"about":[{"href":"https:\/\/uniontradingmonaco-marine.com\/fr\/wp-json\/wp\/v2\/types\/product"}],"wp:featuredmedia":[{"embeddable":true,"href":"https:\/\/uniontradingmonaco-marine.com\/fr\/wp-json\/wp\/v2\/media\/84"}],"wp:attachment":[{"href":"https:\/\/uniontradingmonaco-marine.com\/fr\/wp-json\/wp\/v2\/media?parent=110"}],"wp:term":[{"taxonomy":"product_brand","embeddable":true,"href":"https:\/\/uniontradingmonaco-marine.com\/fr\/wp-json\/wp\/v2\/product_brand?post=110"},{"taxonomy":"product_cat","embeddable":true,"href":"https:\/\/uniontradingmonaco-marine.com\/fr\/wp-json\/wp\/v2\/product_cat?post=110"},{"taxonomy":"product_tag","embeddable":true,"href":"https:\/\/uniontradingmonaco-marine.com\/fr\/wp-json\/wp\/v2\/product_tag?post=110"}],"curies":[{"name":"wp","href":"https:\/\/api.w.org\/{rel}","templated":true}]}}