{"id":113,"date":"2017-05-24T16:19:48","date_gmt":"2017-05-24T14:19:48","guid":{"rendered":"http:\/\/uniontradingmonaco-marine.com\/fr\/?post_type=product&#038;p=113"},"modified":"2017-05-31T13:05:58","modified_gmt":"2017-05-31T11:05:58","slug":"maricover-deck-e-maricover-deck-vertical","status":"publish","type":"product","link":"https:\/\/uniontradingmonaco-marine.com\/fr\/produit\/maricover-deck-e-maricover-deck-vertical\/","title":{"rendered":"MARICOVER DECK et MARICOVER DECK VERTICAL"},"content":{"rendered":"<h2>Les protections temporaires MARICOVER DECK e MARICOVER DECK VERTICAL sont conditionn\u00e9es selon les caract\u00e9ristiques suivantes:<\/h2>\n<table border=\"1\" cellspacing=\"0\" cellpadding=\"0\">\n<tbody>\n<tr>\n<td valign=\"top\" width=\"92\">\n<p align=\"center\">Typologier<\/p>\n<\/td>\n<td valign=\"top\" width=\"71\">\n<p align=\"center\">Epaisseur<\/p>\n<\/td>\n<td valign=\"top\" width=\"50\">\n<p align=\"center\">Poids<\/p>\n<p align=\"center\">g.\/mq.<\/p>\n<\/td>\n<td valign=\"top\" width=\"71\">\n<p align=\"center\">Longeur du rouleau \u00a0 \u00a0 \u00a0m.<\/p>\n<\/td>\n<td valign=\"top\" width=\"64\">\n<p align=\"center\">Hauteur du rouleuau \u00a0m.<\/p>\n<\/td>\n<td valign=\"top\" width=\"71\">\n<p align=\"center\">Superficie du rouleau \u00a0 \u00a0mq.<\/p>\n<\/td>\n<td valign=\"top\" width=\"71\">\n<p align=\"center\">Poids net du \u00a0rouleau \u00a0 \u00a0Kg.<\/p>\n<\/td>\n<td valign=\"top\" width=\"50\">\n<p align=\"center\">Rouleaux \/Palelle nombre<\/p>\n<\/td>\n<\/tr>\n<tr>\n<td valign=\"top\" width=\"92\">\n<p align=\"center\">Maricover Deck<\/p>\n<\/td>\n<td valign=\"top\" width=\"71\">\n<p align=\"center\">100 (\u00b1 10%)<\/p>\n<\/td>\n<td valign=\"top\" width=\"50\">\n<p align=\"center\">102,3<\/p>\n<\/td>\n<td valign=\"top\" width=\"71\">\n<p align=\"center\">100<\/p>\n<\/td>\n<td valign=\"top\" width=\"64\">\n<p align=\"center\">1<\/p>\n<\/td>\n<td valign=\"top\" width=\"71\">\n<p align=\"center\">100<\/p>\n<\/td>\n<td valign=\"top\" width=\"71\">\n<p align=\"center\">10,23<\/p>\n<\/td>\n<td valign=\"top\" width=\"50\">\n<p align=\"center\">20<\/p>\n<\/td>\n<\/tr>\n<tr>\n<td valign=\"top\" width=\"92\">\n<p align=\"center\">Maricover Deck Vertical<\/p>\n<\/td>\n<td valign=\"top\" width=\"71\">\n<p align=\"center\">100 (\u00b1 10%)<\/p>\n<\/td>\n<td valign=\"top\" width=\"50\">\n<p align=\"center\">93<\/p>\n<\/td>\n<td valign=\"top\" width=\"71\">\n<p align=\"center\">100<\/p>\n<\/td>\n<td valign=\"top\" width=\"64\">\n<p align=\"center\">1<\/p>\n<\/td>\n<td valign=\"top\" width=\"71\">\n<p align=\"center\">100<\/p>\n<\/td>\n<td valign=\"top\" width=\"71\">\n<p align=\"center\">9,3<\/p>\n<\/td>\n<td valign=\"top\" width=\"50\">\n<p align=\"center\">20<\/p>\n<\/td>\n<\/tr>\n<\/tbody>\n<\/table>\n<p style=\"text-align: left;\">Couleur :\u00a0<em>\u00a0<strong>vert<\/strong> \u00a0Maricover Deck\u00a0<\/em><\/p>\n<p style=\"text-align: left;\">\u00a0 \u00a0 \u00a0 \u00a0 \u00a0 \u00a0 \u00a0 \u00a0 \u00a0 \u00a0<em><strong>orange<\/strong>\u00a0 Maricover Deck Vertical\u00a0<\/em><\/p>\n<p style=\"text-align: left;\">Comme tous les produits de la gamme MARICOVER, MARICOVER DECK et MARICOVER DECK VERTICAL sont\u00a0<strong>certifi\u00e9s ignifuges<\/strong>, dans le respect des\u00a0normes nationles italiennes et europ\u00e9ennes.<\/p>\n<!-- AddThis Advanced Settings generic via filter on the_content --><!-- AddThis Share Buttons generic via filter on the_content -->","protected":false},"excerpt":{"rendered":"<h2>\u00a0MARICOVER DECK et MARICOVER DECK VERTICAL sont des protections temporaires <strong>ignifuges<\/strong> horizontales et verticales, parfaites pour une couverture\u00a0rapide et facile.<\/h2>\n<p>MARICOVER DECK et MARICOVER DECK VERTICAL sont des protection temporaire appropri\u00e9es \u00e0 la couverture de sols de touts types, meubles et parois.<\/p>\n<p>La version\u00a0MARICOVER DECK VERTICAL est plus particuli\u00e8rement adapt\u00e9e \u00e0 la couverture de murs et de cloisons.<!-- AddThis Advanced Settings generic via filter on get_the_excerpt --><!-- AddThis Share Buttons generic via filter on get_the_excerpt --><\/p>\n","protected":false},"featured_media":83,"template":"","meta":[],"product_brand":[],"product_cat":[17],"product_tag":[],"class_list":{"0":"post-113","1":"product","2":"type-product","3":"status-publish","4":"has-post-thumbnail","6":"product_cat-protections-temporaires","7":"has-thumb","9":"first","10":"instock","11":"shipping-taxable","12":"product-type-simple"},"yoast_head":"<!-- This site is optimized with the Yoast SEO plugin v27.3 - https:\/\/yoast.com\/product\/yoast-seo-wordpress\/ -->\n<title>MARICOVER DECK et MARICOVER DECK VERTICAL - Union Trading Monaco<\/title>\n<meta name=\"description\" content=\"MARICOVER DECK et MARICOVER DECK VERTICAL ce sont des toiles des protections temporaires pour sols, meubles et parois, certifi\u00e9es ignifuges\" \/>\n<meta name=\"robots\" content=\"index, follow, max-snippet:-1, max-image-preview:large, max-video-preview:-1\" \/>\n<link rel=\"canonical\" href=\"https:\/\/uniontradingmonaco-marine.com\/fr\/produit\/maricover-deck-e-maricover-deck-vertical\/\" \/>\n<meta property=\"og:locale\" content=\"fr_FR\" \/>\n<meta property=\"og:type\" content=\"article\" \/>\n<meta property=\"og:title\" content=\"MARICOVER DECK et MARICOVER DECK VERTICAL - Union Trading Monaco\" \/>\n<meta property=\"og:description\" content=\"MARICOVER DECK et MARICOVER DECK VERTICAL ce sont des toiles des protections temporaires pour sols, meubles et parois, certifi\u00e9es ignifuges\" \/>\n<meta property=\"og:url\" content=\"https:\/\/uniontradingmonaco-marine.com\/fr\/produit\/maricover-deck-e-maricover-deck-vertical\/\" \/>\n<meta property=\"og:site_name\" content=\"Union Trading Monaco\" \/>\n<meta property=\"article:modified_time\" content=\"2017-05-31T11:05:58+00:00\" \/>\n<meta property=\"og:image\" content=\"https:\/\/uniontradingmonaco-marine.com\/fr\/wp-content\/uploads\/sites\/2\/2017\/05\/MARICOVER-DECK.jpg\" \/>\n\t<meta property=\"og:image:width\" content=\"600\" \/>\n\t<meta property=\"og:image:height\" content=\"350\" \/>\n\t<meta property=\"og:image:type\" content=\"image\/jpeg\" \/>\n<meta name=\"twitter:card\" content=\"summary_large_image\" \/>\n<!-- \/ Yoast SEO plugin. -->","yoast_head_json":{"title":"MARICOVER DECK et MARICOVER DECK VERTICAL - Union Trading Monaco","description":"MARICOVER DECK et MARICOVER DECK VERTICAL ce sont des toiles des protections temporaires pour sols, meubles et parois, certifi\u00e9es ignifuges","robots":{"index":"index","follow":"follow","max-snippet":"max-snippet:-1","max-image-preview":"max-image-preview:large","max-video-preview":"max-video-preview:-1"},"canonical":"https:\/\/uniontradingmonaco-marine.com\/fr\/produit\/maricover-deck-e-maricover-deck-vertical\/","og_locale":"fr_FR","og_type":"article","og_title":"MARICOVER DECK et MARICOVER DECK VERTICAL - Union Trading Monaco","og_description":"MARICOVER DECK et MARICOVER DECK VERTICAL ce sont des toiles des protections temporaires pour sols, meubles et parois, certifi\u00e9es ignifuges","og_url":"https:\/\/uniontradingmonaco-marine.com\/fr\/produit\/maricover-deck-e-maricover-deck-vertical\/","og_site_name":"Union Trading Monaco","article_modified_time":"2017-05-31T11:05:58+00:00","og_image":[{"width":600,"height":350,"url":"https:\/\/uniontradingmonaco-marine.com\/fr\/wp-content\/uploads\/sites\/2\/2017\/05\/MARICOVER-DECK.jpg","type":"image\/jpeg"}],"twitter_card":"summary_large_image","schema":{"@context":"https:\/\/schema.org","@graph":[{"@type":"WebPage","@id":"https:\/\/uniontradingmonaco-marine.com\/fr\/produit\/maricover-deck-e-maricover-deck-vertical\/","url":"https:\/\/uniontradingmonaco-marine.com\/fr\/produit\/maricover-deck-e-maricover-deck-vertical\/","name":"MARICOVER DECK et MARICOVER DECK VERTICAL - Union Trading Monaco","isPartOf":{"@id":"https:\/\/uniontradingmonaco-marine.com\/fr\/#website"},"primaryImageOfPage":{"@id":"https:\/\/uniontradingmonaco-marine.com\/fr\/produit\/maricover-deck-e-maricover-deck-vertical\/#primaryimage"},"image":{"@id":"https:\/\/uniontradingmonaco-marine.com\/fr\/produit\/maricover-deck-e-maricover-deck-vertical\/#primaryimage"},"thumbnailUrl":"https:\/\/uniontradingmonaco-marine.com\/fr\/wp-content\/uploads\/sites\/2\/2017\/05\/MARICOVER-DECK.jpg","datePublished":"2017-05-24T14:19:48+00:00","dateModified":"2017-05-31T11:05:58+00:00","description":"MARICOVER DECK et MARICOVER DECK VERTICAL ce sont des toiles des protections temporaires pour sols, meubles et parois, certifi\u00e9es ignifuges","breadcrumb":{"@id":"https:\/\/uniontradingmonaco-marine.com\/fr\/produit\/maricover-deck-e-maricover-deck-vertical\/#breadcrumb"},"inLanguage":"fr-FR","potentialAction":[{"@type":"ReadAction","target":["https:\/\/uniontradingmonaco-marine.com\/fr\/produit\/maricover-deck-e-maricover-deck-vertical\/"]}]},{"@type":"ImageObject","inLanguage":"fr-FR","@id":"https:\/\/uniontradingmonaco-marine.com\/fr\/produit\/maricover-deck-e-maricover-deck-vertical\/#primaryimage","url":"https:\/\/uniontradingmonaco-marine.com\/fr\/wp-content\/uploads\/sites\/2\/2017\/05\/MARICOVER-DECK.jpg","contentUrl":"https:\/\/uniontradingmonaco-marine.com\/fr\/wp-content\/uploads\/sites\/2\/2017\/05\/MARICOVER-DECK.jpg","width":600,"height":350,"caption":"MARICOVER DECK et MARICOVER DECK VERTICAL"},{"@type":"BreadcrumbList","@id":"https:\/\/uniontradingmonaco-marine.com\/fr\/produit\/maricover-deck-e-maricover-deck-vertical\/#breadcrumb","itemListElement":[{"@type":"ListItem","position":1,"name":"Accueil","item":"https:\/\/uniontradingmonaco-marine.com\/fr\/"},{"@type":"ListItem","position":2,"name":"MARICOVER DECK et MARICOVER DECK VERTICAL"}]},{"@type":"WebSite","@id":"https:\/\/uniontradingmonaco-marine.com\/fr\/#website","url":"https:\/\/uniontradingmonaco-marine.com\/fr\/","name":"Union Trading Monaco","description":"","publisher":{"@id":"https:\/\/uniontradingmonaco-marine.com\/fr\/#organization"},"potentialAction":[{"@type":"SearchAction","target":{"@type":"EntryPoint","urlTemplate":"https:\/\/uniontradingmonaco-marine.com\/fr\/?s={search_term_string}"},"query-input":{"@type":"PropertyValueSpecification","valueRequired":true,"valueName":"search_term_string"}}],"inLanguage":"fr-FR"},{"@type":"Organization","@id":"https:\/\/uniontradingmonaco-marine.com\/fr\/#organization","name":"Union Trading Monaco","url":"https:\/\/uniontradingmonaco-marine.com\/fr\/","logo":{"@type":"ImageObject","inLanguage":"fr-FR","@id":"https:\/\/uniontradingmonaco-marine.com\/fr\/#\/schema\/logo\/image\/","url":"https:\/\/uniontradingmonaco-marine.com\/fr\/wp-content\/uploads\/sites\/2\/2017\/06\/Logo-UTM-xs.png","contentUrl":"https:\/\/uniontradingmonaco-marine.com\/fr\/wp-content\/uploads\/sites\/2\/2017\/06\/Logo-UTM-xs.png","width":144,"height":113,"caption":"Union Trading Monaco"},"image":{"@id":"https:\/\/uniontradingmonaco-marine.com\/fr\/#\/schema\/logo\/image\/"},"sameAs":["https:\/\/www.linkedin.com\/company\/union-trading-monaco\/"]}]}},"_links":{"self":[{"href":"https:\/\/uniontradingmonaco-marine.com\/fr\/wp-json\/wp\/v2\/product\/113","targetHints":{"allow":["GET"]}}],"collection":[{"href":"https:\/\/uniontradingmonaco-marine.com\/fr\/wp-json\/wp\/v2\/product"}],"about":[{"href":"https:\/\/uniontradingmonaco-marine.com\/fr\/wp-json\/wp\/v2\/types\/product"}],"wp:featuredmedia":[{"embeddable":true,"href":"https:\/\/uniontradingmonaco-marine.com\/fr\/wp-json\/wp\/v2\/media\/83"}],"wp:attachment":[{"href":"https:\/\/uniontradingmonaco-marine.com\/fr\/wp-json\/wp\/v2\/media?parent=113"}],"wp:term":[{"taxonomy":"product_brand","embeddable":true,"href":"https:\/\/uniontradingmonaco-marine.com\/fr\/wp-json\/wp\/v2\/product_brand?post=113"},{"taxonomy":"product_cat","embeddable":true,"href":"https:\/\/uniontradingmonaco-marine.com\/fr\/wp-json\/wp\/v2\/product_cat?post=113"},{"taxonomy":"product_tag","embeddable":true,"href":"https:\/\/uniontradingmonaco-marine.com\/fr\/wp-json\/wp\/v2\/product_tag?post=113"}],"curies":[{"name":"wp","href":"https:\/\/api.w.org\/{rel}","templated":true}]}}