{"id":248,"date":"2017-05-31T12:07:33","date_gmt":"2017-05-31T10:07:33","guid":{"rendered":"http:\/\/uniontradingmonaco-marine.com\/fr\/?post_type=product&#038;p=248"},"modified":"2017-05-31T12:24:56","modified_gmt":"2017-05-31T10:24:56","slug":"maricover-f15","status":"publish","type":"product","link":"https:\/\/uniontradingmonaco-marine.com\/fr\/produit\/maricover-f15\/","title":{"rendered":"MARICOVER F15 e F15 light"},"content":{"rendered":"<h2>Les toiles de protection temporaire MARICOVER F15 e MARICOVER F15 LIGHT sont conditionn\u00e9es en rouleaux selon les caract\u00e9ristiques suivantes:<\/h2>\n<table border=\"1\" cellspacing=\"0\" cellpadding=\"0\">\n<tbody>\n<tr>\n<td valign=\"top\" width=\"109\">\n<p align=\"center\">Typologie<\/p>\n<\/td>\n<td valign=\"top\" width=\"69\">\n<p align=\"center\">Epaisseur<\/p>\n<p align=\"center\">Micron<\/p>\n<\/td>\n<td valign=\"top\" width=\"50\">\n<p align=\"center\">Poids<\/p>\n<p align=\"center\">g.\/mq.<\/p>\n<\/td>\n<td valign=\"top\" width=\"71\">\n<p align=\"center\">Longeurs du rouleau \u00a0 \u00a0 \u00a0m.<\/p>\n<\/td>\n<td valign=\"top\" width=\"57\">\n<p align=\"center\">Hauteur du rouleau \u00a0 \u00a0\u00a0m.<\/p>\n<\/td>\n<td valign=\"top\" width=\"71\">\n<p align=\"center\">Superficie du rouleau \u00a0 \u00a0\u00a0mq.<\/p>\n<\/td>\n<td valign=\"top\" width=\"71\">\n<p align=\"center\">Poids net du rouleau \u00a0 \u00a0\u00a0\u00a0Kg.<\/p>\n<\/td>\n<td valign=\"top\" width=\"57\">\n<p align=\"center\">Rouleaux\/Paletes num\u00e9ro<\/p>\n<\/td>\n<\/tr>\n<tr>\n<td valign=\"top\" width=\"109\">\n<p align=\"center\">MARICOVER F15<\/p>\n<\/td>\n<td valign=\"top\" width=\"69\">\n<p align=\"center\">50 (\u00b1 10 %)<\/p>\n<\/td>\n<td valign=\"top\" width=\"50\">\n<p align=\"center\">55<\/p>\n<\/td>\n<td valign=\"top\" width=\"71\">\n<p align=\"center\">200<\/p>\n<\/td>\n<td valign=\"top\" width=\"57\">\n<p align=\"center\">1,25<\/p>\n<\/td>\n<td valign=\"top\" width=\"71\">\n<p align=\"center\">250<\/p>\n<\/td>\n<td valign=\"top\" width=\"71\">\n<p align=\"center\">13,75<\/p>\n<\/td>\n<td valign=\"top\" width=\"57\">\n<p align=\"center\">20<\/p>\n<\/td>\n<\/tr>\n<tr>\n<td valign=\"top\" width=\"109\">\n<p align=\"center\">MARICOVER F15 LIGHT<\/p>\n<\/td>\n<td valign=\"top\" width=\"69\">\n<p align=\"center\">50 (\u00b1 10 %)<\/p>\n<\/td>\n<td valign=\"top\" width=\"50\">\n<p align=\"center\">51<\/p>\n<\/td>\n<td valign=\"top\" width=\"71\">\n<p align=\"center\">200<\/p>\n<\/td>\n<td valign=\"top\" width=\"57\">\n<p align=\"center\">1,25<\/p>\n<\/td>\n<td valign=\"top\" width=\"71\">\n<p align=\"center\">250<\/p>\n<\/td>\n<td valign=\"top\" width=\"71\">\n<p align=\"center\">12,75<\/p>\n<\/td>\n<td valign=\"top\" width=\"57\">\n<p align=\"center\">20<\/p>\n<\/td>\n<\/tr>\n<\/tbody>\n<\/table>\n<p>Couleur: Transparent, incoleure<\/p>\n<p>Comme tous les produits de la gamme MARICOVER, MARICOVER F15 et MARICOVER F15 light sont <strong>certifi\u00e9s ignifuges<\/strong>, dans le respect des\u00a0normes nationles italiennes et europ\u00e9ennes.<\/p>\n<!-- AddThis Advanced Settings generic via filter on the_content --><!-- AddThis Share Buttons generic via filter on the_content -->","protected":false},"excerpt":{"rendered":"<h2>MARICOVER F15 est un protection temporaire horizontale ignifuge, toile autoadh\u00e9sive, de pose facile sur toutes les superficies<\/h2>\n<p>MARICOVER F15 fait partie d&rsquo;une gamme de toiles autoadh\u00e9sives provisoires pour sols, ponts ext\u00e9rieures et int\u00e9rieures avec una finition en moquette, pour les murs et pour les ameublements en g\u00e9n\u00e9ral.<\/p>\n<p>Il est disponible dans les typologies:<strong> MARICOVER F15 e MARICOVER F15 LIGHT<\/strong>.<!-- AddThis Advanced Settings generic via filter on get_the_excerpt --><!-- AddThis Share Buttons generic via filter on get_the_excerpt --><\/p>\n","protected":false},"featured_media":69,"template":"","meta":[],"product_brand":[],"product_cat":[17],"product_tag":[],"class_list":{"0":"post-248","1":"product","2":"type-product","3":"status-publish","4":"has-post-thumbnail","6":"product_cat-protections-temporaires","7":"has-thumb","9":"first","10":"instock","11":"shipping-taxable","12":"product-type-simple"},"yoast_head":"<!-- This site is optimized with the Yoast SEO plugin v27.3 - https:\/\/yoast.com\/product\/yoast-seo-wordpress\/ -->\n<title>MARICOVER F15 e F15 light - Union Trading Monaco<\/title>\n<meta name=\"description\" content=\"MARICOVER F15 toile autoadh\u00e9sive provisoires, certifi\u00e9e ignifuge, pour sols int\u00e9rieurs et ext\u00e9rieurs, murs et ameublements en g\u00e9n\u00e9ral\" \/>\n<meta name=\"robots\" content=\"index, follow, max-snippet:-1, max-image-preview:large, max-video-preview:-1\" \/>\n<link rel=\"canonical\" href=\"https:\/\/uniontradingmonaco-marine.com\/fr\/produit\/maricover-f15\/\" \/>\n<meta property=\"og:locale\" content=\"fr_FR\" \/>\n<meta property=\"og:type\" content=\"article\" \/>\n<meta property=\"og:title\" content=\"MARICOVER F15 e F15 light - Union Trading Monaco\" \/>\n<meta property=\"og:description\" content=\"MARICOVER F15 toile autoadh\u00e9sive provisoires, certifi\u00e9e ignifuge, pour sols int\u00e9rieurs et ext\u00e9rieurs, murs et ameublements en g\u00e9n\u00e9ral\" \/>\n<meta property=\"og:url\" content=\"https:\/\/uniontradingmonaco-marine.com\/fr\/produit\/maricover-f15\/\" \/>\n<meta property=\"og:site_name\" content=\"Union Trading Monaco\" \/>\n<meta property=\"article:modified_time\" content=\"2017-05-31T10:24:56+00:00\" \/>\n<meta property=\"og:image\" content=\"https:\/\/uniontradingmonaco-marine.com\/fr\/wp-content\/uploads\/sites\/2\/2017\/05\/MARICOVER-F-15.jpg\" \/>\n\t<meta property=\"og:image:width\" content=\"600\" \/>\n\t<meta property=\"og:image:height\" content=\"350\" \/>\n\t<meta property=\"og:image:type\" content=\"image\/jpeg\" \/>\n<meta name=\"twitter:card\" content=\"summary_large_image\" \/>\n<!-- \/ Yoast SEO plugin. -->","yoast_head_json":{"title":"MARICOVER F15 e F15 light - Union Trading Monaco","description":"MARICOVER F15 toile autoadh\u00e9sive provisoires, certifi\u00e9e ignifuge, pour sols int\u00e9rieurs et ext\u00e9rieurs, murs et ameublements en g\u00e9n\u00e9ral","robots":{"index":"index","follow":"follow","max-snippet":"max-snippet:-1","max-image-preview":"max-image-preview:large","max-video-preview":"max-video-preview:-1"},"canonical":"https:\/\/uniontradingmonaco-marine.com\/fr\/produit\/maricover-f15\/","og_locale":"fr_FR","og_type":"article","og_title":"MARICOVER F15 e F15 light - Union Trading Monaco","og_description":"MARICOVER F15 toile autoadh\u00e9sive provisoires, certifi\u00e9e ignifuge, pour sols int\u00e9rieurs et ext\u00e9rieurs, murs et ameublements en g\u00e9n\u00e9ral","og_url":"https:\/\/uniontradingmonaco-marine.com\/fr\/produit\/maricover-f15\/","og_site_name":"Union Trading Monaco","article_modified_time":"2017-05-31T10:24:56+00:00","og_image":[{"width":600,"height":350,"url":"https:\/\/uniontradingmonaco-marine.com\/fr\/wp-content\/uploads\/sites\/2\/2017\/05\/MARICOVER-F-15.jpg","type":"image\/jpeg"}],"twitter_card":"summary_large_image","schema":{"@context":"https:\/\/schema.org","@graph":[{"@type":"WebPage","@id":"https:\/\/uniontradingmonaco-marine.com\/fr\/produit\/maricover-f15\/","url":"https:\/\/uniontradingmonaco-marine.com\/fr\/produit\/maricover-f15\/","name":"MARICOVER F15 e F15 light - Union Trading Monaco","isPartOf":{"@id":"https:\/\/uniontradingmonaco-marine.com\/fr\/#website"},"primaryImageOfPage":{"@id":"https:\/\/uniontradingmonaco-marine.com\/fr\/produit\/maricover-f15\/#primaryimage"},"image":{"@id":"https:\/\/uniontradingmonaco-marine.com\/fr\/produit\/maricover-f15\/#primaryimage"},"thumbnailUrl":"https:\/\/uniontradingmonaco-marine.com\/fr\/wp-content\/uploads\/sites\/2\/2017\/05\/MARICOVER-F-15.jpg","datePublished":"2017-05-31T10:07:33+00:00","dateModified":"2017-05-31T10:24:56+00:00","description":"MARICOVER F15 toile autoadh\u00e9sive provisoires, certifi\u00e9e ignifuge, pour sols int\u00e9rieurs et ext\u00e9rieurs, murs et ameublements en g\u00e9n\u00e9ral","breadcrumb":{"@id":"https:\/\/uniontradingmonaco-marine.com\/fr\/produit\/maricover-f15\/#breadcrumb"},"inLanguage":"fr-FR","potentialAction":[{"@type":"ReadAction","target":["https:\/\/uniontradingmonaco-marine.com\/fr\/produit\/maricover-f15\/"]}]},{"@type":"ImageObject","inLanguage":"fr-FR","@id":"https:\/\/uniontradingmonaco-marine.com\/fr\/produit\/maricover-f15\/#primaryimage","url":"https:\/\/uniontradingmonaco-marine.com\/fr\/wp-content\/uploads\/sites\/2\/2017\/05\/MARICOVER-F-15.jpg","contentUrl":"https:\/\/uniontradingmonaco-marine.com\/fr\/wp-content\/uploads\/sites\/2\/2017\/05\/MARICOVER-F-15.jpg","width":600,"height":350,"caption":"MARICOVER F15 e F15 light"},{"@type":"BreadcrumbList","@id":"https:\/\/uniontradingmonaco-marine.com\/fr\/produit\/maricover-f15\/#breadcrumb","itemListElement":[{"@type":"ListItem","position":1,"name":"Accueil","item":"https:\/\/uniontradingmonaco-marine.com\/fr\/"},{"@type":"ListItem","position":2,"name":"MARICOVER F15 e F15 light"}]},{"@type":"WebSite","@id":"https:\/\/uniontradingmonaco-marine.com\/fr\/#website","url":"https:\/\/uniontradingmonaco-marine.com\/fr\/","name":"Union Trading Monaco","description":"","publisher":{"@id":"https:\/\/uniontradingmonaco-marine.com\/fr\/#organization"},"potentialAction":[{"@type":"SearchAction","target":{"@type":"EntryPoint","urlTemplate":"https:\/\/uniontradingmonaco-marine.com\/fr\/?s={search_term_string}"},"query-input":{"@type":"PropertyValueSpecification","valueRequired":true,"valueName":"search_term_string"}}],"inLanguage":"fr-FR"},{"@type":"Organization","@id":"https:\/\/uniontradingmonaco-marine.com\/fr\/#organization","name":"Union Trading Monaco","url":"https:\/\/uniontradingmonaco-marine.com\/fr\/","logo":{"@type":"ImageObject","inLanguage":"fr-FR","@id":"https:\/\/uniontradingmonaco-marine.com\/fr\/#\/schema\/logo\/image\/","url":"https:\/\/uniontradingmonaco-marine.com\/fr\/wp-content\/uploads\/sites\/2\/2017\/06\/Logo-UTM-xs.png","contentUrl":"https:\/\/uniontradingmonaco-marine.com\/fr\/wp-content\/uploads\/sites\/2\/2017\/06\/Logo-UTM-xs.png","width":144,"height":113,"caption":"Union Trading Monaco"},"image":{"@id":"https:\/\/uniontradingmonaco-marine.com\/fr\/#\/schema\/logo\/image\/"},"sameAs":["https:\/\/www.linkedin.com\/company\/union-trading-monaco\/"]}]}},"_links":{"self":[{"href":"https:\/\/uniontradingmonaco-marine.com\/fr\/wp-json\/wp\/v2\/product\/248","targetHints":{"allow":["GET"]}}],"collection":[{"href":"https:\/\/uniontradingmonaco-marine.com\/fr\/wp-json\/wp\/v2\/product"}],"about":[{"href":"https:\/\/uniontradingmonaco-marine.com\/fr\/wp-json\/wp\/v2\/types\/product"}],"wp:featuredmedia":[{"embeddable":true,"href":"https:\/\/uniontradingmonaco-marine.com\/fr\/wp-json\/wp\/v2\/media\/69"}],"wp:attachment":[{"href":"https:\/\/uniontradingmonaco-marine.com\/fr\/wp-json\/wp\/v2\/media?parent=248"}],"wp:term":[{"taxonomy":"product_brand","embeddable":true,"href":"https:\/\/uniontradingmonaco-marine.com\/fr\/wp-json\/wp\/v2\/product_brand?post=248"},{"taxonomy":"product_cat","embeddable":true,"href":"https:\/\/uniontradingmonaco-marine.com\/fr\/wp-json\/wp\/v2\/product_cat?post=248"},{"taxonomy":"product_tag","embeddable":true,"href":"https:\/\/uniontradingmonaco-marine.com\/fr\/wp-json\/wp\/v2\/product_tag?post=248"}],"curies":[{"name":"wp","href":"https:\/\/api.w.org\/{rel}","templated":true}]}}