{"id":252,"date":"2017-05-31T12:44:30","date_gmt":"2017-05-31T10:44:30","guid":{"rendered":"http:\/\/uniontradingmonaco-marine.com\/fr\/?post_type=product&#038;p=252"},"modified":"2017-06-06T16:35:40","modified_gmt":"2017-06-06T14:35:40","slug":"maricover-bicolore","status":"publish","type":"product","link":"https:\/\/uniontradingmonaco-marine.com\/fr\/produit\/maricover-bicolore\/","title":{"rendered":"MARICOVER BICOLORE"},"content":{"rendered":"<h2>La toile de protection temporaire MARICOVER BICOLORE est\u00a0conditionn\u00e9e en rouleaux selon les caract\u00e9ristiques suivantes:<\/h2>\n<table border=\"1\" cellspacing=\"0\" cellpadding=\"0\">\n<tbody>\n<tr>\n<td valign=\"top\" width=\"75\">\n<p align=\"center\">Epaisseur micron<\/p>\n<\/td>\n<td valign=\"top\" width=\"52\">\n<p align=\"center\">Poids<\/p>\n<p align=\"center\">g.\/mq.<\/p>\n<\/td>\n<td valign=\"top\" width=\"71\">\n<p align=\"center\">Longeur du rouleau \u00a0 \u00a0 \u00a0m.<\/p>\n<\/td>\n<td valign=\"top\" width=\"64\">\n<p align=\"center\">Hauteur du rouleau \u00a0 \u00a0\u00a0m.<\/p>\n<\/td>\n<td valign=\"top\" width=\"71\">\n<p align=\"center\">Superficie du rouleau \u00a0 \u00a0mq.<\/p>\n<\/td>\n<td valign=\"top\" width=\"78\">\n<p align=\"center\">Poids net du rouleau \u00a0 \u00a0 \u00a0\u00a0Kg.<\/p>\n<\/td>\n<td valign=\"top\" width=\"71\">\n<p align=\"center\">Rouleaux\/Palette num\u00e9ro<\/p>\n<\/td>\n<\/tr>\n<tr>\n<td valign=\"top\" width=\"75\">\n<p align=\"center\">100 (\u00b1 10%)<\/p>\n<\/td>\n<td valign=\"top\" width=\"52\">\n<p align=\"center\">105<\/p>\n<\/td>\n<td valign=\"top\" width=\"71\">\n<p align=\"center\">200<\/p>\n<\/td>\n<td valign=\"top\" width=\"64\">\n<p align=\"center\">1,25<\/p>\n<\/td>\n<td valign=\"top\" width=\"71\">\n<p align=\"center\">250<\/p>\n<\/td>\n<td valign=\"top\" width=\"78\">\n<p align=\"center\">26,25<\/p>\n<\/td>\n<td valign=\"top\" width=\"71\">\n<p align=\"center\">20<\/p>\n<\/td>\n<\/tr>\n<\/tbody>\n<\/table>\n<p>Couleu:\u00a0blanc et noir<\/p>\n<p>Comme tous les produits de la gamme MARICOVER, MARICOVER BICOLORE\u00a0est\u00a0<strong>certifi\u00e9 ignifuge<\/strong>, dans le respect des\u00a0normes nationles italiennes et europ\u00e9ennes. MARICOVER BICOLORE a un plus , est aussi\u00a0auto-estinguible.<\/p>\n<!-- AddThis Advanced Settings generic via filter on the_content --><!-- AddThis Share Buttons generic via filter on the_content -->","protected":false},"excerpt":{"rendered":"<h2><strong>MARICOVER BICOLORE est une protection temporaire autoadh\u00e9sive, auto-estinguible, particuli\u00e8rement adapt\u00e9e pour la protection de superficies d&rsquo;ext\u00e9rieure<\/strong><\/h2>\n<p style=\"text-align: left;\" align=\"center\">MARICOVER BICOLORE est un film auto-adhesif, auto-estinguible, de la famille de MARICOVER F20. Facilement reconnaissable gr\u00e2ce \u00e0 sa double couleur qui le caract\u00e9rise visiblement. Particuli\u00e8rement adapt\u00e9e pour la protection temporaire de sols\u00a0comme pour celle d&rsquo;accessoires de d\u00e9coration. Id\u00e9al pour la protection de ponts ext\u00e9rieures \u00e0 bord des bateaux.<\/p>\n<p><!-- AddThis Advanced Settings generic via filter on get_the_excerpt --><!-- AddThis Share Buttons generic via filter on get_the_excerpt --><\/p>\n","protected":false},"featured_media":67,"template":"","meta":[],"product_brand":[],"product_cat":[17],"product_tag":[],"class_list":{"0":"post-252","1":"product","2":"type-product","3":"status-publish","4":"has-post-thumbnail","6":"product_cat-protections-temporaires","7":"has-thumb","9":"first","10":"instock","11":"shipping-taxable","12":"product-type-simple"},"yoast_head":"<!-- This site is optimized with the Yoast SEO plugin v27.3 - https:\/\/yoast.com\/product\/yoast-seo-wordpress\/ -->\n<title>MARICOVER BICOLORE - Union Trading Monaco<\/title>\n<meta name=\"description\" content=\"MARICOVER BICOLORE, protection temporaire autoadh\u00e9sive, auto-estinguible, certifi\u00e9e. Id\u00e9al pour la protection de superficies \u00e0 l&#039;ext\u00e9rieure\" \/>\n<meta name=\"robots\" content=\"index, follow, max-snippet:-1, max-image-preview:large, max-video-preview:-1\" \/>\n<link rel=\"canonical\" href=\"https:\/\/uniontradingmonaco-marine.com\/fr\/produit\/maricover-bicolore\/\" \/>\n<meta property=\"og:locale\" content=\"fr_FR\" \/>\n<meta property=\"og:type\" content=\"article\" \/>\n<meta property=\"og:title\" content=\"MARICOVER BICOLORE - Union Trading Monaco\" \/>\n<meta property=\"og:description\" content=\"MARICOVER BICOLORE, protection temporaire autoadh\u00e9sive, auto-estinguible, certifi\u00e9e. Id\u00e9al pour la protection de superficies \u00e0 l&#039;ext\u00e9rieure\" \/>\n<meta property=\"og:url\" content=\"https:\/\/uniontradingmonaco-marine.com\/fr\/produit\/maricover-bicolore\/\" \/>\n<meta property=\"og:site_name\" content=\"Union Trading Monaco\" \/>\n<meta property=\"article:modified_time\" content=\"2017-06-06T14:35:40+00:00\" \/>\n<meta property=\"og:image\" content=\"https:\/\/uniontradingmonaco-marine.com\/fr\/wp-content\/uploads\/sites\/2\/2017\/05\/MARICOVER-bicolore.jpg\" \/>\n\t<meta property=\"og:image:width\" content=\"600\" \/>\n\t<meta property=\"og:image:height\" content=\"350\" \/>\n\t<meta property=\"og:image:type\" content=\"image\/jpeg\" \/>\n<meta name=\"twitter:card\" content=\"summary_large_image\" \/>\n<!-- \/ Yoast SEO plugin. -->","yoast_head_json":{"title":"MARICOVER BICOLORE - Union Trading Monaco","description":"MARICOVER BICOLORE, protection temporaire autoadh\u00e9sive, auto-estinguible, certifi\u00e9e. Id\u00e9al pour la protection de superficies \u00e0 l'ext\u00e9rieure","robots":{"index":"index","follow":"follow","max-snippet":"max-snippet:-1","max-image-preview":"max-image-preview:large","max-video-preview":"max-video-preview:-1"},"canonical":"https:\/\/uniontradingmonaco-marine.com\/fr\/produit\/maricover-bicolore\/","og_locale":"fr_FR","og_type":"article","og_title":"MARICOVER BICOLORE - Union Trading Monaco","og_description":"MARICOVER BICOLORE, protection temporaire autoadh\u00e9sive, auto-estinguible, certifi\u00e9e. Id\u00e9al pour la protection de superficies \u00e0 l'ext\u00e9rieure","og_url":"https:\/\/uniontradingmonaco-marine.com\/fr\/produit\/maricover-bicolore\/","og_site_name":"Union Trading Monaco","article_modified_time":"2017-06-06T14:35:40+00:00","og_image":[{"width":600,"height":350,"url":"https:\/\/uniontradingmonaco-marine.com\/fr\/wp-content\/uploads\/sites\/2\/2017\/05\/MARICOVER-bicolore.jpg","type":"image\/jpeg"}],"twitter_card":"summary_large_image","schema":{"@context":"https:\/\/schema.org","@graph":[{"@type":"WebPage","@id":"https:\/\/uniontradingmonaco-marine.com\/fr\/produit\/maricover-bicolore\/","url":"https:\/\/uniontradingmonaco-marine.com\/fr\/produit\/maricover-bicolore\/","name":"MARICOVER BICOLORE - Union Trading Monaco","isPartOf":{"@id":"https:\/\/uniontradingmonaco-marine.com\/fr\/#website"},"primaryImageOfPage":{"@id":"https:\/\/uniontradingmonaco-marine.com\/fr\/produit\/maricover-bicolore\/#primaryimage"},"image":{"@id":"https:\/\/uniontradingmonaco-marine.com\/fr\/produit\/maricover-bicolore\/#primaryimage"},"thumbnailUrl":"https:\/\/uniontradingmonaco-marine.com\/fr\/wp-content\/uploads\/sites\/2\/2017\/05\/MARICOVER-bicolore.jpg","datePublished":"2017-05-31T10:44:30+00:00","dateModified":"2017-06-06T14:35:40+00:00","description":"MARICOVER BICOLORE, protection temporaire autoadh\u00e9sive, auto-estinguible, certifi\u00e9e. Id\u00e9al pour la protection de superficies \u00e0 l'ext\u00e9rieure","breadcrumb":{"@id":"https:\/\/uniontradingmonaco-marine.com\/fr\/produit\/maricover-bicolore\/#breadcrumb"},"inLanguage":"fr-FR","potentialAction":[{"@type":"ReadAction","target":["https:\/\/uniontradingmonaco-marine.com\/fr\/produit\/maricover-bicolore\/"]}]},{"@type":"ImageObject","inLanguage":"fr-FR","@id":"https:\/\/uniontradingmonaco-marine.com\/fr\/produit\/maricover-bicolore\/#primaryimage","url":"https:\/\/uniontradingmonaco-marine.com\/fr\/wp-content\/uploads\/sites\/2\/2017\/05\/MARICOVER-bicolore.jpg","contentUrl":"https:\/\/uniontradingmonaco-marine.com\/fr\/wp-content\/uploads\/sites\/2\/2017\/05\/MARICOVER-bicolore.jpg","width":600,"height":350,"caption":"MARICOVER BICOLORE"},{"@type":"BreadcrumbList","@id":"https:\/\/uniontradingmonaco-marine.com\/fr\/produit\/maricover-bicolore\/#breadcrumb","itemListElement":[{"@type":"ListItem","position":1,"name":"Accueil","item":"https:\/\/uniontradingmonaco-marine.com\/fr\/"},{"@type":"ListItem","position":2,"name":"MARICOVER BICOLORE"}]},{"@type":"WebSite","@id":"https:\/\/uniontradingmonaco-marine.com\/fr\/#website","url":"https:\/\/uniontradingmonaco-marine.com\/fr\/","name":"Union Trading Monaco","description":"","publisher":{"@id":"https:\/\/uniontradingmonaco-marine.com\/fr\/#organization"},"potentialAction":[{"@type":"SearchAction","target":{"@type":"EntryPoint","urlTemplate":"https:\/\/uniontradingmonaco-marine.com\/fr\/?s={search_term_string}"},"query-input":{"@type":"PropertyValueSpecification","valueRequired":true,"valueName":"search_term_string"}}],"inLanguage":"fr-FR"},{"@type":"Organization","@id":"https:\/\/uniontradingmonaco-marine.com\/fr\/#organization","name":"Union Trading Monaco","url":"https:\/\/uniontradingmonaco-marine.com\/fr\/","logo":{"@type":"ImageObject","inLanguage":"fr-FR","@id":"https:\/\/uniontradingmonaco-marine.com\/fr\/#\/schema\/logo\/image\/","url":"https:\/\/uniontradingmonaco-marine.com\/fr\/wp-content\/uploads\/sites\/2\/2017\/06\/Logo-UTM-xs.png","contentUrl":"https:\/\/uniontradingmonaco-marine.com\/fr\/wp-content\/uploads\/sites\/2\/2017\/06\/Logo-UTM-xs.png","width":144,"height":113,"caption":"Union Trading Monaco"},"image":{"@id":"https:\/\/uniontradingmonaco-marine.com\/fr\/#\/schema\/logo\/image\/"},"sameAs":["https:\/\/www.linkedin.com\/company\/union-trading-monaco\/"]}]}},"_links":{"self":[{"href":"https:\/\/uniontradingmonaco-marine.com\/fr\/wp-json\/wp\/v2\/product\/252","targetHints":{"allow":["GET"]}}],"collection":[{"href":"https:\/\/uniontradingmonaco-marine.com\/fr\/wp-json\/wp\/v2\/product"}],"about":[{"href":"https:\/\/uniontradingmonaco-marine.com\/fr\/wp-json\/wp\/v2\/types\/product"}],"wp:featuredmedia":[{"embeddable":true,"href":"https:\/\/uniontradingmonaco-marine.com\/fr\/wp-json\/wp\/v2\/media\/67"}],"wp:attachment":[{"href":"https:\/\/uniontradingmonaco-marine.com\/fr\/wp-json\/wp\/v2\/media?parent=252"}],"wp:term":[{"taxonomy":"product_brand","embeddable":true,"href":"https:\/\/uniontradingmonaco-marine.com\/fr\/wp-json\/wp\/v2\/product_brand?post=252"},{"taxonomy":"product_cat","embeddable":true,"href":"https:\/\/uniontradingmonaco-marine.com\/fr\/wp-json\/wp\/v2\/product_cat?post=252"},{"taxonomy":"product_tag","embeddable":true,"href":"https:\/\/uniontradingmonaco-marine.com\/fr\/wp-json\/wp\/v2\/product_tag?post=252"}],"curies":[{"name":"wp","href":"https:\/\/api.w.org\/{rel}","templated":true}]}}