{"id":261,"date":"2017-06-05T12:16:21","date_gmt":"2017-06-05T10:16:21","guid":{"rendered":"http:\/\/uniontradingmonaco-marine.com\/fr\/?post_type=product&#038;p=261"},"modified":"2017-06-06T16:12:46","modified_gmt":"2017-06-06T14:12:46","slug":"ruban-adhesif-maricover-link-light","status":"publish","type":"product","link":"https:\/\/uniontradingmonaco-marine.com\/fr\/produit\/ruban-adhesif-maricover-link-light\/","title":{"rendered":"Ruban Adh\u00e9sif MARICOVER LINK LIGHT"},"content":{"rendered":"<h2>Le Ruban Adh\u00e9sif MARICOVER LINK LIGHT est\u00a0conditionn\u00e9 en rouleaux selon les caract\u00e9ristiques suivantes:<\/h2>\n<div align=\"center\">\n<table style=\"float: left;\" border=\"1\" cellspacing=\"0\" cellpadding=\"0\">\n<tbody>\n<tr>\n<td valign=\"top\" width=\"71\">\n<p align=\"center\">Epaisseur micron<\/p>\n<\/td>\n<td valign=\"top\" width=\"71\">\n<p align=\"center\">Poids<\/p>\n<p align=\"center\">g.\/m.<\/p>\n<\/td>\n<td valign=\"top\" width=\"71\">\n<p align=\"center\">Longeur du rouleau \u00a0 \u00a0 \u00a0m.<\/p>\n<\/td>\n<td valign=\"top\" width=\"71\">\n<p align=\"center\">Hauteur du rouleau \u00a0 mm.<\/p>\n<\/td>\n<td valign=\"top\" width=\"71\">\n<p style=\"text-align: center;\" align=\"center\">Poids net du rouleau \u00a0 \u00a0 \u00a0 g.<\/p>\n<\/td>\n<td valign=\"top\" width=\"71\">\n<p align=\"center\">Rouleaux\/ Boite \u00a0 nombre<\/p>\n<\/td>\n<\/tr>\n<tr>\n<td valign=\"top\" width=\"71\">\n<p align=\"center\">100 (\u00b110%)<\/p>\n<\/td>\n<td valign=\"top\" width=\"71\">\n<p align=\"center\">5,2<\/p>\n<\/td>\n<td valign=\"top\" width=\"71\">\n<p align=\"center\">50<\/p>\n<\/td>\n<td valign=\"top\" width=\"71\">\n<p align=\"center\">50<\/p>\n<\/td>\n<td valign=\"top\" width=\"71\">\n<p align=\"center\">270<\/p>\n<\/td>\n<td valign=\"top\" width=\"71\">\n<p align=\"center\">20<\/p>\n<\/td>\n<\/tr>\n<\/tbody>\n<\/table>\n<\/div>\n<p>&nbsp;<\/p>\n<p>&nbsp;<\/p>\n<p>&nbsp;<\/p>\n<p>&nbsp;<\/p>\n<p>&nbsp;<\/p>\n<p>&nbsp;<\/p>\n<p>Couleur; Blanc et Noir<\/p>\n<p>Comme tous les produits de la gamme MARICOVER, le ruban adh\u00e9sif MARICOVER LINK LIGHT est\u00a0<strong>certifi\u00e9 ignifuge<\/strong>, dans le respect des\u00a0normes natioles italiennes et europ\u00e9ennes.<\/p>\n<p>Son application permet de sceller les diff\u00e9rentes bandes de toile de protection MARICOVER et de rendre \u00e9tanches les espacements qui pourraient se former entre celles-ci au moment de la pose. Cette op\u00e9ration garantie ainsi, les propri\u00e9t\u00e9s ignifuges et de r\u00e9sistance de la gamme, sur toute la superficie \u00e0 prot\u00e9ger.<\/p>\n<p>Par sa <strong>haute r\u00e9sistance<\/strong> MARICOVER LINK LIGHT <strong>peut \u00eatre agraf\u00e9<\/strong> \u00e0 la toile de protection, garantissant ainsi une meilleur tenue dans des zones qui pourraient \u00eatre plus sollicit\u00e9es, sans pour autant risquer de ruptures.<\/p>\n<p>MARICOVER LINK LIGHT a \u00e9t\u00e9 con\u00e7u pour une <strong>utilisation d&rsquo;ext\u00e9rieur.<\/strong><\/p>\n<!-- AddThis Advanced Settings generic via filter on the_content --><!-- AddThis Share Buttons generic via filter on the_content -->","protected":false},"excerpt":{"rendered":"<h2>MARICOVER LINK LIGHT est un ruban adh\u00e9sif qui poss\u00e8de les hautes caract\u00e9ristiques techniques de la gamme MARICOVER, \u00a0garantissant ainsi les propri\u00e9t\u00e9s ignifuges certifi\u00e9es sur toute la superficie \u00e0 prot\u00e9ger<\/h2>\n<p>Le ruban adh\u00e9sif MARICOVER LINK LIGHT est pr\u00e9vu pour la r\u00e9lisisation d&rsquo;allonges de toiles de protection. \u00a0Son haute\u00a0r\u00e9sistence lui permet, \u00e9ventuellement, de renforcer le fixage, dans les zones plus sollicit\u00e9es, par l&rsquo;application d&rsquo;agrafes, sans risquer de ruptures.\u00a0Il est \u00a0particuli\u00e8rement indiqu\u00e9 pour une utilisation d&rsquo;ext\u00e9rieurs.<!-- AddThis Advanced Settings generic via filter on get_the_excerpt --><!-- AddThis Share Buttons generic via filter on get_the_excerpt --><\/p>\n","protected":false},"featured_media":71,"template":"","meta":[],"product_brand":[],"product_cat":[17],"product_tag":[],"class_list":{"0":"post-261","1":"product","2":"type-product","3":"status-publish","4":"has-post-thumbnail","6":"product_cat-protections-temporaires","7":"has-thumb","9":"first","10":"instock","11":"shipping-taxable","12":"product-type-simple"},"yoast_head":"<!-- This site is optimized with the Yoast SEO plugin v27.2 - https:\/\/yoast.com\/product\/yoast-seo-wordpress\/ -->\n<title>Ruban Adh\u00e9sif MARICOVER LINK LIGHT - Union Trading Monaco<\/title>\n<meta name=\"description\" content=\"MARICOVER LINK, ruban adh\u00e9sif \u00e0 haute r\u00e9sistance, certifi\u00e9 ignifuge, poss\u00e8de les caract\u00e9ristiques techniques de la gamme MARICOVER. Utilisation d&#039;ext\u00e9rieure\" \/>\n<meta name=\"robots\" content=\"index, follow, max-snippet:-1, max-image-preview:large, max-video-preview:-1\" \/>\n<link rel=\"canonical\" href=\"https:\/\/uniontradingmonaco-marine.com\/fr\/produit\/ruban-adhesif-maricover-link-light\/\" \/>\n<meta property=\"og:locale\" content=\"fr_FR\" \/>\n<meta property=\"og:type\" content=\"article\" \/>\n<meta property=\"og:title\" content=\"Ruban Adh\u00e9sif MARICOVER LINK LIGHT - Union Trading Monaco\" \/>\n<meta property=\"og:description\" content=\"MARICOVER LINK, ruban adh\u00e9sif \u00e0 haute r\u00e9sistance, certifi\u00e9 ignifuge, poss\u00e8de les caract\u00e9ristiques techniques de la gamme MARICOVER. Utilisation d&#039;ext\u00e9rieure\" \/>\n<meta property=\"og:url\" content=\"https:\/\/uniontradingmonaco-marine.com\/fr\/produit\/ruban-adhesif-maricover-link-light\/\" \/>\n<meta property=\"og:site_name\" content=\"Union Trading Monaco\" \/>\n<meta property=\"article:modified_time\" content=\"2017-06-06T14:12:46+00:00\" \/>\n<meta property=\"og:image\" content=\"https:\/\/uniontradingmonaco-marine.com\/fr\/wp-content\/uploads\/sites\/2\/2017\/05\/MARICOVER-LINK-light.jpg\" \/>\n\t<meta property=\"og:image:width\" content=\"600\" \/>\n\t<meta property=\"og:image:height\" content=\"350\" \/>\n\t<meta property=\"og:image:type\" content=\"image\/jpeg\" \/>\n<meta name=\"twitter:card\" content=\"summary_large_image\" \/>\n<meta name=\"twitter:label1\" content=\"Dur\u00e9e de lecture estim\u00e9e\" \/>\n\t<meta name=\"twitter:data1\" content=\"1 minute\" \/>\n<!-- \/ Yoast SEO plugin. -->","yoast_head_json":{"title":"Ruban Adh\u00e9sif MARICOVER LINK LIGHT - Union Trading Monaco","description":"MARICOVER LINK, ruban adh\u00e9sif \u00e0 haute r\u00e9sistance, certifi\u00e9 ignifuge, poss\u00e8de les caract\u00e9ristiques techniques de la gamme MARICOVER. Utilisation d'ext\u00e9rieure","robots":{"index":"index","follow":"follow","max-snippet":"max-snippet:-1","max-image-preview":"max-image-preview:large","max-video-preview":"max-video-preview:-1"},"canonical":"https:\/\/uniontradingmonaco-marine.com\/fr\/produit\/ruban-adhesif-maricover-link-light\/","og_locale":"fr_FR","og_type":"article","og_title":"Ruban Adh\u00e9sif MARICOVER LINK LIGHT - Union Trading Monaco","og_description":"MARICOVER LINK, ruban adh\u00e9sif \u00e0 haute r\u00e9sistance, certifi\u00e9 ignifuge, poss\u00e8de les caract\u00e9ristiques techniques de la gamme MARICOVER. Utilisation d'ext\u00e9rieure","og_url":"https:\/\/uniontradingmonaco-marine.com\/fr\/produit\/ruban-adhesif-maricover-link-light\/","og_site_name":"Union Trading Monaco","article_modified_time":"2017-06-06T14:12:46+00:00","og_image":[{"width":600,"height":350,"url":"https:\/\/uniontradingmonaco-marine.com\/fr\/wp-content\/uploads\/sites\/2\/2017\/05\/MARICOVER-LINK-light.jpg","type":"image\/jpeg"}],"twitter_card":"summary_large_image","twitter_misc":{"Dur\u00e9e de lecture estim\u00e9e":"1 minute"},"schema":{"@context":"https:\/\/schema.org","@graph":[{"@type":"WebPage","@id":"https:\/\/uniontradingmonaco-marine.com\/fr\/produit\/ruban-adhesif-maricover-link-light\/","url":"https:\/\/uniontradingmonaco-marine.com\/fr\/produit\/ruban-adhesif-maricover-link-light\/","name":"Ruban Adh\u00e9sif MARICOVER LINK LIGHT - Union Trading Monaco","isPartOf":{"@id":"https:\/\/uniontradingmonaco-marine.com\/fr\/#website"},"primaryImageOfPage":{"@id":"https:\/\/uniontradingmonaco-marine.com\/fr\/produit\/ruban-adhesif-maricover-link-light\/#primaryimage"},"image":{"@id":"https:\/\/uniontradingmonaco-marine.com\/fr\/produit\/ruban-adhesif-maricover-link-light\/#primaryimage"},"thumbnailUrl":"https:\/\/uniontradingmonaco-marine.com\/fr\/wp-content\/uploads\/sites\/2\/2017\/05\/MARICOVER-LINK-light.jpg","datePublished":"2017-06-05T10:16:21+00:00","dateModified":"2017-06-06T14:12:46+00:00","description":"MARICOVER LINK, ruban adh\u00e9sif \u00e0 haute r\u00e9sistance, certifi\u00e9 ignifuge, poss\u00e8de les caract\u00e9ristiques techniques de la gamme MARICOVER. Utilisation d'ext\u00e9rieure","breadcrumb":{"@id":"https:\/\/uniontradingmonaco-marine.com\/fr\/produit\/ruban-adhesif-maricover-link-light\/#breadcrumb"},"inLanguage":"fr-FR","potentialAction":[{"@type":"ReadAction","target":["https:\/\/uniontradingmonaco-marine.com\/fr\/produit\/ruban-adhesif-maricover-link-light\/"]}]},{"@type":"ImageObject","inLanguage":"fr-FR","@id":"https:\/\/uniontradingmonaco-marine.com\/fr\/produit\/ruban-adhesif-maricover-link-light\/#primaryimage","url":"https:\/\/uniontradingmonaco-marine.com\/fr\/wp-content\/uploads\/sites\/2\/2017\/05\/MARICOVER-LINK-light.jpg","contentUrl":"https:\/\/uniontradingmonaco-marine.com\/fr\/wp-content\/uploads\/sites\/2\/2017\/05\/MARICOVER-LINK-light.jpg","width":600,"height":350,"caption":"Ruban Adh\u00e9sif MARICOVER LINK LIGHT"},{"@type":"BreadcrumbList","@id":"https:\/\/uniontradingmonaco-marine.com\/fr\/produit\/ruban-adhesif-maricover-link-light\/#breadcrumb","itemListElement":[{"@type":"ListItem","position":1,"name":"Accueil","item":"https:\/\/uniontradingmonaco-marine.com\/fr\/"},{"@type":"ListItem","position":2,"name":"Ruban Adh\u00e9sif MARICOVER LINK LIGHT"}]},{"@type":"WebSite","@id":"https:\/\/uniontradingmonaco-marine.com\/fr\/#website","url":"https:\/\/uniontradingmonaco-marine.com\/fr\/","name":"Union Trading Monaco","description":"","publisher":{"@id":"https:\/\/uniontradingmonaco-marine.com\/fr\/#organization"},"potentialAction":[{"@type":"SearchAction","target":{"@type":"EntryPoint","urlTemplate":"https:\/\/uniontradingmonaco-marine.com\/fr\/?s={search_term_string}"},"query-input":{"@type":"PropertyValueSpecification","valueRequired":true,"valueName":"search_term_string"}}],"inLanguage":"fr-FR"},{"@type":"Organization","@id":"https:\/\/uniontradingmonaco-marine.com\/fr\/#organization","name":"Union Trading Monaco","url":"https:\/\/uniontradingmonaco-marine.com\/fr\/","logo":{"@type":"ImageObject","inLanguage":"fr-FR","@id":"https:\/\/uniontradingmonaco-marine.com\/fr\/#\/schema\/logo\/image\/","url":"https:\/\/uniontradingmonaco-marine.com\/fr\/wp-content\/uploads\/sites\/2\/2017\/06\/Logo-UTM-xs.png","contentUrl":"https:\/\/uniontradingmonaco-marine.com\/fr\/wp-content\/uploads\/sites\/2\/2017\/06\/Logo-UTM-xs.png","width":144,"height":113,"caption":"Union Trading Monaco"},"image":{"@id":"https:\/\/uniontradingmonaco-marine.com\/fr\/#\/schema\/logo\/image\/"},"sameAs":["https:\/\/www.linkedin.com\/company\/union-trading-monaco\/"]}]}},"_links":{"self":[{"href":"https:\/\/uniontradingmonaco-marine.com\/fr\/wp-json\/wp\/v2\/product\/261","targetHints":{"allow":["GET"]}}],"collection":[{"href":"https:\/\/uniontradingmonaco-marine.com\/fr\/wp-json\/wp\/v2\/product"}],"about":[{"href":"https:\/\/uniontradingmonaco-marine.com\/fr\/wp-json\/wp\/v2\/types\/product"}],"wp:featuredmedia":[{"embeddable":true,"href":"https:\/\/uniontradingmonaco-marine.com\/fr\/wp-json\/wp\/v2\/media\/71"}],"wp:attachment":[{"href":"https:\/\/uniontradingmonaco-marine.com\/fr\/wp-json\/wp\/v2\/media?parent=261"}],"wp:term":[{"taxonomy":"product_brand","embeddable":true,"href":"https:\/\/uniontradingmonaco-marine.com\/fr\/wp-json\/wp\/v2\/product_brand?post=261"},{"taxonomy":"product_cat","embeddable":true,"href":"https:\/\/uniontradingmonaco-marine.com\/fr\/wp-json\/wp\/v2\/product_cat?post=261"},{"taxonomy":"product_tag","embeddable":true,"href":"https:\/\/uniontradingmonaco-marine.com\/fr\/wp-json\/wp\/v2\/product_tag?post=261"}],"curies":[{"name":"wp","href":"https:\/\/api.w.org\/{rel}","templated":true}]}}