{"id":263,"date":"2017-06-06T16:32:11","date_gmt":"2017-06-06T14:32:11","guid":{"rendered":"http:\/\/uniontradingmonaco-marine.com\/fr\/?post_type=product&#038;p=263"},"modified":"2017-06-06T16:32:11","modified_gmt":"2017-06-06T14:32:11","slug":"film-de-protection-vitres-ns-pet-125-bl","status":"publish","type":"product","link":"https:\/\/uniontradingmonaco-marine.com\/fr\/produit\/film-de-protection-vitres-ns-pet-125-bl\/","title":{"rendered":"Film de protection vitres &#8211; NS PET 125 BL"},"content":{"rendered":"<h2>Le film de protection vitres NS PET 125 BL est\u00a0conditionn\u00e9e en rouleaux selon les caract\u00e9ristiques suivantes:<\/h2>\n<table border=\"1\" cellspacing=\"0\" cellpadding=\"0\">\n<tbody>\n<tr>\n<td valign=\"top\" width=\"78\">\n<p align=\"center\">Epaisseure<\/p>\n<p align=\"center\">mm.<\/p>\n<\/td>\n<td valign=\"top\" width=\"85\">\n<p align=\"center\">Poids<\/p>\n<p align=\"center\">g.\/mq.<\/p>\n<\/td>\n<td valign=\"top\" width=\"71\">\n<p align=\"center\">Longheure du rouleau \u00a0 \u00a0 \u00a0m.<\/p>\n<\/td>\n<td valign=\"top\" width=\"71\">\n<p align=\"center\">Hauteur du rouleau \u00a0 \u00a0 \u00a0m.<\/p>\n<\/td>\n<td valign=\"top\" width=\"71\">\n<p align=\"center\">Superficie du rouleau \u00a0 \u00a0\u00a0\u00a0mq.<\/p>\n<\/td>\n<td valign=\"top\" width=\"71\">\n<p align=\"center\">Poids net du rouleau \u00a0 \u00a0\u00a0\u00a0Kg.<\/p>\n<\/td>\n<td valign=\"top\" width=\"71\">\n<p align=\"center\">Rouleaux\/Palette n\u00b0<\/p>\n<\/td>\n<\/tr>\n<tr>\n<td valign=\"top\" width=\"78\">\n<p align=\"center\">0,125<\/p>\n<\/td>\n<td valign=\"top\" width=\"85\">\n<p align=\"center\">160\u00a0 (\u00b1 10%)<\/p>\n<\/td>\n<td valign=\"top\" width=\"71\">\n<p align=\"center\">25<\/p>\n<\/td>\n<td valign=\"top\" width=\"71\">\n<p align=\"center\">1,5<\/p>\n<\/td>\n<td valign=\"top\" width=\"71\">\n<p align=\"center\">37,5<\/p>\n<\/td>\n<td valign=\"top\" width=\"71\">\n<p align=\"center\">9,66<\/p>\n<\/td>\n<td valign=\"top\" width=\"71\">\n<p align=\"center\">20<\/p>\n<\/td>\n<\/tr>\n<\/tbody>\n<\/table>\n<p>Couleur: Bleu<\/p>\n<p>Comme tous les produits de la gamme MARICOVER, le fil de protection vitres NS PET 125 BL est\u00a0<strong>certifi\u00e9 ignifuge<\/strong>, dans le respect des\u00a0normes nationles italiennes et europ\u00e9ennes<\/p>\n<!-- AddThis Advanced Settings generic via filter on the_content --><!-- AddThis Share Buttons generic via filter on the_content -->","protected":false},"excerpt":{"rendered":"<h2>Le film de protection NS PET 125 BL est une pellicule de protection temporaire quasi-rigide, autoadh\u00e9sif, caract\u00e9ris\u00e9 par une bonne r\u00e9sistance aux hautes temp\u00e9ratures<\/h2>\n<p>Le film de protection vitres NS PET 125 BL est une pellicule de protection autoadh\u00e9sive partiellement flexible. Comme tous les produits de la gamme Maricover est certifi\u00e9. Cette protection se caract\u00e9rise par une bonne r\u00e9sistance aux hautes temp\u00e9ratures<\/p>\n<h2><\/h2>\n<p><!-- AddThis Advanced Settings generic via filter on get_the_excerpt --><!-- AddThis Share Buttons generic via filter on get_the_excerpt --><\/p>\n","protected":false},"featured_media":73,"template":"","meta":[],"product_brand":[],"product_cat":[17],"product_tag":[],"class_list":{"0":"post-263","1":"product","2":"type-product","3":"status-publish","4":"has-post-thumbnail","6":"product_cat-protections-temporaires","7":"has-thumb","9":"first","10":"instock","11":"shipping-taxable","12":"product-type-simple"},"yoast_head":"<!-- This site is optimized with the Yoast SEO plugin v27.4 - https:\/\/yoast.com\/product\/yoast-seo-wordpress\/ -->\n<title>Film de protection vitres - NS PET 125 BL - Union Trading Monaco<\/title>\n<meta name=\"description\" content=\"Film de protection vitres NS PET 125 BL est une protection temporaire certifi\u00e9e. Garanti une bonne r\u00e9sistance du vitrage aux hautes temp\u00e9ratures\" \/>\n<meta name=\"robots\" content=\"index, follow, max-snippet:-1, max-image-preview:large, max-video-preview:-1\" \/>\n<link rel=\"canonical\" href=\"https:\/\/uniontradingmonaco-marine.com\/fr\/produit\/film-de-protection-vitres-ns-pet-125-bl\/\" \/>\n<meta property=\"og:locale\" content=\"fr_FR\" \/>\n<meta property=\"og:type\" content=\"article\" \/>\n<meta property=\"og:title\" content=\"Film de protection vitres - NS PET 125 BL - Union Trading Monaco\" \/>\n<meta property=\"og:description\" content=\"Film de protection vitres NS PET 125 BL est une protection temporaire certifi\u00e9e. Garanti une bonne r\u00e9sistance du vitrage aux hautes temp\u00e9ratures\" \/>\n<meta property=\"og:url\" content=\"https:\/\/uniontradingmonaco-marine.com\/fr\/produit\/film-de-protection-vitres-ns-pet-125-bl\/\" \/>\n<meta property=\"og:site_name\" content=\"Union Trading Monaco\" \/>\n<meta property=\"og:image\" content=\"https:\/\/uniontradingmonaco-marine.com\/fr\/wp-content\/uploads\/sites\/2\/2017\/05\/NS-PET-125-BL.jpg\" \/>\n\t<meta property=\"og:image:width\" content=\"600\" \/>\n\t<meta property=\"og:image:height\" content=\"350\" \/>\n\t<meta property=\"og:image:type\" content=\"image\/jpeg\" \/>\n<meta name=\"twitter:card\" content=\"summary_large_image\" \/>\n<!-- \/ Yoast SEO plugin. -->","yoast_head_json":{"title":"Film de protection vitres - NS PET 125 BL - Union Trading Monaco","description":"Film de protection vitres NS PET 125 BL est une protection temporaire certifi\u00e9e. Garanti une bonne r\u00e9sistance du vitrage aux hautes temp\u00e9ratures","robots":{"index":"index","follow":"follow","max-snippet":"max-snippet:-1","max-image-preview":"max-image-preview:large","max-video-preview":"max-video-preview:-1"},"canonical":"https:\/\/uniontradingmonaco-marine.com\/fr\/produit\/film-de-protection-vitres-ns-pet-125-bl\/","og_locale":"fr_FR","og_type":"article","og_title":"Film de protection vitres - NS PET 125 BL - Union Trading Monaco","og_description":"Film de protection vitres NS PET 125 BL est une protection temporaire certifi\u00e9e. Garanti une bonne r\u00e9sistance du vitrage aux hautes temp\u00e9ratures","og_url":"https:\/\/uniontradingmonaco-marine.com\/fr\/produit\/film-de-protection-vitres-ns-pet-125-bl\/","og_site_name":"Union Trading Monaco","og_image":[{"width":600,"height":350,"url":"https:\/\/uniontradingmonaco-marine.com\/fr\/wp-content\/uploads\/sites\/2\/2017\/05\/NS-PET-125-BL.jpg","type":"image\/jpeg"}],"twitter_card":"summary_large_image","schema":{"@context":"https:\/\/schema.org","@graph":[{"@type":"WebPage","@id":"https:\/\/uniontradingmonaco-marine.com\/fr\/produit\/film-de-protection-vitres-ns-pet-125-bl\/","url":"https:\/\/uniontradingmonaco-marine.com\/fr\/produit\/film-de-protection-vitres-ns-pet-125-bl\/","name":"Film de protection vitres - NS PET 125 BL - Union Trading Monaco","isPartOf":{"@id":"https:\/\/uniontradingmonaco-marine.com\/fr\/#website"},"primaryImageOfPage":{"@id":"https:\/\/uniontradingmonaco-marine.com\/fr\/produit\/film-de-protection-vitres-ns-pet-125-bl\/#primaryimage"},"image":{"@id":"https:\/\/uniontradingmonaco-marine.com\/fr\/produit\/film-de-protection-vitres-ns-pet-125-bl\/#primaryimage"},"thumbnailUrl":"https:\/\/uniontradingmonaco-marine.com\/fr\/wp-content\/uploads\/sites\/2\/2017\/05\/NS-PET-125-BL.jpg","datePublished":"2017-06-06T14:32:11+00:00","description":"Film de protection vitres NS PET 125 BL est une protection temporaire certifi\u00e9e. Garanti une bonne r\u00e9sistance du vitrage aux hautes temp\u00e9ratures","breadcrumb":{"@id":"https:\/\/uniontradingmonaco-marine.com\/fr\/produit\/film-de-protection-vitres-ns-pet-125-bl\/#breadcrumb"},"inLanguage":"fr-FR","potentialAction":[{"@type":"ReadAction","target":["https:\/\/uniontradingmonaco-marine.com\/fr\/produit\/film-de-protection-vitres-ns-pet-125-bl\/"]}]},{"@type":"ImageObject","inLanguage":"fr-FR","@id":"https:\/\/uniontradingmonaco-marine.com\/fr\/produit\/film-de-protection-vitres-ns-pet-125-bl\/#primaryimage","url":"https:\/\/uniontradingmonaco-marine.com\/fr\/wp-content\/uploads\/sites\/2\/2017\/05\/NS-PET-125-BL.jpg","contentUrl":"https:\/\/uniontradingmonaco-marine.com\/fr\/wp-content\/uploads\/sites\/2\/2017\/05\/NS-PET-125-BL.jpg","width":600,"height":350,"caption":"Film de protection vitres &#8211; NS PET 125 BL"},{"@type":"BreadcrumbList","@id":"https:\/\/uniontradingmonaco-marine.com\/fr\/produit\/film-de-protection-vitres-ns-pet-125-bl\/#breadcrumb","itemListElement":[{"@type":"ListItem","position":1,"name":"Accueil","item":"https:\/\/uniontradingmonaco-marine.com\/fr\/"},{"@type":"ListItem","position":2,"name":"Film de protection vitres &#8211; NS PET 125 BL"}]},{"@type":"WebSite","@id":"https:\/\/uniontradingmonaco-marine.com\/fr\/#website","url":"https:\/\/uniontradingmonaco-marine.com\/fr\/","name":"Union Trading Monaco","description":"","publisher":{"@id":"https:\/\/uniontradingmonaco-marine.com\/fr\/#organization"},"potentialAction":[{"@type":"SearchAction","target":{"@type":"EntryPoint","urlTemplate":"https:\/\/uniontradingmonaco-marine.com\/fr\/?s={search_term_string}"},"query-input":{"@type":"PropertyValueSpecification","valueRequired":true,"valueName":"search_term_string"}}],"inLanguage":"fr-FR"},{"@type":"Organization","@id":"https:\/\/uniontradingmonaco-marine.com\/fr\/#organization","name":"Union Trading Monaco","url":"https:\/\/uniontradingmonaco-marine.com\/fr\/","logo":{"@type":"ImageObject","inLanguage":"fr-FR","@id":"https:\/\/uniontradingmonaco-marine.com\/fr\/#\/schema\/logo\/image\/","url":"https:\/\/uniontradingmonaco-marine.com\/fr\/wp-content\/uploads\/sites\/2\/2017\/06\/Logo-UTM-xs.png","contentUrl":"https:\/\/uniontradingmonaco-marine.com\/fr\/wp-content\/uploads\/sites\/2\/2017\/06\/Logo-UTM-xs.png","width":144,"height":113,"caption":"Union Trading Monaco"},"image":{"@id":"https:\/\/uniontradingmonaco-marine.com\/fr\/#\/schema\/logo\/image\/"},"sameAs":["https:\/\/www.linkedin.com\/company\/union-trading-monaco\/"]}]}},"_links":{"self":[{"href":"https:\/\/uniontradingmonaco-marine.com\/fr\/wp-json\/wp\/v2\/product\/263","targetHints":{"allow":["GET"]}}],"collection":[{"href":"https:\/\/uniontradingmonaco-marine.com\/fr\/wp-json\/wp\/v2\/product"}],"about":[{"href":"https:\/\/uniontradingmonaco-marine.com\/fr\/wp-json\/wp\/v2\/types\/product"}],"wp:featuredmedia":[{"embeddable":true,"href":"https:\/\/uniontradingmonaco-marine.com\/fr\/wp-json\/wp\/v2\/media\/73"}],"wp:attachment":[{"href":"https:\/\/uniontradingmonaco-marine.com\/fr\/wp-json\/wp\/v2\/media?parent=263"}],"wp:term":[{"taxonomy":"product_brand","embeddable":true,"href":"https:\/\/uniontradingmonaco-marine.com\/fr\/wp-json\/wp\/v2\/product_brand?post=263"},{"taxonomy":"product_cat","embeddable":true,"href":"https:\/\/uniontradingmonaco-marine.com\/fr\/wp-json\/wp\/v2\/product_cat?post=263"},{"taxonomy":"product_tag","embeddable":true,"href":"https:\/\/uniontradingmonaco-marine.com\/fr\/wp-json\/wp\/v2\/product_tag?post=263"}],"curies":[{"name":"wp","href":"https:\/\/api.w.org\/{rel}","templated":true}]}}