{"id":264,"date":"2017-06-06T16:49:42","date_gmt":"2017-06-06T14:49:42","guid":{"rendered":"http:\/\/uniontradingmonaco-marine.com\/fr\/?post_type=product&#038;p=264"},"modified":"2017-06-06T16:49:43","modified_gmt":"2017-06-06T14:49:43","slug":"fr-lps-1207-200-micron","status":"publish","type":"product","link":"https:\/\/uniontradingmonaco-marine.com\/fr\/produit\/fr-lps-1207-200-micron\/","title":{"rendered":"FR LPS 1207 &#8211; 200 micron"},"content":{"rendered":"<p style=\"text-align: left;\" align=\"center\">\n<h2>La toile de protection temporaire FR LPS 1207 &#8211; 200 micron est\u00a0conditionn\u00e9e en rouleaux selon les caract\u00e9ristiques suivantes:<\/h2>\n<table border=\"1\" cellspacing=\"0\" cellpadding=\"0\">\n<tbody>\n<tr>\n<td valign=\"top\" width=\"85\">\n<p align=\"center\">Epaisseur<\/p>\n<p align=\"center\">Micron<\/p>\n<\/td>\n<td valign=\"top\" width=\"77\">\n<p align=\"center\">Poids<\/p>\n<p align=\"center\">g. \/mq.<\/p>\n<\/td>\n<td valign=\"top\" width=\"74\">\n<p align=\"center\">Longueur d&rsquo;une feuille m.<\/p>\n<\/td>\n<td valign=\"top\" width=\"74\">\n<p align=\"center\">Largeur feuille m.<\/p>\n<\/td>\n<td valign=\"top\" width=\"74\">\n<p align=\"center\">superficie feuille \u00a0 \u00a0 \u00a0mq.<\/p>\n<\/td>\n<td valign=\"top\" width=\"74\">\n<p align=\"center\">Poids net feuille g.\/mq.<\/p>\n<\/td>\n<td valign=\"top\" width=\"60\">\n<p align=\"center\">Feuilles \/ Pallette nombre<\/p>\n<\/td>\n<\/tr>\n<tr>\n<td style=\"text-align: center;\" valign=\"top\" width=\"85\">\n<p align=\"center\">200<\/p>\n<\/td>\n<td style=\"text-align: center;\" valign=\"top\" width=\"77\">\n<p align=\"center\">184 (\u00b110%)<\/p>\n<\/td>\n<td style=\"text-align: center;\" valign=\"top\" width=\"74\">\n<p align=\"center\">25<\/p>\n<\/td>\n<td style=\"text-align: center;\" valign=\"top\" width=\"74\">\n<p align=\"center\">4 (2 m x 2)<\/p>\n<\/td>\n<td style=\"text-align: center;\" valign=\"top\" width=\"74\">\n<p align=\"center\">100<\/p>\n<\/td>\n<td style=\"text-align: center;\" valign=\"top\" width=\"74\">\n<p align=\"center\">19<\/p>\n<\/td>\n<td valign=\"top\" width=\"60\">\n<p align=\"center\">25<\/p>\n<\/td>\n<\/tr>\n<\/tbody>\n<\/table>\n<p>Couleur: Blanc<\/p>\n<p>&nbsp;<\/p>\n<p>&nbsp;<\/p>\n<!-- AddThis Advanced Settings generic via filter on the_content --><!-- AddThis Share Buttons generic via filter on the_content -->","protected":false},"excerpt":{"rendered":"<h2 style=\"text-align: left;\" align=\"center\">FR LPS 1207 est une protection temporaire auto-estinguible de moindre \u00e9paisseur, seulement 200 micron, facile et rapide \u00e0 poser. Grace \u00e0 sa l\u00e9g\u00e8ret\u00e9 et \u00e0 son conditionnement en feuille de 4 m\u00e8tres de hauteur elle est id\u00e9ale pour la couverture de grandes superficies.<\/h2>\n<p style=\"text-align: left;\" align=\"center\">FR LPS 1207 est une toile de protection en poly\u00e9thyl\u00e8ne\u00a0lisse, auto-estinguible. Elle est conditionn\u00e9e en feuilles enroul\u00e9es de grande dimension, de 4 m\u00e8tres de hauteur, ce qui la rend particuli\u00e8rement convenable \u00e0 la couverture et protection temporaire de tentures et de draperies. Ses propri\u00e9t\u00e9s lui permettent d&rsquo;assurer une barri\u00e8re \u00e9conomique et efficace contre les poussi\u00e8res en suspension, salet\u00e9s et \u00e9clats de peinture.<\/p>\n<p><!-- AddThis Advanced Settings generic via filter on get_the_excerpt --><!-- AddThis Share Buttons generic via filter on get_the_excerpt --><\/p>\n","protected":false},"featured_media":65,"template":"","meta":[],"product_brand":[],"product_cat":[17],"product_tag":[],"class_list":{"0":"post-264","1":"product","2":"type-product","3":"status-publish","4":"has-post-thumbnail","6":"product_cat-protections-temporaires","7":"has-thumb","9":"first","10":"instock","11":"shipping-taxable","12":"product-type-simple"},"yoast_head":"<!-- This site is optimized with the Yoast SEO plugin v27.4 - https:\/\/yoast.com\/product\/yoast-seo-wordpress\/ -->\n<title>FR LPS 1207 - 200 micron - Union Trading Monaco<\/title>\n<meta name=\"description\" content=\"FR LPS 1207, protection temporaire auto-estinguible de moindre \u00e9paisseur, facile et rapide \u00e0 poser, est id\u00e9ale pour la couverture de grandes superficies\" \/>\n<meta name=\"robots\" content=\"index, follow, max-snippet:-1, max-image-preview:large, max-video-preview:-1\" \/>\n<link rel=\"canonical\" href=\"https:\/\/uniontradingmonaco-marine.com\/fr\/produit\/fr-lps-1207-200-micron\/\" \/>\n<meta property=\"og:locale\" content=\"fr_FR\" \/>\n<meta property=\"og:type\" content=\"article\" \/>\n<meta property=\"og:title\" content=\"FR LPS 1207 - 200 micron - Union Trading Monaco\" \/>\n<meta property=\"og:description\" content=\"FR LPS 1207, protection temporaire auto-estinguible de moindre \u00e9paisseur, facile et rapide \u00e0 poser, est id\u00e9ale pour la couverture de grandes superficies\" \/>\n<meta property=\"og:url\" content=\"https:\/\/uniontradingmonaco-marine.com\/fr\/produit\/fr-lps-1207-200-micron\/\" \/>\n<meta property=\"og:site_name\" content=\"Union Trading Monaco\" \/>\n<meta property=\"article:modified_time\" content=\"2017-06-06T14:49:43+00:00\" \/>\n<meta property=\"og:image\" content=\"https:\/\/uniontradingmonaco-marine.com\/fr\/wp-content\/uploads\/sites\/2\/2017\/05\/FR-LPS-1207.jpg\" \/>\n\t<meta property=\"og:image:width\" content=\"600\" \/>\n\t<meta property=\"og:image:height\" content=\"350\" \/>\n\t<meta property=\"og:image:type\" content=\"image\/jpeg\" \/>\n<meta name=\"twitter:card\" content=\"summary_large_image\" \/>\n<!-- \/ Yoast SEO plugin. -->","yoast_head_json":{"title":"FR LPS 1207 - 200 micron - Union Trading Monaco","description":"FR LPS 1207, protection temporaire auto-estinguible de moindre \u00e9paisseur, facile et rapide \u00e0 poser, est id\u00e9ale pour la couverture de grandes superficies","robots":{"index":"index","follow":"follow","max-snippet":"max-snippet:-1","max-image-preview":"max-image-preview:large","max-video-preview":"max-video-preview:-1"},"canonical":"https:\/\/uniontradingmonaco-marine.com\/fr\/produit\/fr-lps-1207-200-micron\/","og_locale":"fr_FR","og_type":"article","og_title":"FR LPS 1207 - 200 micron - Union Trading Monaco","og_description":"FR LPS 1207, protection temporaire auto-estinguible de moindre \u00e9paisseur, facile et rapide \u00e0 poser, est id\u00e9ale pour la couverture de grandes superficies","og_url":"https:\/\/uniontradingmonaco-marine.com\/fr\/produit\/fr-lps-1207-200-micron\/","og_site_name":"Union Trading Monaco","article_modified_time":"2017-06-06T14:49:43+00:00","og_image":[{"width":600,"height":350,"url":"https:\/\/uniontradingmonaco-marine.com\/fr\/wp-content\/uploads\/sites\/2\/2017\/05\/FR-LPS-1207.jpg","type":"image\/jpeg"}],"twitter_card":"summary_large_image","schema":{"@context":"https:\/\/schema.org","@graph":[{"@type":"WebPage","@id":"https:\/\/uniontradingmonaco-marine.com\/fr\/produit\/fr-lps-1207-200-micron\/","url":"https:\/\/uniontradingmonaco-marine.com\/fr\/produit\/fr-lps-1207-200-micron\/","name":"FR LPS 1207 - 200 micron - Union Trading Monaco","isPartOf":{"@id":"https:\/\/uniontradingmonaco-marine.com\/fr\/#website"},"primaryImageOfPage":{"@id":"https:\/\/uniontradingmonaco-marine.com\/fr\/produit\/fr-lps-1207-200-micron\/#primaryimage"},"image":{"@id":"https:\/\/uniontradingmonaco-marine.com\/fr\/produit\/fr-lps-1207-200-micron\/#primaryimage"},"thumbnailUrl":"https:\/\/uniontradingmonaco-marine.com\/fr\/wp-content\/uploads\/sites\/2\/2017\/05\/FR-LPS-1207.jpg","datePublished":"2017-06-06T14:49:42+00:00","dateModified":"2017-06-06T14:49:43+00:00","description":"FR LPS 1207, protection temporaire auto-estinguible de moindre \u00e9paisseur, facile et rapide \u00e0 poser, est id\u00e9ale pour la couverture de grandes superficies","breadcrumb":{"@id":"https:\/\/uniontradingmonaco-marine.com\/fr\/produit\/fr-lps-1207-200-micron\/#breadcrumb"},"inLanguage":"fr-FR","potentialAction":[{"@type":"ReadAction","target":["https:\/\/uniontradingmonaco-marine.com\/fr\/produit\/fr-lps-1207-200-micron\/"]}]},{"@type":"ImageObject","inLanguage":"fr-FR","@id":"https:\/\/uniontradingmonaco-marine.com\/fr\/produit\/fr-lps-1207-200-micron\/#primaryimage","url":"https:\/\/uniontradingmonaco-marine.com\/fr\/wp-content\/uploads\/sites\/2\/2017\/05\/FR-LPS-1207.jpg","contentUrl":"https:\/\/uniontradingmonaco-marine.com\/fr\/wp-content\/uploads\/sites\/2\/2017\/05\/FR-LPS-1207.jpg","width":600,"height":350,"caption":"FR LPS 1207 &#8211; 200 micron"},{"@type":"BreadcrumbList","@id":"https:\/\/uniontradingmonaco-marine.com\/fr\/produit\/fr-lps-1207-200-micron\/#breadcrumb","itemListElement":[{"@type":"ListItem","position":1,"name":"Accueil","item":"https:\/\/uniontradingmonaco-marine.com\/fr\/"},{"@type":"ListItem","position":2,"name":"FR LPS 1207 &#8211; 200 micron"}]},{"@type":"WebSite","@id":"https:\/\/uniontradingmonaco-marine.com\/fr\/#website","url":"https:\/\/uniontradingmonaco-marine.com\/fr\/","name":"Union Trading Monaco","description":"","publisher":{"@id":"https:\/\/uniontradingmonaco-marine.com\/fr\/#organization"},"potentialAction":[{"@type":"SearchAction","target":{"@type":"EntryPoint","urlTemplate":"https:\/\/uniontradingmonaco-marine.com\/fr\/?s={search_term_string}"},"query-input":{"@type":"PropertyValueSpecification","valueRequired":true,"valueName":"search_term_string"}}],"inLanguage":"fr-FR"},{"@type":"Organization","@id":"https:\/\/uniontradingmonaco-marine.com\/fr\/#organization","name":"Union Trading Monaco","url":"https:\/\/uniontradingmonaco-marine.com\/fr\/","logo":{"@type":"ImageObject","inLanguage":"fr-FR","@id":"https:\/\/uniontradingmonaco-marine.com\/fr\/#\/schema\/logo\/image\/","url":"https:\/\/uniontradingmonaco-marine.com\/fr\/wp-content\/uploads\/sites\/2\/2017\/06\/Logo-UTM-xs.png","contentUrl":"https:\/\/uniontradingmonaco-marine.com\/fr\/wp-content\/uploads\/sites\/2\/2017\/06\/Logo-UTM-xs.png","width":144,"height":113,"caption":"Union Trading Monaco"},"image":{"@id":"https:\/\/uniontradingmonaco-marine.com\/fr\/#\/schema\/logo\/image\/"},"sameAs":["https:\/\/www.linkedin.com\/company\/union-trading-monaco\/"]}]}},"_links":{"self":[{"href":"https:\/\/uniontradingmonaco-marine.com\/fr\/wp-json\/wp\/v2\/product\/264","targetHints":{"allow":["GET"]}}],"collection":[{"href":"https:\/\/uniontradingmonaco-marine.com\/fr\/wp-json\/wp\/v2\/product"}],"about":[{"href":"https:\/\/uniontradingmonaco-marine.com\/fr\/wp-json\/wp\/v2\/types\/product"}],"wp:featuredmedia":[{"embeddable":true,"href":"https:\/\/uniontradingmonaco-marine.com\/fr\/wp-json\/wp\/v2\/media\/65"}],"wp:attachment":[{"href":"https:\/\/uniontradingmonaco-marine.com\/fr\/wp-json\/wp\/v2\/media?parent=264"}],"wp:term":[{"taxonomy":"product_brand","embeddable":true,"href":"https:\/\/uniontradingmonaco-marine.com\/fr\/wp-json\/wp\/v2\/product_brand?post=264"},{"taxonomy":"product_cat","embeddable":true,"href":"https:\/\/uniontradingmonaco-marine.com\/fr\/wp-json\/wp\/v2\/product_cat?post=264"},{"taxonomy":"product_tag","embeddable":true,"href":"https:\/\/uniontradingmonaco-marine.com\/fr\/wp-json\/wp\/v2\/product_tag?post=264"}],"curies":[{"name":"wp","href":"https:\/\/api.w.org\/{rel}","templated":true}]}}