{"id":265,"date":"2017-06-06T17:09:27","date_gmt":"2017-06-06T15:09:27","guid":{"rendered":"http:\/\/uniontradingmonaco-marine.com\/fr\/?post_type=product&#038;p=265"},"modified":"2017-06-07T20:29:44","modified_gmt":"2017-06-07T18:29:44","slug":"fire-blanket-aluminium","status":"publish","type":"product","link":"https:\/\/uniontradingmonaco-marine.com\/fr\/produit\/fire-blanket-aluminium\/","title":{"rendered":"FIRE BLANKET ALUMINIUM"},"content":{"rendered":"<h2>La toile de protection temporaire FIRE BLANKET ALUMINIUM est\u00a0conditionn\u00e9e en rouleaux selon les caract\u00e9ristiques suivantes:<\/h2>\n<table border=\"1\" cellspacing=\"0\" cellpadding=\"0\">\n<tbody>\n<tr>\n<td valign=\"top\" width=\"85\">\n<p align=\"center\">Epaisseur<\/p>\n<p align=\"center\">mm.<\/p>\n<\/td>\n<td valign=\"top\" width=\"77\">\n<p align=\"center\">Poids<\/p>\n<p align=\"center\">g.\/mq.<\/p>\n<\/td>\n<td valign=\"top\" width=\"74\">\n<p align=\"center\">Longueur du rouleau \u00a0 \u00a0 \u00a0m.<\/p>\n<\/td>\n<td valign=\"top\" width=\"74\">\n<p align=\"center\">Hauteur du rouleau \u00a0 \u00a0 \u00a0m.<\/p>\n<\/td>\n<td valign=\"top\" width=\"74\">\n<p align=\"center\">Superficie du rouleau \u00a0 \u00a0 mq.<\/p>\n<\/td>\n<td valign=\"top\" width=\"74\">\n<p align=\"center\">Poids net du rouleau \u00a0 \u00a0 \u00a0Kg.<\/p>\n<\/td>\n<td valign=\"top\" width=\"60\">\n<p align=\"center\">Rouleau \/ Palette nombre<\/p>\n<\/td>\n<\/tr>\n<tr>\n<td valign=\"top\" width=\"85\">\n<p align=\"center\">0,48 (\u00b1 10 %)<\/p>\n<\/td>\n<td valign=\"top\" width=\"77\">\n<p align=\"center\">480 (\u00b1 10%)<\/p>\n<\/td>\n<td valign=\"top\" width=\"74\">\n<p align=\"center\">50<\/p>\n<\/td>\n<td valign=\"top\" width=\"74\">\n<p align=\"center\">1<\/p>\n<\/td>\n<td valign=\"top\" width=\"74\">\n<p align=\"center\">50<\/p>\n<\/td>\n<td valign=\"top\" width=\"74\">\n<p align=\"center\">28<\/p>\n<\/td>\n<td valign=\"top\" width=\"60\">\n<p align=\"center\">20<\/p>\n<\/td>\n<\/tr>\n<\/tbody>\n<\/table>\n<p>Couleur : argent d&rsquo;un c\u00f4t\u00e9 et blanc de l&rsquo;autre<\/p>\n<p>Toutes les protection temporaires de la gamme, y compris FIRE BLANKET ALUMINIUM, sont \u00a0<strong>certifi\u00e9es ignifuges<\/strong>, dans le respect des\u00a0normes europ\u00e9ennes dans le champs navale.<\/p>\n<!-- AddThis Advanced Settings generic via filter on the_content --><!-- AddThis Share Buttons generic via filter on the_content -->","protected":false},"excerpt":{"rendered":"<h2>FIRE BLANKET ALUMINIUM est un tissu en verre recouvert en aluminium, incombustible. Id\u00e9ale pour la protection de superficies contre les \u00e9tincelles provoqu\u00e9es par travaux \u00e0 hautes temp\u00e9ratures comme soudures ou meulages.<\/h2>\n<p style=\"text-align: left;\" align=\"center\">FIRE CLANKET ALUMINIUM est un tissu en verre type \u00ab\u00a0E\u00a0\u00bb recouvert d&rsquo;aluminium. Cette particularit\u00e9 le rend\u00a0\u00a0incombustible. \u00a0Peut \u00eatre utilis\u00e9 pour la protection de sols, cloisons ou outillages et appareillages en zones o\u00f9 il est pr\u00e9vu d&rsquo;effectuer des traveaux \u00e0 haute temp\u00e9rature comme meulages et soudures.<\/p>\n<p style=\"text-align: left;\" align=\"center\">\n<p><!-- AddThis Advanced Settings generic via filter on get_the_excerpt --><!-- AddThis Share Buttons generic via filter on get_the_excerpt --><\/p>\n","protected":false},"featured_media":63,"template":"","meta":[],"product_brand":[],"product_cat":[17],"product_tag":[],"class_list":{"0":"post-265","1":"product","2":"type-product","3":"status-publish","4":"has-post-thumbnail","6":"product_cat-protections-temporaires","7":"has-thumb","9":"first","10":"instock","11":"shipping-taxable","12":"product-type-simple"},"yoast_head":"<!-- This site is optimized with the Yoast SEO plugin v27.4 - https:\/\/yoast.com\/product\/yoast-seo-wordpress\/ -->\n<title>FIRE BLANKET ALUMINIUM - Union Trading Monaco<\/title>\n<meta name=\"description\" content=\"FIRE BLANKET ALUMINIUM, tissu en verre recouvert en aluminium, incombustible, pour la protection de superficies contre \u00e9tincelles de soudures ou meulages\" \/>\n<meta name=\"robots\" content=\"index, follow, max-snippet:-1, max-image-preview:large, max-video-preview:-1\" \/>\n<link rel=\"canonical\" href=\"https:\/\/uniontradingmonaco-marine.com\/fr\/produit\/fire-blanket-aluminium\/\" \/>\n<meta property=\"og:locale\" content=\"fr_FR\" \/>\n<meta property=\"og:type\" content=\"article\" \/>\n<meta property=\"og:title\" content=\"FIRE BLANKET ALUMINIUM - Union Trading Monaco\" \/>\n<meta property=\"og:description\" content=\"FIRE BLANKET ALUMINIUM, tissu en verre recouvert en aluminium, incombustible, pour la protection de superficies contre \u00e9tincelles de soudures ou meulages\" \/>\n<meta property=\"og:url\" content=\"https:\/\/uniontradingmonaco-marine.com\/fr\/produit\/fire-blanket-aluminium\/\" \/>\n<meta property=\"og:site_name\" content=\"Union Trading Monaco\" \/>\n<meta property=\"article:modified_time\" content=\"2017-06-07T18:29:44+00:00\" \/>\n<meta property=\"og:image\" content=\"https:\/\/uniontradingmonaco-marine.com\/fr\/wp-content\/uploads\/sites\/2\/2017\/05\/FIRE-BLANKET-ALUMINIUM.jpg\" \/>\n\t<meta property=\"og:image:width\" content=\"600\" \/>\n\t<meta property=\"og:image:height\" content=\"350\" \/>\n\t<meta property=\"og:image:type\" content=\"image\/jpeg\" \/>\n<meta name=\"twitter:card\" content=\"summary_large_image\" \/>\n<!-- \/ Yoast SEO plugin. -->","yoast_head_json":{"title":"FIRE BLANKET ALUMINIUM - Union Trading Monaco","description":"FIRE BLANKET ALUMINIUM, tissu en verre recouvert en aluminium, incombustible, pour la protection de superficies contre \u00e9tincelles de soudures ou meulages","robots":{"index":"index","follow":"follow","max-snippet":"max-snippet:-1","max-image-preview":"max-image-preview:large","max-video-preview":"max-video-preview:-1"},"canonical":"https:\/\/uniontradingmonaco-marine.com\/fr\/produit\/fire-blanket-aluminium\/","og_locale":"fr_FR","og_type":"article","og_title":"FIRE BLANKET ALUMINIUM - Union Trading Monaco","og_description":"FIRE BLANKET ALUMINIUM, tissu en verre recouvert en aluminium, incombustible, pour la protection de superficies contre \u00e9tincelles de soudures ou meulages","og_url":"https:\/\/uniontradingmonaco-marine.com\/fr\/produit\/fire-blanket-aluminium\/","og_site_name":"Union Trading Monaco","article_modified_time":"2017-06-07T18:29:44+00:00","og_image":[{"width":600,"height":350,"url":"https:\/\/uniontradingmonaco-marine.com\/fr\/wp-content\/uploads\/sites\/2\/2017\/05\/FIRE-BLANKET-ALUMINIUM.jpg","type":"image\/jpeg"}],"twitter_card":"summary_large_image","schema":{"@context":"https:\/\/schema.org","@graph":[{"@type":"WebPage","@id":"https:\/\/uniontradingmonaco-marine.com\/fr\/produit\/fire-blanket-aluminium\/","url":"https:\/\/uniontradingmonaco-marine.com\/fr\/produit\/fire-blanket-aluminium\/","name":"FIRE BLANKET ALUMINIUM - Union Trading Monaco","isPartOf":{"@id":"https:\/\/uniontradingmonaco-marine.com\/fr\/#website"},"primaryImageOfPage":{"@id":"https:\/\/uniontradingmonaco-marine.com\/fr\/produit\/fire-blanket-aluminium\/#primaryimage"},"image":{"@id":"https:\/\/uniontradingmonaco-marine.com\/fr\/produit\/fire-blanket-aluminium\/#primaryimage"},"thumbnailUrl":"https:\/\/uniontradingmonaco-marine.com\/fr\/wp-content\/uploads\/sites\/2\/2017\/05\/FIRE-BLANKET-ALUMINIUM.jpg","datePublished":"2017-06-06T15:09:27+00:00","dateModified":"2017-06-07T18:29:44+00:00","description":"FIRE BLANKET ALUMINIUM, tissu en verre recouvert en aluminium, incombustible, pour la protection de superficies contre \u00e9tincelles de soudures ou meulages","breadcrumb":{"@id":"https:\/\/uniontradingmonaco-marine.com\/fr\/produit\/fire-blanket-aluminium\/#breadcrumb"},"inLanguage":"fr-FR","potentialAction":[{"@type":"ReadAction","target":["https:\/\/uniontradingmonaco-marine.com\/fr\/produit\/fire-blanket-aluminium\/"]}]},{"@type":"ImageObject","inLanguage":"fr-FR","@id":"https:\/\/uniontradingmonaco-marine.com\/fr\/produit\/fire-blanket-aluminium\/#primaryimage","url":"https:\/\/uniontradingmonaco-marine.com\/fr\/wp-content\/uploads\/sites\/2\/2017\/05\/FIRE-BLANKET-ALUMINIUM.jpg","contentUrl":"https:\/\/uniontradingmonaco-marine.com\/fr\/wp-content\/uploads\/sites\/2\/2017\/05\/FIRE-BLANKET-ALUMINIUM.jpg","width":600,"height":350,"caption":"FIRE BLANKET ALUMINIUM"},{"@type":"BreadcrumbList","@id":"https:\/\/uniontradingmonaco-marine.com\/fr\/produit\/fire-blanket-aluminium\/#breadcrumb","itemListElement":[{"@type":"ListItem","position":1,"name":"Accueil","item":"https:\/\/uniontradingmonaco-marine.com\/fr\/"},{"@type":"ListItem","position":2,"name":"FIRE BLANKET ALUMINIUM"}]},{"@type":"WebSite","@id":"https:\/\/uniontradingmonaco-marine.com\/fr\/#website","url":"https:\/\/uniontradingmonaco-marine.com\/fr\/","name":"Union Trading Monaco","description":"","publisher":{"@id":"https:\/\/uniontradingmonaco-marine.com\/fr\/#organization"},"potentialAction":[{"@type":"SearchAction","target":{"@type":"EntryPoint","urlTemplate":"https:\/\/uniontradingmonaco-marine.com\/fr\/?s={search_term_string}"},"query-input":{"@type":"PropertyValueSpecification","valueRequired":true,"valueName":"search_term_string"}}],"inLanguage":"fr-FR"},{"@type":"Organization","@id":"https:\/\/uniontradingmonaco-marine.com\/fr\/#organization","name":"Union Trading Monaco","url":"https:\/\/uniontradingmonaco-marine.com\/fr\/","logo":{"@type":"ImageObject","inLanguage":"fr-FR","@id":"https:\/\/uniontradingmonaco-marine.com\/fr\/#\/schema\/logo\/image\/","url":"https:\/\/uniontradingmonaco-marine.com\/fr\/wp-content\/uploads\/sites\/2\/2017\/06\/Logo-UTM-xs.png","contentUrl":"https:\/\/uniontradingmonaco-marine.com\/fr\/wp-content\/uploads\/sites\/2\/2017\/06\/Logo-UTM-xs.png","width":144,"height":113,"caption":"Union Trading Monaco"},"image":{"@id":"https:\/\/uniontradingmonaco-marine.com\/fr\/#\/schema\/logo\/image\/"},"sameAs":["https:\/\/www.linkedin.com\/company\/union-trading-monaco\/"]}]}},"_links":{"self":[{"href":"https:\/\/uniontradingmonaco-marine.com\/fr\/wp-json\/wp\/v2\/product\/265","targetHints":{"allow":["GET"]}}],"collection":[{"href":"https:\/\/uniontradingmonaco-marine.com\/fr\/wp-json\/wp\/v2\/product"}],"about":[{"href":"https:\/\/uniontradingmonaco-marine.com\/fr\/wp-json\/wp\/v2\/types\/product"}],"wp:featuredmedia":[{"embeddable":true,"href":"https:\/\/uniontradingmonaco-marine.com\/fr\/wp-json\/wp\/v2\/media\/63"}],"wp:attachment":[{"href":"https:\/\/uniontradingmonaco-marine.com\/fr\/wp-json\/wp\/v2\/media?parent=265"}],"wp:term":[{"taxonomy":"product_brand","embeddable":true,"href":"https:\/\/uniontradingmonaco-marine.com\/fr\/wp-json\/wp\/v2\/product_brand?post=265"},{"taxonomy":"product_cat","embeddable":true,"href":"https:\/\/uniontradingmonaco-marine.com\/fr\/wp-json\/wp\/v2\/product_cat?post=265"},{"taxonomy":"product_tag","embeddable":true,"href":"https:\/\/uniontradingmonaco-marine.com\/fr\/wp-json\/wp\/v2\/product_tag?post=265"}],"curies":[{"name":"wp","href":"https:\/\/api.w.org\/{rel}","templated":true}]}}