{"id":267,"date":"2017-06-07T19:54:48","date_gmt":"2017-06-07T17:54:48","guid":{"rendered":"http:\/\/uniontradingmonaco-marine.com\/fr\/?post_type=product&#038;p=267"},"modified":"2017-10-06T16:30:50","modified_gmt":"2017-10-06T14:30:50","slug":"fr-lsp-1207-impact-blue-foam","status":"publish","type":"product","link":"https:\/\/uniontradingmonaco-marine.com\/fr\/produit\/fr-lsp-1207-impact-blue-foam\/","title":{"rendered":"FR LSP 1207 IMPACT BLUE FOAM"},"content":{"rendered":"<h2>La toile de protection temporaire FR LSP 1207 IMPACT BLUE FOAM est\u00a0conditionn\u00e9e en rouleaux selon les caract\u00e9ristiques suivantes:<\/h2>\n<table border=\"1\" cellspacing=\"0\" cellpadding=\"0\">\n<tbody>\n<tr>\n<td valign=\"top\" width=\"85\">\n<p align=\"center\">Epaisseur<\/p>\n<p align=\"center\">mm.<\/p>\n<\/td>\n<td valign=\"top\" width=\"77\">\n<p align=\"center\">Poids<\/p>\n<p align=\"center\">g.\/mq.<\/p>\n<\/td>\n<td valign=\"top\" width=\"74\">\n<p align=\"center\">Longueur du rouleau \u00a0 \u00a0 \u00a0m.<\/p>\n<\/td>\n<td valign=\"top\" width=\"74\">\n<p align=\"center\">Hauteur du rouleau \u00a0 \u00a0 \u00a0m.<\/p>\n<\/td>\n<td valign=\"top\" width=\"74\">\n<p align=\"center\">Superficie du rouleau \u00a0 \u00a0 mq.<\/p>\n<\/td>\n<td valign=\"top\" width=\"74\">\n<p align=\"center\">Poids net du rouleau \u00a0 \u00a0 \u00a0Kg.<\/p>\n<\/td>\n<td valign=\"top\" width=\"60\">\n<p align=\"center\">Rouleau\/ Pallete nombre<\/p>\n<\/td>\n<\/tr>\n<tr>\n<td valign=\"top\" width=\"85\">\n<p align=\"center\">5 (\u00b1 10 %)<\/p>\n<\/td>\n<td valign=\"top\" width=\"77\">\n<p align=\"center\">125 (\u00b1 10%)<\/p>\n<\/td>\n<td valign=\"top\" width=\"74\">\n<p align=\"center\">75<\/p>\n<\/td>\n<td valign=\"top\" width=\"74\">\n<p align=\"center\">1,5<\/p>\n<\/td>\n<td valign=\"top\" width=\"74\">\n<p align=\"center\">112,5<\/p>\n<\/td>\n<td valign=\"top\" width=\"74\">\n<p align=\"center\">16<\/p>\n<\/td>\n<td valign=\"top\" width=\"60\">\n<p align=\"center\">25<\/p>\n<p>&nbsp;<\/td>\n<\/tr>\n<\/tbody>\n<\/table>\n<p>Couleur: Bleu marine<\/p>\n<p>Toutes les protection temporaires de la gamme, y compris FR LSP 1207 IMPACT BLUE FOAM, sont \u00a0<strong>certifi\u00e9es ignifuges<\/strong>, dans le respect des\u00a0normes europ\u00e9ennes dans le secteur navale.<\/p>\n<!-- AddThis Advanced Settings generic via filter on the_content --><!-- AddThis Share Buttons generic via filter on the_content -->","protected":false},"excerpt":{"rendered":"<h2>FR LSP 1207 IMPACT BLUE FOAM est une protection temporaire\u00a0en mousse \u00e0 cellules ferm\u00e9es, auto-extinguibles et imperm\u00e9able \u00e0 l&rsquo;eau<\/h2>\n<p>FR LSP 1207 \u00a0IMPACT BLUE FOAM est une toile de protection temporaire r\u00e9alis\u00e9 en mousse \u00e0 cellules ferm\u00e9e. C&rsquo;est un mat\u00e9riel auto-estinguible. Cette protection est id\u00e9ale pour la couverture de tout type d&rsquo;\u00e9quipements, outillages et appareillages, murs et parois, meublier. De plus par sa structure \u00e0 cellules ferm\u00e9es cette mousse n&rsquo;absorbe pas l&rsquo;eau.<!-- AddThis Advanced Settings generic via filter on get_the_excerpt --><!-- AddThis Share Buttons generic via filter on get_the_excerpt --><\/p>\n","protected":false},"featured_media":64,"template":"","meta":[],"product_brand":[],"product_cat":[17],"product_tag":[],"class_list":{"0":"post-267","1":"product","2":"type-product","3":"status-publish","4":"has-post-thumbnail","6":"product_cat-protections-temporaires","7":"has-thumb","9":"first","10":"instock","11":"shipping-taxable","12":"product-type-simple"},"yoast_head":"<!-- This site is optimized with the Yoast SEO plugin v27.4 - https:\/\/yoast.com\/product\/yoast-seo-wordpress\/ -->\n<title>FR LSP 1207 IMPACT BLUE FOAM - Union Trading Monaco<\/title>\n<meta name=\"description\" content=\"FR LSP 1207 IMPACT BLUE FOAM protection temporaire en mousse \u00e0 cellules ferm\u00e9es, auto-extinguibles et imperm\u00e9able \u00e0 l&#039;eau, facile et rapide \u00e0 poser\" \/>\n<meta name=\"robots\" content=\"index, follow, max-snippet:-1, max-image-preview:large, max-video-preview:-1\" \/>\n<link rel=\"canonical\" href=\"https:\/\/uniontradingmonaco-marine.com\/fr\/produit\/fr-lsp-1207-impact-blue-foam\/\" \/>\n<meta property=\"og:locale\" content=\"fr_FR\" \/>\n<meta property=\"og:type\" content=\"article\" \/>\n<meta property=\"og:title\" content=\"FR LSP 1207 IMPACT BLUE FOAM - Union Trading Monaco\" \/>\n<meta property=\"og:description\" content=\"FR LSP 1207 IMPACT BLUE FOAM protection temporaire en mousse \u00e0 cellules ferm\u00e9es, auto-extinguibles et imperm\u00e9able \u00e0 l&#039;eau, facile et rapide \u00e0 poser\" \/>\n<meta property=\"og:url\" content=\"https:\/\/uniontradingmonaco-marine.com\/fr\/produit\/fr-lsp-1207-impact-blue-foam\/\" \/>\n<meta property=\"og:site_name\" content=\"Union Trading Monaco\" \/>\n<meta property=\"article:modified_time\" content=\"2017-10-06T14:30:50+00:00\" \/>\n<meta property=\"og:image\" content=\"https:\/\/uniontradingmonaco-marine.com\/fr\/wp-content\/uploads\/sites\/2\/2017\/05\/FR-LPS-1207-IMPACT-BLUE-FOAM.jpg\" \/>\n\t<meta property=\"og:image:width\" content=\"600\" \/>\n\t<meta property=\"og:image:height\" content=\"350\" \/>\n\t<meta property=\"og:image:type\" content=\"image\/jpeg\" \/>\n<meta name=\"twitter:card\" content=\"summary_large_image\" \/>\n<!-- \/ Yoast SEO plugin. -->","yoast_head_json":{"title":"FR LSP 1207 IMPACT BLUE FOAM - Union Trading Monaco","description":"FR LSP 1207 IMPACT BLUE FOAM protection temporaire en mousse \u00e0 cellules ferm\u00e9es, auto-extinguibles et imperm\u00e9able \u00e0 l'eau, facile et rapide \u00e0 poser","robots":{"index":"index","follow":"follow","max-snippet":"max-snippet:-1","max-image-preview":"max-image-preview:large","max-video-preview":"max-video-preview:-1"},"canonical":"https:\/\/uniontradingmonaco-marine.com\/fr\/produit\/fr-lsp-1207-impact-blue-foam\/","og_locale":"fr_FR","og_type":"article","og_title":"FR LSP 1207 IMPACT BLUE FOAM - Union Trading Monaco","og_description":"FR LSP 1207 IMPACT BLUE FOAM protection temporaire en mousse \u00e0 cellules ferm\u00e9es, auto-extinguibles et imperm\u00e9able \u00e0 l'eau, facile et rapide \u00e0 poser","og_url":"https:\/\/uniontradingmonaco-marine.com\/fr\/produit\/fr-lsp-1207-impact-blue-foam\/","og_site_name":"Union Trading Monaco","article_modified_time":"2017-10-06T14:30:50+00:00","og_image":[{"width":600,"height":350,"url":"https:\/\/uniontradingmonaco-marine.com\/fr\/wp-content\/uploads\/sites\/2\/2017\/05\/FR-LPS-1207-IMPACT-BLUE-FOAM.jpg","type":"image\/jpeg"}],"twitter_card":"summary_large_image","schema":{"@context":"https:\/\/schema.org","@graph":[{"@type":"WebPage","@id":"https:\/\/uniontradingmonaco-marine.com\/fr\/produit\/fr-lsp-1207-impact-blue-foam\/","url":"https:\/\/uniontradingmonaco-marine.com\/fr\/produit\/fr-lsp-1207-impact-blue-foam\/","name":"FR LSP 1207 IMPACT BLUE FOAM - Union Trading Monaco","isPartOf":{"@id":"https:\/\/uniontradingmonaco-marine.com\/fr\/#website"},"primaryImageOfPage":{"@id":"https:\/\/uniontradingmonaco-marine.com\/fr\/produit\/fr-lsp-1207-impact-blue-foam\/#primaryimage"},"image":{"@id":"https:\/\/uniontradingmonaco-marine.com\/fr\/produit\/fr-lsp-1207-impact-blue-foam\/#primaryimage"},"thumbnailUrl":"https:\/\/uniontradingmonaco-marine.com\/fr\/wp-content\/uploads\/sites\/2\/2017\/05\/FR-LPS-1207-IMPACT-BLUE-FOAM.jpg","datePublished":"2017-06-07T17:54:48+00:00","dateModified":"2017-10-06T14:30:50+00:00","description":"FR LSP 1207 IMPACT BLUE FOAM protection temporaire en mousse \u00e0 cellules ferm\u00e9es, auto-extinguibles et imperm\u00e9able \u00e0 l'eau, facile et rapide \u00e0 poser","breadcrumb":{"@id":"https:\/\/uniontradingmonaco-marine.com\/fr\/produit\/fr-lsp-1207-impact-blue-foam\/#breadcrumb"},"inLanguage":"fr-FR","potentialAction":[{"@type":"ReadAction","target":["https:\/\/uniontradingmonaco-marine.com\/fr\/produit\/fr-lsp-1207-impact-blue-foam\/"]}]},{"@type":"ImageObject","inLanguage":"fr-FR","@id":"https:\/\/uniontradingmonaco-marine.com\/fr\/produit\/fr-lsp-1207-impact-blue-foam\/#primaryimage","url":"https:\/\/uniontradingmonaco-marine.com\/fr\/wp-content\/uploads\/sites\/2\/2017\/05\/FR-LPS-1207-IMPACT-BLUE-FOAM.jpg","contentUrl":"https:\/\/uniontradingmonaco-marine.com\/fr\/wp-content\/uploads\/sites\/2\/2017\/05\/FR-LPS-1207-IMPACT-BLUE-FOAM.jpg","width":600,"height":350,"caption":"FR LSP 1207 IMPACT BLUE FOAM Toutes les protection temporaires de la gamme, y compris FR LSP 1207 IMPACT BLUE FOAM, sont \u00a0certifi\u00e9es ignifuges, dans le respect des\u00a0normes europ\u00e9ennes dans le secteur navale."},{"@type":"BreadcrumbList","@id":"https:\/\/uniontradingmonaco-marine.com\/fr\/produit\/fr-lsp-1207-impact-blue-foam\/#breadcrumb","itemListElement":[{"@type":"ListItem","position":1,"name":"Accueil","item":"https:\/\/uniontradingmonaco-marine.com\/fr\/"},{"@type":"ListItem","position":2,"name":"FR LSP 1207 IMPACT BLUE FOAM"}]},{"@type":"WebSite","@id":"https:\/\/uniontradingmonaco-marine.com\/fr\/#website","url":"https:\/\/uniontradingmonaco-marine.com\/fr\/","name":"Union Trading Monaco","description":"","publisher":{"@id":"https:\/\/uniontradingmonaco-marine.com\/fr\/#organization"},"potentialAction":[{"@type":"SearchAction","target":{"@type":"EntryPoint","urlTemplate":"https:\/\/uniontradingmonaco-marine.com\/fr\/?s={search_term_string}"},"query-input":{"@type":"PropertyValueSpecification","valueRequired":true,"valueName":"search_term_string"}}],"inLanguage":"fr-FR"},{"@type":"Organization","@id":"https:\/\/uniontradingmonaco-marine.com\/fr\/#organization","name":"Union Trading Monaco","url":"https:\/\/uniontradingmonaco-marine.com\/fr\/","logo":{"@type":"ImageObject","inLanguage":"fr-FR","@id":"https:\/\/uniontradingmonaco-marine.com\/fr\/#\/schema\/logo\/image\/","url":"https:\/\/uniontradingmonaco-marine.com\/fr\/wp-content\/uploads\/sites\/2\/2017\/06\/Logo-UTM-xs.png","contentUrl":"https:\/\/uniontradingmonaco-marine.com\/fr\/wp-content\/uploads\/sites\/2\/2017\/06\/Logo-UTM-xs.png","width":144,"height":113,"caption":"Union Trading Monaco"},"image":{"@id":"https:\/\/uniontradingmonaco-marine.com\/fr\/#\/schema\/logo\/image\/"},"sameAs":["https:\/\/www.linkedin.com\/company\/union-trading-monaco\/"]}]}},"_links":{"self":[{"href":"https:\/\/uniontradingmonaco-marine.com\/fr\/wp-json\/wp\/v2\/product\/267","targetHints":{"allow":["GET"]}}],"collection":[{"href":"https:\/\/uniontradingmonaco-marine.com\/fr\/wp-json\/wp\/v2\/product"}],"about":[{"href":"https:\/\/uniontradingmonaco-marine.com\/fr\/wp-json\/wp\/v2\/types\/product"}],"wp:featuredmedia":[{"embeddable":true,"href":"https:\/\/uniontradingmonaco-marine.com\/fr\/wp-json\/wp\/v2\/media\/64"}],"wp:attachment":[{"href":"https:\/\/uniontradingmonaco-marine.com\/fr\/wp-json\/wp\/v2\/media?parent=267"}],"wp:term":[{"taxonomy":"product_brand","embeddable":true,"href":"https:\/\/uniontradingmonaco-marine.com\/fr\/wp-json\/wp\/v2\/product_brand?post=267"},{"taxonomy":"product_cat","embeddable":true,"href":"https:\/\/uniontradingmonaco-marine.com\/fr\/wp-json\/wp\/v2\/product_cat?post=267"},{"taxonomy":"product_tag","embeddable":true,"href":"https:\/\/uniontradingmonaco-marine.com\/fr\/wp-json\/wp\/v2\/product_tag?post=267"}],"curies":[{"name":"wp","href":"https:\/\/api.w.org\/{rel}","templated":true}]}}