{"id":272,"date":"2017-06-14T14:47:17","date_gmt":"2017-06-14T12:47:17","guid":{"rendered":"http:\/\/uniontradingmonaco-marine.com\/fr\/?post_type=product&#038;p=272"},"modified":"2017-06-14T14:47:17","modified_gmt":"2017-06-14T12:47:17","slug":"proplex-fr","status":"publish","type":"product","link":"https:\/\/uniontradingmonaco-marine.com\/fr\/produit\/proplex-fr\/","title":{"rendered":"PROPLEX FR"},"content":{"rendered":"<h2>La protection temporaire PROPLEX FR\u00a0est\u00a0conditionn\u00e9e en feuille\u00a0selon les caract\u00e9ristiques suivantes:<\/h2>\n<table border=\"1\" cellspacing=\"0\" cellpadding=\"0\">\n<tbody>\n<tr>\n<td valign=\"top\" width=\"85\">\n<p align=\"center\">Epaisseur<\/p>\n<p align=\"center\">mm.<\/p>\n<\/td>\n<td valign=\"top\" width=\"121\">\n<p align=\"center\">Poids<\/p>\n<p align=\"center\">g.\/mq.<\/p>\n<\/td>\n<td valign=\"top\" width=\"64\">\n<p align=\"center\">Longeur de la feuille\u00a0 \u00a0 \u00a0m.<\/p>\n<\/td>\n<td valign=\"top\" width=\"64\">\n<p align=\"center\">Largeur de la feuille\u00a0 \u00a0 \u00a0m.<\/p>\n<\/td>\n<td valign=\"top\" width=\"64\">\n<p align=\"center\">Superficie de la feuille\u00a0 \u00a0mq.<\/p>\n<\/td>\n<td valign=\"top\" width=\"71\">\n<p align=\"center\">Poids net de la feuille\u00a0Kg.<\/p>\n<\/td>\n<td valign=\"top\" width=\"71\">\n<p align=\"center\">Feuille \/ Pallete nombre<\/p>\n<\/td>\n<\/tr>\n<tr>\n<td valign=\"top\" width=\"85\">\n<p align=\"center\">2 &#8211; 3,8 (\u00b1 10%)<\/p>\n<\/td>\n<td valign=\"top\" width=\"121\">\n<p align=\"center\">da 250 a 700 (\u00b1 10%)<\/p>\n<\/td>\n<td valign=\"top\" width=\"64\">\n<p align=\"center\">2,44<\/p>\n<\/td>\n<td valign=\"top\" width=\"64\">\n<p align=\"center\">1,22<\/p>\n<\/td>\n<td valign=\"top\" width=\"64\">\n<p align=\"center\">2,97<\/p>\n<\/td>\n<td valign=\"top\" width=\"71\">\n<p align=\"center\">0,72 (2 mm.)<\/p>\n<p align=\"center\">2,0 (3,8 mm.)<\/p>\n<\/td>\n<td valign=\"top\" width=\"71\">500 (2 mm.)<\/p>\n<p>250 (3,8 mm.)<\/td>\n<\/tr>\n<\/tbody>\n<\/table>\n<p>Couleur : Translucide ou blanc (D&rsquo;autres couleurs disponibles \u00e0 la\u00a0demande)<\/p>\n<p>Toutes les protection temporaires de la gamme, y compris PROBLEX FR, sont \u00a0<strong>certifi\u00e9es ignifuges<\/strong>, dans le respect des\u00a0normes europ\u00e9ennes dans le champs navale.<\/p>\n<!-- AddThis Advanced Settings generic via filter on the_content --><!-- AddThis Share Buttons generic via filter on the_content -->","protected":false},"excerpt":{"rendered":"<h2>PROPLEX FR &#8211; Flame retardant est\u00a0constitu\u00e9 par feuilles \u00e0 double paroi. C&rsquo;est un panneau rigide. Certifi\u00e9 retardant de flamme. Il est l\u00e9ger mais aussi r\u00e9sistant. Id\u00e9al pour la protection temporaire de superficies verticales.<\/h2>\n<p>PROPLEX FR &#8211; Flame Retardant est un\u00a0produit ignifuge constitu\u00e9 d&rsquo;une double paroi rigide. Il se d\u00e9marque par sa technicit\u00e9 certifi\u00e9e d&rsquo;\u00eatre retardant de flamme. C&rsquo;est un mat\u00e9riel \u00e0 la fois l\u00e9ger et resistent, de par ce fait versatil. Il est id\u00e9al pour la protection, principalement, de superficies verticales mais peut \u00eatre \u00e9galement utilis\u00e9 sur des superficies horizontales. Le conditionnement peut se faire en feuilles de diff\u00e9rentes dimensions. Une diversit\u00e9 d&rsquo;\u00e9paisseurs est disponible allant de 2mm \u00e0 3.80mm qui fait varier le poids entre 250g\/mq et 700g\/mq.<!-- AddThis Advanced Settings generic via filter on get_the_excerpt --><!-- AddThis Share Buttons generic via filter on get_the_excerpt --><\/p>\n","protected":false},"featured_media":79,"template":"","meta":[],"product_brand":[],"product_cat":[17],"product_tag":[],"class_list":{"0":"post-272","1":"product","2":"type-product","3":"status-publish","4":"has-post-thumbnail","6":"product_cat-protections-temporaires","7":"has-thumb","9":"first","10":"instock","11":"shipping-taxable","12":"product-type-simple"},"yoast_head":"<!-- This site is optimized with the Yoast SEO plugin v27.4 - https:\/\/yoast.com\/product\/yoast-seo-wordpress\/ -->\n<title>PROPLEX FR - Union Trading Monaco<\/title>\n<meta name=\"description\" content=\"Protection PROPLEX FR, feuilles \u00e0 double paroi rigides, l\u00e9ger, r\u00e9sistant, certifi\u00e9 retardant de flamme. Diff\u00e9rentes dimensions et \u00e9paisseurs disponibles\" \/>\n<meta name=\"robots\" content=\"index, follow, max-snippet:-1, max-image-preview:large, max-video-preview:-1\" \/>\n<link rel=\"canonical\" href=\"https:\/\/uniontradingmonaco-marine.com\/fr\/produit\/proplex-fr\/\" \/>\n<meta property=\"og:locale\" content=\"fr_FR\" \/>\n<meta property=\"og:type\" content=\"article\" \/>\n<meta property=\"og:title\" content=\"PROPLEX FR - Union Trading Monaco\" \/>\n<meta property=\"og:description\" content=\"Protection PROPLEX FR, feuilles \u00e0 double paroi rigides, l\u00e9ger, r\u00e9sistant, certifi\u00e9 retardant de flamme. Diff\u00e9rentes dimensions et \u00e9paisseurs disponibles\" \/>\n<meta property=\"og:url\" content=\"https:\/\/uniontradingmonaco-marine.com\/fr\/produit\/proplex-fr\/\" \/>\n<meta property=\"og:site_name\" content=\"Union Trading Monaco\" \/>\n<meta property=\"og:image\" content=\"https:\/\/uniontradingmonaco-marine.com\/fr\/wp-content\/uploads\/sites\/2\/2017\/05\/PROPLEX-FR-Flame-Retardant.jpg\" \/>\n\t<meta property=\"og:image:width\" content=\"600\" \/>\n\t<meta property=\"og:image:height\" content=\"350\" \/>\n\t<meta property=\"og:image:type\" content=\"image\/jpeg\" \/>\n<meta name=\"twitter:card\" content=\"summary_large_image\" \/>\n<!-- \/ Yoast SEO plugin. -->","yoast_head_json":{"title":"PROPLEX FR - Union Trading Monaco","description":"Protection PROPLEX FR, feuilles \u00e0 double paroi rigides, l\u00e9ger, r\u00e9sistant, certifi\u00e9 retardant de flamme. Diff\u00e9rentes dimensions et \u00e9paisseurs disponibles","robots":{"index":"index","follow":"follow","max-snippet":"max-snippet:-1","max-image-preview":"max-image-preview:large","max-video-preview":"max-video-preview:-1"},"canonical":"https:\/\/uniontradingmonaco-marine.com\/fr\/produit\/proplex-fr\/","og_locale":"fr_FR","og_type":"article","og_title":"PROPLEX FR - Union Trading Monaco","og_description":"Protection PROPLEX FR, feuilles \u00e0 double paroi rigides, l\u00e9ger, r\u00e9sistant, certifi\u00e9 retardant de flamme. Diff\u00e9rentes dimensions et \u00e9paisseurs disponibles","og_url":"https:\/\/uniontradingmonaco-marine.com\/fr\/produit\/proplex-fr\/","og_site_name":"Union Trading Monaco","og_image":[{"width":600,"height":350,"url":"https:\/\/uniontradingmonaco-marine.com\/fr\/wp-content\/uploads\/sites\/2\/2017\/05\/PROPLEX-FR-Flame-Retardant.jpg","type":"image\/jpeg"}],"twitter_card":"summary_large_image","schema":{"@context":"https:\/\/schema.org","@graph":[{"@type":"WebPage","@id":"https:\/\/uniontradingmonaco-marine.com\/fr\/produit\/proplex-fr\/","url":"https:\/\/uniontradingmonaco-marine.com\/fr\/produit\/proplex-fr\/","name":"PROPLEX FR - Union Trading Monaco","isPartOf":{"@id":"https:\/\/uniontradingmonaco-marine.com\/fr\/#website"},"primaryImageOfPage":{"@id":"https:\/\/uniontradingmonaco-marine.com\/fr\/produit\/proplex-fr\/#primaryimage"},"image":{"@id":"https:\/\/uniontradingmonaco-marine.com\/fr\/produit\/proplex-fr\/#primaryimage"},"thumbnailUrl":"https:\/\/uniontradingmonaco-marine.com\/fr\/wp-content\/uploads\/sites\/2\/2017\/05\/PROPLEX-FR-Flame-Retardant.jpg","datePublished":"2017-06-14T12:47:17+00:00","description":"Protection PROPLEX FR, feuilles \u00e0 double paroi rigides, l\u00e9ger, r\u00e9sistant, certifi\u00e9 retardant de flamme. Diff\u00e9rentes dimensions et \u00e9paisseurs disponibles","breadcrumb":{"@id":"https:\/\/uniontradingmonaco-marine.com\/fr\/produit\/proplex-fr\/#breadcrumb"},"inLanguage":"fr-FR","potentialAction":[{"@type":"ReadAction","target":["https:\/\/uniontradingmonaco-marine.com\/fr\/produit\/proplex-fr\/"]}]},{"@type":"ImageObject","inLanguage":"fr-FR","@id":"https:\/\/uniontradingmonaco-marine.com\/fr\/produit\/proplex-fr\/#primaryimage","url":"https:\/\/uniontradingmonaco-marine.com\/fr\/wp-content\/uploads\/sites\/2\/2017\/05\/PROPLEX-FR-Flame-Retardant.jpg","contentUrl":"https:\/\/uniontradingmonaco-marine.com\/fr\/wp-content\/uploads\/sites\/2\/2017\/05\/PROPLEX-FR-Flame-Retardant.jpg","width":600,"height":350,"caption":"PROPLEX FR"},{"@type":"BreadcrumbList","@id":"https:\/\/uniontradingmonaco-marine.com\/fr\/produit\/proplex-fr\/#breadcrumb","itemListElement":[{"@type":"ListItem","position":1,"name":"Accueil","item":"https:\/\/uniontradingmonaco-marine.com\/fr\/"},{"@type":"ListItem","position":2,"name":"PROPLEX FR"}]},{"@type":"WebSite","@id":"https:\/\/uniontradingmonaco-marine.com\/fr\/#website","url":"https:\/\/uniontradingmonaco-marine.com\/fr\/","name":"Union Trading Monaco","description":"","publisher":{"@id":"https:\/\/uniontradingmonaco-marine.com\/fr\/#organization"},"potentialAction":[{"@type":"SearchAction","target":{"@type":"EntryPoint","urlTemplate":"https:\/\/uniontradingmonaco-marine.com\/fr\/?s={search_term_string}"},"query-input":{"@type":"PropertyValueSpecification","valueRequired":true,"valueName":"search_term_string"}}],"inLanguage":"fr-FR"},{"@type":"Organization","@id":"https:\/\/uniontradingmonaco-marine.com\/fr\/#organization","name":"Union Trading Monaco","url":"https:\/\/uniontradingmonaco-marine.com\/fr\/","logo":{"@type":"ImageObject","inLanguage":"fr-FR","@id":"https:\/\/uniontradingmonaco-marine.com\/fr\/#\/schema\/logo\/image\/","url":"https:\/\/uniontradingmonaco-marine.com\/fr\/wp-content\/uploads\/sites\/2\/2017\/06\/Logo-UTM-xs.png","contentUrl":"https:\/\/uniontradingmonaco-marine.com\/fr\/wp-content\/uploads\/sites\/2\/2017\/06\/Logo-UTM-xs.png","width":144,"height":113,"caption":"Union Trading Monaco"},"image":{"@id":"https:\/\/uniontradingmonaco-marine.com\/fr\/#\/schema\/logo\/image\/"},"sameAs":["https:\/\/www.linkedin.com\/company\/union-trading-monaco\/"]}]}},"_links":{"self":[{"href":"https:\/\/uniontradingmonaco-marine.com\/fr\/wp-json\/wp\/v2\/product\/272","targetHints":{"allow":["GET"]}}],"collection":[{"href":"https:\/\/uniontradingmonaco-marine.com\/fr\/wp-json\/wp\/v2\/product"}],"about":[{"href":"https:\/\/uniontradingmonaco-marine.com\/fr\/wp-json\/wp\/v2\/types\/product"}],"wp:featuredmedia":[{"embeddable":true,"href":"https:\/\/uniontradingmonaco-marine.com\/fr\/wp-json\/wp\/v2\/media\/79"}],"wp:attachment":[{"href":"https:\/\/uniontradingmonaco-marine.com\/fr\/wp-json\/wp\/v2\/media?parent=272"}],"wp:term":[{"taxonomy":"product_brand","embeddable":true,"href":"https:\/\/uniontradingmonaco-marine.com\/fr\/wp-json\/wp\/v2\/product_brand?post=272"},{"taxonomy":"product_cat","embeddable":true,"href":"https:\/\/uniontradingmonaco-marine.com\/fr\/wp-json\/wp\/v2\/product_cat?post=272"},{"taxonomy":"product_tag","embeddable":true,"href":"https:\/\/uniontradingmonaco-marine.com\/fr\/wp-json\/wp\/v2\/product_tag?post=272"}],"curies":[{"name":"wp","href":"https:\/\/api.w.org\/{rel}","templated":true}]}}