{"id":277,"date":"2017-06-14T15:13:50","date_gmt":"2017-06-14T13:13:50","guid":{"rendered":"http:\/\/uniontradingmonaco-marine.com\/fr\/?post_type=product&#038;p=277"},"modified":"2017-06-14T15:13:50","modified_gmt":"2017-06-14T13:13:50","slug":"polycarbonate","status":"publish","type":"product","link":"https:\/\/uniontradingmonaco-marine.com\/fr\/produit\/polycarbonate\/","title":{"rendered":"POLYCARBONATE"},"content":{"rendered":"<h2>La protection temporaire POLYCARBONATE est\u00a0conditionn\u00e9e en feuille\u00a0selon les caract\u00e9ristiques suivantes:<\/h2>\n<table border=\"1\" cellspacing=\"0\" cellpadding=\"0\">\n<tbody>\n<tr>\n<td valign=\"top\" width=\"85\">\n<p align=\"center\">Epaisseur<\/p>\n<p align=\"center\">mm.<\/p>\n<\/td>\n<td valign=\"top\" width=\"78\">\n<p align=\"center\">Poids<\/p>\n<p align=\"center\">g.\/mq.<\/p>\n<\/td>\n<td valign=\"top\" width=\"85\">\n<p align=\"center\">Longheur de la plaque \u00a0 \u00a0 \u00a0 \u00a0 \u00a0 m.<\/p>\n<\/td>\n<td valign=\"top\" width=\"71\">\n<p align=\"center\">Largeur de la plaque \u00a0 \u00a0 \u00a0 m.<\/p>\n<\/td>\n<td valign=\"top\" width=\"71\">\n<p align=\"center\">Superficie de la plaque \u00a0mq.<\/p>\n<\/td>\n<td valign=\"top\" width=\"68\">\n<p align=\"center\">poids de la plaque \u00a0Kg.<\/p>\n<\/td>\n<td valign=\"top\" width=\"60\">\n<p align=\"center\">Plaques \/ Plette nombre<\/p>\n<\/td>\n<\/tr>\n<tr>\n<td valign=\"top\" width=\"85\">\n<p align=\"center\">4 \u00a0(\u00b1 10%)<\/p>\n<\/td>\n<td valign=\"top\" width=\"78\">\n<p align=\"center\">770 (\u00b1 10%)<\/p>\n<\/td>\n<td valign=\"top\" width=\"85\">\n<p align=\"center\">5,8<\/p>\n<\/td>\n<td valign=\"top\" width=\"71\">\n<p align=\"center\">2,1<\/p>\n<\/td>\n<td valign=\"top\" width=\"71\">\n<p align=\"center\">12,18<\/p>\n<\/td>\n<td valign=\"top\" width=\"68\">\n<p align=\"center\">8,5<\/p>\n<\/td>\n<td valign=\"top\" width=\"60\">\n<p align=\"center\">80<\/p>\n<\/td>\n<\/tr>\n<\/tbody>\n<\/table>\n<p>Couleur: Transparent<\/p>\n<p>Toutes les protection temporaires de la gamme, y compris POLYCARBONATE, sont \u00a0<strong>certifi\u00e9es ignifuges<\/strong>, dans le respect des\u00a0normes europ\u00e9ennes dans le champs navale.<\/p>\n<!-- AddThis Advanced Settings generic via filter on the_content --><!-- AddThis Share Buttons generic via filter on the_content -->","protected":false},"excerpt":{"rendered":"<h2>POLYCARBONATE est une protection temporaire en polycarbonate, auto-estinguible, certifi\u00e9e. Id\u00e9ale pour la prot\u00e9ction de mat\u00e9riaux ou outillages contre dommages d&rsquo;impact ou poussi\u00e8res<\/h2>\n<p style=\"text-align: left;\" align=\"center\">C&rsquo;est une plaque en polycatbonate trensparente FLUTEC, autoestinguibles, con\u00e7ue pour la protection de mat\u00e9riaux ou outillages contre dommages d&rsquo;impact, poussieres fines en suspention, abrasions ect.<\/p>\n<p style=\"text-align: left;\" align=\"center\">Polycarbonate est une des rares plaque transperante autoestinguible pr\u00e9sente sur le march\u00e9 qui, par sa particuli\u00e8re composition, permet une identifivation facile des outillages stock\u00e9.<\/p>\n<p><!-- AddThis Advanced Settings generic via filter on get_the_excerpt --><!-- AddThis Share Buttons generic via filter on get_the_excerpt --><\/p>\n","protected":false},"featured_media":74,"template":"","meta":[],"product_brand":[],"product_cat":[17],"product_tag":[],"class_list":{"0":"post-277","1":"product","2":"type-product","3":"status-publish","4":"has-post-thumbnail","6":"product_cat-protections-temporaires","7":"has-thumb","9":"first","10":"instock","11":"shipping-taxable","12":"product-type-simple"},"yoast_head":"<!-- This site is optimized with the Yoast SEO plugin v27.4 - https:\/\/yoast.com\/product\/yoast-seo-wordpress\/ -->\n<title>POLYCARBONATE - Union Trading Monaco<\/title>\n<meta name=\"description\" content=\"POLICARBONATE est une protection temporaire en polycarbonate, auto-estinguible, certifi\u00e9e. Pour la prot\u00e9ction de mat\u00e9riaux ou outillages contre dommages\" \/>\n<meta name=\"robots\" content=\"index, follow, max-snippet:-1, max-image-preview:large, max-video-preview:-1\" \/>\n<link rel=\"canonical\" href=\"https:\/\/uniontradingmonaco-marine.com\/fr\/produit\/polycarbonate\/\" \/>\n<meta property=\"og:locale\" content=\"fr_FR\" \/>\n<meta property=\"og:type\" content=\"article\" \/>\n<meta property=\"og:title\" content=\"POLYCARBONATE - Union Trading Monaco\" \/>\n<meta property=\"og:description\" content=\"POLICARBONATE est une protection temporaire en polycarbonate, auto-estinguible, certifi\u00e9e. Pour la prot\u00e9ction de mat\u00e9riaux ou outillages contre dommages\" \/>\n<meta property=\"og:url\" content=\"https:\/\/uniontradingmonaco-marine.com\/fr\/produit\/polycarbonate\/\" \/>\n<meta property=\"og:site_name\" content=\"Union Trading Monaco\" \/>\n<meta property=\"og:image\" content=\"https:\/\/uniontradingmonaco-marine.com\/fr\/wp-content\/uploads\/sites\/2\/2017\/05\/POLYCARBONATE-SHEET-Flame-Retardant_0.jpg\" \/>\n\t<meta property=\"og:image:width\" content=\"600\" \/>\n\t<meta property=\"og:image:height\" content=\"350\" \/>\n\t<meta property=\"og:image:type\" content=\"image\/jpeg\" \/>\n<meta name=\"twitter:card\" content=\"summary_large_image\" \/>\n<!-- \/ Yoast SEO plugin. -->","yoast_head_json":{"title":"POLYCARBONATE - Union Trading Monaco","description":"POLICARBONATE est une protection temporaire en polycarbonate, auto-estinguible, certifi\u00e9e. Pour la prot\u00e9ction de mat\u00e9riaux ou outillages contre dommages","robots":{"index":"index","follow":"follow","max-snippet":"max-snippet:-1","max-image-preview":"max-image-preview:large","max-video-preview":"max-video-preview:-1"},"canonical":"https:\/\/uniontradingmonaco-marine.com\/fr\/produit\/polycarbonate\/","og_locale":"fr_FR","og_type":"article","og_title":"POLYCARBONATE - Union Trading Monaco","og_description":"POLICARBONATE est une protection temporaire en polycarbonate, auto-estinguible, certifi\u00e9e. Pour la prot\u00e9ction de mat\u00e9riaux ou outillages contre dommages","og_url":"https:\/\/uniontradingmonaco-marine.com\/fr\/produit\/polycarbonate\/","og_site_name":"Union Trading Monaco","og_image":[{"width":600,"height":350,"url":"https:\/\/uniontradingmonaco-marine.com\/fr\/wp-content\/uploads\/sites\/2\/2017\/05\/POLYCARBONATE-SHEET-Flame-Retardant_0.jpg","type":"image\/jpeg"}],"twitter_card":"summary_large_image","schema":{"@context":"https:\/\/schema.org","@graph":[{"@type":"WebPage","@id":"https:\/\/uniontradingmonaco-marine.com\/fr\/produit\/polycarbonate\/","url":"https:\/\/uniontradingmonaco-marine.com\/fr\/produit\/polycarbonate\/","name":"POLYCARBONATE - Union Trading Monaco","isPartOf":{"@id":"https:\/\/uniontradingmonaco-marine.com\/fr\/#website"},"primaryImageOfPage":{"@id":"https:\/\/uniontradingmonaco-marine.com\/fr\/produit\/polycarbonate\/#primaryimage"},"image":{"@id":"https:\/\/uniontradingmonaco-marine.com\/fr\/produit\/polycarbonate\/#primaryimage"},"thumbnailUrl":"https:\/\/uniontradingmonaco-marine.com\/fr\/wp-content\/uploads\/sites\/2\/2017\/05\/POLYCARBONATE-SHEET-Flame-Retardant_0.jpg","datePublished":"2017-06-14T13:13:50+00:00","description":"POLICARBONATE est une protection temporaire en polycarbonate, auto-estinguible, certifi\u00e9e. Pour la prot\u00e9ction de mat\u00e9riaux ou outillages contre dommages","breadcrumb":{"@id":"https:\/\/uniontradingmonaco-marine.com\/fr\/produit\/polycarbonate\/#breadcrumb"},"inLanguage":"fr-FR","potentialAction":[{"@type":"ReadAction","target":["https:\/\/uniontradingmonaco-marine.com\/fr\/produit\/polycarbonate\/"]}]},{"@type":"ImageObject","inLanguage":"fr-FR","@id":"https:\/\/uniontradingmonaco-marine.com\/fr\/produit\/polycarbonate\/#primaryimage","url":"https:\/\/uniontradingmonaco-marine.com\/fr\/wp-content\/uploads\/sites\/2\/2017\/05\/POLYCARBONATE-SHEET-Flame-Retardant_0.jpg","contentUrl":"https:\/\/uniontradingmonaco-marine.com\/fr\/wp-content\/uploads\/sites\/2\/2017\/05\/POLYCARBONATE-SHEET-Flame-Retardant_0.jpg","width":600,"height":350,"caption":"POLYCARBONATE"},{"@type":"BreadcrumbList","@id":"https:\/\/uniontradingmonaco-marine.com\/fr\/produit\/polycarbonate\/#breadcrumb","itemListElement":[{"@type":"ListItem","position":1,"name":"Accueil","item":"https:\/\/uniontradingmonaco-marine.com\/fr\/"},{"@type":"ListItem","position":2,"name":"POLYCARBONATE"}]},{"@type":"WebSite","@id":"https:\/\/uniontradingmonaco-marine.com\/fr\/#website","url":"https:\/\/uniontradingmonaco-marine.com\/fr\/","name":"Union Trading Monaco","description":"","publisher":{"@id":"https:\/\/uniontradingmonaco-marine.com\/fr\/#organization"},"potentialAction":[{"@type":"SearchAction","target":{"@type":"EntryPoint","urlTemplate":"https:\/\/uniontradingmonaco-marine.com\/fr\/?s={search_term_string}"},"query-input":{"@type":"PropertyValueSpecification","valueRequired":true,"valueName":"search_term_string"}}],"inLanguage":"fr-FR"},{"@type":"Organization","@id":"https:\/\/uniontradingmonaco-marine.com\/fr\/#organization","name":"Union Trading Monaco","url":"https:\/\/uniontradingmonaco-marine.com\/fr\/","logo":{"@type":"ImageObject","inLanguage":"fr-FR","@id":"https:\/\/uniontradingmonaco-marine.com\/fr\/#\/schema\/logo\/image\/","url":"https:\/\/uniontradingmonaco-marine.com\/fr\/wp-content\/uploads\/sites\/2\/2017\/06\/Logo-UTM-xs.png","contentUrl":"https:\/\/uniontradingmonaco-marine.com\/fr\/wp-content\/uploads\/sites\/2\/2017\/06\/Logo-UTM-xs.png","width":144,"height":113,"caption":"Union Trading Monaco"},"image":{"@id":"https:\/\/uniontradingmonaco-marine.com\/fr\/#\/schema\/logo\/image\/"},"sameAs":["https:\/\/www.linkedin.com\/company\/union-trading-monaco\/"]}]}},"_links":{"self":[{"href":"https:\/\/uniontradingmonaco-marine.com\/fr\/wp-json\/wp\/v2\/product\/277","targetHints":{"allow":["GET"]}}],"collection":[{"href":"https:\/\/uniontradingmonaco-marine.com\/fr\/wp-json\/wp\/v2\/product"}],"about":[{"href":"https:\/\/uniontradingmonaco-marine.com\/fr\/wp-json\/wp\/v2\/types\/product"}],"wp:featuredmedia":[{"embeddable":true,"href":"https:\/\/uniontradingmonaco-marine.com\/fr\/wp-json\/wp\/v2\/media\/74"}],"wp:attachment":[{"href":"https:\/\/uniontradingmonaco-marine.com\/fr\/wp-json\/wp\/v2\/media?parent=277"}],"wp:term":[{"taxonomy":"product_brand","embeddable":true,"href":"https:\/\/uniontradingmonaco-marine.com\/fr\/wp-json\/wp\/v2\/product_brand?post=277"},{"taxonomy":"product_cat","embeddable":true,"href":"https:\/\/uniontradingmonaco-marine.com\/fr\/wp-json\/wp\/v2\/product_cat?post=277"},{"taxonomy":"product_tag","embeddable":true,"href":"https:\/\/uniontradingmonaco-marine.com\/fr\/wp-json\/wp\/v2\/product_tag?post=277"}],"curies":[{"name":"wp","href":"https:\/\/api.w.org\/{rel}","templated":true}]}}