{"id":282,"date":"2017-06-14T16:09:21","date_gmt":"2017-06-14T14:09:21","guid":{"rendered":"http:\/\/uniontradingmonaco-marine.com\/fr\/?post_type=product&#038;p=282"},"modified":"2017-06-14T16:17:44","modified_gmt":"2017-06-14T14:17:44","slug":"282","status":"publish","type":"product","link":"https:\/\/uniontradingmonaco-marine.com\/fr\/produit\/282\/","title":{"rendered":"PROMESH 1207 HD"},"content":{"rendered":"<h2>La protection temporaire PROMESH 1207 HD est\u00a0conditionn\u00e9e en rouleaux selon les caract\u00e9ristiques suivantes:<\/h2>\n<table border=\"1\" cellspacing=\"0\" cellpadding=\"0\">\n<tbody>\n<tr>\n<td valign=\"top\" width=\"99\">\n<p align=\"center\">Epaisseur<\/p>\n<p align=\"center\">Micron<\/p>\n<\/td>\n<td valign=\"top\" width=\"78\">\n<p align=\"center\">Poids \u00a0 \u00a0 \u00a0g.\/mq.<\/p>\n<\/td>\n<td valign=\"top\" width=\"71\">\n<p align=\"center\">Longeur du rouleau \u00a0 \u00a0 \u00a0m.<\/p>\n<\/td>\n<td valign=\"top\" width=\"64\">\n<p align=\"center\">Hauteur du rouleau \u00a0 \u00a0m.<\/p>\n<\/td>\n<td valign=\"top\" width=\"64\">\n<p align=\"center\">Superficie du rouleau \u00a0mq.<\/p>\n<\/td>\n<td valign=\"top\" width=\"82\">\n<p align=\"center\">Poids net du rouleau \u00a0 \u00a0 \u00a0 \u00a0Kg.<\/p>\n<\/td>\n<td valign=\"top\" width=\"60\">\n<p align=\"center\">Rouleaux\/ Palette nombre<\/p>\n<\/td>\n<\/tr>\n<tr>\n<td valign=\"top\" width=\"99\">\n<p align=\"center\">370 (\u00b1 10%)<\/p>\n<\/td>\n<td valign=\"top\" width=\"78\">\n<p align=\"center\">200 (\u00b1 10%)<\/p>\n<\/td>\n<td valign=\"top\" width=\"71\">\n<p align=\"center\">25<\/p>\n<\/td>\n<td valign=\"top\" width=\"64\">\n<p align=\"center\">4<\/p>\n<\/td>\n<td valign=\"top\" width=\"64\">\n<p align=\"center\">100<\/p>\n<\/td>\n<td valign=\"top\" width=\"82\">\n<p align=\"center\">18<\/p>\n<\/td>\n<td valign=\"top\" width=\"60\">\n<p align=\"center\">30<\/p>\n<\/td>\n<\/tr>\n<\/tbody>\n<\/table>\n<p>Couleur: Blanc<\/p>\n<p>Toutes les protection temporaires de la gamme, y compris PROMESH 1207 HD, sont\u00a0<strong>certifi\u00e9es ignifuges<\/strong>, dans le respect des\u00a0normes europ\u00e9ennes dans le champs navale.<\/p>\n<!-- AddThis Advanced Settings generic via filter on the_content --><!-- AddThis Share Buttons generic via filter on the_content -->","protected":false},"excerpt":{"rendered":"<h2>PROMESH 1207 est une b\u00e2che en polypropyl\u00e8ne tiss\u00e9e con\u00e7ue pour la protection temporaire de grande superficies. Elle est auto-extinguible et \u00e0 haute r\u00e9sistance<\/h2>\n<p>PROMESH 1207 HD est une b\u00e2che en polypropyl\u00e8ne tiss\u00e9. A la propri\u00e9t\u00e9 d&rsquo;\u00eatre ignifuges. \u00a0Par son haute r\u00e9sistence et grande hauteur \u00a0PROMESH 1207 HD est id\u00e9al pour couvir et prot\u00e9ger rapidement de grande superficies. Son format de 4 m\u00e8tres de long reduit le nombre des joinctions et donc les risques de tr\u00e9buchement. Il peut \u00eatre utilis\u00e9 en temps que protection temporaire vericale pour mures et paroits, comme horizontale, ainsi que sur des superficies rigides. Il assure une protection obtimale surtout dans des zones fortemente frequent\u00e9es ainsi que sur les ponts ext\u00e9rieures.<!-- AddThis Advanced Settings generic via filter on get_the_excerpt --><!-- AddThis Share Buttons generic via filter on get_the_excerpt --><\/p>\n","protected":false},"featured_media":77,"template":"","meta":[],"product_brand":[],"product_cat":[17],"product_tag":[],"class_list":{"0":"post-282","1":"product","2":"type-product","3":"status-publish","4":"has-post-thumbnail","6":"product_cat-protections-temporaires","7":"has-thumb","9":"first","10":"instock","11":"shipping-taxable","12":"product-type-simple"},"yoast_head":"<!-- This site is optimized with the Yoast SEO plugin v27.4 - https:\/\/yoast.com\/product\/yoast-seo-wordpress\/ -->\n<title>PROMESH 1207 HD - Union Trading Monaco<\/title>\n<meta name=\"description\" content=\"La protection ignifuge PROMESH 1207 HD par sa haute r\u00e9sistance et grande hauteur est id\u00e9ale pour couvir et prot\u00e9ger rapidement de grande superficies.\" \/>\n<meta name=\"robots\" content=\"index, follow, max-snippet:-1, max-image-preview:large, max-video-preview:-1\" \/>\n<link rel=\"canonical\" href=\"https:\/\/uniontradingmonaco-marine.com\/fr\/produit\/282\/\" \/>\n<meta property=\"og:locale\" content=\"fr_FR\" \/>\n<meta property=\"og:type\" content=\"article\" \/>\n<meta property=\"og:title\" content=\"PROMESH 1207 HD - Union Trading Monaco\" \/>\n<meta property=\"og:description\" content=\"La protection ignifuge PROMESH 1207 HD par sa haute r\u00e9sistance et grande hauteur est id\u00e9ale pour couvir et prot\u00e9ger rapidement de grande superficies.\" \/>\n<meta property=\"og:url\" content=\"https:\/\/uniontradingmonaco-marine.com\/fr\/produit\/282\/\" \/>\n<meta property=\"og:site_name\" content=\"Union Trading Monaco\" \/>\n<meta property=\"article:modified_time\" content=\"2017-06-14T14:17:44+00:00\" \/>\n<meta property=\"og:image\" content=\"https:\/\/uniontradingmonaco-marine.com\/fr\/wp-content\/uploads\/sites\/2\/2017\/05\/PROMESH-1207-HD-Flame-Retardant_0.jpg\" \/>\n\t<meta property=\"og:image:width\" content=\"600\" \/>\n\t<meta property=\"og:image:height\" content=\"350\" \/>\n\t<meta property=\"og:image:type\" content=\"image\/jpeg\" \/>\n<meta name=\"twitter:card\" content=\"summary_large_image\" \/>\n<!-- \/ Yoast SEO plugin. -->","yoast_head_json":{"title":"PROMESH 1207 HD - Union Trading Monaco","description":"La protection ignifuge PROMESH 1207 HD par sa haute r\u00e9sistance et grande hauteur est id\u00e9ale pour couvir et prot\u00e9ger rapidement de grande superficies.","robots":{"index":"index","follow":"follow","max-snippet":"max-snippet:-1","max-image-preview":"max-image-preview:large","max-video-preview":"max-video-preview:-1"},"canonical":"https:\/\/uniontradingmonaco-marine.com\/fr\/produit\/282\/","og_locale":"fr_FR","og_type":"article","og_title":"PROMESH 1207 HD - Union Trading Monaco","og_description":"La protection ignifuge PROMESH 1207 HD par sa haute r\u00e9sistance et grande hauteur est id\u00e9ale pour couvir et prot\u00e9ger rapidement de grande superficies.","og_url":"https:\/\/uniontradingmonaco-marine.com\/fr\/produit\/282\/","og_site_name":"Union Trading Monaco","article_modified_time":"2017-06-14T14:17:44+00:00","og_image":[{"width":600,"height":350,"url":"https:\/\/uniontradingmonaco-marine.com\/fr\/wp-content\/uploads\/sites\/2\/2017\/05\/PROMESH-1207-HD-Flame-Retardant_0.jpg","type":"image\/jpeg"}],"twitter_card":"summary_large_image","schema":{"@context":"https:\/\/schema.org","@graph":[{"@type":"WebPage","@id":"https:\/\/uniontradingmonaco-marine.com\/fr\/produit\/282\/","url":"https:\/\/uniontradingmonaco-marine.com\/fr\/produit\/282\/","name":"PROMESH 1207 HD - Union Trading Monaco","isPartOf":{"@id":"https:\/\/uniontradingmonaco-marine.com\/fr\/#website"},"primaryImageOfPage":{"@id":"https:\/\/uniontradingmonaco-marine.com\/fr\/produit\/282\/#primaryimage"},"image":{"@id":"https:\/\/uniontradingmonaco-marine.com\/fr\/produit\/282\/#primaryimage"},"thumbnailUrl":"https:\/\/uniontradingmonaco-marine.com\/fr\/wp-content\/uploads\/sites\/2\/2017\/05\/PROMESH-1207-HD-Flame-Retardant_0.jpg","datePublished":"2017-06-14T14:09:21+00:00","dateModified":"2017-06-14T14:17:44+00:00","description":"La protection ignifuge PROMESH 1207 HD par sa haute r\u00e9sistance et grande hauteur est id\u00e9ale pour couvir et prot\u00e9ger rapidement de grande superficies.","breadcrumb":{"@id":"https:\/\/uniontradingmonaco-marine.com\/fr\/produit\/282\/#breadcrumb"},"inLanguage":"fr-FR","potentialAction":[{"@type":"ReadAction","target":["https:\/\/uniontradingmonaco-marine.com\/fr\/produit\/282\/"]}]},{"@type":"ImageObject","inLanguage":"fr-FR","@id":"https:\/\/uniontradingmonaco-marine.com\/fr\/produit\/282\/#primaryimage","url":"https:\/\/uniontradingmonaco-marine.com\/fr\/wp-content\/uploads\/sites\/2\/2017\/05\/PROMESH-1207-HD-Flame-Retardant_0.jpg","contentUrl":"https:\/\/uniontradingmonaco-marine.com\/fr\/wp-content\/uploads\/sites\/2\/2017\/05\/PROMESH-1207-HD-Flame-Retardant_0.jpg","width":600,"height":350,"caption":"PROMESH 1207 HD"},{"@type":"BreadcrumbList","@id":"https:\/\/uniontradingmonaco-marine.com\/fr\/produit\/282\/#breadcrumb","itemListElement":[{"@type":"ListItem","position":1,"name":"Accueil","item":"https:\/\/uniontradingmonaco-marine.com\/fr\/"},{"@type":"ListItem","position":2,"name":"PROMESH 1207 HD"}]},{"@type":"WebSite","@id":"https:\/\/uniontradingmonaco-marine.com\/fr\/#website","url":"https:\/\/uniontradingmonaco-marine.com\/fr\/","name":"Union Trading Monaco","description":"","publisher":{"@id":"https:\/\/uniontradingmonaco-marine.com\/fr\/#organization"},"potentialAction":[{"@type":"SearchAction","target":{"@type":"EntryPoint","urlTemplate":"https:\/\/uniontradingmonaco-marine.com\/fr\/?s={search_term_string}"},"query-input":{"@type":"PropertyValueSpecification","valueRequired":true,"valueName":"search_term_string"}}],"inLanguage":"fr-FR"},{"@type":"Organization","@id":"https:\/\/uniontradingmonaco-marine.com\/fr\/#organization","name":"Union Trading Monaco","url":"https:\/\/uniontradingmonaco-marine.com\/fr\/","logo":{"@type":"ImageObject","inLanguage":"fr-FR","@id":"https:\/\/uniontradingmonaco-marine.com\/fr\/#\/schema\/logo\/image\/","url":"https:\/\/uniontradingmonaco-marine.com\/fr\/wp-content\/uploads\/sites\/2\/2017\/06\/Logo-UTM-xs.png","contentUrl":"https:\/\/uniontradingmonaco-marine.com\/fr\/wp-content\/uploads\/sites\/2\/2017\/06\/Logo-UTM-xs.png","width":144,"height":113,"caption":"Union Trading Monaco"},"image":{"@id":"https:\/\/uniontradingmonaco-marine.com\/fr\/#\/schema\/logo\/image\/"},"sameAs":["https:\/\/www.linkedin.com\/company\/union-trading-monaco\/"]}]}},"_links":{"self":[{"href":"https:\/\/uniontradingmonaco-marine.com\/fr\/wp-json\/wp\/v2\/product\/282","targetHints":{"allow":["GET"]}}],"collection":[{"href":"https:\/\/uniontradingmonaco-marine.com\/fr\/wp-json\/wp\/v2\/product"}],"about":[{"href":"https:\/\/uniontradingmonaco-marine.com\/fr\/wp-json\/wp\/v2\/types\/product"}],"wp:featuredmedia":[{"embeddable":true,"href":"https:\/\/uniontradingmonaco-marine.com\/fr\/wp-json\/wp\/v2\/media\/77"}],"wp:attachment":[{"href":"https:\/\/uniontradingmonaco-marine.com\/fr\/wp-json\/wp\/v2\/media?parent=282"}],"wp:term":[{"taxonomy":"product_brand","embeddable":true,"href":"https:\/\/uniontradingmonaco-marine.com\/fr\/wp-json\/wp\/v2\/product_brand?post=282"},{"taxonomy":"product_cat","embeddable":true,"href":"https:\/\/uniontradingmonaco-marine.com\/fr\/wp-json\/wp\/v2\/product_cat?post=282"},{"taxonomy":"product_tag","embeddable":true,"href":"https:\/\/uniontradingmonaco-marine.com\/fr\/wp-json\/wp\/v2\/product_tag?post=282"}],"curies":[{"name":"wp","href":"https:\/\/api.w.org\/{rel}","templated":true}]}}