{"id":283,"date":"2017-06-14T16:27:03","date_gmt":"2017-06-14T14:27:03","guid":{"rendered":"http:\/\/uniontradingmonaco-marine.com\/fr\/?post_type=product&#038;p=283"},"modified":"2017-06-20T16:13:04","modified_gmt":"2017-06-20T14:13:04","slug":"systeme-de-colmatage-navicross-classe-a0-a60","status":"publish","type":"product","link":"https:\/\/uniontradingmonaco-marine.com\/fr\/produit\/systeme-de-colmatage-navicross-classe-a0-a60\/","title":{"rendered":"SYSTEME DE COLMATAGE NAVYCROSS"},"content":{"rendered":"<p>Le syst\u00e8me NAVYCROSS permet de colmater les passages \u00a0de c\u00e2bles et tuyauteries \u00e0 travers les ponts et les cloisons audessus comme audessous la ligne de flottaison du paquebot. Ceci avec une solution de classe A \/ B simple, aux dimensions et poids r\u00e9duits, qui le rendent facilement gerable dans le cas de rajout comme d&rsquo;\u00e9limination d&rsquo;\u00e9l\u00e9ments tels que: c\u00e2bles, assemblages de c\u00e2bles, tuyaux, conduits, &#8230;<\/p>\n<p>Le syst\u00e8me NAVYCROSS est \u00e9galement utilisable pour des passages dans les parroits en alliages l\u00e9gers ainsi que sur des supports non m\u00e9talliques ( cf. LOLAMAT)<\/p>\n<p>Materiel certifi\u00e9<\/p>\n<!-- AddThis Advanced Settings generic via filter on the_content --><!-- AddThis Share Buttons generic via filter on the_content -->","protected":false},"excerpt":{"rendered":"<h2><span style=\"font-size: 18pt;\">NAVYCROSS est un syst\u00e8me de barriere anti-feu con\u00e7u pour la protection de passages de c\u00e2bles\u00a0\u00e9lectriques de toute\u00a0dimensions\u00a0et de tuyautages ou\u00a0plomberies \u00e0\u00a0travers les cloisons. S&rsquo;applique sur ponts et cloisons de classe A0 &#8211; A60, aussi bien sous la ligne de flottaison. \u00a0\u00a0<\/span><\/h2>\n<p>Le syst\u00e8me NAVYCROSS permet de colmater les passages \u00a0de c\u00e2bles et tuyauteries \u00e0 travers les ponts et les cloisons audessus comme audessous la ligne de flottaison du paquebot. Ceci avec une solution de classe A \/ B simple, aux dimensions et poids r\u00e9duits, qui le rendent facilement gerable dans le cas de rajout comme d&rsquo;\u00e9limination d&rsquo;\u00e9l\u00e9ments tels que: c\u00e2bles, assemblages de c\u00e2bles, tuyaux, conduits, &#8230;<!-- AddThis Advanced Settings generic via filter on get_the_excerpt --><!-- AddThis Share Buttons generic via filter on get_the_excerpt --><\/p>\n","protected":false},"featured_media":289,"template":"","meta":[],"product_brand":[],"product_cat":[19],"product_tag":[],"class_list":{"0":"post-283","1":"product","2":"type-product","3":"status-publish","4":"has-post-thumbnail","6":"product_cat-systemes-coupe-feux","7":"has-thumb","9":"first","10":"instock","11":"shipping-taxable","12":"product-type-simple"},"yoast_head":"<!-- This site is optimized with the Yoast SEO plugin v27.3 - https:\/\/yoast.com\/product\/yoast-seo-wordpress\/ -->\n<title>SYSTEME DE COLMATAGE NAVYCROSS - Union Trading Monaco<\/title>\n<meta name=\"description\" content=\"Le syst\u00e8me NAVYCROSS permet de colmater les passages de c\u00e2bles et tuyauteries \u00e0 travers les ponts et les cloisons, garantissant la classe A0 - A60\" \/>\n<meta name=\"robots\" content=\"index, follow, max-snippet:-1, max-image-preview:large, max-video-preview:-1\" \/>\n<link rel=\"canonical\" href=\"https:\/\/uniontradingmonaco-marine.com\/fr\/produit\/systeme-de-colmatage-navicross-classe-a0-a60\/\" \/>\n<meta property=\"og:locale\" content=\"fr_FR\" \/>\n<meta property=\"og:type\" content=\"article\" \/>\n<meta property=\"og:title\" content=\"SYSTEME DE COLMATAGE NAVYCROSS - Union Trading Monaco\" \/>\n<meta property=\"og:description\" content=\"Le syst\u00e8me NAVYCROSS permet de colmater les passages de c\u00e2bles et tuyauteries \u00e0 travers les ponts et les cloisons, garantissant la classe A0 - A60\" \/>\n<meta property=\"og:url\" content=\"https:\/\/uniontradingmonaco-marine.com\/fr\/produit\/systeme-de-colmatage-navicross-classe-a0-a60\/\" \/>\n<meta property=\"og:site_name\" content=\"Union Trading Monaco\" \/>\n<meta property=\"article:modified_time\" content=\"2017-06-20T14:13:04+00:00\" \/>\n<meta property=\"og:image\" content=\"https:\/\/uniontradingmonaco-marine.com\/fr\/wp-content\/uploads\/sites\/2\/2017\/06\/NAVICROSS-A0-A60-3.png\" \/>\n\t<meta property=\"og:image:width\" content=\"600\" \/>\n\t<meta property=\"og:image:height\" content=\"350\" \/>\n\t<meta property=\"og:image:type\" content=\"image\/png\" \/>\n<meta name=\"twitter:card\" content=\"summary_large_image\" \/>\n<!-- \/ Yoast SEO plugin. -->","yoast_head_json":{"title":"SYSTEME DE COLMATAGE NAVYCROSS - Union Trading Monaco","description":"Le syst\u00e8me NAVYCROSS permet de colmater les passages de c\u00e2bles et tuyauteries \u00e0 travers les ponts et les cloisons, garantissant la classe A0 - A60","robots":{"index":"index","follow":"follow","max-snippet":"max-snippet:-1","max-image-preview":"max-image-preview:large","max-video-preview":"max-video-preview:-1"},"canonical":"https:\/\/uniontradingmonaco-marine.com\/fr\/produit\/systeme-de-colmatage-navicross-classe-a0-a60\/","og_locale":"fr_FR","og_type":"article","og_title":"SYSTEME DE COLMATAGE NAVYCROSS - Union Trading Monaco","og_description":"Le syst\u00e8me NAVYCROSS permet de colmater les passages de c\u00e2bles et tuyauteries \u00e0 travers les ponts et les cloisons, garantissant la classe A0 - A60","og_url":"https:\/\/uniontradingmonaco-marine.com\/fr\/produit\/systeme-de-colmatage-navicross-classe-a0-a60\/","og_site_name":"Union Trading Monaco","article_modified_time":"2017-06-20T14:13:04+00:00","og_image":[{"width":600,"height":350,"url":"https:\/\/uniontradingmonaco-marine.com\/fr\/wp-content\/uploads\/sites\/2\/2017\/06\/NAVICROSS-A0-A60-3.png","type":"image\/png"}],"twitter_card":"summary_large_image","schema":{"@context":"https:\/\/schema.org","@graph":[{"@type":"WebPage","@id":"https:\/\/uniontradingmonaco-marine.com\/fr\/produit\/systeme-de-colmatage-navicross-classe-a0-a60\/","url":"https:\/\/uniontradingmonaco-marine.com\/fr\/produit\/systeme-de-colmatage-navicross-classe-a0-a60\/","name":"SYSTEME DE COLMATAGE NAVYCROSS - Union Trading Monaco","isPartOf":{"@id":"https:\/\/uniontradingmonaco-marine.com\/fr\/#website"},"primaryImageOfPage":{"@id":"https:\/\/uniontradingmonaco-marine.com\/fr\/produit\/systeme-de-colmatage-navicross-classe-a0-a60\/#primaryimage"},"image":{"@id":"https:\/\/uniontradingmonaco-marine.com\/fr\/produit\/systeme-de-colmatage-navicross-classe-a0-a60\/#primaryimage"},"thumbnailUrl":"https:\/\/uniontradingmonaco-marine.com\/fr\/wp-content\/uploads\/sites\/2\/2017\/06\/NAVICROSS-A0-A60-3.png","datePublished":"2017-06-14T14:27:03+00:00","dateModified":"2017-06-20T14:13:04+00:00","description":"Le syst\u00e8me NAVYCROSS permet de colmater les passages de c\u00e2bles et tuyauteries \u00e0 travers les ponts et les cloisons, garantissant la classe A0 - A60","breadcrumb":{"@id":"https:\/\/uniontradingmonaco-marine.com\/fr\/produit\/systeme-de-colmatage-navicross-classe-a0-a60\/#breadcrumb"},"inLanguage":"fr-FR","potentialAction":[{"@type":"ReadAction","target":["https:\/\/uniontradingmonaco-marine.com\/fr\/produit\/systeme-de-colmatage-navicross-classe-a0-a60\/"]}]},{"@type":"ImageObject","inLanguage":"fr-FR","@id":"https:\/\/uniontradingmonaco-marine.com\/fr\/produit\/systeme-de-colmatage-navicross-classe-a0-a60\/#primaryimage","url":"https:\/\/uniontradingmonaco-marine.com\/fr\/wp-content\/uploads\/sites\/2\/2017\/06\/NAVICROSS-A0-A60-3.png","contentUrl":"https:\/\/uniontradingmonaco-marine.com\/fr\/wp-content\/uploads\/sites\/2\/2017\/06\/NAVICROSS-A0-A60-3.png","width":600,"height":350,"caption":"SYSTEME DE COLMATAGE NAVYCROSS"},{"@type":"BreadcrumbList","@id":"https:\/\/uniontradingmonaco-marine.com\/fr\/produit\/systeme-de-colmatage-navicross-classe-a0-a60\/#breadcrumb","itemListElement":[{"@type":"ListItem","position":1,"name":"Accueil","item":"https:\/\/uniontradingmonaco-marine.com\/fr\/"},{"@type":"ListItem","position":2,"name":"SYSTEME DE COLMATAGE NAVYCROSS"}]},{"@type":"WebSite","@id":"https:\/\/uniontradingmonaco-marine.com\/fr\/#website","url":"https:\/\/uniontradingmonaco-marine.com\/fr\/","name":"Union Trading Monaco","description":"","publisher":{"@id":"https:\/\/uniontradingmonaco-marine.com\/fr\/#organization"},"potentialAction":[{"@type":"SearchAction","target":{"@type":"EntryPoint","urlTemplate":"https:\/\/uniontradingmonaco-marine.com\/fr\/?s={search_term_string}"},"query-input":{"@type":"PropertyValueSpecification","valueRequired":true,"valueName":"search_term_string"}}],"inLanguage":"fr-FR"},{"@type":"Organization","@id":"https:\/\/uniontradingmonaco-marine.com\/fr\/#organization","name":"Union Trading Monaco","url":"https:\/\/uniontradingmonaco-marine.com\/fr\/","logo":{"@type":"ImageObject","inLanguage":"fr-FR","@id":"https:\/\/uniontradingmonaco-marine.com\/fr\/#\/schema\/logo\/image\/","url":"https:\/\/uniontradingmonaco-marine.com\/fr\/wp-content\/uploads\/sites\/2\/2017\/06\/Logo-UTM-xs.png","contentUrl":"https:\/\/uniontradingmonaco-marine.com\/fr\/wp-content\/uploads\/sites\/2\/2017\/06\/Logo-UTM-xs.png","width":144,"height":113,"caption":"Union Trading Monaco"},"image":{"@id":"https:\/\/uniontradingmonaco-marine.com\/fr\/#\/schema\/logo\/image\/"},"sameAs":["https:\/\/www.linkedin.com\/company\/union-trading-monaco\/"]}]}},"_links":{"self":[{"href":"https:\/\/uniontradingmonaco-marine.com\/fr\/wp-json\/wp\/v2\/product\/283","targetHints":{"allow":["GET"]}}],"collection":[{"href":"https:\/\/uniontradingmonaco-marine.com\/fr\/wp-json\/wp\/v2\/product"}],"about":[{"href":"https:\/\/uniontradingmonaco-marine.com\/fr\/wp-json\/wp\/v2\/types\/product"}],"wp:featuredmedia":[{"embeddable":true,"href":"https:\/\/uniontradingmonaco-marine.com\/fr\/wp-json\/wp\/v2\/media\/289"}],"wp:attachment":[{"href":"https:\/\/uniontradingmonaco-marine.com\/fr\/wp-json\/wp\/v2\/media?parent=283"}],"wp:term":[{"taxonomy":"product_brand","embeddable":true,"href":"https:\/\/uniontradingmonaco-marine.com\/fr\/wp-json\/wp\/v2\/product_brand?post=283"},{"taxonomy":"product_cat","embeddable":true,"href":"https:\/\/uniontradingmonaco-marine.com\/fr\/wp-json\/wp\/v2\/product_cat?post=283"},{"taxonomy":"product_tag","embeddable":true,"href":"https:\/\/uniontradingmonaco-marine.com\/fr\/wp-json\/wp\/v2\/product_tag?post=283"}],"curies":[{"name":"wp","href":"https:\/\/api.w.org\/{rel}","templated":true}]}}