{"id":290,"date":"2017-06-16T18:01:20","date_gmt":"2017-06-16T16:01:20","guid":{"rendered":"http:\/\/uniontradingmonaco-marine.com\/fr\/?post_type=product&#038;p=290"},"modified":"2017-06-16T18:04:42","modified_gmt":"2017-06-16T16:04:42","slug":"isospray-a30-a60","status":"publish","type":"product","link":"https:\/\/uniontradingmonaco-marine.com\/fr\/produit\/isospray-a30-a60\/","title":{"rendered":"ISOSPRAY A30 &#8211; A60"},"content":{"rendered":"<p>ISOSPRAY A30 &#8211; A60 est un enduit con\u00e7u pour la protection de pont, cloisons et construction en acier contre le feu. C&rsquo;est un materiel <strong>isolant <\/strong>et<strong> l\u00e9ger<\/strong> \u00e0 base de mousses et fillers, comme pl\u00e2tre et additifs sp\u00e9cifiques. ISOSPRAY doit \u00eatre m\u00e9lang\u00e9e avec de l&rsquo;eau au moment de la pose.<\/p>\n<p><strong>Champs d&rsquo;application<\/strong>: ISOSPRAY est un syst\u00e8me de protection contre les incendie, pour la protection contre le feu de ponts, cloisons et constructions en acier dans le secteur navale. Il a de bonne prestation m\u00e9caniques, une bonne adh\u00e9sion \u00e0 de nombreux supports. Il est particuli\u00e8rement recommand\u00e9 comme sous-fond incombustible pour la r\u00e9alisation de sols coupe-feu.<\/p>\n<p>Materiel certifi\u00e9<\/p>\n<!-- AddThis Advanced Settings generic via filter on the_content --><!-- AddThis Share Buttons generic via filter on the_content -->","protected":false},"excerpt":{"rendered":"<h2>ISOSPRAY A30 -A60 est une insonorisation coupe-feu de faible \u00e9paisseur pour sols<\/h2>\n<p>ISOSPRAY A 30 -A60 est un enduit con\u00e7u pour la protection de pont, cloisons et construction en acier contre le feu. C&rsquo;est un materiel <strong>isolant <\/strong>et<strong> l\u00e9ger<\/strong> \u00e0 base de mousses et fillers, comme pl\u00e2tre et additifs sp\u00e9cifiques. ISOSPRAY doit \u00eatre m\u00e9lang\u00e9e avec de l&rsquo;eau au moment de la pose.<!-- AddThis Advanced Settings generic via filter on get_the_excerpt --><!-- AddThis Share Buttons generic via filter on get_the_excerpt --><\/p>\n","protected":false},"featured_media":292,"template":"","meta":[],"product_brand":[],"product_cat":[19],"product_tag":[],"class_list":{"0":"post-290","1":"product","2":"type-product","3":"status-publish","4":"has-post-thumbnail","6":"product_cat-systemes-coupe-feux","7":"has-thumb","9":"first","10":"instock","11":"shipping-taxable","12":"product-type-simple"},"yoast_head":"<!-- This site is optimized with the Yoast SEO plugin v27.4 - https:\/\/yoast.com\/product\/yoast-seo-wordpress\/ -->\n<title>ISOSPRAY A30 - A60 - Union Trading Monaco<\/title>\n<meta name=\"description\" content=\"ISOSPRAY A30 - A60, enduit con\u00e7u pour la protection de pont, cloisons et construction en acier contre le feu. C&#039;est un materiel isolant et l\u00e9ger. Pour ponts\" \/>\n<meta name=\"robots\" content=\"index, follow, max-snippet:-1, max-image-preview:large, max-video-preview:-1\" \/>\n<link rel=\"canonical\" href=\"https:\/\/uniontradingmonaco-marine.com\/fr\/produit\/isospray-a30-a60\/\" \/>\n<meta property=\"og:locale\" content=\"fr_FR\" \/>\n<meta property=\"og:type\" content=\"article\" \/>\n<meta property=\"og:title\" content=\"ISOSPRAY A30 - A60 - Union Trading Monaco\" \/>\n<meta property=\"og:description\" content=\"ISOSPRAY A30 - A60, enduit con\u00e7u pour la protection de pont, cloisons et construction en acier contre le feu. C&#039;est un materiel isolant et l\u00e9ger. Pour ponts\" \/>\n<meta property=\"og:url\" content=\"https:\/\/uniontradingmonaco-marine.com\/fr\/produit\/isospray-a30-a60\/\" \/>\n<meta property=\"og:site_name\" content=\"Union Trading Monaco\" \/>\n<meta property=\"article:modified_time\" content=\"2017-06-16T16:04:42+00:00\" \/>\n<meta property=\"og:image\" content=\"https:\/\/uniontradingmonaco-marine.com\/fr\/wp-content\/uploads\/sites\/2\/2017\/06\/ISOSPRAY-A30-\u2013-A60_0.jpg\" \/>\n\t<meta property=\"og:image:width\" content=\"600\" \/>\n\t<meta property=\"og:image:height\" content=\"350\" \/>\n\t<meta property=\"og:image:type\" content=\"image\/jpeg\" \/>\n<meta name=\"twitter:card\" content=\"summary_large_image\" \/>\n<meta name=\"twitter:label1\" content=\"Dur\u00e9e de lecture estim\u00e9e\" \/>\n\t<meta name=\"twitter:data1\" content=\"1 minute\" \/>\n<!-- \/ Yoast SEO plugin. -->","yoast_head_json":{"title":"ISOSPRAY A30 - A60 - Union Trading Monaco","description":"ISOSPRAY A30 - A60, enduit con\u00e7u pour la protection de pont, cloisons et construction en acier contre le feu. C'est un materiel isolant et l\u00e9ger. Pour ponts","robots":{"index":"index","follow":"follow","max-snippet":"max-snippet:-1","max-image-preview":"max-image-preview:large","max-video-preview":"max-video-preview:-1"},"canonical":"https:\/\/uniontradingmonaco-marine.com\/fr\/produit\/isospray-a30-a60\/","og_locale":"fr_FR","og_type":"article","og_title":"ISOSPRAY A30 - A60 - Union Trading Monaco","og_description":"ISOSPRAY A30 - A60, enduit con\u00e7u pour la protection de pont, cloisons et construction en acier contre le feu. C'est un materiel isolant et l\u00e9ger. Pour ponts","og_url":"https:\/\/uniontradingmonaco-marine.com\/fr\/produit\/isospray-a30-a60\/","og_site_name":"Union Trading Monaco","article_modified_time":"2017-06-16T16:04:42+00:00","og_image":[{"width":600,"height":350,"url":"https:\/\/uniontradingmonaco-marine.com\/fr\/wp-content\/uploads\/sites\/2\/2017\/06\/ISOSPRAY-A30-\u2013-A60_0.jpg","type":"image\/jpeg"}],"twitter_card":"summary_large_image","twitter_misc":{"Dur\u00e9e de lecture estim\u00e9e":"1 minute"},"schema":{"@context":"https:\/\/schema.org","@graph":[{"@type":"WebPage","@id":"https:\/\/uniontradingmonaco-marine.com\/fr\/produit\/isospray-a30-a60\/","url":"https:\/\/uniontradingmonaco-marine.com\/fr\/produit\/isospray-a30-a60\/","name":"ISOSPRAY A30 - A60 - Union Trading Monaco","isPartOf":{"@id":"https:\/\/uniontradingmonaco-marine.com\/fr\/#website"},"primaryImageOfPage":{"@id":"https:\/\/uniontradingmonaco-marine.com\/fr\/produit\/isospray-a30-a60\/#primaryimage"},"image":{"@id":"https:\/\/uniontradingmonaco-marine.com\/fr\/produit\/isospray-a30-a60\/#primaryimage"},"thumbnailUrl":"https:\/\/uniontradingmonaco-marine.com\/fr\/wp-content\/uploads\/sites\/2\/2017\/06\/ISOSPRAY-A30-\u2013-A60_0.jpg","datePublished":"2017-06-16T16:01:20+00:00","dateModified":"2017-06-16T16:04:42+00:00","description":"ISOSPRAY A30 - A60, enduit con\u00e7u pour la protection de pont, cloisons et construction en acier contre le feu. C'est un materiel isolant et l\u00e9ger. Pour ponts","breadcrumb":{"@id":"https:\/\/uniontradingmonaco-marine.com\/fr\/produit\/isospray-a30-a60\/#breadcrumb"},"inLanguage":"fr-FR","potentialAction":[{"@type":"ReadAction","target":["https:\/\/uniontradingmonaco-marine.com\/fr\/produit\/isospray-a30-a60\/"]}]},{"@type":"ImageObject","inLanguage":"fr-FR","@id":"https:\/\/uniontradingmonaco-marine.com\/fr\/produit\/isospray-a30-a60\/#primaryimage","url":"https:\/\/uniontradingmonaco-marine.com\/fr\/wp-content\/uploads\/sites\/2\/2017\/06\/ISOSPRAY-A30-\u2013-A60_0.jpg","contentUrl":"https:\/\/uniontradingmonaco-marine.com\/fr\/wp-content\/uploads\/sites\/2\/2017\/06\/ISOSPRAY-A30-\u2013-A60_0.jpg","width":600,"height":350,"caption":"ISOSPRAY A30 &#8211; A60"},{"@type":"BreadcrumbList","@id":"https:\/\/uniontradingmonaco-marine.com\/fr\/produit\/isospray-a30-a60\/#breadcrumb","itemListElement":[{"@type":"ListItem","position":1,"name":"Accueil","item":"https:\/\/uniontradingmonaco-marine.com\/fr\/"},{"@type":"ListItem","position":2,"name":"ISOSPRAY A30 &#8211; A60"}]},{"@type":"WebSite","@id":"https:\/\/uniontradingmonaco-marine.com\/fr\/#website","url":"https:\/\/uniontradingmonaco-marine.com\/fr\/","name":"Union Trading Monaco","description":"","publisher":{"@id":"https:\/\/uniontradingmonaco-marine.com\/fr\/#organization"},"potentialAction":[{"@type":"SearchAction","target":{"@type":"EntryPoint","urlTemplate":"https:\/\/uniontradingmonaco-marine.com\/fr\/?s={search_term_string}"},"query-input":{"@type":"PropertyValueSpecification","valueRequired":true,"valueName":"search_term_string"}}],"inLanguage":"fr-FR"},{"@type":"Organization","@id":"https:\/\/uniontradingmonaco-marine.com\/fr\/#organization","name":"Union Trading Monaco","url":"https:\/\/uniontradingmonaco-marine.com\/fr\/","logo":{"@type":"ImageObject","inLanguage":"fr-FR","@id":"https:\/\/uniontradingmonaco-marine.com\/fr\/#\/schema\/logo\/image\/","url":"https:\/\/uniontradingmonaco-marine.com\/fr\/wp-content\/uploads\/sites\/2\/2017\/06\/Logo-UTM-xs.png","contentUrl":"https:\/\/uniontradingmonaco-marine.com\/fr\/wp-content\/uploads\/sites\/2\/2017\/06\/Logo-UTM-xs.png","width":144,"height":113,"caption":"Union Trading Monaco"},"image":{"@id":"https:\/\/uniontradingmonaco-marine.com\/fr\/#\/schema\/logo\/image\/"},"sameAs":["https:\/\/www.linkedin.com\/company\/union-trading-monaco\/"]}]}},"_links":{"self":[{"href":"https:\/\/uniontradingmonaco-marine.com\/fr\/wp-json\/wp\/v2\/product\/290","targetHints":{"allow":["GET"]}}],"collection":[{"href":"https:\/\/uniontradingmonaco-marine.com\/fr\/wp-json\/wp\/v2\/product"}],"about":[{"href":"https:\/\/uniontradingmonaco-marine.com\/fr\/wp-json\/wp\/v2\/types\/product"}],"wp:featuredmedia":[{"embeddable":true,"href":"https:\/\/uniontradingmonaco-marine.com\/fr\/wp-json\/wp\/v2\/media\/292"}],"wp:attachment":[{"href":"https:\/\/uniontradingmonaco-marine.com\/fr\/wp-json\/wp\/v2\/media?parent=290"}],"wp:term":[{"taxonomy":"product_brand","embeddable":true,"href":"https:\/\/uniontradingmonaco-marine.com\/fr\/wp-json\/wp\/v2\/product_brand?post=290"},{"taxonomy":"product_cat","embeddable":true,"href":"https:\/\/uniontradingmonaco-marine.com\/fr\/wp-json\/wp\/v2\/product_cat?post=290"},{"taxonomy":"product_tag","embeddable":true,"href":"https:\/\/uniontradingmonaco-marine.com\/fr\/wp-json\/wp\/v2\/product_tag?post=290"}],"curies":[{"name":"wp","href":"https:\/\/api.w.org\/{rel}","templated":true}]}}