{"id":293,"date":"2017-06-19T11:56:25","date_gmt":"2017-06-19T09:56:25","guid":{"rendered":"http:\/\/uniontradingmonaco-marine.com\/fr\/?post_type=product&#038;p=293"},"modified":"2017-06-19T11:56:25","modified_gmt":"2017-06-19T09:56:25","slug":"293","status":"publish","type":"product","link":"https:\/\/uniontradingmonaco-marine.com\/fr\/produit\/293\/","title":{"rendered":"SYSTEME de REMPLISSAGE ISOBULK B15"},"content":{"rendered":"<h2>Composition du Syst\u00e8me de Remplissage\u00a0<strong>ISOBULK B0\/B15:<\/strong><\/h2>\n<p>Panneau Isobulk B15 composite \u00a0 \u00a0 \u00a0 \u00a0 \u00a0 \u00a0 \u00a0 \u00a0 \u00a0 \u00a0 \u00a0\u00a0 Dim. poanneaus mt. 1 x 0,6<\/p>\n<p>Mastic Sigillante \u201cNavycross m\u201d (x B15) \u00a0 \u00a0 \u00a0 \u00a0 \u00a0 \u00a0 Pack de\u00a0Kg. 15<\/p>\n<p><em>1 \u00a0pack chaque 10 mq. de panneaux<\/em><\/p>\n<p>Harpons et Rondelles \u00a0 \u00a0 \u00a0 \u00a0 \u00a0 \u00a0 \u00a0 \u00a0 \u00a0 \u00a0 \u00a0 \u00a0 \u00a0 \u00a0 \u00a0 \u00a0 \u00a0 \u00a0 \u00a0Disponibles au chantier\u00a0c\/o entreprise d&rsquo;isolation<\/p>\n<!-- AddThis Advanced Settings generic via filter on the_content --><!-- AddThis Share Buttons generic via filter on the_content -->","protected":false},"excerpt":{"rendered":"<p>Syst\u00e8me de Remplissage positionn\u00e9 \u00e0 la suite des panneaux de s\u00e9paration des cabines et des zones publiques. \u00a0Il est constitu\u00e9 par les produits: ISOBULK B15 , \u00a0MARINE DRAUGHT STOP et PANNEAUX ISOBULK TT.<\/p>\n<p>Ce syst\u00e8me de remplissage permet de remplir l&rsquo;espace laiss\u00e9 libre entre la parti sup\u00e9rieure des cloisons et les sous-pont, consent ainsi, de sceller de mani\u00e8re sure et certifi\u00e9e les corps passants tels que: touyaux, cables, conduits de ventilation, ect&#8230;<\/p>\n<p>&nbsp;<\/p>\n<p><span style=\"text-decoration: underline;\"><strong>ISOBULK B0\/B15<\/strong><\/span><\/p>\n<p>Panneau Isobulk B15 composite \u00a0 \u00a0 \u00a0 \u00a0 \u00a0 \u00a0 \u00a0 \u00a0 \u00a0 \u00a0 \u00a0\u00a0 Dim. poanneaus mt. 1 x 0,6<\/p>\n<p>Mastic Sigillante \u201cNavycross m\u201d (x B15) \u00a0 \u00a0 \u00a0 \u00a0 \u00a0 \u00a0 Confection de\u00a0<span style=\"text-align: -webkit-center;\">Kg. 15<\/span><\/p>\n<p>1 confection chaque 10 mq. de panneaux<\/p>\n<p>Harpons et Rondelles \u00a0 \u00a0 \u00a0 \u00a0 \u00a0 \u00a0 \u00a0 \u00a0 \u00a0 \u00a0 \u00a0 \u00a0 \u00a0 \u00a0 \u00a0 \u00a0 \u00a0 \u00a0 Disponibles au chantier\u00a0c\/o entreprise d&rsquo;isolation<!-- AddThis Advanced Settings generic via filter on get_the_excerpt --><!-- AddThis Share Buttons generic via filter on get_the_excerpt --><\/p>\n","protected":false},"featured_media":294,"template":"","meta":[],"product_brand":[],"product_cat":[19],"product_tag":[],"class_list":{"0":"post-293","1":"product","2":"type-product","3":"status-publish","4":"has-post-thumbnail","6":"product_cat-systemes-coupe-feux","7":"has-thumb","9":"first","10":"instock","11":"shipping-taxable","12":"product-type-simple"},"yoast_head":"<!-- This site is optimized with the Yoast SEO plugin v27.4 - https:\/\/yoast.com\/product\/yoast-seo-wordpress\/ -->\n<title>SYSTEME de REMPLISSAGE ISOBULK B15 - Union Trading Monaco<\/title>\n<meta name=\"description\" content=\"SYSTEME de REMPLISSAGE comble l&#039;espaces laiss\u00e9s libres entre les cloisons et les sous-ponts, ainsi de sceller les corps passants (touyaux, cables, ect...)\" \/>\n<meta name=\"robots\" content=\"index, follow, max-snippet:-1, max-image-preview:large, max-video-preview:-1\" \/>\n<link rel=\"canonical\" href=\"https:\/\/uniontradingmonaco-marine.com\/fr\/produit\/293\/\" \/>\n<meta property=\"og:locale\" content=\"fr_FR\" \/>\n<meta property=\"og:type\" content=\"article\" \/>\n<meta property=\"og:title\" content=\"SYSTEME de REMPLISSAGE ISOBULK B15 - Union Trading Monaco\" \/>\n<meta property=\"og:description\" content=\"SYSTEME de REMPLISSAGE comble l&#039;espaces laiss\u00e9s libres entre les cloisons et les sous-ponts, ainsi de sceller les corps passants (touyaux, cables, ect...)\" \/>\n<meta property=\"og:url\" content=\"https:\/\/uniontradingmonaco-marine.com\/fr\/produit\/293\/\" \/>\n<meta property=\"og:site_name\" content=\"Union Trading Monaco\" \/>\n<meta property=\"og:image\" content=\"https:\/\/uniontradingmonaco-marine.com\/fr\/wp-content\/uploads\/sites\/2\/2017\/06\/isobulkb15_2.jpg\" \/>\n\t<meta property=\"og:image:width\" content=\"600\" \/>\n\t<meta property=\"og:image:height\" content=\"350\" \/>\n\t<meta property=\"og:image:type\" content=\"image\/jpeg\" \/>\n<meta name=\"twitter:card\" content=\"summary_large_image\" \/>\n<!-- \/ Yoast SEO plugin. -->","yoast_head_json":{"title":"SYSTEME de REMPLISSAGE ISOBULK B15 - Union Trading Monaco","description":"SYSTEME de REMPLISSAGE comble l'espaces laiss\u00e9s libres entre les cloisons et les sous-ponts, ainsi de sceller les corps passants (touyaux, cables, ect...)","robots":{"index":"index","follow":"follow","max-snippet":"max-snippet:-1","max-image-preview":"max-image-preview:large","max-video-preview":"max-video-preview:-1"},"canonical":"https:\/\/uniontradingmonaco-marine.com\/fr\/produit\/293\/","og_locale":"fr_FR","og_type":"article","og_title":"SYSTEME de REMPLISSAGE ISOBULK B15 - Union Trading Monaco","og_description":"SYSTEME de REMPLISSAGE comble l'espaces laiss\u00e9s libres entre les cloisons et les sous-ponts, ainsi de sceller les corps passants (touyaux, cables, ect...)","og_url":"https:\/\/uniontradingmonaco-marine.com\/fr\/produit\/293\/","og_site_name":"Union Trading Monaco","og_image":[{"width":600,"height":350,"url":"https:\/\/uniontradingmonaco-marine.com\/fr\/wp-content\/uploads\/sites\/2\/2017\/06\/isobulkb15_2.jpg","type":"image\/jpeg"}],"twitter_card":"summary_large_image","schema":{"@context":"https:\/\/schema.org","@graph":[{"@type":"WebPage","@id":"https:\/\/uniontradingmonaco-marine.com\/fr\/produit\/293\/","url":"https:\/\/uniontradingmonaco-marine.com\/fr\/produit\/293\/","name":"SYSTEME de REMPLISSAGE ISOBULK B15 - Union Trading Monaco","isPartOf":{"@id":"https:\/\/uniontradingmonaco-marine.com\/fr\/#website"},"primaryImageOfPage":{"@id":"https:\/\/uniontradingmonaco-marine.com\/fr\/produit\/293\/#primaryimage"},"image":{"@id":"https:\/\/uniontradingmonaco-marine.com\/fr\/produit\/293\/#primaryimage"},"thumbnailUrl":"https:\/\/uniontradingmonaco-marine.com\/fr\/wp-content\/uploads\/sites\/2\/2017\/06\/isobulkb15_2.jpg","datePublished":"2017-06-19T09:56:25+00:00","description":"SYSTEME de REMPLISSAGE comble l'espaces laiss\u00e9s libres entre les cloisons et les sous-ponts, ainsi de sceller les corps passants (touyaux, cables, ect...)","breadcrumb":{"@id":"https:\/\/uniontradingmonaco-marine.com\/fr\/produit\/293\/#breadcrumb"},"inLanguage":"fr-FR","potentialAction":[{"@type":"ReadAction","target":["https:\/\/uniontradingmonaco-marine.com\/fr\/produit\/293\/"]}]},{"@type":"ImageObject","inLanguage":"fr-FR","@id":"https:\/\/uniontradingmonaco-marine.com\/fr\/produit\/293\/#primaryimage","url":"https:\/\/uniontradingmonaco-marine.com\/fr\/wp-content\/uploads\/sites\/2\/2017\/06\/isobulkb15_2.jpg","contentUrl":"https:\/\/uniontradingmonaco-marine.com\/fr\/wp-content\/uploads\/sites\/2\/2017\/06\/isobulkb15_2.jpg","width":600,"height":350,"caption":"SYSTEME de REMPLISSAGE ISOBULK B15"},{"@type":"BreadcrumbList","@id":"https:\/\/uniontradingmonaco-marine.com\/fr\/produit\/293\/#breadcrumb","itemListElement":[{"@type":"ListItem","position":1,"name":"Accueil","item":"https:\/\/uniontradingmonaco-marine.com\/fr\/"},{"@type":"ListItem","position":2,"name":"SYSTEME de REMPLISSAGE ISOBULK B15"}]},{"@type":"WebSite","@id":"https:\/\/uniontradingmonaco-marine.com\/fr\/#website","url":"https:\/\/uniontradingmonaco-marine.com\/fr\/","name":"Union Trading Monaco","description":"","publisher":{"@id":"https:\/\/uniontradingmonaco-marine.com\/fr\/#organization"},"potentialAction":[{"@type":"SearchAction","target":{"@type":"EntryPoint","urlTemplate":"https:\/\/uniontradingmonaco-marine.com\/fr\/?s={search_term_string}"},"query-input":{"@type":"PropertyValueSpecification","valueRequired":true,"valueName":"search_term_string"}}],"inLanguage":"fr-FR"},{"@type":"Organization","@id":"https:\/\/uniontradingmonaco-marine.com\/fr\/#organization","name":"Union Trading Monaco","url":"https:\/\/uniontradingmonaco-marine.com\/fr\/","logo":{"@type":"ImageObject","inLanguage":"fr-FR","@id":"https:\/\/uniontradingmonaco-marine.com\/fr\/#\/schema\/logo\/image\/","url":"https:\/\/uniontradingmonaco-marine.com\/fr\/wp-content\/uploads\/sites\/2\/2017\/06\/Logo-UTM-xs.png","contentUrl":"https:\/\/uniontradingmonaco-marine.com\/fr\/wp-content\/uploads\/sites\/2\/2017\/06\/Logo-UTM-xs.png","width":144,"height":113,"caption":"Union Trading Monaco"},"image":{"@id":"https:\/\/uniontradingmonaco-marine.com\/fr\/#\/schema\/logo\/image\/"},"sameAs":["https:\/\/www.linkedin.com\/company\/union-trading-monaco\/"]}]}},"_links":{"self":[{"href":"https:\/\/uniontradingmonaco-marine.com\/fr\/wp-json\/wp\/v2\/product\/293","targetHints":{"allow":["GET"]}}],"collection":[{"href":"https:\/\/uniontradingmonaco-marine.com\/fr\/wp-json\/wp\/v2\/product"}],"about":[{"href":"https:\/\/uniontradingmonaco-marine.com\/fr\/wp-json\/wp\/v2\/types\/product"}],"wp:featuredmedia":[{"embeddable":true,"href":"https:\/\/uniontradingmonaco-marine.com\/fr\/wp-json\/wp\/v2\/media\/294"}],"wp:attachment":[{"href":"https:\/\/uniontradingmonaco-marine.com\/fr\/wp-json\/wp\/v2\/media?parent=293"}],"wp:term":[{"taxonomy":"product_brand","embeddable":true,"href":"https:\/\/uniontradingmonaco-marine.com\/fr\/wp-json\/wp\/v2\/product_brand?post=293"},{"taxonomy":"product_cat","embeddable":true,"href":"https:\/\/uniontradingmonaco-marine.com\/fr\/wp-json\/wp\/v2\/product_cat?post=293"},{"taxonomy":"product_tag","embeddable":true,"href":"https:\/\/uniontradingmonaco-marine.com\/fr\/wp-json\/wp\/v2\/product_tag?post=293"}],"curies":[{"name":"wp","href":"https:\/\/api.w.org\/{rel}","templated":true}]}}