{"id":303,"date":"2017-06-20T13:28:44","date_gmt":"2017-06-20T11:28:44","guid":{"rendered":"http:\/\/uniontradingmonaco-marine.com\/fr\/?post_type=product&#038;p=303"},"modified":"2017-06-20T13:28:44","modified_gmt":"2017-06-20T11:28:44","slug":"flodding-panel","status":"publish","type":"product","link":"https:\/\/uniontradingmonaco-marine.com\/fr\/produit\/flodding-panel\/","title":{"rendered":"FLODDING PANEL"},"content":{"rendered":"<p>FLODDING PANEL est un syst\u00e8me de colmatage la bouche d&rsquo;inondation certifi\u00e9 et novateur. Ce syst\u00e8me \u00e0 la particularit\u00e9 de r\u00e9gler le moment o\u00f9 la bouche d&rsquo;inondation devra capituler sous la pression de l&rsquo;eau lors d&rsquo;une eventuelle inondation. En conditions normales il sait \u00e9galement garantir la classe de r\u00e9sistance de la cloison sur laquelle il est positionn\u00e9 (attaint la classe A60)<\/p>\n<!-- AddThis Advanced Settings generic via filter on the_content --><!-- AddThis Share Buttons generic via filter on the_content -->","protected":false},"excerpt":{"rendered":"<h2>FLODDING PANEL est un syst\u00e8me de remplissage \u00e0 appliquer sur les ouvertures d&rsquo;inondation<\/h2>\n<p>La souplesse avec laquelle FLODDING PANEL \u00a0s&rsquo;adapte \u00e0 chaque situation structurelle et la facilit\u00e9 de pose le rendent pr\u00e9f\u00e9rable \u00e0 toute autre solution<!-- AddThis Advanced Settings generic via filter on get_the_excerpt --><!-- AddThis Share Buttons generic via filter on get_the_excerpt --><\/p>\n","protected":false},"featured_media":304,"template":"","meta":[],"product_brand":[],"product_cat":[19],"product_tag":[],"class_list":{"0":"post-303","1":"product","2":"type-product","3":"status-publish","4":"has-post-thumbnail","6":"product_cat-systemes-coupe-feux","7":"has-thumb","9":"first","10":"instock","11":"shipping-taxable","12":"product-type-simple"},"yoast_head":"<!-- This site is optimized with the Yoast SEO plugin v27.4 - https:\/\/yoast.com\/product\/yoast-seo-wordpress\/ -->\n<title>FLODDING PANEL - Union Trading Monaco<\/title>\n<meta name=\"description\" content=\"Le syst\u00e8me certifi\u00e9 et novateur FLODDING PANEL r\u00e8gle le moment o\u00f9 la bouche d&#039;inondation devra capituler sous la pression de l&#039;eau lors d&#039;une inondation\" \/>\n<meta name=\"robots\" content=\"index, follow, max-snippet:-1, max-image-preview:large, max-video-preview:-1\" \/>\n<link rel=\"canonical\" href=\"https:\/\/uniontradingmonaco-marine.com\/fr\/produit\/flodding-panel\/\" \/>\n<meta property=\"og:locale\" content=\"fr_FR\" \/>\n<meta property=\"og:type\" content=\"article\" \/>\n<meta property=\"og:title\" content=\"FLODDING PANEL - Union Trading Monaco\" \/>\n<meta property=\"og:description\" content=\"Le syst\u00e8me certifi\u00e9 et novateur FLODDING PANEL r\u00e8gle le moment o\u00f9 la bouche d&#039;inondation devra capituler sous la pression de l&#039;eau lors d&#039;une inondation\" \/>\n<meta property=\"og:url\" content=\"https:\/\/uniontradingmonaco-marine.com\/fr\/produit\/flodding-panel\/\" \/>\n<meta property=\"og:site_name\" content=\"Union Trading Monaco\" \/>\n<meta property=\"og:image\" content=\"https:\/\/uniontradingmonaco-marine.com\/fr\/wp-content\/uploads\/sites\/2\/2017\/06\/FLODING-PANEL.jpg\" \/>\n\t<meta property=\"og:image:width\" content=\"600\" \/>\n\t<meta property=\"og:image:height\" content=\"350\" \/>\n\t<meta property=\"og:image:type\" content=\"image\/jpeg\" \/>\n<meta name=\"twitter:card\" content=\"summary_large_image\" \/>\n<!-- \/ Yoast SEO plugin. -->","yoast_head_json":{"title":"FLODDING PANEL - Union Trading Monaco","description":"Le syst\u00e8me certifi\u00e9 et novateur FLODDING PANEL r\u00e8gle le moment o\u00f9 la bouche d'inondation devra capituler sous la pression de l'eau lors d'une inondation","robots":{"index":"index","follow":"follow","max-snippet":"max-snippet:-1","max-image-preview":"max-image-preview:large","max-video-preview":"max-video-preview:-1"},"canonical":"https:\/\/uniontradingmonaco-marine.com\/fr\/produit\/flodding-panel\/","og_locale":"fr_FR","og_type":"article","og_title":"FLODDING PANEL - Union Trading Monaco","og_description":"Le syst\u00e8me certifi\u00e9 et novateur FLODDING PANEL r\u00e8gle le moment o\u00f9 la bouche d'inondation devra capituler sous la pression de l'eau lors d'une inondation","og_url":"https:\/\/uniontradingmonaco-marine.com\/fr\/produit\/flodding-panel\/","og_site_name":"Union Trading Monaco","og_image":[{"width":600,"height":350,"url":"https:\/\/uniontradingmonaco-marine.com\/fr\/wp-content\/uploads\/sites\/2\/2017\/06\/FLODING-PANEL.jpg","type":"image\/jpeg"}],"twitter_card":"summary_large_image","schema":{"@context":"https:\/\/schema.org","@graph":[{"@type":"WebPage","@id":"https:\/\/uniontradingmonaco-marine.com\/fr\/produit\/flodding-panel\/","url":"https:\/\/uniontradingmonaco-marine.com\/fr\/produit\/flodding-panel\/","name":"FLODDING PANEL - Union Trading Monaco","isPartOf":{"@id":"https:\/\/uniontradingmonaco-marine.com\/fr\/#website"},"primaryImageOfPage":{"@id":"https:\/\/uniontradingmonaco-marine.com\/fr\/produit\/flodding-panel\/#primaryimage"},"image":{"@id":"https:\/\/uniontradingmonaco-marine.com\/fr\/produit\/flodding-panel\/#primaryimage"},"thumbnailUrl":"https:\/\/uniontradingmonaco-marine.com\/fr\/wp-content\/uploads\/sites\/2\/2017\/06\/FLODING-PANEL.jpg","datePublished":"2017-06-20T11:28:44+00:00","description":"Le syst\u00e8me certifi\u00e9 et novateur FLODDING PANEL r\u00e8gle le moment o\u00f9 la bouche d'inondation devra capituler sous la pression de l'eau lors d'une inondation","breadcrumb":{"@id":"https:\/\/uniontradingmonaco-marine.com\/fr\/produit\/flodding-panel\/#breadcrumb"},"inLanguage":"fr-FR","potentialAction":[{"@type":"ReadAction","target":["https:\/\/uniontradingmonaco-marine.com\/fr\/produit\/flodding-panel\/"]}]},{"@type":"ImageObject","inLanguage":"fr-FR","@id":"https:\/\/uniontradingmonaco-marine.com\/fr\/produit\/flodding-panel\/#primaryimage","url":"https:\/\/uniontradingmonaco-marine.com\/fr\/wp-content\/uploads\/sites\/2\/2017\/06\/FLODING-PANEL.jpg","contentUrl":"https:\/\/uniontradingmonaco-marine.com\/fr\/wp-content\/uploads\/sites\/2\/2017\/06\/FLODING-PANEL.jpg","width":600,"height":350,"caption":"FLODDING PANEL"},{"@type":"BreadcrumbList","@id":"https:\/\/uniontradingmonaco-marine.com\/fr\/produit\/flodding-panel\/#breadcrumb","itemListElement":[{"@type":"ListItem","position":1,"name":"Accueil","item":"https:\/\/uniontradingmonaco-marine.com\/fr\/"},{"@type":"ListItem","position":2,"name":"FLODDING PANEL"}]},{"@type":"WebSite","@id":"https:\/\/uniontradingmonaco-marine.com\/fr\/#website","url":"https:\/\/uniontradingmonaco-marine.com\/fr\/","name":"Union Trading Monaco","description":"","publisher":{"@id":"https:\/\/uniontradingmonaco-marine.com\/fr\/#organization"},"potentialAction":[{"@type":"SearchAction","target":{"@type":"EntryPoint","urlTemplate":"https:\/\/uniontradingmonaco-marine.com\/fr\/?s={search_term_string}"},"query-input":{"@type":"PropertyValueSpecification","valueRequired":true,"valueName":"search_term_string"}}],"inLanguage":"fr-FR"},{"@type":"Organization","@id":"https:\/\/uniontradingmonaco-marine.com\/fr\/#organization","name":"Union Trading Monaco","url":"https:\/\/uniontradingmonaco-marine.com\/fr\/","logo":{"@type":"ImageObject","inLanguage":"fr-FR","@id":"https:\/\/uniontradingmonaco-marine.com\/fr\/#\/schema\/logo\/image\/","url":"https:\/\/uniontradingmonaco-marine.com\/fr\/wp-content\/uploads\/sites\/2\/2017\/06\/Logo-UTM-xs.png","contentUrl":"https:\/\/uniontradingmonaco-marine.com\/fr\/wp-content\/uploads\/sites\/2\/2017\/06\/Logo-UTM-xs.png","width":144,"height":113,"caption":"Union Trading Monaco"},"image":{"@id":"https:\/\/uniontradingmonaco-marine.com\/fr\/#\/schema\/logo\/image\/"},"sameAs":["https:\/\/www.linkedin.com\/company\/union-trading-monaco\/"]}]}},"_links":{"self":[{"href":"https:\/\/uniontradingmonaco-marine.com\/fr\/wp-json\/wp\/v2\/product\/303","targetHints":{"allow":["GET"]}}],"collection":[{"href":"https:\/\/uniontradingmonaco-marine.com\/fr\/wp-json\/wp\/v2\/product"}],"about":[{"href":"https:\/\/uniontradingmonaco-marine.com\/fr\/wp-json\/wp\/v2\/types\/product"}],"wp:featuredmedia":[{"embeddable":true,"href":"https:\/\/uniontradingmonaco-marine.com\/fr\/wp-json\/wp\/v2\/media\/304"}],"wp:attachment":[{"href":"https:\/\/uniontradingmonaco-marine.com\/fr\/wp-json\/wp\/v2\/media?parent=303"}],"wp:term":[{"taxonomy":"product_brand","embeddable":true,"href":"https:\/\/uniontradingmonaco-marine.com\/fr\/wp-json\/wp\/v2\/product_brand?post=303"},{"taxonomy":"product_cat","embeddable":true,"href":"https:\/\/uniontradingmonaco-marine.com\/fr\/wp-json\/wp\/v2\/product_cat?post=303"},{"taxonomy":"product_tag","embeddable":true,"href":"https:\/\/uniontradingmonaco-marine.com\/fr\/wp-json\/wp\/v2\/product_tag?post=303"}],"curies":[{"name":"wp","href":"https:\/\/api.w.org\/{rel}","templated":true}]}}