{"id":307,"date":"2017-06-20T16:09:34","date_gmt":"2017-06-20T14:09:34","guid":{"rendered":"http:\/\/uniontradingmonaco-marine.com\/fr\/?post_type=product&#038;p=307"},"modified":"2017-10-06T16:37:14","modified_gmt":"2017-10-06T14:37:14","slug":"main-courantes-aluteak","status":"publish","type":"product","link":"https:\/\/uniontradingmonaco-marine.com\/fr\/produit\/main-courantes-aluteak\/","title":{"rendered":"Main Courantes ALUTEAK"},"content":{"rendered":"<p>Les main courantes Aluteak, existe en deux versions: Zones Publique et Balcony. \u00a0Ce produit pr\u00e9voit le m\u00eame syst\u00e8me de montage que son correspondent en teak, de mani\u00e8re telle \u00e0 garantir:<\/p>\n<p>1. une continuit\u00e9 dans les proc\u00e9dures de montage pour les nouvelles constructions<\/p>\n<p>2. compatibilit\u00e9 absolue lors du refitting<\/p>\n<p>3. coupure entre la maincourante Aluteak et le support m\u00e9tallique du garde-corp<\/p>\n<p>4. la surface de la coupe trait\u00e9e avec \u201cEPOXSYSTEM-C\u201d et le terminal\/bande ferm\u00e9 avec l&rsquo;adh\u00e9sif \u201cMS-MUL\u201d<\/p>\n<p>5. terminal\/bande et vis, en accier inox AISI 316L<\/p>\n<p>Profiles main courantes en aluminium, Brevet n\u00b0 GE2014A000076<\/p>\n<p>&nbsp;<\/p>\n<!-- AddThis Advanced Settings generic via filter on the_content --><!-- AddThis Share Buttons generic via filter on the_content -->","protected":false},"excerpt":{"rendered":"<h2>Main Courante en aluminium ALUTEAK, m\u00eame profil et aspect d\u00e9coratif des main courantes classiques en teak massif, mais plus pratiques et r\u00e9sistantes<\/h2>\n<p>ALUTEAK est la solution innovante \u00a0aux main courantes pour ext\u00e9rieurs en teak classiques. ALUTEAK se r\u00e9alise par un proced\u00e9 d&rsquo;extrusion de l&rsquo;aluminium qui reproduit exactement le profile et l&rsquo;aspect du bois original. C&rsquo;est un produit certifi\u00e9 pour l&rsquo;utilisation dans le champ naval.<\/p>\n<p>&nbsp;<!-- AddThis Advanced Settings generic via filter on get_the_excerpt --><!-- AddThis Share Buttons generic via filter on get_the_excerpt --><\/p>\n","protected":false},"featured_media":308,"template":"","meta":[],"product_brand":[],"product_cat":[21],"product_tag":[],"class_list":{"0":"post-307","1":"product","2":"type-product","3":"status-publish","4":"has-post-thumbnail","6":"product_cat-agencements-exterieurs","7":"has-thumb","9":"first","10":"instock","11":"shipping-taxable","12":"product-type-simple"},"yoast_head":"<!-- This site is optimized with the Yoast SEO plugin v27.3 - https:\/\/yoast.com\/product\/yoast-seo-wordpress\/ -->\n<title>Main Courantes ALUTEAK - Union Trading Monaco<\/title>\n<meta name=\"description\" content=\"Main Courantes ALUTEAK est la solution novatrice alternative aux main-courantes classiques en Teak, m\u00eames atout mais plus pratiques et r\u00e9sistants\" \/>\n<meta name=\"robots\" content=\"index, follow, max-snippet:-1, max-image-preview:large, max-video-preview:-1\" \/>\n<link rel=\"canonical\" href=\"https:\/\/uniontradingmonaco-marine.com\/fr\/produit\/main-courantes-aluteak\/\" \/>\n<meta property=\"og:locale\" content=\"fr_FR\" \/>\n<meta property=\"og:type\" content=\"article\" \/>\n<meta property=\"og:title\" content=\"Main Courantes ALUTEAK - Union Trading Monaco\" \/>\n<meta property=\"og:description\" content=\"Main Courantes ALUTEAK est la solution novatrice alternative aux main-courantes classiques en Teak, m\u00eames atout mais plus pratiques et r\u00e9sistants\" \/>\n<meta property=\"og:url\" content=\"https:\/\/uniontradingmonaco-marine.com\/fr\/produit\/main-courantes-aluteak\/\" \/>\n<meta property=\"og:site_name\" content=\"Union Trading Monaco\" \/>\n<meta property=\"article:modified_time\" content=\"2017-10-06T14:37:14+00:00\" \/>\n<meta property=\"og:image\" content=\"https:\/\/uniontradingmonaco-marine.com\/fr\/wp-content\/uploads\/sites\/2\/2017\/06\/ALUTEAK.jpg\" \/>\n\t<meta property=\"og:image:width\" content=\"600\" \/>\n\t<meta property=\"og:image:height\" content=\"350\" \/>\n\t<meta property=\"og:image:type\" content=\"image\/jpeg\" \/>\n<meta name=\"twitter:card\" content=\"summary_large_image\" \/>\n<!-- \/ Yoast SEO plugin. -->","yoast_head_json":{"title":"Main Courantes ALUTEAK - Union Trading Monaco","description":"Main Courantes ALUTEAK est la solution novatrice alternative aux main-courantes classiques en Teak, m\u00eames atout mais plus pratiques et r\u00e9sistants","robots":{"index":"index","follow":"follow","max-snippet":"max-snippet:-1","max-image-preview":"max-image-preview:large","max-video-preview":"max-video-preview:-1"},"canonical":"https:\/\/uniontradingmonaco-marine.com\/fr\/produit\/main-courantes-aluteak\/","og_locale":"fr_FR","og_type":"article","og_title":"Main Courantes ALUTEAK - Union Trading Monaco","og_description":"Main Courantes ALUTEAK est la solution novatrice alternative aux main-courantes classiques en Teak, m\u00eames atout mais plus pratiques et r\u00e9sistants","og_url":"https:\/\/uniontradingmonaco-marine.com\/fr\/produit\/main-courantes-aluteak\/","og_site_name":"Union Trading Monaco","article_modified_time":"2017-10-06T14:37:14+00:00","og_image":[{"width":600,"height":350,"url":"https:\/\/uniontradingmonaco-marine.com\/fr\/wp-content\/uploads\/sites\/2\/2017\/06\/ALUTEAK.jpg","type":"image\/jpeg"}],"twitter_card":"summary_large_image","schema":{"@context":"https:\/\/schema.org","@graph":[{"@type":"WebPage","@id":"https:\/\/uniontradingmonaco-marine.com\/fr\/produit\/main-courantes-aluteak\/","url":"https:\/\/uniontradingmonaco-marine.com\/fr\/produit\/main-courantes-aluteak\/","name":"Main Courantes ALUTEAK - Union Trading Monaco","isPartOf":{"@id":"https:\/\/uniontradingmonaco-marine.com\/fr\/#website"},"primaryImageOfPage":{"@id":"https:\/\/uniontradingmonaco-marine.com\/fr\/produit\/main-courantes-aluteak\/#primaryimage"},"image":{"@id":"https:\/\/uniontradingmonaco-marine.com\/fr\/produit\/main-courantes-aluteak\/#primaryimage"},"thumbnailUrl":"https:\/\/uniontradingmonaco-marine.com\/fr\/wp-content\/uploads\/sites\/2\/2017\/06\/ALUTEAK.jpg","datePublished":"2017-06-20T14:09:34+00:00","dateModified":"2017-10-06T14:37:14+00:00","description":"Main Courantes ALUTEAK est la solution novatrice alternative aux main-courantes classiques en Teak, m\u00eames atout mais plus pratiques et r\u00e9sistants","breadcrumb":{"@id":"https:\/\/uniontradingmonaco-marine.com\/fr\/produit\/main-courantes-aluteak\/#breadcrumb"},"inLanguage":"fr-FR","potentialAction":[{"@type":"ReadAction","target":["https:\/\/uniontradingmonaco-marine.com\/fr\/produit\/main-courantes-aluteak\/"]}]},{"@type":"ImageObject","inLanguage":"fr-FR","@id":"https:\/\/uniontradingmonaco-marine.com\/fr\/produit\/main-courantes-aluteak\/#primaryimage","url":"https:\/\/uniontradingmonaco-marine.com\/fr\/wp-content\/uploads\/sites\/2\/2017\/06\/ALUTEAK.jpg","contentUrl":"https:\/\/uniontradingmonaco-marine.com\/fr\/wp-content\/uploads\/sites\/2\/2017\/06\/ALUTEAK.jpg","width":600,"height":350,"caption":"Les main courantes Aluteak, existe en deux versions: Zones Publique et Balcony. \u00a0Ce produit pr\u00e9voit le m\u00eame syst\u00e8me de montage que son correspondent en teak"},{"@type":"BreadcrumbList","@id":"https:\/\/uniontradingmonaco-marine.com\/fr\/produit\/main-courantes-aluteak\/#breadcrumb","itemListElement":[{"@type":"ListItem","position":1,"name":"Accueil","item":"https:\/\/uniontradingmonaco-marine.com\/fr\/"},{"@type":"ListItem","position":2,"name":"Main Courantes ALUTEAK"}]},{"@type":"WebSite","@id":"https:\/\/uniontradingmonaco-marine.com\/fr\/#website","url":"https:\/\/uniontradingmonaco-marine.com\/fr\/","name":"Union Trading Monaco","description":"","publisher":{"@id":"https:\/\/uniontradingmonaco-marine.com\/fr\/#organization"},"potentialAction":[{"@type":"SearchAction","target":{"@type":"EntryPoint","urlTemplate":"https:\/\/uniontradingmonaco-marine.com\/fr\/?s={search_term_string}"},"query-input":{"@type":"PropertyValueSpecification","valueRequired":true,"valueName":"search_term_string"}}],"inLanguage":"fr-FR"},{"@type":"Organization","@id":"https:\/\/uniontradingmonaco-marine.com\/fr\/#organization","name":"Union Trading Monaco","url":"https:\/\/uniontradingmonaco-marine.com\/fr\/","logo":{"@type":"ImageObject","inLanguage":"fr-FR","@id":"https:\/\/uniontradingmonaco-marine.com\/fr\/#\/schema\/logo\/image\/","url":"https:\/\/uniontradingmonaco-marine.com\/fr\/wp-content\/uploads\/sites\/2\/2017\/06\/Logo-UTM-xs.png","contentUrl":"https:\/\/uniontradingmonaco-marine.com\/fr\/wp-content\/uploads\/sites\/2\/2017\/06\/Logo-UTM-xs.png","width":144,"height":113,"caption":"Union Trading Monaco"},"image":{"@id":"https:\/\/uniontradingmonaco-marine.com\/fr\/#\/schema\/logo\/image\/"},"sameAs":["https:\/\/www.linkedin.com\/company\/union-trading-monaco\/"]}]}},"_links":{"self":[{"href":"https:\/\/uniontradingmonaco-marine.com\/fr\/wp-json\/wp\/v2\/product\/307","targetHints":{"allow":["GET"]}}],"collection":[{"href":"https:\/\/uniontradingmonaco-marine.com\/fr\/wp-json\/wp\/v2\/product"}],"about":[{"href":"https:\/\/uniontradingmonaco-marine.com\/fr\/wp-json\/wp\/v2\/types\/product"}],"wp:featuredmedia":[{"embeddable":true,"href":"https:\/\/uniontradingmonaco-marine.com\/fr\/wp-json\/wp\/v2\/media\/308"}],"wp:attachment":[{"href":"https:\/\/uniontradingmonaco-marine.com\/fr\/wp-json\/wp\/v2\/media?parent=307"}],"wp:term":[{"taxonomy":"product_brand","embeddable":true,"href":"https:\/\/uniontradingmonaco-marine.com\/fr\/wp-json\/wp\/v2\/product_brand?post=307"},{"taxonomy":"product_cat","embeddable":true,"href":"https:\/\/uniontradingmonaco-marine.com\/fr\/wp-json\/wp\/v2\/product_cat?post=307"},{"taxonomy":"product_tag","embeddable":true,"href":"https:\/\/uniontradingmonaco-marine.com\/fr\/wp-json\/wp\/v2\/product_tag?post=307"}],"curies":[{"name":"wp","href":"https:\/\/api.w.org\/{rel}","templated":true}]}}