{"id":312,"date":"2017-06-20T16:35:25","date_gmt":"2017-06-20T14:35:25","guid":{"rendered":"http:\/\/uniontradingmonaco-marine.com\/fr\/?post_type=product&#038;p=312"},"modified":"2017-06-21T16:14:02","modified_gmt":"2017-06-21T14:14:02","slug":"systeme-navycross-m","status":"publish","type":"product","link":"https:\/\/uniontradingmonaco-marine.com\/fr\/produit\/systeme-navycross-m\/","title":{"rendered":"SYSTEME NAVYCROSS M"},"content":{"rendered":"<!-- AddThis Advanced Settings generic via filter on the_content --><!-- AddThis Share Buttons generic via filter on the_content -->","protected":false},"excerpt":{"rendered":"<h2 style=\"text-align: left;\">Le Syst\u00e8me NAVYCROSS M permet le collage de caches sur les cloisons m\u00e9talliques et les portes coupe-feu. Il remplace les soudures classiques<\/h2>\n<p style=\"text-align: left;\">Le Syst\u00e8me NAVICROSS M permet de remplacer la soudure traditionelle par un syst\u00e8me de collage de masques ou caches m\u00e9taliques (\u00e9galement en alliage l\u00e9ger) de toute taille. Cette solution peut \u00eatre utilis\u00e9e pour le fixage de caches \u00e0 fermeture de passages des c\u00e2bles comme pour le montage de porte coupe-feu.<\/p>\n<p>&nbsp;<!-- AddThis Advanced Settings generic via filter on get_the_excerpt --><!-- AddThis Share Buttons generic via filter on get_the_excerpt --><\/p>\n","protected":false},"featured_media":313,"template":"","meta":[],"product_brand":[],"product_cat":[19],"product_tag":[],"class_list":{"0":"post-312","1":"product","2":"type-product","3":"status-publish","4":"has-post-thumbnail","6":"product_cat-systemes-coupe-feux","7":"has-thumb","9":"first","10":"instock","11":"shipping-taxable","12":"product-type-simple"},"yoast_head":"<!-- This site is optimized with the Yoast SEO plugin v27.4 - https:\/\/yoast.com\/product\/yoast-seo-wordpress\/ -->\n<title>SYSTEME NAVYCROSS M - Union Trading Monaco<\/title>\n<meta name=\"description\" content=\"Syst\u00e8me NAVYCROSS M permet le collage de caches sur les cloisons m\u00e9talliques et portes coupe feu, remplace les soudures classiques\" \/>\n<meta name=\"robots\" content=\"index, follow, max-snippet:-1, max-image-preview:large, max-video-preview:-1\" \/>\n<link rel=\"canonical\" href=\"https:\/\/uniontradingmonaco-marine.com\/fr\/produit\/systeme-navycross-m\/\" \/>\n<meta property=\"og:locale\" content=\"fr_FR\" \/>\n<meta property=\"og:type\" content=\"article\" \/>\n<meta property=\"og:title\" content=\"SYSTEME NAVYCROSS M - Union Trading Monaco\" \/>\n<meta property=\"og:description\" content=\"Syst\u00e8me NAVYCROSS M permet le collage de caches sur les cloisons m\u00e9talliques et portes coupe feu, remplace les soudures classiques\" \/>\n<meta property=\"og:url\" content=\"https:\/\/uniontradingmonaco-marine.com\/fr\/produit\/systeme-navycross-m\/\" \/>\n<meta property=\"og:site_name\" content=\"Union Trading Monaco\" \/>\n<meta property=\"article:modified_time\" content=\"2017-06-21T14:14:02+00:00\" \/>\n<meta property=\"og:image\" content=\"https:\/\/uniontradingmonaco-marine.com\/fr\/wp-content\/uploads\/sites\/2\/2017\/06\/NAVYCROSS-m-.jpg\" \/>\n\t<meta property=\"og:image:width\" content=\"600\" \/>\n\t<meta property=\"og:image:height\" content=\"350\" \/>\n\t<meta property=\"og:image:type\" content=\"image\/jpeg\" \/>\n<meta name=\"twitter:card\" content=\"summary_large_image\" \/>\n<!-- \/ Yoast SEO plugin. -->","yoast_head_json":{"title":"SYSTEME NAVYCROSS M - Union Trading Monaco","description":"Syst\u00e8me NAVYCROSS M permet le collage de caches sur les cloisons m\u00e9talliques et portes coupe feu, remplace les soudures classiques","robots":{"index":"index","follow":"follow","max-snippet":"max-snippet:-1","max-image-preview":"max-image-preview:large","max-video-preview":"max-video-preview:-1"},"canonical":"https:\/\/uniontradingmonaco-marine.com\/fr\/produit\/systeme-navycross-m\/","og_locale":"fr_FR","og_type":"article","og_title":"SYSTEME NAVYCROSS M - Union Trading Monaco","og_description":"Syst\u00e8me NAVYCROSS M permet le collage de caches sur les cloisons m\u00e9talliques et portes coupe feu, remplace les soudures classiques","og_url":"https:\/\/uniontradingmonaco-marine.com\/fr\/produit\/systeme-navycross-m\/","og_site_name":"Union Trading Monaco","article_modified_time":"2017-06-21T14:14:02+00:00","og_image":[{"width":600,"height":350,"url":"https:\/\/uniontradingmonaco-marine.com\/fr\/wp-content\/uploads\/sites\/2\/2017\/06\/NAVYCROSS-m-.jpg","type":"image\/jpeg"}],"twitter_card":"summary_large_image","schema":{"@context":"https:\/\/schema.org","@graph":[{"@type":"WebPage","@id":"https:\/\/uniontradingmonaco-marine.com\/fr\/produit\/systeme-navycross-m\/","url":"https:\/\/uniontradingmonaco-marine.com\/fr\/produit\/systeme-navycross-m\/","name":"SYSTEME NAVYCROSS M - Union Trading Monaco","isPartOf":{"@id":"https:\/\/uniontradingmonaco-marine.com\/fr\/#website"},"primaryImageOfPage":{"@id":"https:\/\/uniontradingmonaco-marine.com\/fr\/produit\/systeme-navycross-m\/#primaryimage"},"image":{"@id":"https:\/\/uniontradingmonaco-marine.com\/fr\/produit\/systeme-navycross-m\/#primaryimage"},"thumbnailUrl":"https:\/\/uniontradingmonaco-marine.com\/fr\/wp-content\/uploads\/sites\/2\/2017\/06\/NAVYCROSS-m-.jpg","datePublished":"2017-06-20T14:35:25+00:00","dateModified":"2017-06-21T14:14:02+00:00","description":"Syst\u00e8me NAVYCROSS M permet le collage de caches sur les cloisons m\u00e9talliques et portes coupe feu, remplace les soudures classiques","breadcrumb":{"@id":"https:\/\/uniontradingmonaco-marine.com\/fr\/produit\/systeme-navycross-m\/#breadcrumb"},"inLanguage":"fr-FR","potentialAction":[{"@type":"ReadAction","target":["https:\/\/uniontradingmonaco-marine.com\/fr\/produit\/systeme-navycross-m\/"]}]},{"@type":"ImageObject","inLanguage":"fr-FR","@id":"https:\/\/uniontradingmonaco-marine.com\/fr\/produit\/systeme-navycross-m\/#primaryimage","url":"https:\/\/uniontradingmonaco-marine.com\/fr\/wp-content\/uploads\/sites\/2\/2017\/06\/NAVYCROSS-m-.jpg","contentUrl":"https:\/\/uniontradingmonaco-marine.com\/fr\/wp-content\/uploads\/sites\/2\/2017\/06\/NAVYCROSS-m-.jpg","width":600,"height":350,"caption":"SYSTEME NAVYCROSS M"},{"@type":"BreadcrumbList","@id":"https:\/\/uniontradingmonaco-marine.com\/fr\/produit\/systeme-navycross-m\/#breadcrumb","itemListElement":[{"@type":"ListItem","position":1,"name":"Accueil","item":"https:\/\/uniontradingmonaco-marine.com\/fr\/"},{"@type":"ListItem","position":2,"name":"SYSTEME NAVYCROSS M"}]},{"@type":"WebSite","@id":"https:\/\/uniontradingmonaco-marine.com\/fr\/#website","url":"https:\/\/uniontradingmonaco-marine.com\/fr\/","name":"Union Trading Monaco","description":"","publisher":{"@id":"https:\/\/uniontradingmonaco-marine.com\/fr\/#organization"},"potentialAction":[{"@type":"SearchAction","target":{"@type":"EntryPoint","urlTemplate":"https:\/\/uniontradingmonaco-marine.com\/fr\/?s={search_term_string}"},"query-input":{"@type":"PropertyValueSpecification","valueRequired":true,"valueName":"search_term_string"}}],"inLanguage":"fr-FR"},{"@type":"Organization","@id":"https:\/\/uniontradingmonaco-marine.com\/fr\/#organization","name":"Union Trading Monaco","url":"https:\/\/uniontradingmonaco-marine.com\/fr\/","logo":{"@type":"ImageObject","inLanguage":"fr-FR","@id":"https:\/\/uniontradingmonaco-marine.com\/fr\/#\/schema\/logo\/image\/","url":"https:\/\/uniontradingmonaco-marine.com\/fr\/wp-content\/uploads\/sites\/2\/2017\/06\/Logo-UTM-xs.png","contentUrl":"https:\/\/uniontradingmonaco-marine.com\/fr\/wp-content\/uploads\/sites\/2\/2017\/06\/Logo-UTM-xs.png","width":144,"height":113,"caption":"Union Trading Monaco"},"image":{"@id":"https:\/\/uniontradingmonaco-marine.com\/fr\/#\/schema\/logo\/image\/"},"sameAs":["https:\/\/www.linkedin.com\/company\/union-trading-monaco\/"]}]}},"_links":{"self":[{"href":"https:\/\/uniontradingmonaco-marine.com\/fr\/wp-json\/wp\/v2\/product\/312","targetHints":{"allow":["GET"]}}],"collection":[{"href":"https:\/\/uniontradingmonaco-marine.com\/fr\/wp-json\/wp\/v2\/product"}],"about":[{"href":"https:\/\/uniontradingmonaco-marine.com\/fr\/wp-json\/wp\/v2\/types\/product"}],"wp:featuredmedia":[{"embeddable":true,"href":"https:\/\/uniontradingmonaco-marine.com\/fr\/wp-json\/wp\/v2\/media\/313"}],"wp:attachment":[{"href":"https:\/\/uniontradingmonaco-marine.com\/fr\/wp-json\/wp\/v2\/media?parent=312"}],"wp:term":[{"taxonomy":"product_brand","embeddable":true,"href":"https:\/\/uniontradingmonaco-marine.com\/fr\/wp-json\/wp\/v2\/product_brand?post=312"},{"taxonomy":"product_cat","embeddable":true,"href":"https:\/\/uniontradingmonaco-marine.com\/fr\/wp-json\/wp\/v2\/product_cat?post=312"},{"taxonomy":"product_tag","embeddable":true,"href":"https:\/\/uniontradingmonaco-marine.com\/fr\/wp-json\/wp\/v2\/product_tag?post=312"}],"curies":[{"name":"wp","href":"https:\/\/api.w.org\/{rel}","templated":true}]}}