{"id":320,"date":"2017-06-21T17:48:11","date_gmt":"2017-06-21T15:48:11","guid":{"rendered":"http:\/\/uniontradingmonaco-marine.com\/fr\/?post_type=product&#038;p=320"},"modified":"2017-09-21T15:36:50","modified_gmt":"2017-09-21T13:36:50","slug":"projecteurs-lite-range","status":"publish","type":"product","link":"https:\/\/uniontradingmonaco-marine.com\/fr\/produit\/projecteurs-lite-range\/","title":{"rendered":"Projecteurs LITE RANGE"},"content":{"rendered":"<h2>Dans l\u2019obscurit\u00e9, les vies d\u00e9pendent de la fiabilit\u00e9 et rapidit\u00e9 des \u00e9quipements d&rsquo;illumination<\/h2>\n<p>Les projecteurs anti-pirates deviennent le moyen de dissuasion non fatal de pr\u00e9dilection dans les situations dangereuses. Par Projecteurs LITE RANGE, Francis Searchlights offre <strong>la gamme la plus compl\u00e8te de luminaires <\/strong>avec <strong>options contr\u00f4le manuel ou \u00e0 distance.<\/strong><\/p>\n<p>\u00c0 l&rsquo;aide de sources lumineuses de la plus forte intensit\u00e9 disponible, l&#8217;embarcation suspect peut \u00eatre enti\u00e8rement illumin\u00e9e, identifi\u00e9e rapidement et, au besoin, des mesures d&rsquo;intervention peuvent \u00eatre prises imm\u00e9diatement. La puissance du rayon lumineux du projecteur \u00e9blouit les malfaiteurs et les rend inoffensifs.<\/p>\n<h5>Les Projecteurs LITE RANGE \u00a0sont fabriqu\u00e9s en acier\u00a0inoxydable. Ces projecteurs sont disponibles de diff\u00e9rentes dimensions comprises entre 230 mm et 560 mm. Ils sont \u00e9quip\u00e9s de lampes \u00e0 source halog\u00e8ne allant de 100W \u00e0 3kW \u00e0 haute et basse tension.<\/h5>\n<p><strong>Les Projecteurs de LITE RANGE sont munis de t\u00e9l\u00e9commande de contr\u00f4le<\/strong>. Il y a la possibilit\u00e9 de g\u00e9rer les projecteurs en contr\u00f4le \u00e0 distance ou directement en cabine. \u00a0Le choix doit \u00eatre pr\u00e9cis\u00e9 au moment de la commande. De la m\u00eame mani\u00e8re il sera n\u00e9c\u00e9ssaire de signaler la n\u00e9cessit\u00e9 d&rsquo;inclure la g\u00e2che de fixation au pont.<\/p>\n<p><iframe loading=\"lazy\" src=\"https:\/\/www.youtube.com\/embed\/QNZIIFUPlPI\" width=\"560\" height=\"315\" frameborder=\"0\" allowfullscreen=\"allowfullscreen\"><\/iframe><\/p>\n<!-- AddThis Advanced Settings generic via filter on the_content --><!-- AddThis Share Buttons generic via filter on the_content -->","protected":false},"excerpt":{"rendered":"<h2>La puissance du rayon lumineux du projecteur \u00e9blouit l&rsquo;intrus, permettant une identification plus rapide et plus efficace<\/h2>\n<p>Produits en acier inoxydable, les Projecteurs LITE RANGE sont de fabrication solide. Un vaste choix de diam\u00e8tres est disponible. Ils sont \u00e9quip\u00e9s de lampes \u00e0 source halog\u00e8ne \u00e0 haute et \u00e0 basse tension. Ces projecteurs sont \u00e9quip\u00e9s de t\u00e9l\u00e9commande de contr\u00f4le. Il y a la possibilit\u00e9 de g\u00e9rer les projecteurs par contr\u00f4le \u00e0 distance e\/ou directement en cabine, \u00e0 pr\u00e9ciser au moment de la commande.<!-- AddThis Advanced Settings generic via filter on get_the_excerpt --><!-- AddThis Share Buttons generic via filter on get_the_excerpt --><\/p>\n","protected":false},"featured_media":92,"template":"","meta":[],"product_brand":[],"product_cat":[20],"product_tag":[],"class_list":{"0":"post-320","1":"product","2":"type-product","3":"status-publish","4":"has-post-thumbnail","6":"product_cat-illuminations","7":"has-thumb","9":"first","10":"instock","11":"shipping-taxable","12":"product-type-simple"},"yoast_head":"<!-- This site is optimized with the Yoast SEO plugin v27.3 - https:\/\/yoast.com\/product\/yoast-seo-wordpress\/ -->\n<title>Projecteurs LITE RANGE - Union Trading Monaco<\/title>\n<meta name=\"description\" content=\"En acier inoxydable, les Projecteurs LITE RANGE sont disponibles en diff\u00e9rentes dimension, sont \u00e9quip\u00e9s de lampes \u00e0 source halog\u00e8ne \u00e0 haute et basse tension\" \/>\n<meta name=\"robots\" content=\"index, follow, max-snippet:-1, max-image-preview:large, max-video-preview:-1\" \/>\n<link rel=\"canonical\" href=\"https:\/\/uniontradingmonaco-marine.com\/fr\/produit\/projecteurs-lite-range\/\" \/>\n<meta property=\"og:locale\" content=\"fr_FR\" \/>\n<meta property=\"og:type\" content=\"article\" \/>\n<meta property=\"og:title\" content=\"Projecteurs LITE RANGE - Union Trading Monaco\" \/>\n<meta property=\"og:description\" content=\"En acier inoxydable, les Projecteurs LITE RANGE sont disponibles en diff\u00e9rentes dimension, sont \u00e9quip\u00e9s de lampes \u00e0 source halog\u00e8ne \u00e0 haute et basse tension\" \/>\n<meta property=\"og:url\" content=\"https:\/\/uniontradingmonaco-marine.com\/fr\/produit\/projecteurs-lite-range\/\" \/>\n<meta property=\"og:site_name\" content=\"Union Trading Monaco\" \/>\n<meta property=\"article:modified_time\" content=\"2017-09-21T13:36:50+00:00\" \/>\n<meta property=\"og:image\" content=\"https:\/\/uniontradingmonaco-marine.com\/fr\/wp-content\/uploads\/sites\/2\/2017\/05\/literange.jpg\" \/>\n\t<meta property=\"og:image:width\" content=\"550\" \/>\n\t<meta property=\"og:image:height\" content=\"600\" \/>\n\t<meta property=\"og:image:type\" content=\"image\/jpeg\" \/>\n<meta name=\"twitter:card\" content=\"summary_large_image\" \/>\n<meta name=\"twitter:label1\" content=\"Dur\u00e9e de lecture estim\u00e9e\" \/>\n\t<meta name=\"twitter:data1\" content=\"1 minute\" \/>\n<!-- \/ Yoast SEO plugin. -->","yoast_head_json":{"title":"Projecteurs LITE RANGE - Union Trading Monaco","description":"En acier inoxydable, les Projecteurs LITE RANGE sont disponibles en diff\u00e9rentes dimension, sont \u00e9quip\u00e9s de lampes \u00e0 source halog\u00e8ne \u00e0 haute et basse tension","robots":{"index":"index","follow":"follow","max-snippet":"max-snippet:-1","max-image-preview":"max-image-preview:large","max-video-preview":"max-video-preview:-1"},"canonical":"https:\/\/uniontradingmonaco-marine.com\/fr\/produit\/projecteurs-lite-range\/","og_locale":"fr_FR","og_type":"article","og_title":"Projecteurs LITE RANGE - Union Trading Monaco","og_description":"En acier inoxydable, les Projecteurs LITE RANGE sont disponibles en diff\u00e9rentes dimension, sont \u00e9quip\u00e9s de lampes \u00e0 source halog\u00e8ne \u00e0 haute et basse tension","og_url":"https:\/\/uniontradingmonaco-marine.com\/fr\/produit\/projecteurs-lite-range\/","og_site_name":"Union Trading Monaco","article_modified_time":"2017-09-21T13:36:50+00:00","og_image":[{"width":550,"height":600,"url":"https:\/\/uniontradingmonaco-marine.com\/fr\/wp-content\/uploads\/sites\/2\/2017\/05\/literange.jpg","type":"image\/jpeg"}],"twitter_card":"summary_large_image","twitter_misc":{"Dur\u00e9e de lecture estim\u00e9e":"1 minute"},"schema":{"@context":"https:\/\/schema.org","@graph":[{"@type":"WebPage","@id":"https:\/\/uniontradingmonaco-marine.com\/fr\/produit\/projecteurs-lite-range\/","url":"https:\/\/uniontradingmonaco-marine.com\/fr\/produit\/projecteurs-lite-range\/","name":"Projecteurs LITE RANGE - Union Trading Monaco","isPartOf":{"@id":"https:\/\/uniontradingmonaco-marine.com\/fr\/#website"},"primaryImageOfPage":{"@id":"https:\/\/uniontradingmonaco-marine.com\/fr\/produit\/projecteurs-lite-range\/#primaryimage"},"image":{"@id":"https:\/\/uniontradingmonaco-marine.com\/fr\/produit\/projecteurs-lite-range\/#primaryimage"},"thumbnailUrl":"https:\/\/uniontradingmonaco-marine.com\/fr\/wp-content\/uploads\/sites\/2\/2017\/05\/literange.jpg","datePublished":"2017-06-21T15:48:11+00:00","dateModified":"2017-09-21T13:36:50+00:00","description":"En acier inoxydable, les Projecteurs LITE RANGE sont disponibles en diff\u00e9rentes dimension, sont \u00e9quip\u00e9s de lampes \u00e0 source halog\u00e8ne \u00e0 haute et basse tension","breadcrumb":{"@id":"https:\/\/uniontradingmonaco-marine.com\/fr\/produit\/projecteurs-lite-range\/#breadcrumb"},"inLanguage":"fr-FR","potentialAction":[{"@type":"ReadAction","target":["https:\/\/uniontradingmonaco-marine.com\/fr\/produit\/projecteurs-lite-range\/"]}]},{"@type":"ImageObject","inLanguage":"fr-FR","@id":"https:\/\/uniontradingmonaco-marine.com\/fr\/produit\/projecteurs-lite-range\/#primaryimage","url":"https:\/\/uniontradingmonaco-marine.com\/fr\/wp-content\/uploads\/sites\/2\/2017\/05\/literange.jpg","contentUrl":"https:\/\/uniontradingmonaco-marine.com\/fr\/wp-content\/uploads\/sites\/2\/2017\/05\/literange.jpg","width":550,"height":600,"caption":"Projecteurs LITE RANGE"},{"@type":"BreadcrumbList","@id":"https:\/\/uniontradingmonaco-marine.com\/fr\/produit\/projecteurs-lite-range\/#breadcrumb","itemListElement":[{"@type":"ListItem","position":1,"name":"Accueil","item":"https:\/\/uniontradingmonaco-marine.com\/fr\/"},{"@type":"ListItem","position":2,"name":"Projecteurs LITE RANGE"}]},{"@type":"WebSite","@id":"https:\/\/uniontradingmonaco-marine.com\/fr\/#website","url":"https:\/\/uniontradingmonaco-marine.com\/fr\/","name":"Union Trading Monaco","description":"","publisher":{"@id":"https:\/\/uniontradingmonaco-marine.com\/fr\/#organization"},"potentialAction":[{"@type":"SearchAction","target":{"@type":"EntryPoint","urlTemplate":"https:\/\/uniontradingmonaco-marine.com\/fr\/?s={search_term_string}"},"query-input":{"@type":"PropertyValueSpecification","valueRequired":true,"valueName":"search_term_string"}}],"inLanguage":"fr-FR"},{"@type":"Organization","@id":"https:\/\/uniontradingmonaco-marine.com\/fr\/#organization","name":"Union Trading Monaco","url":"https:\/\/uniontradingmonaco-marine.com\/fr\/","logo":{"@type":"ImageObject","inLanguage":"fr-FR","@id":"https:\/\/uniontradingmonaco-marine.com\/fr\/#\/schema\/logo\/image\/","url":"https:\/\/uniontradingmonaco-marine.com\/fr\/wp-content\/uploads\/sites\/2\/2017\/06\/Logo-UTM-xs.png","contentUrl":"https:\/\/uniontradingmonaco-marine.com\/fr\/wp-content\/uploads\/sites\/2\/2017\/06\/Logo-UTM-xs.png","width":144,"height":113,"caption":"Union Trading Monaco"},"image":{"@id":"https:\/\/uniontradingmonaco-marine.com\/fr\/#\/schema\/logo\/image\/"},"sameAs":["https:\/\/www.linkedin.com\/company\/union-trading-monaco\/"]}]}},"_links":{"self":[{"href":"https:\/\/uniontradingmonaco-marine.com\/fr\/wp-json\/wp\/v2\/product\/320","targetHints":{"allow":["GET"]}}],"collection":[{"href":"https:\/\/uniontradingmonaco-marine.com\/fr\/wp-json\/wp\/v2\/product"}],"about":[{"href":"https:\/\/uniontradingmonaco-marine.com\/fr\/wp-json\/wp\/v2\/types\/product"}],"wp:featuredmedia":[{"embeddable":true,"href":"https:\/\/uniontradingmonaco-marine.com\/fr\/wp-json\/wp\/v2\/media\/92"}],"wp:attachment":[{"href":"https:\/\/uniontradingmonaco-marine.com\/fr\/wp-json\/wp\/v2\/media?parent=320"}],"wp:term":[{"taxonomy":"product_brand","embeddable":true,"href":"https:\/\/uniontradingmonaco-marine.com\/fr\/wp-json\/wp\/v2\/product_brand?post=320"},{"taxonomy":"product_cat","embeddable":true,"href":"https:\/\/uniontradingmonaco-marine.com\/fr\/wp-json\/wp\/v2\/product_cat?post=320"},{"taxonomy":"product_tag","embeddable":true,"href":"https:\/\/uniontradingmonaco-marine.com\/fr\/wp-json\/wp\/v2\/product_tag?post=320"}],"curies":[{"name":"wp","href":"https:\/\/api.w.org\/{rel}","templated":true}]}}