{"id":324,"date":"2017-06-22T16:19:42","date_gmt":"2017-06-22T14:19:42","guid":{"rendered":"http:\/\/uniontradingmonaco-marine.com\/fr\/?post_type=product&#038;p=324"},"modified":"2017-09-21T15:36:21","modified_gmt":"2017-09-21T13:36:21","slug":"projecteurs-xenon-range","status":"publish","type":"product","link":"https:\/\/uniontradingmonaco-marine.com\/fr\/produit\/projecteurs-xenon-range\/","title":{"rendered":"Projecteurs XENON RANGE"},"content":{"rendered":"<h2>Dans l\u2019obscurit\u00e9, les vies d\u00e9pendent de la fiabilit\u00e9 et rapidit\u00e9 de l\u2019\u00e9quipements d&rsquo;illumination<\/h2>\n<p>Les projecteurs anti-pirates deviennent le moyen de dissuasion non offensif de pr\u00e9dilection dans les situations dangereuses. Avec Les Projecteurs XENON RANGE, Francis Searchlights offre la gamme la plus compl\u00e8te de luminaires avec options de c<strong>ontr\u00f4le manuel ou \u00e0 distance<\/strong>. \u00c0 l&rsquo;aide de sources lumineuses au X\u00e9non de la plus forte intensit\u00e9 disponible sur le march\u00e9, l&#8217;embarcation suspecte peut \u00eatre enti\u00e8rement illumin\u00e9e, identifi\u00e9e rapidement et, au besoin, des mesures d&rsquo;intervention peuvent \u00eatre prises imm\u00e9diatement. La puissance du rayon lumineux du projecteur \u00e9blouit les malfaiteurs et les rend inoffensifs.<\/p>\n<h5><strong>Les Projecteurs XENON RANGE sont la derni\u00e8re g\u00e9n\u00e9ration de projecteur \u00e0 haute puissance. Ils sont fabriqu\u00e9s en laiton, acier\u00a0inoxydable\u00a0et en autres materiaux\u00a0r\u00e9sistants\u00a0\u00e0 la corrosion de la mer. Ces Projecteurs\u00a0offrent des\u00a0performances\u00a0exceptionnelles\u00a0dans le cadre de\u00a0l&rsquo;illumination\u00a0et une sp\u00e9cification de construction de haute qualit\u00e9.\u00a0<\/strong><\/h5>\n<p>Les Projecteur XENON RANGE sont disponibles\u00a0dans une gamme de diam\u00e8tres allant de 230 mm \u00e0 560 mm. Il est \u00e9galement possible de choisir la puissance de la\u00a0lampe au X\u00e9non\u00a0allant de 150 W \u00e0 2,5 kW \u00e0 haute tension. Contr\u00f4le \u00e0 distance, contr\u00f4le en cabine et des options de fixation au pont sont disponibles.<\/p>\n<p><strong><em>Pour le type de Projecteurs FX380:<\/em><\/strong><\/p>\n<p>Les Projecteurs XENON RANGE\u00a0peuvent \u00eatre fournis avec <strong>r\u00e9flecteur nickel,\u00a0<\/strong>option\u00a0<em>Grade Prison<\/em>. Diff\u00e9rents type de fixations peuvent \u00eatre envisageables: sur pi\u00e9destal, au pont, au plafond, sur le toit. Il est possible de les avoir \u00e9quip\u00e9s de poign\u00e9e de commande. Ces\u00a0Projecteur\u00a0sont disponibles dans n&rsquo;importe quelle couleur personnalisable\u00a0\u00e0 la demande du client. Tous ces d\u00e9tails doivent \u00eatre pr\u00e9cis\u00e9s au moment m\u00eame de la commande.<\/p>\n<!-- AddThis Advanced Settings generic via filter on the_content --><!-- AddThis Share Buttons generic via filter on the_content -->","protected":false},"excerpt":{"rendered":"<h2>Les Projecteurs XENON RANGE offrent le plus grand choix de luminaires \u00e0 contr\u00f4le manuel et \u00e0 distance \u00e0 haute puissance<\/h2>\n<p>Les Projecteurs XENON RANGE\u00a0sont la derni\u00e8re g\u00e9n\u00e9ration de projecteur \u00e0 haute puissance.\u00a0Ils sont fabriqu\u00e9s en laiton, acier\u00a0inoxydable\u00a0et en autres materiaux\u00a0r\u00e9sistants\u00a0\u00e0 la corrosion de la mer.\u00a0Ces projecteurs offrent des\u00a0performances\u00a0exceptionnelles\u00a0dans le cadre de\u00a0l&rsquo;illumination\u00a0et une sp\u00e9cification de construction de haute qualit\u00e9.<strong>\u00a0<\/strong><!-- AddThis Advanced Settings generic via filter on get_the_excerpt --><!-- AddThis Share Buttons generic via filter on get_the_excerpt --><\/p>\n","protected":false},"featured_media":327,"template":"","meta":[],"product_brand":[],"product_cat":[20],"product_tag":[],"class_list":{"0":"post-324","1":"product","2":"type-product","3":"status-publish","4":"has-post-thumbnail","6":"product_cat-illuminations","7":"has-thumb","9":"first","10":"instock","11":"shipping-taxable","12":"product-type-simple"},"yoast_head":"<!-- This site is optimized with the Yoast SEO plugin v27.2 - https:\/\/yoast.com\/product\/yoast-seo-wordpress\/ -->\n<title>Projecteurs XENON RANGE - Union Trading Monaco<\/title>\n<meta name=\"description\" content=\"Projecteurs XENON RANGE sont \u00e0 haute puissance... en laiton, acier inoxydable, r\u00e9sistants \u00e0 la corrosion de la mer... excellentes performance d&#039;illumination\" \/>\n<meta name=\"robots\" content=\"index, follow, max-snippet:-1, max-image-preview:large, max-video-preview:-1\" \/>\n<link rel=\"canonical\" href=\"https:\/\/uniontradingmonaco-marine.com\/fr\/produit\/projecteurs-xenon-range\/\" \/>\n<meta property=\"og:locale\" content=\"fr_FR\" \/>\n<meta property=\"og:type\" content=\"article\" \/>\n<meta property=\"og:title\" content=\"Projecteurs XENON RANGE - Union Trading Monaco\" \/>\n<meta property=\"og:description\" content=\"Projecteurs XENON RANGE sont \u00e0 haute puissance... en laiton, acier inoxydable, r\u00e9sistants \u00e0 la corrosion de la mer... excellentes performance d&#039;illumination\" \/>\n<meta property=\"og:url\" content=\"https:\/\/uniontradingmonaco-marine.com\/fr\/produit\/projecteurs-xenon-range\/\" \/>\n<meta property=\"og:site_name\" content=\"Union Trading Monaco\" \/>\n<meta property=\"article:modified_time\" content=\"2017-09-21T13:36:21+00:00\" \/>\n<meta property=\"og:image\" content=\"https:\/\/uniontradingmonaco-marine.com\/fr\/wp-content\/uploads\/sites\/2\/2017\/06\/xenon-range.jpg\" \/>\n\t<meta property=\"og:image:width\" content=\"550\" \/>\n\t<meta property=\"og:image:height\" content=\"600\" \/>\n\t<meta property=\"og:image:type\" content=\"image\/jpeg\" \/>\n<meta name=\"twitter:card\" content=\"summary_large_image\" \/>\n<meta name=\"twitter:label1\" content=\"Dur\u00e9e de lecture estim\u00e9e\" \/>\n\t<meta name=\"twitter:data1\" content=\"1 minute\" \/>\n<!-- \/ Yoast SEO plugin. -->","yoast_head_json":{"title":"Projecteurs XENON RANGE - Union Trading Monaco","description":"Projecteurs XENON RANGE sont \u00e0 haute puissance... en laiton, acier inoxydable, r\u00e9sistants \u00e0 la corrosion de la mer... excellentes performance d'illumination","robots":{"index":"index","follow":"follow","max-snippet":"max-snippet:-1","max-image-preview":"max-image-preview:large","max-video-preview":"max-video-preview:-1"},"canonical":"https:\/\/uniontradingmonaco-marine.com\/fr\/produit\/projecteurs-xenon-range\/","og_locale":"fr_FR","og_type":"article","og_title":"Projecteurs XENON RANGE - Union Trading Monaco","og_description":"Projecteurs XENON RANGE sont \u00e0 haute puissance... en laiton, acier inoxydable, r\u00e9sistants \u00e0 la corrosion de la mer... excellentes performance d'illumination","og_url":"https:\/\/uniontradingmonaco-marine.com\/fr\/produit\/projecteurs-xenon-range\/","og_site_name":"Union Trading Monaco","article_modified_time":"2017-09-21T13:36:21+00:00","og_image":[{"width":550,"height":600,"url":"https:\/\/uniontradingmonaco-marine.com\/fr\/wp-content\/uploads\/sites\/2\/2017\/06\/xenon-range.jpg","type":"image\/jpeg"}],"twitter_card":"summary_large_image","twitter_misc":{"Dur\u00e9e de lecture estim\u00e9e":"1 minute"},"schema":{"@context":"https:\/\/schema.org","@graph":[{"@type":"WebPage","@id":"https:\/\/uniontradingmonaco-marine.com\/fr\/produit\/projecteurs-xenon-range\/","url":"https:\/\/uniontradingmonaco-marine.com\/fr\/produit\/projecteurs-xenon-range\/","name":"Projecteurs XENON RANGE - Union Trading Monaco","isPartOf":{"@id":"https:\/\/uniontradingmonaco-marine.com\/fr\/#website"},"primaryImageOfPage":{"@id":"https:\/\/uniontradingmonaco-marine.com\/fr\/produit\/projecteurs-xenon-range\/#primaryimage"},"image":{"@id":"https:\/\/uniontradingmonaco-marine.com\/fr\/produit\/projecteurs-xenon-range\/#primaryimage"},"thumbnailUrl":"https:\/\/uniontradingmonaco-marine.com\/fr\/wp-content\/uploads\/sites\/2\/2017\/06\/xenon-range.jpg","datePublished":"2017-06-22T14:19:42+00:00","dateModified":"2017-09-21T13:36:21+00:00","description":"Projecteurs XENON RANGE sont \u00e0 haute puissance... en laiton, acier inoxydable, r\u00e9sistants \u00e0 la corrosion de la mer... excellentes performance d'illumination","breadcrumb":{"@id":"https:\/\/uniontradingmonaco-marine.com\/fr\/produit\/projecteurs-xenon-range\/#breadcrumb"},"inLanguage":"fr-FR","potentialAction":[{"@type":"ReadAction","target":["https:\/\/uniontradingmonaco-marine.com\/fr\/produit\/projecteurs-xenon-range\/"]}]},{"@type":"ImageObject","inLanguage":"fr-FR","@id":"https:\/\/uniontradingmonaco-marine.com\/fr\/produit\/projecteurs-xenon-range\/#primaryimage","url":"https:\/\/uniontradingmonaco-marine.com\/fr\/wp-content\/uploads\/sites\/2\/2017\/06\/xenon-range.jpg","contentUrl":"https:\/\/uniontradingmonaco-marine.com\/fr\/wp-content\/uploads\/sites\/2\/2017\/06\/xenon-range.jpg","width":550,"height":600,"caption":"Projecteurs XENON RANGE"},{"@type":"BreadcrumbList","@id":"https:\/\/uniontradingmonaco-marine.com\/fr\/produit\/projecteurs-xenon-range\/#breadcrumb","itemListElement":[{"@type":"ListItem","position":1,"name":"Accueil","item":"https:\/\/uniontradingmonaco-marine.com\/fr\/"},{"@type":"ListItem","position":2,"name":"Projecteurs XENON RANGE"}]},{"@type":"WebSite","@id":"https:\/\/uniontradingmonaco-marine.com\/fr\/#website","url":"https:\/\/uniontradingmonaco-marine.com\/fr\/","name":"Union Trading Monaco","description":"","publisher":{"@id":"https:\/\/uniontradingmonaco-marine.com\/fr\/#organization"},"potentialAction":[{"@type":"SearchAction","target":{"@type":"EntryPoint","urlTemplate":"https:\/\/uniontradingmonaco-marine.com\/fr\/?s={search_term_string}"},"query-input":{"@type":"PropertyValueSpecification","valueRequired":true,"valueName":"search_term_string"}}],"inLanguage":"fr-FR"},{"@type":"Organization","@id":"https:\/\/uniontradingmonaco-marine.com\/fr\/#organization","name":"Union Trading Monaco","url":"https:\/\/uniontradingmonaco-marine.com\/fr\/","logo":{"@type":"ImageObject","inLanguage":"fr-FR","@id":"https:\/\/uniontradingmonaco-marine.com\/fr\/#\/schema\/logo\/image\/","url":"https:\/\/uniontradingmonaco-marine.com\/fr\/wp-content\/uploads\/sites\/2\/2017\/06\/Logo-UTM-xs.png","contentUrl":"https:\/\/uniontradingmonaco-marine.com\/fr\/wp-content\/uploads\/sites\/2\/2017\/06\/Logo-UTM-xs.png","width":144,"height":113,"caption":"Union Trading Monaco"},"image":{"@id":"https:\/\/uniontradingmonaco-marine.com\/fr\/#\/schema\/logo\/image\/"},"sameAs":["https:\/\/www.linkedin.com\/company\/union-trading-monaco\/"]}]}},"_links":{"self":[{"href":"https:\/\/uniontradingmonaco-marine.com\/fr\/wp-json\/wp\/v2\/product\/324","targetHints":{"allow":["GET"]}}],"collection":[{"href":"https:\/\/uniontradingmonaco-marine.com\/fr\/wp-json\/wp\/v2\/product"}],"about":[{"href":"https:\/\/uniontradingmonaco-marine.com\/fr\/wp-json\/wp\/v2\/types\/product"}],"wp:featuredmedia":[{"embeddable":true,"href":"https:\/\/uniontradingmonaco-marine.com\/fr\/wp-json\/wp\/v2\/media\/327"}],"wp:attachment":[{"href":"https:\/\/uniontradingmonaco-marine.com\/fr\/wp-json\/wp\/v2\/media?parent=324"}],"wp:term":[{"taxonomy":"product_brand","embeddable":true,"href":"https:\/\/uniontradingmonaco-marine.com\/fr\/wp-json\/wp\/v2\/product_brand?post=324"},{"taxonomy":"product_cat","embeddable":true,"href":"https:\/\/uniontradingmonaco-marine.com\/fr\/wp-json\/wp\/v2\/product_cat?post=324"},{"taxonomy":"product_tag","embeddable":true,"href":"https:\/\/uniontradingmonaco-marine.com\/fr\/wp-json\/wp\/v2\/product_tag?post=324"}],"curies":[{"name":"wp","href":"https:\/\/api.w.org\/{rel}","templated":true}]}}