{"id":329,"date":"2017-06-22T18:04:35","date_gmt":"2017-06-22T16:04:35","guid":{"rendered":"http:\/\/uniontradingmonaco-marine.com\/fr\/?post_type=product&#038;p=329"},"modified":"2017-09-21T15:35:54","modified_gmt":"2017-09-21T13:35:54","slug":"projecteurs-fr-range","status":"publish","type":"product","link":"https:\/\/uniontradingmonaco-marine.com\/fr\/produit\/projecteurs-fr-range\/","title":{"rendered":"Projecteurs FR RANGE"},"content":{"rendered":"<h2>Dans l\u2019obscurit\u00e9, les vies d\u00e9pendent de la fiabilit\u00e9 et rapidit\u00e9 de l\u2019\u00e9quipements d&rsquo;illumination<\/h2>\n<p>A l&rsquo;aide des Projecteurs FR RANGE, Francis Searchlights offre la gamme la plus compl\u00e8te de luminaires avec options de contr\u00f4le manuel ou \u00e0 distance. Gr\u00e2ce \u00e0 la haute puissances des sources lumineuses, l&#8217;embarcation suspecte peut \u00eatre enti\u00e8rement illumin\u00e9e, identifi\u00e9e rapidement et, au besoin, des mesures d&rsquo;intervention peuvent \u00eatre prises imm\u00e9diatement. L&rsquo;intencit\u00e9 du rayon lumineux du projecteur \u00e9blouit les malfaiteurs et les rend inoffensifs.<\/p>\n<h5>Les Projeteurs FR RANGE, forment la gamme Premium de projecteurs halog\u00e8ne. Ils sont fabriqu\u00e9s en laiton selon des sp\u00e9cifications traditionnelles de haute qualit\u00e9.<\/h5>\n<p>Les Projecteurs FR RANGE sont disponibles dans une<strong> gamme de diam\u00e8tres allant de 230 mm \u00e0 560 mm<\/strong>. Ces unit\u00e9s\u00a0sont fournis avec des <strong>lampes halog\u00e8ne allant de 100 W \u00e0 2 kW \u00e0 haute et basse tension<\/strong>. Il est possible de choisir entre un\u00a0<strong>syst\u00e8me de contr\u00f4le \u00e0 distance ou en cabine<\/strong>. De plus, en options, les<strong> fixation au pont<\/strong> sont disponibles. Tous ces d\u00e9tails doivent \u00eatre pr\u00e9cis\u00e9s au moment m\u00eame de la commande.<\/p>\n<div class=\"rightcol\"><\/div>\n<!-- AddThis Advanced Settings generic via filter on the_content --><!-- AddThis Share Buttons generic via filter on the_content -->","protected":false},"excerpt":{"rendered":"<h2>Les Projeteurs FR RANGE, gamme Premium de projecteurs halog\u00e8ne,\u00a0fabriqu\u00e9s en laiton selon des sp\u00e9cifications traditionnelles de haute qualit\u00e9.<\/h2>\n<p>Les Projecteur FR RANGE montent une lampe halog\u00e8ne \u00e0 haute et basse tension. Les unit\u00e9s sont\u00a0disponibles dans une\u00a0grande gamme de diam\u00e8tres. Il est possible de choisir entre un\u00a0syst\u00e8me de contr\u00f4le \u00e0 distance ou en cabine. De plus, en options, les fixation au pont sont disponibles. Tous ces d\u00e9tails doivent \u00eatre pr\u00e9cis\u00e9s au moment m\u00eame de la commande.<!-- AddThis Advanced Settings generic via filter on get_the_excerpt --><!-- AddThis Share Buttons generic via filter on get_the_excerpt --><\/p>\n","protected":false},"featured_media":90,"template":"","meta":[],"product_brand":[],"product_cat":[20],"product_tag":[],"class_list":{"0":"post-329","1":"product","2":"type-product","3":"status-publish","4":"has-post-thumbnail","6":"product_cat-illuminations","7":"has-thumb","9":"first","10":"instock","11":"shipping-taxable","12":"product-type-simple"},"yoast_head":"<!-- This site is optimized with the Yoast SEO plugin v27.2 - https:\/\/yoast.com\/product\/yoast-seo-wordpress\/ -->\n<title>Projecteurs FR RANGE - Union Trading Monaco<\/title>\n<meta name=\"description\" content=\"Les Projecteurs FR RANGE, gamme Premium de projecteurs halog\u00e8ne, fabriqu\u00e9s en laiton... sp\u00e9cifications de haute qualit\u00e9.\u00a0Diff\u00e9rentes dimensions disponibles\" \/>\n<meta name=\"robots\" content=\"index, follow, max-snippet:-1, max-image-preview:large, max-video-preview:-1\" \/>\n<link rel=\"canonical\" href=\"https:\/\/uniontradingmonaco-marine.com\/fr\/produit\/projecteurs-fr-range\/\" \/>\n<meta property=\"og:locale\" content=\"fr_FR\" \/>\n<meta property=\"og:type\" content=\"article\" \/>\n<meta property=\"og:title\" content=\"Projecteurs FR RANGE - Union Trading Monaco\" \/>\n<meta property=\"og:description\" content=\"Les Projecteurs FR RANGE, gamme Premium de projecteurs halog\u00e8ne, fabriqu\u00e9s en laiton... sp\u00e9cifications de haute qualit\u00e9.\u00a0Diff\u00e9rentes dimensions disponibles\" \/>\n<meta property=\"og:url\" content=\"https:\/\/uniontradingmonaco-marine.com\/fr\/produit\/projecteurs-fr-range\/\" \/>\n<meta property=\"og:site_name\" content=\"Union Trading Monaco\" \/>\n<meta property=\"article:modified_time\" content=\"2017-09-21T13:35:54+00:00\" \/>\n<meta property=\"og:image\" content=\"https:\/\/uniontradingmonaco-marine.com\/fr\/wp-content\/uploads\/sites\/2\/2017\/05\/frrange.jpg\" \/>\n\t<meta property=\"og:image:width\" content=\"550\" \/>\n\t<meta property=\"og:image:height\" content=\"600\" \/>\n\t<meta property=\"og:image:type\" content=\"image\/jpeg\" \/>\n<meta name=\"twitter:card\" content=\"summary_large_image\" \/>\n<meta name=\"twitter:label1\" content=\"Dur\u00e9e de lecture estim\u00e9e\" \/>\n\t<meta name=\"twitter:data1\" content=\"1 minute\" \/>\n<!-- \/ Yoast SEO plugin. -->","yoast_head_json":{"title":"Projecteurs FR RANGE - Union Trading Monaco","description":"Les Projecteurs FR RANGE, gamme Premium de projecteurs halog\u00e8ne, fabriqu\u00e9s en laiton... sp\u00e9cifications de haute qualit\u00e9.\u00a0Diff\u00e9rentes dimensions disponibles","robots":{"index":"index","follow":"follow","max-snippet":"max-snippet:-1","max-image-preview":"max-image-preview:large","max-video-preview":"max-video-preview:-1"},"canonical":"https:\/\/uniontradingmonaco-marine.com\/fr\/produit\/projecteurs-fr-range\/","og_locale":"fr_FR","og_type":"article","og_title":"Projecteurs FR RANGE - Union Trading Monaco","og_description":"Les Projecteurs FR RANGE, gamme Premium de projecteurs halog\u00e8ne, fabriqu\u00e9s en laiton... sp\u00e9cifications de haute qualit\u00e9.\u00a0Diff\u00e9rentes dimensions disponibles","og_url":"https:\/\/uniontradingmonaco-marine.com\/fr\/produit\/projecteurs-fr-range\/","og_site_name":"Union Trading Monaco","article_modified_time":"2017-09-21T13:35:54+00:00","og_image":[{"width":550,"height":600,"url":"https:\/\/uniontradingmonaco-marine.com\/fr\/wp-content\/uploads\/sites\/2\/2017\/05\/frrange.jpg","type":"image\/jpeg"}],"twitter_card":"summary_large_image","twitter_misc":{"Dur\u00e9e de lecture estim\u00e9e":"1 minute"},"schema":{"@context":"https:\/\/schema.org","@graph":[{"@type":"WebPage","@id":"https:\/\/uniontradingmonaco-marine.com\/fr\/produit\/projecteurs-fr-range\/","url":"https:\/\/uniontradingmonaco-marine.com\/fr\/produit\/projecteurs-fr-range\/","name":"Projecteurs FR RANGE - Union Trading Monaco","isPartOf":{"@id":"https:\/\/uniontradingmonaco-marine.com\/fr\/#website"},"primaryImageOfPage":{"@id":"https:\/\/uniontradingmonaco-marine.com\/fr\/produit\/projecteurs-fr-range\/#primaryimage"},"image":{"@id":"https:\/\/uniontradingmonaco-marine.com\/fr\/produit\/projecteurs-fr-range\/#primaryimage"},"thumbnailUrl":"https:\/\/uniontradingmonaco-marine.com\/fr\/wp-content\/uploads\/sites\/2\/2017\/05\/frrange.jpg","datePublished":"2017-06-22T16:04:35+00:00","dateModified":"2017-09-21T13:35:54+00:00","description":"Les Projecteurs FR RANGE, gamme Premium de projecteurs halog\u00e8ne, fabriqu\u00e9s en laiton... sp\u00e9cifications de haute qualit\u00e9.\u00a0Diff\u00e9rentes dimensions disponibles","breadcrumb":{"@id":"https:\/\/uniontradingmonaco-marine.com\/fr\/produit\/projecteurs-fr-range\/#breadcrumb"},"inLanguage":"fr-FR","potentialAction":[{"@type":"ReadAction","target":["https:\/\/uniontradingmonaco-marine.com\/fr\/produit\/projecteurs-fr-range\/"]}]},{"@type":"ImageObject","inLanguage":"fr-FR","@id":"https:\/\/uniontradingmonaco-marine.com\/fr\/produit\/projecteurs-fr-range\/#primaryimage","url":"https:\/\/uniontradingmonaco-marine.com\/fr\/wp-content\/uploads\/sites\/2\/2017\/05\/frrange.jpg","contentUrl":"https:\/\/uniontradingmonaco-marine.com\/fr\/wp-content\/uploads\/sites\/2\/2017\/05\/frrange.jpg","width":550,"height":600,"caption":"Projecteurs FR RANGE"},{"@type":"BreadcrumbList","@id":"https:\/\/uniontradingmonaco-marine.com\/fr\/produit\/projecteurs-fr-range\/#breadcrumb","itemListElement":[{"@type":"ListItem","position":1,"name":"Accueil","item":"https:\/\/uniontradingmonaco-marine.com\/fr\/"},{"@type":"ListItem","position":2,"name":"Projecteurs FR RANGE"}]},{"@type":"WebSite","@id":"https:\/\/uniontradingmonaco-marine.com\/fr\/#website","url":"https:\/\/uniontradingmonaco-marine.com\/fr\/","name":"Union Trading Monaco","description":"","publisher":{"@id":"https:\/\/uniontradingmonaco-marine.com\/fr\/#organization"},"potentialAction":[{"@type":"SearchAction","target":{"@type":"EntryPoint","urlTemplate":"https:\/\/uniontradingmonaco-marine.com\/fr\/?s={search_term_string}"},"query-input":{"@type":"PropertyValueSpecification","valueRequired":true,"valueName":"search_term_string"}}],"inLanguage":"fr-FR"},{"@type":"Organization","@id":"https:\/\/uniontradingmonaco-marine.com\/fr\/#organization","name":"Union Trading Monaco","url":"https:\/\/uniontradingmonaco-marine.com\/fr\/","logo":{"@type":"ImageObject","inLanguage":"fr-FR","@id":"https:\/\/uniontradingmonaco-marine.com\/fr\/#\/schema\/logo\/image\/","url":"https:\/\/uniontradingmonaco-marine.com\/fr\/wp-content\/uploads\/sites\/2\/2017\/06\/Logo-UTM-xs.png","contentUrl":"https:\/\/uniontradingmonaco-marine.com\/fr\/wp-content\/uploads\/sites\/2\/2017\/06\/Logo-UTM-xs.png","width":144,"height":113,"caption":"Union Trading Monaco"},"image":{"@id":"https:\/\/uniontradingmonaco-marine.com\/fr\/#\/schema\/logo\/image\/"},"sameAs":["https:\/\/www.linkedin.com\/company\/union-trading-monaco\/"]}]}},"_links":{"self":[{"href":"https:\/\/uniontradingmonaco-marine.com\/fr\/wp-json\/wp\/v2\/product\/329","targetHints":{"allow":["GET"]}}],"collection":[{"href":"https:\/\/uniontradingmonaco-marine.com\/fr\/wp-json\/wp\/v2\/product"}],"about":[{"href":"https:\/\/uniontradingmonaco-marine.com\/fr\/wp-json\/wp\/v2\/types\/product"}],"wp:featuredmedia":[{"embeddable":true,"href":"https:\/\/uniontradingmonaco-marine.com\/fr\/wp-json\/wp\/v2\/media\/90"}],"wp:attachment":[{"href":"https:\/\/uniontradingmonaco-marine.com\/fr\/wp-json\/wp\/v2\/media?parent=329"}],"wp:term":[{"taxonomy":"product_brand","embeddable":true,"href":"https:\/\/uniontradingmonaco-marine.com\/fr\/wp-json\/wp\/v2\/product_brand?post=329"},{"taxonomy":"product_cat","embeddable":true,"href":"https:\/\/uniontradingmonaco-marine.com\/fr\/wp-json\/wp\/v2\/product_cat?post=329"},{"taxonomy":"product_tag","embeddable":true,"href":"https:\/\/uniontradingmonaco-marine.com\/fr\/wp-json\/wp\/v2\/product_tag?post=329"}],"curies":[{"name":"wp","href":"https:\/\/api.w.org\/{rel}","templated":true}]}}