{"id":330,"date":"2017-06-22T19:09:44","date_gmt":"2017-06-22T17:09:44","guid":{"rendered":"http:\/\/uniontradingmonaco-marine.com\/fr\/?post_type=product&#038;p=330"},"modified":"2017-09-21T15:35:21","modified_gmt":"2017-09-21T13:35:21","slug":"projecteurs-metal-halide-range","status":"publish","type":"product","link":"https:\/\/uniontradingmonaco-marine.com\/fr\/produit\/projecteurs-metal-halide-range\/","title":{"rendered":"Projecteurs METAL HALIDE RANGE"},"content":{"rendered":"<h2>Dans l\u2019obscurit\u00e9, les vies d\u00e9pendent de la fiabilit\u00e9 et rapidit\u00e9 de l\u2019\u00e9quipements d&rsquo;illumination<\/h2>\n<p>A l&rsquo;aide des Projecteurs METAL HALIDE RANGE, Francis Searchlights offre la gamme la plus compl\u00e8te de luminaires avec options de contr\u00f4le manuel ou \u00e0 distance. Gr\u00e2ce \u00e0 la haute puissances des sources lumineuses, l&#8217;embarcation suspecte peut \u00eatre enti\u00e8rement illumin\u00e9e, identifi\u00e9e rapidement et, au besoin, des mesures d&rsquo;intervention peuvent \u00eatre prises imm\u00e9diatement. L&rsquo;intencit\u00e9 du rayon lumineux du projecteur \u00e9blouit les malfaiteurs et les rend inoffensifs.<\/p>\n<h5>Les projecteurs METAL HALIDE RANGE, aux halog\u00e9nures m\u00e9talliques, sont \u00e0 forte puissance. Ils sont produits en laiton. Ils offrent d&rsquo;excellentes performances de sortie de lumi\u00e8re \u00e0 un moindre\u00a0co\u00fbt\u00a0par rapport la gamme Xenon. Leur puissance est d&rsquo;environ 15 fois plus forte qu&rsquo;une lampe halog\u00e8ne\u00a0traditionnelle\u00a0et d&rsquo;environ la moiti\u00e9 que celles au Xenon. Ce produit est un m\u00e9lange parfait de performance et rentabilit\u00e9.<\/h5>\n<p>Les projecteurs METAL HALIDE RANGE sont disponibles dans une gamme de <strong>diam\u00e8tres allant de 230mm de diam\u00e8tre \u00e0 560mm<\/strong>. Ces unit\u00e9s\u00a0sont fournis avec des\u00a0<strong>lampes allant de 70W \u00e0 2500W<\/strong> de puissance.<\/p>\n<p>Il est possible de choisir entre un\u00a0<strong>syst\u00e8me de contr\u00f4le par\u00a0t\u00e9l\u00e9commande ou par cabine de pilotage<\/strong>. De plus, en options, les<strong> fixation au pont<\/strong> sont disponibles. Tous ces d\u00e9tails doivent \u00eatre pr\u00e9cis\u00e9s au moment m\u00eame de la commande.<\/p>\n<!-- AddThis Advanced Settings generic via filter on the_content --><!-- AddThis Share Buttons generic via filter on the_content -->","protected":false},"excerpt":{"rendered":"<h2>Les projecteurs METAL HALIDE RANGE \u00e0 forte puissance. Le\u00a0m\u00e9lange parfait de performance et rentabilit\u00e9<\/h2>\n<p>Les projecteurs METAL HALIDE RANGE, aux halog\u00e9nures m\u00e9talliques,\u00a0sont \u00e0 forte puissance. Ils sont produits en laiton. Ils offrent d&rsquo;excellentes performances de sortie de lumi\u00e8re \u00e0 un moindre\u00a0co\u00fbt\u00a0par rapport la gamme Xenon.\u00a0Ces unit\u00e9s sont disponibles dans une grande gamme de diam\u00e8tres et de puissance de lampe.\u00a0Il est possible de choisir entre un\u00a0syst\u00e8me de contr\u00f4le par\u00a0t\u00e9l\u00e9commande ou par cabine de pilotage. De plus, en options, les fixation au pont sont disponibles.\u00a0 Tous ces d\u00e9tails doivent \u00eatre pr\u00e9cis\u00e9s au moment m\u00eame de la commande.<!-- AddThis Advanced Settings generic via filter on get_the_excerpt --><!-- AddThis Share Buttons generic via filter on get_the_excerpt --><\/p>\n","protected":false},"featured_media":334,"template":"","meta":[],"product_brand":[],"product_cat":[20],"product_tag":[],"class_list":{"0":"post-330","1":"product","2":"type-product","3":"status-publish","4":"has-post-thumbnail","6":"product_cat-illuminations","7":"has-thumb","9":"first","10":"instock","11":"shipping-taxable","12":"product-type-simple"},"yoast_head":"<!-- This site is optimized with the Yoast SEO plugin v27.4 - https:\/\/yoast.com\/product\/yoast-seo-wordpress\/ -->\n<title>Projecteurs METAL HALIDE RANGE - Union Trading Monaco<\/title>\n<meta name=\"description\" content=\"Les projecteurs METAL HALIDE RANGE en laiton, excellentes performances \u00e0 un moindre\u00a0co\u00fbt\u00a0par rapport la gamme Xenon... M\u00e9lange de performance et rentabilit\u00e9\" \/>\n<meta name=\"robots\" content=\"index, follow, max-snippet:-1, max-image-preview:large, max-video-preview:-1\" \/>\n<link rel=\"canonical\" href=\"https:\/\/uniontradingmonaco-marine.com\/fr\/produit\/projecteurs-metal-halide-range\/\" \/>\n<meta property=\"og:locale\" content=\"fr_FR\" \/>\n<meta property=\"og:type\" content=\"article\" \/>\n<meta property=\"og:title\" content=\"Projecteurs METAL HALIDE RANGE - Union Trading Monaco\" \/>\n<meta property=\"og:description\" content=\"Les projecteurs METAL HALIDE RANGE en laiton, excellentes performances \u00e0 un moindre\u00a0co\u00fbt\u00a0par rapport la gamme Xenon... M\u00e9lange de performance et rentabilit\u00e9\" \/>\n<meta property=\"og:url\" content=\"https:\/\/uniontradingmonaco-marine.com\/fr\/produit\/projecteurs-metal-halide-range\/\" \/>\n<meta property=\"og:site_name\" content=\"Union Trading Monaco\" \/>\n<meta property=\"article:modified_time\" content=\"2017-09-21T13:35:21+00:00\" \/>\n<meta property=\"og:image\" content=\"https:\/\/uniontradingmonaco-marine.com\/fr\/wp-content\/uploads\/sites\/2\/2017\/06\/metalhalide-range.jpg\" \/>\n\t<meta property=\"og:image:width\" content=\"200\" \/>\n\t<meta property=\"og:image:height\" content=\"296\" \/>\n\t<meta property=\"og:image:type\" content=\"image\/jpeg\" \/>\n<meta name=\"twitter:card\" content=\"summary_large_image\" \/>\n<meta name=\"twitter:label1\" content=\"Dur\u00e9e de lecture estim\u00e9e\" \/>\n\t<meta name=\"twitter:data1\" content=\"1 minute\" \/>\n<!-- \/ Yoast SEO plugin. -->","yoast_head_json":{"title":"Projecteurs METAL HALIDE RANGE - Union Trading Monaco","description":"Les projecteurs METAL HALIDE RANGE en laiton, excellentes performances \u00e0 un moindre\u00a0co\u00fbt\u00a0par rapport la gamme Xenon... M\u00e9lange de performance et rentabilit\u00e9","robots":{"index":"index","follow":"follow","max-snippet":"max-snippet:-1","max-image-preview":"max-image-preview:large","max-video-preview":"max-video-preview:-1"},"canonical":"https:\/\/uniontradingmonaco-marine.com\/fr\/produit\/projecteurs-metal-halide-range\/","og_locale":"fr_FR","og_type":"article","og_title":"Projecteurs METAL HALIDE RANGE - Union Trading Monaco","og_description":"Les projecteurs METAL HALIDE RANGE en laiton, excellentes performances \u00e0 un moindre\u00a0co\u00fbt\u00a0par rapport la gamme Xenon... M\u00e9lange de performance et rentabilit\u00e9","og_url":"https:\/\/uniontradingmonaco-marine.com\/fr\/produit\/projecteurs-metal-halide-range\/","og_site_name":"Union Trading Monaco","article_modified_time":"2017-09-21T13:35:21+00:00","og_image":[{"width":200,"height":296,"url":"https:\/\/uniontradingmonaco-marine.com\/fr\/wp-content\/uploads\/sites\/2\/2017\/06\/metalhalide-range.jpg","type":"image\/jpeg"}],"twitter_card":"summary_large_image","twitter_misc":{"Dur\u00e9e de lecture estim\u00e9e":"1 minute"},"schema":{"@context":"https:\/\/schema.org","@graph":[{"@type":"WebPage","@id":"https:\/\/uniontradingmonaco-marine.com\/fr\/produit\/projecteurs-metal-halide-range\/","url":"https:\/\/uniontradingmonaco-marine.com\/fr\/produit\/projecteurs-metal-halide-range\/","name":"Projecteurs METAL HALIDE RANGE - Union Trading Monaco","isPartOf":{"@id":"https:\/\/uniontradingmonaco-marine.com\/fr\/#website"},"primaryImageOfPage":{"@id":"https:\/\/uniontradingmonaco-marine.com\/fr\/produit\/projecteurs-metal-halide-range\/#primaryimage"},"image":{"@id":"https:\/\/uniontradingmonaco-marine.com\/fr\/produit\/projecteurs-metal-halide-range\/#primaryimage"},"thumbnailUrl":"https:\/\/uniontradingmonaco-marine.com\/fr\/wp-content\/uploads\/sites\/2\/2017\/06\/metalhalide-range.jpg","datePublished":"2017-06-22T17:09:44+00:00","dateModified":"2017-09-21T13:35:21+00:00","description":"Les projecteurs METAL HALIDE RANGE en laiton, excellentes performances \u00e0 un moindre\u00a0co\u00fbt\u00a0par rapport la gamme Xenon... M\u00e9lange de performance et rentabilit\u00e9","breadcrumb":{"@id":"https:\/\/uniontradingmonaco-marine.com\/fr\/produit\/projecteurs-metal-halide-range\/#breadcrumb"},"inLanguage":"fr-FR","potentialAction":[{"@type":"ReadAction","target":["https:\/\/uniontradingmonaco-marine.com\/fr\/produit\/projecteurs-metal-halide-range\/"]}]},{"@type":"ImageObject","inLanguage":"fr-FR","@id":"https:\/\/uniontradingmonaco-marine.com\/fr\/produit\/projecteurs-metal-halide-range\/#primaryimage","url":"https:\/\/uniontradingmonaco-marine.com\/fr\/wp-content\/uploads\/sites\/2\/2017\/06\/metalhalide-range.jpg","contentUrl":"https:\/\/uniontradingmonaco-marine.com\/fr\/wp-content\/uploads\/sites\/2\/2017\/06\/metalhalide-range.jpg","width":200,"height":296,"caption":"Projecteurs METAL HALIDE RANGE"},{"@type":"BreadcrumbList","@id":"https:\/\/uniontradingmonaco-marine.com\/fr\/produit\/projecteurs-metal-halide-range\/#breadcrumb","itemListElement":[{"@type":"ListItem","position":1,"name":"Accueil","item":"https:\/\/uniontradingmonaco-marine.com\/fr\/"},{"@type":"ListItem","position":2,"name":"Projecteurs METAL HALIDE RANGE"}]},{"@type":"WebSite","@id":"https:\/\/uniontradingmonaco-marine.com\/fr\/#website","url":"https:\/\/uniontradingmonaco-marine.com\/fr\/","name":"Union Trading Monaco","description":"","publisher":{"@id":"https:\/\/uniontradingmonaco-marine.com\/fr\/#organization"},"potentialAction":[{"@type":"SearchAction","target":{"@type":"EntryPoint","urlTemplate":"https:\/\/uniontradingmonaco-marine.com\/fr\/?s={search_term_string}"},"query-input":{"@type":"PropertyValueSpecification","valueRequired":true,"valueName":"search_term_string"}}],"inLanguage":"fr-FR"},{"@type":"Organization","@id":"https:\/\/uniontradingmonaco-marine.com\/fr\/#organization","name":"Union Trading Monaco","url":"https:\/\/uniontradingmonaco-marine.com\/fr\/","logo":{"@type":"ImageObject","inLanguage":"fr-FR","@id":"https:\/\/uniontradingmonaco-marine.com\/fr\/#\/schema\/logo\/image\/","url":"https:\/\/uniontradingmonaco-marine.com\/fr\/wp-content\/uploads\/sites\/2\/2017\/06\/Logo-UTM-xs.png","contentUrl":"https:\/\/uniontradingmonaco-marine.com\/fr\/wp-content\/uploads\/sites\/2\/2017\/06\/Logo-UTM-xs.png","width":144,"height":113,"caption":"Union Trading Monaco"},"image":{"@id":"https:\/\/uniontradingmonaco-marine.com\/fr\/#\/schema\/logo\/image\/"},"sameAs":["https:\/\/www.linkedin.com\/company\/union-trading-monaco\/"]}]}},"_links":{"self":[{"href":"https:\/\/uniontradingmonaco-marine.com\/fr\/wp-json\/wp\/v2\/product\/330","targetHints":{"allow":["GET"]}}],"collection":[{"href":"https:\/\/uniontradingmonaco-marine.com\/fr\/wp-json\/wp\/v2\/product"}],"about":[{"href":"https:\/\/uniontradingmonaco-marine.com\/fr\/wp-json\/wp\/v2\/types\/product"}],"wp:featuredmedia":[{"embeddable":true,"href":"https:\/\/uniontradingmonaco-marine.com\/fr\/wp-json\/wp\/v2\/media\/334"}],"wp:attachment":[{"href":"https:\/\/uniontradingmonaco-marine.com\/fr\/wp-json\/wp\/v2\/media?parent=330"}],"wp:term":[{"taxonomy":"product_brand","embeddable":true,"href":"https:\/\/uniontradingmonaco-marine.com\/fr\/wp-json\/wp\/v2\/product_brand?post=330"},{"taxonomy":"product_cat","embeddable":true,"href":"https:\/\/uniontradingmonaco-marine.com\/fr\/wp-json\/wp\/v2\/product_cat?post=330"},{"taxonomy":"product_tag","embeddable":true,"href":"https:\/\/uniontradingmonaco-marine.com\/fr\/wp-json\/wp\/v2\/product_tag?post=330"}],"curies":[{"name":"wp","href":"https:\/\/api.w.org\/{rel}","templated":true}]}}