{"id":336,"date":"2017-06-26T18:36:29","date_gmt":"2017-06-26T16:36:29","guid":{"rendered":"http:\/\/uniontradingmonaco-marine.com\/fr\/?post_type=product&#038;p=336"},"modified":"2017-09-21T15:34:50","modified_gmt":"2017-09-21T13:34:50","slug":"projecteurs-searchlight-canal-de-suez","status":"publish","type":"product","link":"https:\/\/uniontradingmonaco-marine.com\/fr\/produit\/projecteurs-searchlight-canal-de-suez\/","title":{"rendered":"Projecteurs SEARCHLIGHT CANAL DE SUEZ"},"content":{"rendered":"<h2>Dans l\u2019obscurit\u00e9, les vies d\u00e9pendent de la fiabilit\u00e9 et rapidit\u00e9 de l\u2019\u00e9quipements d&rsquo;illumination<\/h2>\n<p>A l&rsquo;aide des Projecteurs\u00a0SEARCHLIGHT CANAL DE SUEZ, Francis Searchlights offre la gamme la plus compl\u00e8te de luminaires avec options de contr\u00f4le manuel ou \u00e0 distance. Gr\u00e2ce \u00e0 la haute puissances des sources lumineuses, l&#8217;embarcation suspecte peut \u00eatre enti\u00e8rement illumin\u00e9e, identifi\u00e9e rapidement et, au besoin, des mesures d&rsquo;intervention peuvent \u00eatre prises imm\u00e9diatement. L&rsquo;intencit\u00e9 du rayon lumineux du projecteur \u00e9blouit les malfaiteurs et les rend inoffensifs.<\/p>\n<h5>Les Projecteurs\u00a0SEARCHLIGHT CANAL DE SUEZ sont agr\u00e9\u00e9s pour la navigation \u00e0 travers le Canal omonime.<\/h5>\n<p>Projecteurs\u00a0SEARCHLIGHT CANAL DE SUEZ sont requis pour une navigation s\u00fbre et aux normes dans ces eaux. Ces unit\u00e9s sont <strong>fabriqu\u00e9es en aluminium<\/strong> pour leur donner le plus de\u00a0l\u00e9g\u00e8ret\u00e9. Elles sont munies d&rsquo;un <strong>double miroir et de double lampes. <\/strong>Ce d\u00e9tail permet de\u00a0faciliter le remplacement des lampes-m\u00eames. Les Projecteurs\u00a0SEARCHLIGHT CANAL DE SUEZ sont disponibles en <strong>deux mod\u00e8les. \u00a0Une version dot\u00e9e d&rsquo;une lampe aux halog\u00e9nures m\u00e9talliques de 380 mm. Une version 710 mm 3 kW.<\/strong>\u00a0Pens\u00e9 pour r\u00e9pondre de mani\u00e8re plus compl\u00e8te \u00e0 vos besoins.<\/p>\n<!-- AddThis Advanced Settings generic via filter on the_content --><!-- AddThis Share Buttons generic via filter on the_content -->","protected":false},"excerpt":{"rendered":"<h2><strong>Les Projecteurs SEARCHLIGHT CANAL DE SUEZ\u00a0sont agr\u00e9es pour la navigation \u00e0 travers le Canal omonime<\/strong><\/h2>\n<p>Projecteurs\u00a0SEARCHLIGHT CANAL DE SUEZ sont requis pour une navigation s\u00fbre et aux normes dans ses eaux. Ces unit\u00e9s sont <strong>fabriqu\u00e9es en aluminium<\/strong> pour leur donner le plus de\u00a0l\u00e9g\u00e8ret\u00e9 possible. Les\u00a0Projecteurs\u00a0SEARCHLIGHT CANAL DE SUEZ\u00a0sont munis d&rsquo;un <strong>double miroir et de double lampes<\/strong>, pour faciliter le remplacement des lampes-m\u00eames.<!-- AddThis Advanced Settings generic via filter on get_the_excerpt --><!-- AddThis Share Buttons generic via filter on get_the_excerpt --><\/p>\n","protected":false},"featured_media":356,"template":"","meta":[],"product_brand":[],"product_cat":[20],"product_tag":[],"class_list":{"0":"post-336","1":"product","2":"type-product","3":"status-publish","4":"has-post-thumbnail","6":"product_cat-illuminations","7":"has-thumb","9":"first","10":"instock","11":"shipping-taxable","12":"product-type-simple"},"yoast_head":"<!-- This site is optimized with the Yoast SEO plugin v27.3 - https:\/\/yoast.com\/product\/yoast-seo-wordpress\/ -->\n<title>Projecteurs SEARCHLIGHT CANAL DE SUEZ - Union Trading Monaco<\/title>\n<meta name=\"description\" content=\"Projecteurs\u00a0SEARCHLIGHT CANAL DE SUEZ agr\u00e9es pour la navigation le long du Canal omonime, fabriqu\u00e9s en aluminium, munis de double miroir et de double lampes\" \/>\n<meta name=\"robots\" content=\"index, follow, max-snippet:-1, max-image-preview:large, max-video-preview:-1\" \/>\n<link rel=\"canonical\" href=\"https:\/\/uniontradingmonaco-marine.com\/fr\/produit\/projecteurs-searchlight-canal-de-suez\/\" \/>\n<meta property=\"og:locale\" content=\"fr_FR\" \/>\n<meta property=\"og:type\" content=\"article\" \/>\n<meta property=\"og:title\" content=\"Projecteurs SEARCHLIGHT CANAL DE SUEZ - Union Trading Monaco\" \/>\n<meta property=\"og:description\" content=\"Projecteurs\u00a0SEARCHLIGHT CANAL DE SUEZ agr\u00e9es pour la navigation le long du Canal omonime, fabriqu\u00e9s en aluminium, munis de double miroir et de double lampes\" \/>\n<meta property=\"og:url\" content=\"https:\/\/uniontradingmonaco-marine.com\/fr\/produit\/projecteurs-searchlight-canal-de-suez\/\" \/>\n<meta property=\"og:site_name\" content=\"Union Trading Monaco\" \/>\n<meta property=\"article:modified_time\" content=\"2017-09-21T13:34:50+00:00\" \/>\n<meta property=\"og:image\" content=\"https:\/\/uniontradingmonaco-marine.com\/fr\/wp-content\/uploads\/sites\/2\/2017\/06\/suez.jpg\" \/>\n\t<meta property=\"og:image:width\" content=\"550\" \/>\n\t<meta property=\"og:image:height\" content=\"600\" \/>\n\t<meta property=\"og:image:type\" content=\"image\/jpeg\" \/>\n<meta name=\"twitter:card\" content=\"summary_large_image\" \/>\n<meta name=\"twitter:label1\" content=\"Dur\u00e9e de lecture estim\u00e9e\" \/>\n\t<meta name=\"twitter:data1\" content=\"1 minute\" \/>\n<!-- \/ Yoast SEO plugin. -->","yoast_head_json":{"title":"Projecteurs SEARCHLIGHT CANAL DE SUEZ - Union Trading Monaco","description":"Projecteurs\u00a0SEARCHLIGHT CANAL DE SUEZ agr\u00e9es pour la navigation le long du Canal omonime, fabriqu\u00e9s en aluminium, munis de double miroir et de double lampes","robots":{"index":"index","follow":"follow","max-snippet":"max-snippet:-1","max-image-preview":"max-image-preview:large","max-video-preview":"max-video-preview:-1"},"canonical":"https:\/\/uniontradingmonaco-marine.com\/fr\/produit\/projecteurs-searchlight-canal-de-suez\/","og_locale":"fr_FR","og_type":"article","og_title":"Projecteurs SEARCHLIGHT CANAL DE SUEZ - Union Trading Monaco","og_description":"Projecteurs\u00a0SEARCHLIGHT CANAL DE SUEZ agr\u00e9es pour la navigation le long du Canal omonime, fabriqu\u00e9s en aluminium, munis de double miroir et de double lampes","og_url":"https:\/\/uniontradingmonaco-marine.com\/fr\/produit\/projecteurs-searchlight-canal-de-suez\/","og_site_name":"Union Trading Monaco","article_modified_time":"2017-09-21T13:34:50+00:00","og_image":[{"width":550,"height":600,"url":"https:\/\/uniontradingmonaco-marine.com\/fr\/wp-content\/uploads\/sites\/2\/2017\/06\/suez.jpg","type":"image\/jpeg"}],"twitter_card":"summary_large_image","twitter_misc":{"Dur\u00e9e de lecture estim\u00e9e":"1 minute"},"schema":{"@context":"https:\/\/schema.org","@graph":[{"@type":"WebPage","@id":"https:\/\/uniontradingmonaco-marine.com\/fr\/produit\/projecteurs-searchlight-canal-de-suez\/","url":"https:\/\/uniontradingmonaco-marine.com\/fr\/produit\/projecteurs-searchlight-canal-de-suez\/","name":"Projecteurs SEARCHLIGHT CANAL DE SUEZ - Union Trading Monaco","isPartOf":{"@id":"https:\/\/uniontradingmonaco-marine.com\/fr\/#website"},"primaryImageOfPage":{"@id":"https:\/\/uniontradingmonaco-marine.com\/fr\/produit\/projecteurs-searchlight-canal-de-suez\/#primaryimage"},"image":{"@id":"https:\/\/uniontradingmonaco-marine.com\/fr\/produit\/projecteurs-searchlight-canal-de-suez\/#primaryimage"},"thumbnailUrl":"https:\/\/uniontradingmonaco-marine.com\/fr\/wp-content\/uploads\/sites\/2\/2017\/06\/suez.jpg","datePublished":"2017-06-26T16:36:29+00:00","dateModified":"2017-09-21T13:34:50+00:00","description":"Projecteurs\u00a0SEARCHLIGHT CANAL DE SUEZ agr\u00e9es pour la navigation le long du Canal omonime, fabriqu\u00e9s en aluminium, munis de double miroir et de double lampes","breadcrumb":{"@id":"https:\/\/uniontradingmonaco-marine.com\/fr\/produit\/projecteurs-searchlight-canal-de-suez\/#breadcrumb"},"inLanguage":"fr-FR","potentialAction":[{"@type":"ReadAction","target":["https:\/\/uniontradingmonaco-marine.com\/fr\/produit\/projecteurs-searchlight-canal-de-suez\/"]}]},{"@type":"ImageObject","inLanguage":"fr-FR","@id":"https:\/\/uniontradingmonaco-marine.com\/fr\/produit\/projecteurs-searchlight-canal-de-suez\/#primaryimage","url":"https:\/\/uniontradingmonaco-marine.com\/fr\/wp-content\/uploads\/sites\/2\/2017\/06\/suez.jpg","contentUrl":"https:\/\/uniontradingmonaco-marine.com\/fr\/wp-content\/uploads\/sites\/2\/2017\/06\/suez.jpg","width":550,"height":600,"caption":"Projecteurs SEARCHLIGHT CANAL DE SUEZ"},{"@type":"BreadcrumbList","@id":"https:\/\/uniontradingmonaco-marine.com\/fr\/produit\/projecteurs-searchlight-canal-de-suez\/#breadcrumb","itemListElement":[{"@type":"ListItem","position":1,"name":"Accueil","item":"https:\/\/uniontradingmonaco-marine.com\/fr\/"},{"@type":"ListItem","position":2,"name":"Projecteurs SEARCHLIGHT CANAL DE SUEZ"}]},{"@type":"WebSite","@id":"https:\/\/uniontradingmonaco-marine.com\/fr\/#website","url":"https:\/\/uniontradingmonaco-marine.com\/fr\/","name":"Union Trading Monaco","description":"","publisher":{"@id":"https:\/\/uniontradingmonaco-marine.com\/fr\/#organization"},"potentialAction":[{"@type":"SearchAction","target":{"@type":"EntryPoint","urlTemplate":"https:\/\/uniontradingmonaco-marine.com\/fr\/?s={search_term_string}"},"query-input":{"@type":"PropertyValueSpecification","valueRequired":true,"valueName":"search_term_string"}}],"inLanguage":"fr-FR"},{"@type":"Organization","@id":"https:\/\/uniontradingmonaco-marine.com\/fr\/#organization","name":"Union Trading Monaco","url":"https:\/\/uniontradingmonaco-marine.com\/fr\/","logo":{"@type":"ImageObject","inLanguage":"fr-FR","@id":"https:\/\/uniontradingmonaco-marine.com\/fr\/#\/schema\/logo\/image\/","url":"https:\/\/uniontradingmonaco-marine.com\/fr\/wp-content\/uploads\/sites\/2\/2017\/06\/Logo-UTM-xs.png","contentUrl":"https:\/\/uniontradingmonaco-marine.com\/fr\/wp-content\/uploads\/sites\/2\/2017\/06\/Logo-UTM-xs.png","width":144,"height":113,"caption":"Union Trading Monaco"},"image":{"@id":"https:\/\/uniontradingmonaco-marine.com\/fr\/#\/schema\/logo\/image\/"},"sameAs":["https:\/\/www.linkedin.com\/company\/union-trading-monaco\/"]}]}},"_links":{"self":[{"href":"https:\/\/uniontradingmonaco-marine.com\/fr\/wp-json\/wp\/v2\/product\/336","targetHints":{"allow":["GET"]}}],"collection":[{"href":"https:\/\/uniontradingmonaco-marine.com\/fr\/wp-json\/wp\/v2\/product"}],"about":[{"href":"https:\/\/uniontradingmonaco-marine.com\/fr\/wp-json\/wp\/v2\/types\/product"}],"wp:featuredmedia":[{"embeddable":true,"href":"https:\/\/uniontradingmonaco-marine.com\/fr\/wp-json\/wp\/v2\/media\/356"}],"wp:attachment":[{"href":"https:\/\/uniontradingmonaco-marine.com\/fr\/wp-json\/wp\/v2\/media?parent=336"}],"wp:term":[{"taxonomy":"product_brand","embeddable":true,"href":"https:\/\/uniontradingmonaco-marine.com\/fr\/wp-json\/wp\/v2\/product_brand?post=336"},{"taxonomy":"product_cat","embeddable":true,"href":"https:\/\/uniontradingmonaco-marine.com\/fr\/wp-json\/wp\/v2\/product_cat?post=336"},{"taxonomy":"product_tag","embeddable":true,"href":"https:\/\/uniontradingmonaco-marine.com\/fr\/wp-json\/wp\/v2\/product_tag?post=336"}],"curies":[{"name":"wp","href":"https:\/\/api.w.org\/{rel}","templated":true}]}}