{"id":358,"date":"2017-06-27T16:44:54","date_gmt":"2017-06-27T14:44:54","guid":{"rendered":"http:\/\/uniontradingmonaco-marine.com\/fr\/?post_type=product&#038;p=358"},"modified":"2017-09-21T15:33:57","modified_gmt":"2017-09-21T13:33:57","slug":"projecteurs-voyager-range","status":"publish","type":"product","link":"https:\/\/uniontradingmonaco-marine.com\/fr\/produit\/projecteurs-voyager-range\/","title":{"rendered":"Projecteurs VOYAGER RANGE"},"content":{"rendered":"<h2>Dans l\u2019obscurit\u00e9, les vies d\u00e9pendent de la fiabilit\u00e9 et rapidit\u00e9 de l\u2019\u00e9quipements d&rsquo;illumination<\/h2>\n<p>A l&rsquo;aide des Projecteurs\u00a0VOYAGER RANGE, Francis Searchlights offre la gamme la plus compl\u00e8te de luminaires avec options de contr\u00f4le manuel ou \u00e0 distance. Gr\u00e2ce \u00e0 la haute puissances des sources lumineuses, l&#8217;embarcation suspecte peut \u00eatre enti\u00e8rement illumin\u00e9e, identifi\u00e9e rapidement et, au besoin, des mesures d&rsquo;intervention peuvent \u00eatre prises imm\u00e9diatement. L&rsquo;intencit\u00e9 du rayon lumineux du projecteur \u00e9blouit les malfaiteurs et les rend inoffensifs.<\/p>\n<h5>La nouvelle gamme de Projecteurs VOYAGER RANGE a \u00e9t\u00e9 con\u00e7ue pour les Super Yachts, les bateaux de patrouille et autres bateaux \u00e0 grande vitesse.<\/h5>\n<p>Le design des Projecteurs VOYAGER RANGE est \u00e9pur\u00e9 et discret. Leur esth\u00e9tique moderne leur permet de se marier parfaitement avec le style du bateau. Les Projecteurs VOYAGER RANGE sont caract\u00e9ris\u00e9 par une conception innovante. Mais encore, une \u00a0attention particuli\u00e8re a \u00e9t\u00e9 port\u00e9e aux d\u00e9tails et aux finitions de haute qualit\u00e9. Tous ces atout en font les projecteurs de pr\u00e9dilection sur ce march\u00e9.<\/p>\n<p>Les Projecteurs VOYAGER RANGE sont disponibles \u00e9quip\u00e9s de <strong>lampe Halog\u00e8ne<\/strong> 250 W. Ils sont \u00e9galement propos\u00e9s munis de <strong>lampe X\u00e9non<\/strong> 150-300 W. Ils peuvent \u00eatre aussi \u00e9quip\u00e9s de <strong>lampes Halog\u00e9nures M\u00e9talliques<\/strong> (EmArc) 350 W.<\/p>\n<!-- AddThis Advanced Settings generic via filter on the_content --><!-- AddThis Share Buttons generic via filter on the_content -->","protected":false},"excerpt":{"rendered":"<h2>La nouvelle gamme de Projecteur VOYAGER RANGE a \u00e9t\u00e9 con\u00e7ue pour les Super Yachts, les embarcations de patrouille et autres bateaux \u00e0 grande vitesse.<\/h2>\n<p>Le design \u00e9pur\u00e9, discret e l&rsquo;esth\u00e9tisme moderne permettent aux Projecteurs VOYAGER RANGE de se marier parfaitement avec le style du bateau. Sa conception innovante, l&rsquo;attention port\u00e9e aux d\u00e9tails et sa finition de haute qualit\u00e9 font du VOYAGER le projecteur de pr\u00e9dilection sur ce march\u00e9.<!-- AddThis Advanced Settings generic via filter on get_the_excerpt --><!-- AddThis Share Buttons generic via filter on get_the_excerpt --><\/p>\n","protected":false},"featured_media":418,"template":"","meta":[],"product_brand":[],"product_cat":[20],"product_tag":[],"class_list":{"0":"post-358","1":"product","2":"type-product","3":"status-publish","4":"has-post-thumbnail","6":"product_cat-illuminations","7":"has-thumb","9":"first","10":"instock","11":"shipping-taxable","12":"product-type-simple"},"yoast_head":"<!-- This site is optimized with the Yoast SEO plugin v27.4 - https:\/\/yoast.com\/product\/yoast-seo-wordpress\/ -->\n<title>Projecteurs VOYAGER RANGE - Union Trading Monaco<\/title>\n<meta name=\"description\" content=\"Projecteurs VOYAGER RANGE con\u00e7us pour Super Yachts, bateaux de patrouille et bateaux \u00e0 grande vitesse... esth\u00e9tique moderne, finitions de haute qualit\u00e9\" \/>\n<meta name=\"robots\" content=\"index, follow, max-snippet:-1, max-image-preview:large, max-video-preview:-1\" \/>\n<link rel=\"canonical\" href=\"https:\/\/uniontradingmonaco-marine.com\/fr\/produit\/projecteurs-voyager-range\/\" \/>\n<meta property=\"og:locale\" content=\"fr_FR\" \/>\n<meta property=\"og:type\" content=\"article\" \/>\n<meta property=\"og:title\" content=\"Projecteurs VOYAGER RANGE - Union Trading Monaco\" \/>\n<meta property=\"og:description\" content=\"Projecteurs VOYAGER RANGE con\u00e7us pour Super Yachts, bateaux de patrouille et bateaux \u00e0 grande vitesse... esth\u00e9tique moderne, finitions de haute qualit\u00e9\" \/>\n<meta property=\"og:url\" content=\"https:\/\/uniontradingmonaco-marine.com\/fr\/produit\/projecteurs-voyager-range\/\" \/>\n<meta property=\"og:site_name\" content=\"Union Trading Monaco\" \/>\n<meta property=\"article:modified_time\" content=\"2017-09-21T13:33:57+00:00\" \/>\n<meta property=\"og:image\" content=\"https:\/\/uniontradingmonaco-marine.com\/fr\/wp-content\/uploads\/sites\/2\/2017\/06\/voyager-range.jpg\" \/>\n\t<meta property=\"og:image:width\" content=\"225\" \/>\n\t<meta property=\"og:image:height\" content=\"225\" \/>\n\t<meta property=\"og:image:type\" content=\"image\/jpeg\" \/>\n<meta name=\"twitter:card\" content=\"summary_large_image\" \/>\n<meta name=\"twitter:label1\" content=\"Dur\u00e9e de lecture estim\u00e9e\" \/>\n\t<meta name=\"twitter:data1\" content=\"1 minute\" \/>\n<!-- \/ Yoast SEO plugin. -->","yoast_head_json":{"title":"Projecteurs VOYAGER RANGE - Union Trading Monaco","description":"Projecteurs VOYAGER RANGE con\u00e7us pour Super Yachts, bateaux de patrouille et bateaux \u00e0 grande vitesse... esth\u00e9tique moderne, finitions de haute qualit\u00e9","robots":{"index":"index","follow":"follow","max-snippet":"max-snippet:-1","max-image-preview":"max-image-preview:large","max-video-preview":"max-video-preview:-1"},"canonical":"https:\/\/uniontradingmonaco-marine.com\/fr\/produit\/projecteurs-voyager-range\/","og_locale":"fr_FR","og_type":"article","og_title":"Projecteurs VOYAGER RANGE - Union Trading Monaco","og_description":"Projecteurs VOYAGER RANGE con\u00e7us pour Super Yachts, bateaux de patrouille et bateaux \u00e0 grande vitesse... esth\u00e9tique moderne, finitions de haute qualit\u00e9","og_url":"https:\/\/uniontradingmonaco-marine.com\/fr\/produit\/projecteurs-voyager-range\/","og_site_name":"Union Trading Monaco","article_modified_time":"2017-09-21T13:33:57+00:00","og_image":[{"width":225,"height":225,"url":"https:\/\/uniontradingmonaco-marine.com\/fr\/wp-content\/uploads\/sites\/2\/2017\/06\/voyager-range.jpg","type":"image\/jpeg"}],"twitter_card":"summary_large_image","twitter_misc":{"Dur\u00e9e de lecture estim\u00e9e":"1 minute"},"schema":{"@context":"https:\/\/schema.org","@graph":[{"@type":"WebPage","@id":"https:\/\/uniontradingmonaco-marine.com\/fr\/produit\/projecteurs-voyager-range\/","url":"https:\/\/uniontradingmonaco-marine.com\/fr\/produit\/projecteurs-voyager-range\/","name":"Projecteurs VOYAGER RANGE - Union Trading Monaco","isPartOf":{"@id":"https:\/\/uniontradingmonaco-marine.com\/fr\/#website"},"primaryImageOfPage":{"@id":"https:\/\/uniontradingmonaco-marine.com\/fr\/produit\/projecteurs-voyager-range\/#primaryimage"},"image":{"@id":"https:\/\/uniontradingmonaco-marine.com\/fr\/produit\/projecteurs-voyager-range\/#primaryimage"},"thumbnailUrl":"https:\/\/uniontradingmonaco-marine.com\/fr\/wp-content\/uploads\/sites\/2\/2017\/06\/voyager-range.jpg","datePublished":"2017-06-27T14:44:54+00:00","dateModified":"2017-09-21T13:33:57+00:00","description":"Projecteurs VOYAGER RANGE con\u00e7us pour Super Yachts, bateaux de patrouille et bateaux \u00e0 grande vitesse... esth\u00e9tique moderne, finitions de haute qualit\u00e9","breadcrumb":{"@id":"https:\/\/uniontradingmonaco-marine.com\/fr\/produit\/projecteurs-voyager-range\/#breadcrumb"},"inLanguage":"fr-FR","potentialAction":[{"@type":"ReadAction","target":["https:\/\/uniontradingmonaco-marine.com\/fr\/produit\/projecteurs-voyager-range\/"]}]},{"@type":"ImageObject","inLanguage":"fr-FR","@id":"https:\/\/uniontradingmonaco-marine.com\/fr\/produit\/projecteurs-voyager-range\/#primaryimage","url":"https:\/\/uniontradingmonaco-marine.com\/fr\/wp-content\/uploads\/sites\/2\/2017\/06\/voyager-range.jpg","contentUrl":"https:\/\/uniontradingmonaco-marine.com\/fr\/wp-content\/uploads\/sites\/2\/2017\/06\/voyager-range.jpg","width":225,"height":225,"caption":"Projecteurs VOYAGER RANGE"},{"@type":"BreadcrumbList","@id":"https:\/\/uniontradingmonaco-marine.com\/fr\/produit\/projecteurs-voyager-range\/#breadcrumb","itemListElement":[{"@type":"ListItem","position":1,"name":"Accueil","item":"https:\/\/uniontradingmonaco-marine.com\/fr\/"},{"@type":"ListItem","position":2,"name":"Projecteurs VOYAGER RANGE"}]},{"@type":"WebSite","@id":"https:\/\/uniontradingmonaco-marine.com\/fr\/#website","url":"https:\/\/uniontradingmonaco-marine.com\/fr\/","name":"Union Trading Monaco","description":"","publisher":{"@id":"https:\/\/uniontradingmonaco-marine.com\/fr\/#organization"},"potentialAction":[{"@type":"SearchAction","target":{"@type":"EntryPoint","urlTemplate":"https:\/\/uniontradingmonaco-marine.com\/fr\/?s={search_term_string}"},"query-input":{"@type":"PropertyValueSpecification","valueRequired":true,"valueName":"search_term_string"}}],"inLanguage":"fr-FR"},{"@type":"Organization","@id":"https:\/\/uniontradingmonaco-marine.com\/fr\/#organization","name":"Union Trading Monaco","url":"https:\/\/uniontradingmonaco-marine.com\/fr\/","logo":{"@type":"ImageObject","inLanguage":"fr-FR","@id":"https:\/\/uniontradingmonaco-marine.com\/fr\/#\/schema\/logo\/image\/","url":"https:\/\/uniontradingmonaco-marine.com\/fr\/wp-content\/uploads\/sites\/2\/2017\/06\/Logo-UTM-xs.png","contentUrl":"https:\/\/uniontradingmonaco-marine.com\/fr\/wp-content\/uploads\/sites\/2\/2017\/06\/Logo-UTM-xs.png","width":144,"height":113,"caption":"Union Trading Monaco"},"image":{"@id":"https:\/\/uniontradingmonaco-marine.com\/fr\/#\/schema\/logo\/image\/"},"sameAs":["https:\/\/www.linkedin.com\/company\/union-trading-monaco\/"]}]}},"_links":{"self":[{"href":"https:\/\/uniontradingmonaco-marine.com\/fr\/wp-json\/wp\/v2\/product\/358","targetHints":{"allow":["GET"]}}],"collection":[{"href":"https:\/\/uniontradingmonaco-marine.com\/fr\/wp-json\/wp\/v2\/product"}],"about":[{"href":"https:\/\/uniontradingmonaco-marine.com\/fr\/wp-json\/wp\/v2\/types\/product"}],"wp:featuredmedia":[{"embeddable":true,"href":"https:\/\/uniontradingmonaco-marine.com\/fr\/wp-json\/wp\/v2\/media\/418"}],"wp:attachment":[{"href":"https:\/\/uniontradingmonaco-marine.com\/fr\/wp-json\/wp\/v2\/media?parent=358"}],"wp:term":[{"taxonomy":"product_brand","embeddable":true,"href":"https:\/\/uniontradingmonaco-marine.com\/fr\/wp-json\/wp\/v2\/product_brand?post=358"},{"taxonomy":"product_cat","embeddable":true,"href":"https:\/\/uniontradingmonaco-marine.com\/fr\/wp-json\/wp\/v2\/product_cat?post=358"},{"taxonomy":"product_tag","embeddable":true,"href":"https:\/\/uniontradingmonaco-marine.com\/fr\/wp-json\/wp\/v2\/product_tag?post=358"}],"curies":[{"name":"wp","href":"https:\/\/api.w.org\/{rel}","templated":true}]}}