{"id":383,"date":"2017-07-03T16:11:06","date_gmt":"2017-07-03T14:11:06","guid":{"rendered":"http:\/\/uniontradingmonaco-marine.com\/fr\/?post_type=product&#038;p=383"},"modified":"2017-09-21T15:33:14","modified_gmt":"2017-09-21T13:33:14","slug":"projecteurs-signalling-range","status":"publish","type":"product","link":"https:\/\/uniontradingmonaco-marine.com\/fr\/produit\/projecteurs-signalling-range\/","title":{"rendered":"Projecteurs SIGNALLING RANGE"},"content":{"rendered":"<h2>Dans l\u2019obscurit\u00e9, les vies d\u00e9pendent de la fiabilit\u00e9 et rapidit\u00e9 de l\u2019\u00e9quipements d&rsquo;illumination<\/h2>\n<p>A l&rsquo;aide des Projecteurs\u00a0SIGNALLING RANGE, Francis Searchlights offre la gamme la plus compl\u00e8te de luminaires avec options de contr\u00f4le manuel ou \u00e0 distance. Gr\u00e2ce \u00e0 la haute puissances des sources lumineuses, l&#8217;embarcation suspecte peut \u00eatre enti\u00e8rement illumin\u00e9e, identifi\u00e9e rapidement et, au besoin, des mesures d&rsquo;intervention peuvent \u00eatre prises imm\u00e9diatement. L&rsquo;intencit\u00e9 du rayon lumineux du projecteur \u00e9blouit les malfaiteurs et les rend inoffensifs.<\/p>\n<h5>La majorit\u00e9 des Projecteurs SIGNALLING RANGE\u00a0est adopt\u00e9 et approuv\u00e9 par de nombreuses forces navales mondiales.<\/h5>\n<div class=\"middlecol\">\n<p>Les Projecteurs SIGNALLING RANGE font une excellente gamme de lampes signal\u00e9tiques. Elles sont de haute qualit\u00e9. Ils sont fabriqu\u00e9s en laiton, acier inoxydable et aluminium. Les lampes sources utilis\u00e9es vont de l&rsquo;halog\u00e8ne 12 W au CSI 400 W de haute performance. Leur diam\u00e8tre va de 68 mm \u00e0 380 mm.<strong>\u00a0Le mod\u00e8le MK 5 FSP127 (lampe Aldis), mondialement connu, appartient \u00e0<\/strong><strong>\u00a0cette gamme.<\/strong><\/p>\n<\/div>\n<!-- AddThis Advanced Settings generic via filter on the_content --><!-- AddThis Share Buttons generic via filter on the_content -->","protected":false},"excerpt":{"rendered":"<h2>Projecteurs SIGNALLING RANGE adopt\u00e9s et approuv\u00e9s par de nombreuses forces navales du monde entier<\/h2>\n<p>Les Projecteurs SIGNALLING RANGE sont de haute qualit\u00e9. Le diam\u00e8tre de la lampe va de 68mm (2,5 \u00ab\u00a0) \u00e0 380mm (15 po). Ils sont construit en diff\u00e9rents mat\u00e9riaux: laiton, acier inoxydable et aluminium. La majorit\u00e9 de ces produits sont approuv\u00e9s et demand\u00e9s par de nombreuses marines Worlds.<!-- AddThis Advanced Settings generic via filter on get_the_excerpt --><!-- AddThis Share Buttons generic via filter on get_the_excerpt --><\/p>\n","protected":false},"featured_media":408,"template":"","meta":[],"product_brand":[],"product_cat":[20],"product_tag":[],"class_list":{"0":"post-383","1":"product","2":"type-product","3":"status-publish","4":"has-post-thumbnail","6":"product_cat-illuminations","7":"has-thumb","9":"first","10":"instock","11":"shipping-taxable","12":"product-type-simple"},"yoast_head":"<!-- This site is optimized with the Yoast SEO plugin v27.3 - https:\/\/yoast.com\/product\/yoast-seo-wordpress\/ -->\n<title>Projecteurs SIGNALLING RANGE - Union Trading Monaco<\/title>\n<meta name=\"description\" content=\"Les Projecteurs SIGNALLING RANGE sont de haute qualit\u00e9, en laiton, acier inoxydable et aluminium... approuv\u00e9s et demand\u00e9s par de nombreuses marines Worlds\" \/>\n<meta name=\"robots\" content=\"index, follow, max-snippet:-1, max-image-preview:large, max-video-preview:-1\" \/>\n<link rel=\"canonical\" href=\"https:\/\/uniontradingmonaco-marine.com\/fr\/produit\/projecteurs-signalling-range\/\" \/>\n<meta property=\"og:locale\" content=\"fr_FR\" \/>\n<meta property=\"og:type\" content=\"article\" \/>\n<meta property=\"og:title\" content=\"Projecteurs SIGNALLING RANGE - Union Trading Monaco\" \/>\n<meta property=\"og:description\" content=\"Les Projecteurs SIGNALLING RANGE sont de haute qualit\u00e9, en laiton, acier inoxydable et aluminium... approuv\u00e9s et demand\u00e9s par de nombreuses marines Worlds\" \/>\n<meta property=\"og:url\" content=\"https:\/\/uniontradingmonaco-marine.com\/fr\/produit\/projecteurs-signalling-range\/\" \/>\n<meta property=\"og:site_name\" content=\"Union Trading Monaco\" \/>\n<meta property=\"article:modified_time\" content=\"2017-09-21T13:33:14+00:00\" \/>\n<meta property=\"og:image\" content=\"https:\/\/uniontradingmonaco-marine.com\/fr\/wp-content\/uploads\/sites\/2\/2017\/07\/signalling.jpg\" \/>\n\t<meta property=\"og:image:width\" content=\"550\" \/>\n\t<meta property=\"og:image:height\" content=\"600\" \/>\n\t<meta property=\"og:image:type\" content=\"image\/jpeg\" \/>\n<meta name=\"twitter:card\" content=\"summary_large_image\" \/>\n<meta name=\"twitter:label1\" content=\"Dur\u00e9e de lecture estim\u00e9e\" \/>\n\t<meta name=\"twitter:data1\" content=\"1 minute\" \/>\n<!-- \/ Yoast SEO plugin. -->","yoast_head_json":{"title":"Projecteurs SIGNALLING RANGE - Union Trading Monaco","description":"Les Projecteurs SIGNALLING RANGE sont de haute qualit\u00e9, en laiton, acier inoxydable et aluminium... approuv\u00e9s et demand\u00e9s par de nombreuses marines Worlds","robots":{"index":"index","follow":"follow","max-snippet":"max-snippet:-1","max-image-preview":"max-image-preview:large","max-video-preview":"max-video-preview:-1"},"canonical":"https:\/\/uniontradingmonaco-marine.com\/fr\/produit\/projecteurs-signalling-range\/","og_locale":"fr_FR","og_type":"article","og_title":"Projecteurs SIGNALLING RANGE - Union Trading Monaco","og_description":"Les Projecteurs SIGNALLING RANGE sont de haute qualit\u00e9, en laiton, acier inoxydable et aluminium... approuv\u00e9s et demand\u00e9s par de nombreuses marines Worlds","og_url":"https:\/\/uniontradingmonaco-marine.com\/fr\/produit\/projecteurs-signalling-range\/","og_site_name":"Union Trading Monaco","article_modified_time":"2017-09-21T13:33:14+00:00","og_image":[{"width":550,"height":600,"url":"https:\/\/uniontradingmonaco-marine.com\/fr\/wp-content\/uploads\/sites\/2\/2017\/07\/signalling.jpg","type":"image\/jpeg"}],"twitter_card":"summary_large_image","twitter_misc":{"Dur\u00e9e de lecture estim\u00e9e":"1 minute"},"schema":{"@context":"https:\/\/schema.org","@graph":[{"@type":"WebPage","@id":"https:\/\/uniontradingmonaco-marine.com\/fr\/produit\/projecteurs-signalling-range\/","url":"https:\/\/uniontradingmonaco-marine.com\/fr\/produit\/projecteurs-signalling-range\/","name":"Projecteurs SIGNALLING RANGE - Union Trading Monaco","isPartOf":{"@id":"https:\/\/uniontradingmonaco-marine.com\/fr\/#website"},"primaryImageOfPage":{"@id":"https:\/\/uniontradingmonaco-marine.com\/fr\/produit\/projecteurs-signalling-range\/#primaryimage"},"image":{"@id":"https:\/\/uniontradingmonaco-marine.com\/fr\/produit\/projecteurs-signalling-range\/#primaryimage"},"thumbnailUrl":"https:\/\/uniontradingmonaco-marine.com\/fr\/wp-content\/uploads\/sites\/2\/2017\/07\/signalling.jpg","datePublished":"2017-07-03T14:11:06+00:00","dateModified":"2017-09-21T13:33:14+00:00","description":"Les Projecteurs SIGNALLING RANGE sont de haute qualit\u00e9, en laiton, acier inoxydable et aluminium... approuv\u00e9s et demand\u00e9s par de nombreuses marines Worlds","breadcrumb":{"@id":"https:\/\/uniontradingmonaco-marine.com\/fr\/produit\/projecteurs-signalling-range\/#breadcrumb"},"inLanguage":"fr-FR","potentialAction":[{"@type":"ReadAction","target":["https:\/\/uniontradingmonaco-marine.com\/fr\/produit\/projecteurs-signalling-range\/"]}]},{"@type":"ImageObject","inLanguage":"fr-FR","@id":"https:\/\/uniontradingmonaco-marine.com\/fr\/produit\/projecteurs-signalling-range\/#primaryimage","url":"https:\/\/uniontradingmonaco-marine.com\/fr\/wp-content\/uploads\/sites\/2\/2017\/07\/signalling.jpg","contentUrl":"https:\/\/uniontradingmonaco-marine.com\/fr\/wp-content\/uploads\/sites\/2\/2017\/07\/signalling.jpg","width":550,"height":600,"caption":"Projecteurs SIGNALLING RANGE"},{"@type":"BreadcrumbList","@id":"https:\/\/uniontradingmonaco-marine.com\/fr\/produit\/projecteurs-signalling-range\/#breadcrumb","itemListElement":[{"@type":"ListItem","position":1,"name":"Accueil","item":"https:\/\/uniontradingmonaco-marine.com\/fr\/"},{"@type":"ListItem","position":2,"name":"Projecteurs SIGNALLING RANGE"}]},{"@type":"WebSite","@id":"https:\/\/uniontradingmonaco-marine.com\/fr\/#website","url":"https:\/\/uniontradingmonaco-marine.com\/fr\/","name":"Union Trading Monaco","description":"","publisher":{"@id":"https:\/\/uniontradingmonaco-marine.com\/fr\/#organization"},"potentialAction":[{"@type":"SearchAction","target":{"@type":"EntryPoint","urlTemplate":"https:\/\/uniontradingmonaco-marine.com\/fr\/?s={search_term_string}"},"query-input":{"@type":"PropertyValueSpecification","valueRequired":true,"valueName":"search_term_string"}}],"inLanguage":"fr-FR"},{"@type":"Organization","@id":"https:\/\/uniontradingmonaco-marine.com\/fr\/#organization","name":"Union Trading Monaco","url":"https:\/\/uniontradingmonaco-marine.com\/fr\/","logo":{"@type":"ImageObject","inLanguage":"fr-FR","@id":"https:\/\/uniontradingmonaco-marine.com\/fr\/#\/schema\/logo\/image\/","url":"https:\/\/uniontradingmonaco-marine.com\/fr\/wp-content\/uploads\/sites\/2\/2017\/06\/Logo-UTM-xs.png","contentUrl":"https:\/\/uniontradingmonaco-marine.com\/fr\/wp-content\/uploads\/sites\/2\/2017\/06\/Logo-UTM-xs.png","width":144,"height":113,"caption":"Union Trading Monaco"},"image":{"@id":"https:\/\/uniontradingmonaco-marine.com\/fr\/#\/schema\/logo\/image\/"},"sameAs":["https:\/\/www.linkedin.com\/company\/union-trading-monaco\/"]}]}},"_links":{"self":[{"href":"https:\/\/uniontradingmonaco-marine.com\/fr\/wp-json\/wp\/v2\/product\/383","targetHints":{"allow":["GET"]}}],"collection":[{"href":"https:\/\/uniontradingmonaco-marine.com\/fr\/wp-json\/wp\/v2\/product"}],"about":[{"href":"https:\/\/uniontradingmonaco-marine.com\/fr\/wp-json\/wp\/v2\/types\/product"}],"wp:featuredmedia":[{"embeddable":true,"href":"https:\/\/uniontradingmonaco-marine.com\/fr\/wp-json\/wp\/v2\/media\/408"}],"wp:attachment":[{"href":"https:\/\/uniontradingmonaco-marine.com\/fr\/wp-json\/wp\/v2\/media?parent=383"}],"wp:term":[{"taxonomy":"product_brand","embeddable":true,"href":"https:\/\/uniontradingmonaco-marine.com\/fr\/wp-json\/wp\/v2\/product_brand?post=383"},{"taxonomy":"product_cat","embeddable":true,"href":"https:\/\/uniontradingmonaco-marine.com\/fr\/wp-json\/wp\/v2\/product_cat?post=383"},{"taxonomy":"product_tag","embeddable":true,"href":"https:\/\/uniontradingmonaco-marine.com\/fr\/wp-json\/wp\/v2\/product_tag?post=383"}],"curies":[{"name":"wp","href":"https:\/\/api.w.org\/{rel}","templated":true}]}}