{"id":386,"date":"2017-07-03T16:30:01","date_gmt":"2017-07-03T14:30:01","guid":{"rendered":"http:\/\/uniontradingmonaco-marine.com\/fr\/?post_type=product&#038;p=386"},"modified":"2017-09-21T15:32:53","modified_gmt":"2017-09-21T13:32:53","slug":"projecteurs-solas-products","status":"publish","type":"product","link":"https:\/\/uniontradingmonaco-marine.com\/fr\/produit\/projecteurs-solas-products\/","title":{"rendered":"Projecteurs SOLAS PRODUCTS"},"content":{"rendered":"<h2>Dans l\u2019obscurit\u00e9, les vies d\u00e9pendent de la fiabilit\u00e9 et rapidit\u00e9 de l\u2019\u00e9quipements d&rsquo;illumination<\/h2>\n<p>A l&rsquo;aide des Projecteurs\u00a0SOLAS PRODUCTS, Francis Searchlights offre la gamme la plus compl\u00e8te de luminaires avec options de contr\u00f4le manuel ou \u00e0 distance. Gr\u00e2ce \u00e0 la haute puissances des sources lumineuses, l&#8217;embarcation suspecte peut \u00eatre enti\u00e8rement illumin\u00e9e, identifi\u00e9e rapidement et, au besoin, des mesures d&rsquo;intervention peuvent \u00eatre prises imm\u00e9diatement. L&rsquo;intencit\u00e9 du rayon lumineux du projecteur \u00e9blouit les malfaiteurs et les rend inoffensifs.<\/p>\n<h5>Les Projecteurs SOLAS PRODUCTS r\u00e9pondant aux exigences de SOLAS et aux besoins de petits bateaux et de v\u00e9hicules.<\/h5>\n<p>Ils montent des <strong>lampes halog\u00e8nes<\/strong> de 50 W \u00e0 100 W. Il y a la possibilit\u00e9 de g\u00e9rer les projecteurs en <strong>contr\u00f4le \u00e0 distance<\/strong> ou directement en <strong>contr\u00f4le en cabine<\/strong>. \u00a0Le choix doit \u00eatre pr\u00e9cis\u00e9 au moment de la commande. De m\u00eame, il sera n\u00e9c\u00e9ssaire de signaler la n\u00e9cessit\u00e9 d&rsquo;inclure la g\u00e2che de fixation au pont.<\/p>\n<div class=\"rightcol\"><\/div>\n<!-- AddThis Advanced Settings generic via filter on the_content --><!-- AddThis Share Buttons generic via filter on the_content -->","protected":false},"excerpt":{"rendered":"<h2>Les Projecteurs SOLAS PRODUCTS r\u00e9pondant aux exigences de SOLAS et aux besoins de petits bateaux et de v\u00e9hicules<\/h2>\n<p>Une gamme de projecteurs pour r\u00e9pondre aux exigences de la SOLAS et les besoins des petits bateaux ou de l&rsquo;application du v\u00e9hicule. Ils montent des <strong>lampes halog\u00e8nes<\/strong> de 50 W \u00e0 100 W. Il y a la possibilit\u00e9 de g\u00e9rer les projecteurs en <strong>contr\u00f4le \u00e0 distance<\/strong> ou directement en <strong>contr\u00f4le en cabine<\/strong>.<!-- AddThis Advanced Settings generic via filter on get_the_excerpt --><!-- AddThis Share Buttons generic via filter on get_the_excerpt --><\/p>\n","protected":false},"featured_media":410,"template":"","meta":[],"product_brand":[],"product_cat":[20],"product_tag":[],"class_list":{"0":"post-386","1":"product","2":"type-product","3":"status-publish","4":"has-post-thumbnail","6":"product_cat-illuminations","7":"has-thumb","9":"first","10":"instock","11":"shipping-taxable","12":"product-type-simple"},"yoast_head":"<!-- This site is optimized with the Yoast SEO plugin v27.3 - https:\/\/yoast.com\/product\/yoast-seo-wordpress\/ -->\n<title>Projecteurs SOLAS PRODUCTS - Union Trading Monaco<\/title>\n<meta name=\"description\" content=\"Les Projecteurs SOLAS PRODUCTS r\u00e9pondant aux exigences de SOLAS et aux besoins de petits bateaux et v\u00e9hicules ... lampes halog\u00e8nes ... contr\u00f4le \u00e0 distance\" \/>\n<meta name=\"robots\" content=\"index, follow, max-snippet:-1, max-image-preview:large, max-video-preview:-1\" \/>\n<link rel=\"canonical\" href=\"https:\/\/uniontradingmonaco-marine.com\/fr\/produit\/projecteurs-solas-products\/\" \/>\n<meta property=\"og:locale\" content=\"fr_FR\" \/>\n<meta property=\"og:type\" content=\"article\" \/>\n<meta property=\"og:title\" content=\"Projecteurs SOLAS PRODUCTS - Union Trading Monaco\" \/>\n<meta property=\"og:description\" content=\"Les Projecteurs SOLAS PRODUCTS r\u00e9pondant aux exigences de SOLAS et aux besoins de petits bateaux et v\u00e9hicules ... lampes halog\u00e8nes ... contr\u00f4le \u00e0 distance\" \/>\n<meta property=\"og:url\" content=\"https:\/\/uniontradingmonaco-marine.com\/fr\/produit\/projecteurs-solas-products\/\" \/>\n<meta property=\"og:site_name\" content=\"Union Trading Monaco\" \/>\n<meta property=\"article:modified_time\" content=\"2017-09-21T13:32:53+00:00\" \/>\n<meta property=\"og:image\" content=\"https:\/\/uniontradingmonaco-marine.com\/fr\/wp-content\/uploads\/sites\/2\/2017\/07\/solas.jpg\" \/>\n\t<meta property=\"og:image:width\" content=\"600\" \/>\n\t<meta property=\"og:image:height\" content=\"484\" \/>\n\t<meta property=\"og:image:type\" content=\"image\/jpeg\" \/>\n<meta name=\"twitter:card\" content=\"summary_large_image\" \/>\n<meta name=\"twitter:label1\" content=\"Dur\u00e9e de lecture estim\u00e9e\" \/>\n\t<meta name=\"twitter:data1\" content=\"1 minute\" \/>\n<!-- \/ Yoast SEO plugin. -->","yoast_head_json":{"title":"Projecteurs SOLAS PRODUCTS - Union Trading Monaco","description":"Les Projecteurs SOLAS PRODUCTS r\u00e9pondant aux exigences de SOLAS et aux besoins de petits bateaux et v\u00e9hicules ... lampes halog\u00e8nes ... contr\u00f4le \u00e0 distance","robots":{"index":"index","follow":"follow","max-snippet":"max-snippet:-1","max-image-preview":"max-image-preview:large","max-video-preview":"max-video-preview:-1"},"canonical":"https:\/\/uniontradingmonaco-marine.com\/fr\/produit\/projecteurs-solas-products\/","og_locale":"fr_FR","og_type":"article","og_title":"Projecteurs SOLAS PRODUCTS - Union Trading Monaco","og_description":"Les Projecteurs SOLAS PRODUCTS r\u00e9pondant aux exigences de SOLAS et aux besoins de petits bateaux et v\u00e9hicules ... lampes halog\u00e8nes ... contr\u00f4le \u00e0 distance","og_url":"https:\/\/uniontradingmonaco-marine.com\/fr\/produit\/projecteurs-solas-products\/","og_site_name":"Union Trading Monaco","article_modified_time":"2017-09-21T13:32:53+00:00","og_image":[{"width":600,"height":484,"url":"https:\/\/uniontradingmonaco-marine.com\/fr\/wp-content\/uploads\/sites\/2\/2017\/07\/solas.jpg","type":"image\/jpeg"}],"twitter_card":"summary_large_image","twitter_misc":{"Dur\u00e9e de lecture estim\u00e9e":"1 minute"},"schema":{"@context":"https:\/\/schema.org","@graph":[{"@type":"WebPage","@id":"https:\/\/uniontradingmonaco-marine.com\/fr\/produit\/projecteurs-solas-products\/","url":"https:\/\/uniontradingmonaco-marine.com\/fr\/produit\/projecteurs-solas-products\/","name":"Projecteurs SOLAS PRODUCTS - Union Trading Monaco","isPartOf":{"@id":"https:\/\/uniontradingmonaco-marine.com\/fr\/#website"},"primaryImageOfPage":{"@id":"https:\/\/uniontradingmonaco-marine.com\/fr\/produit\/projecteurs-solas-products\/#primaryimage"},"image":{"@id":"https:\/\/uniontradingmonaco-marine.com\/fr\/produit\/projecteurs-solas-products\/#primaryimage"},"thumbnailUrl":"https:\/\/uniontradingmonaco-marine.com\/fr\/wp-content\/uploads\/sites\/2\/2017\/07\/solas.jpg","datePublished":"2017-07-03T14:30:01+00:00","dateModified":"2017-09-21T13:32:53+00:00","description":"Les Projecteurs SOLAS PRODUCTS r\u00e9pondant aux exigences de SOLAS et aux besoins de petits bateaux et v\u00e9hicules ... lampes halog\u00e8nes ... contr\u00f4le \u00e0 distance","breadcrumb":{"@id":"https:\/\/uniontradingmonaco-marine.com\/fr\/produit\/projecteurs-solas-products\/#breadcrumb"},"inLanguage":"fr-FR","potentialAction":[{"@type":"ReadAction","target":["https:\/\/uniontradingmonaco-marine.com\/fr\/produit\/projecteurs-solas-products\/"]}]},{"@type":"ImageObject","inLanguage":"fr-FR","@id":"https:\/\/uniontradingmonaco-marine.com\/fr\/produit\/projecteurs-solas-products\/#primaryimage","url":"https:\/\/uniontradingmonaco-marine.com\/fr\/wp-content\/uploads\/sites\/2\/2017\/07\/solas.jpg","contentUrl":"https:\/\/uniontradingmonaco-marine.com\/fr\/wp-content\/uploads\/sites\/2\/2017\/07\/solas.jpg","width":600,"height":484,"caption":"Une gamme de projecteurs pour r\u00e9pondre aux exigences de la SOLAS et les besoins des petits bateaux ou de l'application du v\u00e9hicule. Ils montent des lampes halog\u00e8nes de 50 W \u00e0 100 W. Il y a la possibilit\u00e9 de g\u00e9rer les projecteurs en contr\u00f4le \u00e0 distance ou directement en contr\u00f4le en cabine."},{"@type":"BreadcrumbList","@id":"https:\/\/uniontradingmonaco-marine.com\/fr\/produit\/projecteurs-solas-products\/#breadcrumb","itemListElement":[{"@type":"ListItem","position":1,"name":"Accueil","item":"https:\/\/uniontradingmonaco-marine.com\/fr\/"},{"@type":"ListItem","position":2,"name":"Projecteurs SOLAS PRODUCTS"}]},{"@type":"WebSite","@id":"https:\/\/uniontradingmonaco-marine.com\/fr\/#website","url":"https:\/\/uniontradingmonaco-marine.com\/fr\/","name":"Union Trading Monaco","description":"","publisher":{"@id":"https:\/\/uniontradingmonaco-marine.com\/fr\/#organization"},"potentialAction":[{"@type":"SearchAction","target":{"@type":"EntryPoint","urlTemplate":"https:\/\/uniontradingmonaco-marine.com\/fr\/?s={search_term_string}"},"query-input":{"@type":"PropertyValueSpecification","valueRequired":true,"valueName":"search_term_string"}}],"inLanguage":"fr-FR"},{"@type":"Organization","@id":"https:\/\/uniontradingmonaco-marine.com\/fr\/#organization","name":"Union Trading Monaco","url":"https:\/\/uniontradingmonaco-marine.com\/fr\/","logo":{"@type":"ImageObject","inLanguage":"fr-FR","@id":"https:\/\/uniontradingmonaco-marine.com\/fr\/#\/schema\/logo\/image\/","url":"https:\/\/uniontradingmonaco-marine.com\/fr\/wp-content\/uploads\/sites\/2\/2017\/06\/Logo-UTM-xs.png","contentUrl":"https:\/\/uniontradingmonaco-marine.com\/fr\/wp-content\/uploads\/sites\/2\/2017\/06\/Logo-UTM-xs.png","width":144,"height":113,"caption":"Union Trading Monaco"},"image":{"@id":"https:\/\/uniontradingmonaco-marine.com\/fr\/#\/schema\/logo\/image\/"},"sameAs":["https:\/\/www.linkedin.com\/company\/union-trading-monaco\/"]}]}},"_links":{"self":[{"href":"https:\/\/uniontradingmonaco-marine.com\/fr\/wp-json\/wp\/v2\/product\/386","targetHints":{"allow":["GET"]}}],"collection":[{"href":"https:\/\/uniontradingmonaco-marine.com\/fr\/wp-json\/wp\/v2\/product"}],"about":[{"href":"https:\/\/uniontradingmonaco-marine.com\/fr\/wp-json\/wp\/v2\/types\/product"}],"wp:featuredmedia":[{"embeddable":true,"href":"https:\/\/uniontradingmonaco-marine.com\/fr\/wp-json\/wp\/v2\/media\/410"}],"wp:attachment":[{"href":"https:\/\/uniontradingmonaco-marine.com\/fr\/wp-json\/wp\/v2\/media?parent=386"}],"wp:term":[{"taxonomy":"product_brand","embeddable":true,"href":"https:\/\/uniontradingmonaco-marine.com\/fr\/wp-json\/wp\/v2\/product_brand?post=386"},{"taxonomy":"product_cat","embeddable":true,"href":"https:\/\/uniontradingmonaco-marine.com\/fr\/wp-json\/wp\/v2\/product_cat?post=386"},{"taxonomy":"product_tag","embeddable":true,"href":"https:\/\/uniontradingmonaco-marine.com\/fr\/wp-json\/wp\/v2\/product_tag?post=386"}],"curies":[{"name":"wp","href":"https:\/\/api.w.org\/{rel}","templated":true}]}}