{"id":582,"date":"2017-10-02T17:52:28","date_gmt":"2017-10-02T15:52:28","guid":{"rendered":"http:\/\/uniontradingmonaco-marine.com\/fr\/?post_type=product&#038;p=582"},"modified":"2017-10-02T17:52:28","modified_gmt":"2017-10-02T15:52:28","slug":"dalles-excellence-marine","status":"publish","type":"product","link":"https:\/\/uniontradingmonaco-marine.com\/fr\/produit\/dalles-excellence-marine\/","title":{"rendered":"Dalles EXCELLENCE &#8211; MARINE"},"content":{"rendered":"<h2><strong>Dalles\u00a0EXCELLENCE &#8211; MARINE<\/strong>, hautes prestations techniques pour un emplois sp\u00e9cifique dans le secteur maritime<\/h2>\n<p>Les <strong>Dalles EXCELLENCE &#8211; MARINE <\/strong>sont less\u00a0ascendantes des <em>Dalles\u00a0EXCELLENCE EXTREME &#8211; MARINE<\/em><\/p>\n<hr \/>\n<p>Les <strong>Dalles EXCELLENCE &#8211; MARINE\u00a0<\/strong>ont \u00e9t\u00e9 con\u00e7ues pour r\u00e9pondre aux conditions extr\u00eames qui peuvent \u00eatre rencontr\u00e9es sur les ponts ext\u00e9rieurs \u00e0 bord des bateaux. La composition particuli\u00e8re des\u00a0 <strong>Dalles EXCELLENCE &#8211; MARINE\u00a0<\/strong>leur permettent de resister parfaitement au chaud , au froid, \u00e0 la salinit\u00e9, au soleil, au vent, \u00e0 l&rsquo;eau. Leurs avantages ne se limitent pas \u00e0 un design l\u00e9ger et plaisant, elles ont aussi des remarquables propri\u00e9t\u00e9s de filtration, de ventilation de la superficie sous-jacente et d&rsquo;absorption des bruits.<br \/>\nLa superficie uniforme rend le passage plaisant m\u00eame \u00e0 pieds nus, dans la version \u00ab\u00a0extra-dense\u00a0\u00bb aussi aux talons \u00e0 aiguille.<br \/>\n<strong>Les Dalles EXCELLENCE &#8211; MARINE prot\u00e8gent le pont. Ralentissent l&rsquo;usure et l&rsquo;endommagement des peintures, retardent la n\u00e9cessit\u00e9 de r\u00e9novation. Tout ceci se r\u00e9sume dans une \u00e9conomie des couts de manutention des ponts.<\/strong><\/p>\n<hr \/>\n<h3>Caract\u00e9ristiques<\/h3>\n<p>Les\u00a0<strong>Dalles EXCELLENCE &#8211; MARINE<\/strong> sont disponibles ne deux versions:<\/p>\n<p><strong>Type A<\/strong>, superficie lisse, plus confortable au passage, surtout \u00e0 pieds nus; antid\u00e9rapant, donc s\u00fbre contre les glissement; convient bien aux climats chauds.<br \/>\n<strong>Type B<\/strong>, superficie rugueuse; r\u00e9duit le risque de formation de glace dans les climats tr\u00e8s froids<\/p>\n<p>Il est possible de trouver les\u00a0<strong>Dalles EXCELLENCE &#8211; MARINE<\/strong>\u00a0dans les endroits les plus divers, comme la terrasse d&rsquo;un caff\u00e9, magasins, centaines de ponts \u00e0 bord de paquebots dans le monde entier, bateaux de p\u00eache de la compagnie Hurtigruten en Norv\u00e8ge, embarcations de luxe dans les Indes Orientales ou encore sur les Ferrys.<\/p>\n<hr \/>\n<h3>Informations<\/h3>\n<p>Les atouts des\u00a0<strong>Dalles EXCELLENCE &#8211; MARINE<\/strong><\/p>\n<ul>\n<li title=\"Page 3\">Faciles et rapides \u00e0 poser \u00a0&#8211; \u00a0sans colle<\/li>\n<li title=\"Page 3\">Elles s&rsquo;adapter au sol m\u00eame si l\u00e9g\u00e8rement irr\u00e9gulier<\/li>\n<li title=\"Page 3\">Facilitent la filtration des l&rsquo;eau, favorisent la ventilation de la superficie sous-jacente<\/li>\n<li title=\"Page 3\">antid\u00e9rapant<\/li>\n<li title=\"Page 3\">Facile \u00e0 d\u00e9placer<\/li>\n<li title=\"Page 3\">Ne n\u00e9cessitent d&rsquo;aucune manutention<\/li>\n<li title=\"Page 3\">Faites avec des mat\u00e9riaux non organiques, n&rsquo;absorbent pas d&rsquo;humidit\u00e9<\/li>\n<li title=\"Page 3\">Haute port\u00e9 de cargaison<\/li>\n<li title=\"Page 3\">Retardantes de flamme<\/li>\n<li title=\"Page 3\">Isolantes acoustiques<\/li>\n<li title=\"Page 3\">Peuvent \u00eatre fournies pr\u00e9-assembl\u00e9es en feuilles de 3 x 4 dalles, permettant une pose rapide<\/li>\n<li title=\"Page 3\">Sol 100% recyclable<\/li>\n<\/ul>\n<hr \/>\n<h3>Sp\u00e9cificit\u00e9s Techniques<\/h3>\n<ul>\n<li>Mat\u00e9riel composite recyclable (polypropyl\u00e8ne)<\/li>\n<li>Couleurs stabilis\u00e9es, haute r\u00e9sistance aux UV<\/li>\n<li>Approuv\u00e9es par la FDA* . Aucune Emission. Pas de PVC<\/li>\n<\/ul>\n<p><em>*<strong>FDA<\/strong> &#8211;\u00a0<b>Food and Drug Administration<\/b>\u00a0(<b><span class=\"lang-en\" lang=\"en\">FDA<\/span><\/b>, \u00ab\u00a0Agence am\u00e9ricaine des produits alimentaires et m\u00e9dicamenteux\u00a0\u00bb<sup id=\"cite_ref-1\" class=\"reference\"><\/sup>) est l&rsquo;administration am\u00e9ricaine des denr\u00e9es alimentaires et des m\u00e9dicaments.\u00a0Cet organisme a, entre autres, le mandat d&rsquo;autoriser la commercialisation des m\u00e9dicaments sur le territoire des \u00c9tats-Unis.<\/em><\/p>\n<p><strong><em>Type:<\/em><br \/>\n<\/strong><span style=\"color: #ffffff;\">.<\/span> \u00a0 \u00a0 \u00a0 \u00a0 A = superficie lisse<br \/>\n<span style=\"color: #ffffff;\">.<\/span> \u00a0 \u00a0 \u00a0 \u00a0 B = superficie rugueuse<\/p>\n<p><em><strong>Dimensions:<\/strong><\/em><br \/>\n<span style=\"color: #ffffff;\">.<\/span> \u00a0 \u00a0 \u00a0 \u00a0 Type A:\u00a0302,1 x 302,1 x 14,0 mm<br \/>\n<span style=\"color: #ffffff;\">. \u00a0<\/span> \u00a0 \u00a0 \u00a0 Type B:\u00a0302,1 x 302,1 x 14,5 mm<\/p>\n<p><em><strong>Conditionnement:<\/strong><\/em><\/p>\n<ul>\n<li>Boite 5m\u00b2 = 55pc\/boite = 20,30kg<\/li>\n<li>Palette 180m\u00b2 = 36 boites = 730,80kg<\/li>\n<li>Feuilles pr\u00e9-assembl\u00e9es 4 x 3 dalles = 1,20m x 0,90m<br \/>\nassemblages de 75pc = 81,80m\u00b2\/palette =335kg<\/li>\n<\/ul>\n<p><em><strong>Port\u00e9 de Cargaison:<\/strong><\/em><br \/>\n<span style=\"color: #ffffff;\">. <\/span>\u00a0 \u00a0 \u00a0 \u00a0 550 tonnes\/m\u00b2 &#8212;&gt; 5500kg\/dm\u00b2 &#8212;&gt; 170 kg\/cm\u00b2<\/p>\n<hr \/>\n<h3>Anydesign &#8211; Anycolour<\/h3>\n<p>En collaboration avec des designer sp\u00e9cialis\u00e9s, una vaste gamme de couleurs, facile \u00e0 combiner, a \u00e9t\u00e9 r\u00e9alis\u00e9e. Elle a \u00e9t\u00e9 nom\u00e9e \u00ab\u00a0<strong>Anycolours<\/strong>\u00a0\u00bb<\/p>\n<p><strong>Couleurs Standards:<\/strong> Gris M\u00e9tallis\u00e9, Argent, Bleu fonc\u00e9; Vert<\/p>\n<p><strong>Autres couleurs:<\/strong>\u00a0True White; Shadow Grey; Stone Grey; Graphite Grey; Silk Black; Sandstorm; Sand; Terracotta; Tennisred; Sienna; Chocolate Brown; Spring Grass; Pine; White Cloud; Morning Blue; Steel Blue; Blue Heaven; Yellow Flame; Orange Glow; Hot Red; Blue Violet; Warm Violet; Purple; Silver Grey; Light Blue; Dark Blue; Green; Red<\/p>\n<p><em>Pour la commande de Dalles dans une couleur autre que standard, un suppl\u00e9ment sera demand\u00e9 pour una commande inf\u00e9rieure \u00e0 300m\u00b2. Ordre Minimum de 30m\u00b2<\/em><\/p>\n<!-- AddThis Advanced Settings generic via filter on the_content --><!-- AddThis Share Buttons generic via filter on the_content -->","protected":false},"excerpt":{"rendered":"<h2><strong>Dalles\u00a0EXCELLENCE &#8211; MARINE<\/strong>, hautes prestations techniques pour un emplois sp\u00e9cifique dans le secteur maritime<\/h2>\n<p>Les <strong>Dalles EXCELLENCE &#8211; MARINE\u00a0<\/strong>ont \u00e9t\u00e9 con\u00e7ues pour r\u00e9pondre aux <strong>conditions extr\u00eames<\/strong> qui peuvent \u00eatre rencontr\u00e9es sur les ponts ext\u00e9rieurs \u00e0 bord des bateaux. La composition particuli\u00e8re des\u00a0 <strong>Dalles EXCELLENCE &#8211; MARINE\u00a0<\/strong>lui permettent de <strong>resister parfaitement au chaud , au froid, \u00e0 la salinit\u00e9, au soleil, au vent, \u00e0 l&rsquo;eau<\/strong>.\u00a0Les <strong>Dalles EXCELLENCE &#8211; MARINE prot\u00e8gent le pont<\/strong>. Ralentissent l&rsquo;usure et l&rsquo;endommagement des peintures, retardent la n\u00e9cessit\u00e9 de r\u00e9novation. Tout ceci se r\u00e9sume dans une \u00e9conomie des couts de manutention des ponts.<br \/>\nEn collaboration avec des designer sp\u00e9cialis\u00e9s, una vaste gamme de couleurs, facile \u00e0 combiner, a \u00e9t\u00e9 r\u00e9alis\u00e9e. Elle a \u00e9t\u00e9 nom\u00e9e \u00ab\u00a0<strong>Anycolours<\/strong>\u00ab\u00a0<!-- AddThis Advanced Settings generic via filter on get_the_excerpt --><!-- AddThis Share Buttons generic via filter on get_the_excerpt --><\/p>\n","protected":false},"featured_media":601,"template":"","meta":[],"product_brand":[],"product_cat":[21],"product_tag":[],"class_list":{"0":"post-582","1":"product","2":"type-product","3":"status-publish","4":"has-post-thumbnail","6":"product_cat-agencements-exterieurs","7":"has-thumb","9":"first","10":"instock","11":"shipping-taxable","12":"product-type-simple"},"yoast_head":"<!-- This site is optimized with the Yoast SEO plugin v27.3 - https:\/\/yoast.com\/product\/yoast-seo-wordpress\/ -->\n<title>Dalles EXCELLENCE - MARINE - Union Trading Monaco<\/title>\n<meta name=\"description\" content=\"Dalles EXCELLENCE - MARINE\u00a0ont \u00e9t\u00e9 con\u00e7ues pour r\u00e9pondre aux conditions extr\u00eames rencontr\u00e9es \u00e0 bord des bateaux. Haute r\u00e9sistance. Grande gamme de couleurs.\" \/>\n<meta name=\"robots\" content=\"index, follow, max-snippet:-1, max-image-preview:large, max-video-preview:-1\" \/>\n<link rel=\"canonical\" href=\"https:\/\/uniontradingmonaco-marine.com\/fr\/produit\/dalles-excellence-marine\/\" \/>\n<meta property=\"og:locale\" content=\"fr_FR\" \/>\n<meta property=\"og:type\" content=\"article\" \/>\n<meta property=\"og:title\" content=\"Dalles EXCELLENCE - MARINE - Union Trading Monaco\" \/>\n<meta property=\"og:description\" content=\"Dalles EXCELLENCE - MARINE\u00a0ont \u00e9t\u00e9 con\u00e7ues pour r\u00e9pondre aux conditions extr\u00eames rencontr\u00e9es \u00e0 bord des bateaux. Haute r\u00e9sistance. Grande gamme de couleurs.\" \/>\n<meta property=\"og:url\" content=\"https:\/\/uniontradingmonaco-marine.com\/fr\/produit\/dalles-excellence-marine\/\" \/>\n<meta property=\"og:site_name\" content=\"Union Trading Monaco\" \/>\n<meta property=\"og:image\" content=\"https:\/\/uniontradingmonaco-marine.com\/fr\/wp-content\/uploads\/sites\/2\/2017\/09\/EXCELLENCE_Tiles_-_MARINE.jpg\" \/>\n\t<meta property=\"og:image:width\" content=\"500\" \/>\n\t<meta property=\"og:image:height\" content=\"500\" \/>\n\t<meta property=\"og:image:type\" content=\"image\/jpeg\" \/>\n<meta name=\"twitter:card\" content=\"summary_large_image\" \/>\n<meta name=\"twitter:label1\" content=\"Dur\u00e9e de lecture estim\u00e9e\" \/>\n\t<meta name=\"twitter:data1\" content=\"3 minutes\" \/>\n<!-- \/ Yoast SEO plugin. -->","yoast_head_json":{"title":"Dalles EXCELLENCE - MARINE - Union Trading Monaco","description":"Dalles EXCELLENCE - MARINE\u00a0ont \u00e9t\u00e9 con\u00e7ues pour r\u00e9pondre aux conditions extr\u00eames rencontr\u00e9es \u00e0 bord des bateaux. Haute r\u00e9sistance. Grande gamme de couleurs.","robots":{"index":"index","follow":"follow","max-snippet":"max-snippet:-1","max-image-preview":"max-image-preview:large","max-video-preview":"max-video-preview:-1"},"canonical":"https:\/\/uniontradingmonaco-marine.com\/fr\/produit\/dalles-excellence-marine\/","og_locale":"fr_FR","og_type":"article","og_title":"Dalles EXCELLENCE - MARINE - Union Trading Monaco","og_description":"Dalles EXCELLENCE - MARINE\u00a0ont \u00e9t\u00e9 con\u00e7ues pour r\u00e9pondre aux conditions extr\u00eames rencontr\u00e9es \u00e0 bord des bateaux. Haute r\u00e9sistance. Grande gamme de couleurs.","og_url":"https:\/\/uniontradingmonaco-marine.com\/fr\/produit\/dalles-excellence-marine\/","og_site_name":"Union Trading Monaco","og_image":[{"width":500,"height":500,"url":"https:\/\/uniontradingmonaco-marine.com\/fr\/wp-content\/uploads\/sites\/2\/2017\/09\/EXCELLENCE_Tiles_-_MARINE.jpg","type":"image\/jpeg"}],"twitter_card":"summary_large_image","twitter_misc":{"Dur\u00e9e de lecture estim\u00e9e":"3 minutes"},"schema":{"@context":"https:\/\/schema.org","@graph":[{"@type":"WebPage","@id":"https:\/\/uniontradingmonaco-marine.com\/fr\/produit\/dalles-excellence-marine\/","url":"https:\/\/uniontradingmonaco-marine.com\/fr\/produit\/dalles-excellence-marine\/","name":"Dalles EXCELLENCE - MARINE - Union Trading Monaco","isPartOf":{"@id":"https:\/\/uniontradingmonaco-marine.com\/fr\/#website"},"primaryImageOfPage":{"@id":"https:\/\/uniontradingmonaco-marine.com\/fr\/produit\/dalles-excellence-marine\/#primaryimage"},"image":{"@id":"https:\/\/uniontradingmonaco-marine.com\/fr\/produit\/dalles-excellence-marine\/#primaryimage"},"thumbnailUrl":"https:\/\/uniontradingmonaco-marine.com\/fr\/wp-content\/uploads\/sites\/2\/2017\/09\/EXCELLENCE_Tiles_-_MARINE.jpg","datePublished":"2017-10-02T15:52:28+00:00","description":"Dalles EXCELLENCE - MARINE\u00a0ont \u00e9t\u00e9 con\u00e7ues pour r\u00e9pondre aux conditions extr\u00eames rencontr\u00e9es \u00e0 bord des bateaux. Haute r\u00e9sistance. Grande gamme de couleurs.","breadcrumb":{"@id":"https:\/\/uniontradingmonaco-marine.com\/fr\/produit\/dalles-excellence-marine\/#breadcrumb"},"inLanguage":"fr-FR","potentialAction":[{"@type":"ReadAction","target":["https:\/\/uniontradingmonaco-marine.com\/fr\/produit\/dalles-excellence-marine\/"]}]},{"@type":"ImageObject","inLanguage":"fr-FR","@id":"https:\/\/uniontradingmonaco-marine.com\/fr\/produit\/dalles-excellence-marine\/#primaryimage","url":"https:\/\/uniontradingmonaco-marine.com\/fr\/wp-content\/uploads\/sites\/2\/2017\/09\/EXCELLENCE_Tiles_-_MARINE.jpg","contentUrl":"https:\/\/uniontradingmonaco-marine.com\/fr\/wp-content\/uploads\/sites\/2\/2017\/09\/EXCELLENCE_Tiles_-_MARINE.jpg","width":500,"height":500,"caption":"Dalles EXCELLENCE - MARINE"},{"@type":"BreadcrumbList","@id":"https:\/\/uniontradingmonaco-marine.com\/fr\/produit\/dalles-excellence-marine\/#breadcrumb","itemListElement":[{"@type":"ListItem","position":1,"name":"Accueil","item":"https:\/\/uniontradingmonaco-marine.com\/fr\/"},{"@type":"ListItem","position":2,"name":"Dalles EXCELLENCE &#8211; MARINE"}]},{"@type":"WebSite","@id":"https:\/\/uniontradingmonaco-marine.com\/fr\/#website","url":"https:\/\/uniontradingmonaco-marine.com\/fr\/","name":"Union Trading Monaco","description":"","publisher":{"@id":"https:\/\/uniontradingmonaco-marine.com\/fr\/#organization"},"potentialAction":[{"@type":"SearchAction","target":{"@type":"EntryPoint","urlTemplate":"https:\/\/uniontradingmonaco-marine.com\/fr\/?s={search_term_string}"},"query-input":{"@type":"PropertyValueSpecification","valueRequired":true,"valueName":"search_term_string"}}],"inLanguage":"fr-FR"},{"@type":"Organization","@id":"https:\/\/uniontradingmonaco-marine.com\/fr\/#organization","name":"Union Trading Monaco","url":"https:\/\/uniontradingmonaco-marine.com\/fr\/","logo":{"@type":"ImageObject","inLanguage":"fr-FR","@id":"https:\/\/uniontradingmonaco-marine.com\/fr\/#\/schema\/logo\/image\/","url":"https:\/\/uniontradingmonaco-marine.com\/fr\/wp-content\/uploads\/sites\/2\/2017\/06\/Logo-UTM-xs.png","contentUrl":"https:\/\/uniontradingmonaco-marine.com\/fr\/wp-content\/uploads\/sites\/2\/2017\/06\/Logo-UTM-xs.png","width":144,"height":113,"caption":"Union Trading Monaco"},"image":{"@id":"https:\/\/uniontradingmonaco-marine.com\/fr\/#\/schema\/logo\/image\/"},"sameAs":["https:\/\/www.linkedin.com\/company\/union-trading-monaco\/"]}]}},"_links":{"self":[{"href":"https:\/\/uniontradingmonaco-marine.com\/fr\/wp-json\/wp\/v2\/product\/582","targetHints":{"allow":["GET"]}}],"collection":[{"href":"https:\/\/uniontradingmonaco-marine.com\/fr\/wp-json\/wp\/v2\/product"}],"about":[{"href":"https:\/\/uniontradingmonaco-marine.com\/fr\/wp-json\/wp\/v2\/types\/product"}],"wp:featuredmedia":[{"embeddable":true,"href":"https:\/\/uniontradingmonaco-marine.com\/fr\/wp-json\/wp\/v2\/media\/601"}],"wp:attachment":[{"href":"https:\/\/uniontradingmonaco-marine.com\/fr\/wp-json\/wp\/v2\/media?parent=582"}],"wp:term":[{"taxonomy":"product_brand","embeddable":true,"href":"https:\/\/uniontradingmonaco-marine.com\/fr\/wp-json\/wp\/v2\/product_brand?post=582"},{"taxonomy":"product_cat","embeddable":true,"href":"https:\/\/uniontradingmonaco-marine.com\/fr\/wp-json\/wp\/v2\/product_cat?post=582"},{"taxonomy":"product_tag","embeddable":true,"href":"https:\/\/uniontradingmonaco-marine.com\/fr\/wp-json\/wp\/v2\/product_tag?post=582"}],"curies":[{"name":"wp","href":"https:\/\/api.w.org\/{rel}","templated":true}]}}