{"id":602,"date":"2017-10-02T17:43:39","date_gmt":"2017-10-02T15:43:39","guid":{"rendered":"http:\/\/uniontradingmonaco-marine.com\/fr\/?post_type=product&#038;p=602"},"modified":"2017-10-02T17:43:39","modified_gmt":"2017-10-02T15:43:39","slug":"dalles-excellence-extreme-marine","status":"publish","type":"product","link":"https:\/\/uniontradingmonaco-marine.com\/fr\/produit\/dalles-excellence-extreme-marine\/","title":{"rendered":"Dalles EXCELLENCE EXTREME &#8211; MARINE"},"content":{"rendered":"<h2>Dalles EXCELLENCE EXTREME &#8211; MARINE les premi\u00e8re \u00e0 avoir obtenu la certification OMI*<\/h2>\n<p><strong>Les Dalles EXCELLENCE EXTREME &#8211; MARINE<\/strong> sont le r\u00e9sultat de l&rsquo;am\u00e9lioration des Dalles\u00a0alles EXCELLENCE &#8211; MARINE<\/p>\n<hr \/>\n<p>Les <strong>Dalles EXCELLENCE EXTREME &#8211; MARINE\u00a0<\/strong>r\u00e9pondent aux certifications OMI* et MED**. La composition ainsi que la superficie quadrill\u00e9e et rugueuse des <strong>Dalles EXCELLENCE EXTREME &#8211; MARINE\u00a0<\/strong>satisfont les conditions impos\u00e9es par l&rsquo;Organisation Maritime Internationale (OMI) en th\u00e8me de navigation dans les eaux internationales. Ces Dalles sont r\u00e9alis\u00e9es sans PVC. Leur structure particuli\u00e8re permet aux impuret\u00e9s et \u00e0 l&rsquo;eau de passer facilement. Le passage reste propre et sec, tout au profit d&rsquo;une meilleure adh\u00e9rence. Elles r\u00e9duisent la possibilit\u00e9 de glisser.<\/p>\n<h5>Les <strong>Dalles EXCELLENCE EXTREME &#8211; MARINE\u00a0<\/strong>sont la combinaison de mat\u00e9riaux de haute qualit\u00e9 et de design. Elles r\u00e9sistent au temps et aux intemp\u00e9ries. Elles s&rsquo;adaptent bien \u00e0 une pose \u00e0 bord de Super-Yatch comme de Ferries \u00a0ou Bateaux de Croisi\u00e8res.<\/h5>\n<hr \/>\n<h3>Caract\u00e9ristiques:<\/h3>\n<ul>\n<li>\u00c9cologiques &#8211; Les <strong>Dalles EXCELLENCE EXTREME &#8211; MARINE\u00a0<\/strong>sont 100% r\u00e9ciclables (PVC-Free)<\/li>\n<li>Certifi\u00e9es OMI* et MED**<\/li>\n<li>Haute port\u00e9 de Cargaison (1000t\/m\u00b2)<\/li>\n<li>Antid\u00e9rapant<\/li>\n<li>Retardant de flamme<\/li>\n<\/ul>\n<p><em>* <strong>OMI<\/strong>\u00a0&#8211; L&rsquo;<b>Organisation maritime internationale<\/b>\u00a0(<b>OMI<\/b>\u00a0ou\u00a0<b>IMO<\/b>\u00a0en anglais) est une institution sp\u00e9cifique des\u00a0Nations Unies, sp\u00e9cialis\u00e9e dans les questions maritimes. Son si\u00e8ge se situe \u00e0\u00a0Londres.<\/em><\/p>\n<p><em>** <strong>Certification MED<\/strong>\u00a0Safety Hi-Tech. La Directive UE sur\u00a0l&rsquo;\u00e9quipement\u00a0maritime (96\/98 CE) est rentr\u00e9e en vigeur le 1er Janvier 1999. Elle a \u00e9t\u00e9\u00a0r\u00e9cemment\u00a0modifi\u00e9e par la direcrive 2009\/26\/CE de la Commission (5\u00b0 emendement, obbligatoire depuis le 6 avril 2010)<\/em><\/p>\n<hr \/>\n<h3 class=\"\">Informations:<\/h3>\n<p class=\"\">Les atouts des\u00a0<strong class=\"\">Dalles EXCELLENCE EXTREME &#8211; MARINE<\/strong><\/p>\n<ul class=\"\">\n<li class=\"\" title=\"Page 3\">Faciles et rapides \u00e0 poser \u00a0&#8211; \u00a0sans colle<\/li>\n<li class=\"\" title=\"Page 3\">Elles s&rsquo;adapter au sol m\u00eame si l\u00e9g\u00e8rement irr\u00e9gulier<\/li>\n<li class=\"\" title=\"Page 3\">Facilitent la filtration des l&rsquo;eau, favorisent la ventilation de la superficie sous-jacente<\/li>\n<li class=\"\" title=\"Page 3\">Antid\u00e9rapant<\/li>\n<li class=\"\" title=\"Page 3\">Facile \u00e0 d\u00e9placer<\/li>\n<li class=\"\" title=\"Page 3\">Ne n\u00e9cessitent d&rsquo;aucune manutention<\/li>\n<li class=\"\" title=\"Page 3\">Faites avec des mat\u00e9riaux non organiques, n&rsquo;absorbent pas d&rsquo;humidit\u00e9<\/li>\n<li class=\"\" title=\"Page 3\">Haute port\u00e9 de cargaison<\/li>\n<li class=\"\" title=\"Page 3\">Certifi\u00e9es OMI* et MED**<\/li>\n<li class=\"\" title=\"Page 3\">Retardantes de flamme<\/li>\n<li class=\"\" title=\"Page 3\">Isolantes acoustiques<\/li>\n<li class=\"\" title=\"Page 3\">Peuvent \u00eatre fournies pr\u00e9-assembl\u00e9es en feuilles de 3 x 4 dalles, permettant une pose rapide<\/li>\n<li class=\"\" title=\"Page 3\">Sol 100% recyclable<\/li>\n<\/ul>\n<p class=\"\">La composition particuli\u00e8re\u00a0des\u00a0<strong class=\"\">Dalles EXCELLENCE EXTREME &#8211; MARINE<\/strong>\u00a0\u00a0leur permettent de <strong class=\"\">resister parfaitement au chaud , au froid, \u00e0 la salinit\u00e9, au soleil, au vent, \u00e0 l&rsquo;eau<\/strong>.\u00a0Leurs avantages ne se limitent pas \u00e0 un design l\u00e9ger et plaisant, elles ont aussi des remarquables <strong class=\"\">propri\u00e9t\u00e9s de filtration, de ventilation de la superficie sous-jacente et d&rsquo;absorption du bruit<\/strong>.\u00a0La superficie uniforme rend le passage plaisant \u00e0 pieds nus, comme sur talons \u00e0 aiguille.<\/p>\n<hr class=\"\" \/>\n<h3 class=\"\">Sp\u00e9cificit\u00e9s Techniques<\/h3>\n<ul class=\"\">\n<li class=\"\">Mat\u00e9riel composite recyclable (polypropyl\u00e8ne)<\/li>\n<li class=\"\">Couleurs stabilis\u00e9es, haute r\u00e9sistance aux UV<\/li>\n<li class=\"\">Approuv\u00e9es par la FDA*** . Aucune Emission. Pas de PVC<\/li>\n<li class=\"\">Certifi\u00e9es OMI* et MED**<\/li>\n<\/ul>\n<p class=\"\"><em class=\"\">***\u00a0<strong class=\"\">FDA<\/strong> &#8211;\u00a0<b class=\"\">Food and Drug Administration<\/b>\u00a0(<b class=\"\"><span class=\"lang-en\" lang=\"en\">FDA<\/span><\/b>, \u00ab\u00a0Agence am\u00e9ricaine des produits alimentaires et m\u00e9dicamenteux\u00a0\u00bb<sup id=\"cite_ref-1\" class=\"reference\"><\/sup>) est l&rsquo;administration am\u00e9ricaine des denr\u00e9es alimentaires et des m\u00e9dicaments.\u00a0Cet organisme a, entre autres, le mandat d&rsquo;autoriser la commercialisation des m\u00e9dicaments sur le territoire des \u00c9tats-Unis.<\/em><\/p>\n<p class=\"\"><strong class=\"\"><em class=\"\">Type:<\/em><\/strong><br class=\"\" \/><span class=\"\" style=\"color: #ffffff;\">.<\/span> \u00a0 \u00a0 \u00a0 \u00a0 B = superficie rugueuse<\/p>\n<p class=\"\"><em class=\"\"><strong class=\"\">Dimensions type B:<\/strong><\/em><br class=\"\" \/><span class=\"\" style=\"color: #ffffff;\">.<\/span> \u00a0 \u00a0 \u00a0 \u00a0 302,1 x 302,1 x 14,5 mm<\/p>\n<p class=\"\"><em class=\"\"><strong class=\"\">Conditionnement:<\/strong><\/em><\/p>\n<ul class=\"\">\n<li class=\"\">Boite 5m\u00b2 = 55pc\/boite = 20,30kg<\/li>\n<li class=\"\">Palette 180m\u00b2 = 36 boites = 730,80kg<\/li>\n<li class=\"\">Feuilles pr\u00e9-assembl\u00e9es 4 x 3 dalles = 1,20m x 0,90m<br class=\"\" \/>assemblages de 75pc = 81,80m\u00b2\/palette =335kg<\/li>\n<\/ul>\n<p class=\"\"><em class=\"\"><strong class=\"\">Port\u00e9 de Cargaison:<\/strong><\/em><br class=\"\" \/><span class=\"\" style=\"color: #ffffff;\">.<\/span> \u00a0 \u00a0 \u00a0 \u00a0 1000 tonnes\/m\u00b2 &#8212;&gt; 10 000kg\/dm\u00b2<\/p>\n<p class=\"\"><em class=\"\"><strong class=\"\">Couleurs Standard:<\/strong><\/em><br class=\"\" \/><span class=\"\" style=\"color: #ffffff;\">.<\/span> \u00a0 \u00a0 \u00a0 \u00a0 \u00a0Bleu Fonc\u00e9; Vert<\/p>\n<!-- AddThis Advanced Settings generic via filter on the_content --><!-- AddThis Share Buttons generic via filter on the_content -->","protected":false},"excerpt":{"rendered":"<h2><strong class=\"\">Dalles EXCELLENCE EXTREME &#8211; MARINE , Dalles certifi\u00e9e pour un usage Naval, Rev\u00eatement pour pont ext\u00e9rieurs, int\u00e9rieures et balcons<\/strong><\/h2>\n<p><strong class=\"\">Les Dalles EXCELLENCE EXTREME &#8211; MARINE\u00a0<\/strong>r\u00e9pondent aux certifications OMI* et MED**. Elles sont r\u00e9alis\u00e9es <strong>sans PVC<\/strong>.\u00a0Leur structure particuli\u00e8re permet aux impuret\u00e9s et \u00e0 l&rsquo;eau de passer facilement. Le passage reste propre et sec tout au profit d&rsquo;une meilleure adh\u00e9rence. Elles r\u00e9duisent la possibilit\u00e9 de glisser.\u00a0Les <strong>Dalles EXCELLENCE EXTREME &#8211; MARINE\u00a0<\/strong>sont la combinaison de mat\u00e9riaux de haute qualit\u00e9 et de design. Elles r\u00e9sistent au temps et aux intemp\u00e9ries. Elles s&rsquo;adaptent bien \u00e0 une pose \u00e0 bord de <strong>Super-Yatch comme de Ferries \u00a0ou Bateaux de Croisi\u00e8res<\/strong>.<!-- AddThis Advanced Settings generic via filter on get_the_excerpt --><!-- AddThis Share Buttons generic via filter on get_the_excerpt --><\/p>\n","protected":false},"featured_media":599,"template":"","meta":[],"product_brand":[],"product_cat":[21],"product_tag":[],"class_list":{"0":"post-602","1":"product","2":"type-product","3":"status-publish","4":"has-post-thumbnail","6":"product_cat-agencements-exterieurs","7":"has-thumb","9":"first","10":"instock","11":"shipping-taxable","12":"product-type-simple"},"yoast_head":"<!-- This site is optimized with the Yoast SEO plugin v27.4 - https:\/\/yoast.com\/product\/yoast-seo-wordpress\/ -->\n<title>Dalles EXCELLENCE EXTREME - MARINE - Union Trading Monaco<\/title>\n<meta name=\"description\" content=\"Dalles EXCELLENCE EXTREME - MARINE\u00a0certifi\u00e9es OMI, MED et FDA, Sans PVC, Antid\u00e9rapant, Retardantes de flamme, Haute port\u00e9 de cargaison\" \/>\n<meta name=\"robots\" content=\"index, follow, max-snippet:-1, max-image-preview:large, max-video-preview:-1\" \/>\n<link rel=\"canonical\" href=\"https:\/\/uniontradingmonaco-marine.com\/fr\/produit\/dalles-excellence-extreme-marine\/\" \/>\n<meta property=\"og:locale\" content=\"fr_FR\" \/>\n<meta property=\"og:type\" content=\"article\" \/>\n<meta property=\"og:title\" content=\"Dalles EXCELLENCE EXTREME - MARINE - Union Trading Monaco\" \/>\n<meta property=\"og:description\" content=\"Dalles EXCELLENCE EXTREME - MARINE\u00a0certifi\u00e9es OMI, MED et FDA, Sans PVC, Antid\u00e9rapant, Retardantes de flamme, Haute port\u00e9 de cargaison\" \/>\n<meta property=\"og:url\" content=\"https:\/\/uniontradingmonaco-marine.com\/fr\/produit\/dalles-excellence-extreme-marine\/\" \/>\n<meta property=\"og:site_name\" content=\"Union Trading Monaco\" \/>\n<meta property=\"og:image\" content=\"https:\/\/uniontradingmonaco-marine.com\/fr\/wp-content\/uploads\/sites\/2\/2017\/09\/EXCELLENCE_EXTREME_Tiles_-_MARINE.jpg\" \/>\n\t<meta property=\"og:image:width\" content=\"867\" \/>\n\t<meta property=\"og:image:height\" content=\"852\" \/>\n\t<meta property=\"og:image:type\" content=\"image\/jpeg\" \/>\n<meta name=\"twitter:card\" content=\"summary_large_image\" \/>\n<meta name=\"twitter:label1\" content=\"Dur\u00e9e de lecture estim\u00e9e\" \/>\n\t<meta name=\"twitter:data1\" content=\"3 minutes\" \/>\n<!-- \/ Yoast SEO plugin. -->","yoast_head_json":{"title":"Dalles EXCELLENCE EXTREME - MARINE - Union Trading Monaco","description":"Dalles EXCELLENCE EXTREME - MARINE\u00a0certifi\u00e9es OMI, MED et FDA, Sans PVC, Antid\u00e9rapant, Retardantes de flamme, Haute port\u00e9 de cargaison","robots":{"index":"index","follow":"follow","max-snippet":"max-snippet:-1","max-image-preview":"max-image-preview:large","max-video-preview":"max-video-preview:-1"},"canonical":"https:\/\/uniontradingmonaco-marine.com\/fr\/produit\/dalles-excellence-extreme-marine\/","og_locale":"fr_FR","og_type":"article","og_title":"Dalles EXCELLENCE EXTREME - MARINE - Union Trading Monaco","og_description":"Dalles EXCELLENCE EXTREME - MARINE\u00a0certifi\u00e9es OMI, MED et FDA, Sans PVC, Antid\u00e9rapant, Retardantes de flamme, Haute port\u00e9 de cargaison","og_url":"https:\/\/uniontradingmonaco-marine.com\/fr\/produit\/dalles-excellence-extreme-marine\/","og_site_name":"Union Trading Monaco","og_image":[{"width":867,"height":852,"url":"https:\/\/uniontradingmonaco-marine.com\/fr\/wp-content\/uploads\/sites\/2\/2017\/09\/EXCELLENCE_EXTREME_Tiles_-_MARINE.jpg","type":"image\/jpeg"}],"twitter_card":"summary_large_image","twitter_misc":{"Dur\u00e9e de lecture estim\u00e9e":"3 minutes"},"schema":{"@context":"https:\/\/schema.org","@graph":[{"@type":"WebPage","@id":"https:\/\/uniontradingmonaco-marine.com\/fr\/produit\/dalles-excellence-extreme-marine\/","url":"https:\/\/uniontradingmonaco-marine.com\/fr\/produit\/dalles-excellence-extreme-marine\/","name":"Dalles EXCELLENCE EXTREME - MARINE - Union Trading Monaco","isPartOf":{"@id":"https:\/\/uniontradingmonaco-marine.com\/fr\/#website"},"primaryImageOfPage":{"@id":"https:\/\/uniontradingmonaco-marine.com\/fr\/produit\/dalles-excellence-extreme-marine\/#primaryimage"},"image":{"@id":"https:\/\/uniontradingmonaco-marine.com\/fr\/produit\/dalles-excellence-extreme-marine\/#primaryimage"},"thumbnailUrl":"https:\/\/uniontradingmonaco-marine.com\/fr\/wp-content\/uploads\/sites\/2\/2017\/09\/EXCELLENCE_EXTREME_Tiles_-_MARINE.jpg","datePublished":"2017-10-02T15:43:39+00:00","description":"Dalles EXCELLENCE EXTREME - MARINE\u00a0certifi\u00e9es OMI, MED et FDA, Sans PVC, Antid\u00e9rapant, Retardantes de flamme, Haute port\u00e9 de cargaison","breadcrumb":{"@id":"https:\/\/uniontradingmonaco-marine.com\/fr\/produit\/dalles-excellence-extreme-marine\/#breadcrumb"},"inLanguage":"fr-FR","potentialAction":[{"@type":"ReadAction","target":["https:\/\/uniontradingmonaco-marine.com\/fr\/produit\/dalles-excellence-extreme-marine\/"]}]},{"@type":"ImageObject","inLanguage":"fr-FR","@id":"https:\/\/uniontradingmonaco-marine.com\/fr\/produit\/dalles-excellence-extreme-marine\/#primaryimage","url":"https:\/\/uniontradingmonaco-marine.com\/fr\/wp-content\/uploads\/sites\/2\/2017\/09\/EXCELLENCE_EXTREME_Tiles_-_MARINE.jpg","contentUrl":"https:\/\/uniontradingmonaco-marine.com\/fr\/wp-content\/uploads\/sites\/2\/2017\/09\/EXCELLENCE_EXTREME_Tiles_-_MARINE.jpg","width":867,"height":852,"caption":"Dalles EXCELLENCE EXTREME - MARINE"},{"@type":"BreadcrumbList","@id":"https:\/\/uniontradingmonaco-marine.com\/fr\/produit\/dalles-excellence-extreme-marine\/#breadcrumb","itemListElement":[{"@type":"ListItem","position":1,"name":"Accueil","item":"https:\/\/uniontradingmonaco-marine.com\/fr\/"},{"@type":"ListItem","position":2,"name":"Dalles EXCELLENCE EXTREME &#8211; MARINE"}]},{"@type":"WebSite","@id":"https:\/\/uniontradingmonaco-marine.com\/fr\/#website","url":"https:\/\/uniontradingmonaco-marine.com\/fr\/","name":"Union Trading Monaco","description":"","publisher":{"@id":"https:\/\/uniontradingmonaco-marine.com\/fr\/#organization"},"potentialAction":[{"@type":"SearchAction","target":{"@type":"EntryPoint","urlTemplate":"https:\/\/uniontradingmonaco-marine.com\/fr\/?s={search_term_string}"},"query-input":{"@type":"PropertyValueSpecification","valueRequired":true,"valueName":"search_term_string"}}],"inLanguage":"fr-FR"},{"@type":"Organization","@id":"https:\/\/uniontradingmonaco-marine.com\/fr\/#organization","name":"Union Trading Monaco","url":"https:\/\/uniontradingmonaco-marine.com\/fr\/","logo":{"@type":"ImageObject","inLanguage":"fr-FR","@id":"https:\/\/uniontradingmonaco-marine.com\/fr\/#\/schema\/logo\/image\/","url":"https:\/\/uniontradingmonaco-marine.com\/fr\/wp-content\/uploads\/sites\/2\/2017\/06\/Logo-UTM-xs.png","contentUrl":"https:\/\/uniontradingmonaco-marine.com\/fr\/wp-content\/uploads\/sites\/2\/2017\/06\/Logo-UTM-xs.png","width":144,"height":113,"caption":"Union Trading Monaco"},"image":{"@id":"https:\/\/uniontradingmonaco-marine.com\/fr\/#\/schema\/logo\/image\/"},"sameAs":["https:\/\/www.linkedin.com\/company\/union-trading-monaco\/"]}]}},"_links":{"self":[{"href":"https:\/\/uniontradingmonaco-marine.com\/fr\/wp-json\/wp\/v2\/product\/602","targetHints":{"allow":["GET"]}}],"collection":[{"href":"https:\/\/uniontradingmonaco-marine.com\/fr\/wp-json\/wp\/v2\/product"}],"about":[{"href":"https:\/\/uniontradingmonaco-marine.com\/fr\/wp-json\/wp\/v2\/types\/product"}],"wp:featuredmedia":[{"embeddable":true,"href":"https:\/\/uniontradingmonaco-marine.com\/fr\/wp-json\/wp\/v2\/media\/599"}],"wp:attachment":[{"href":"https:\/\/uniontradingmonaco-marine.com\/fr\/wp-json\/wp\/v2\/media?parent=602"}],"wp:term":[{"taxonomy":"product_brand","embeddable":true,"href":"https:\/\/uniontradingmonaco-marine.com\/fr\/wp-json\/wp\/v2\/product_brand?post=602"},{"taxonomy":"product_cat","embeddable":true,"href":"https:\/\/uniontradingmonaco-marine.com\/fr\/wp-json\/wp\/v2\/product_cat?post=602"},{"taxonomy":"product_tag","embeddable":true,"href":"https:\/\/uniontradingmonaco-marine.com\/fr\/wp-json\/wp\/v2\/product_tag?post=602"}],"curies":[{"name":"wp","href":"https:\/\/api.w.org\/{rel}","templated":true}]}}