{"id":62,"date":"2017-05-17T00:19:03","date_gmt":"2017-05-16T22:19:03","guid":{"rendered":"http:\/\/uniontradingmonaco-marine.com\/fr\/?post_type=product&#038;p=62"},"modified":"2017-05-31T13:03:45","modified_gmt":"2017-05-31T11:03:45","slug":"maricover","status":"publish","type":"product","link":"https:\/\/uniontradingmonaco-marine.com\/fr\/produit\/maricover\/","title":{"rendered":"MARICOVER"},"content":{"rendered":"<h2>La toile de protection temporaire\u00a0MARICOVER est conditionn\u00e9e en rouleaux dans ces diff\u00e9rentes \u00e9paisseurs:<\/h2>\n<table border=\"1\" cellspacing=\"0\" cellpadding=\"0\">\n<tbody>\n<tr>\n<td valign=\"top\" width=\"88\">\n<p align=\"center\">Epaisseure<\/p>\n<p align=\"center\">mm.<\/p>\n<\/td>\n<td valign=\"top\" width=\"74\">\n<p align=\"center\">Poix<\/p>\n<p align=\"center\">Kg. \/mq.<\/p>\n<\/td>\n<td valign=\"top\" width=\"74\">\n<p align=\"center\">Longeur du Rouleau m.<\/p>\n<\/td>\n<td valign=\"top\" width=\"74\">\n<p align=\"center\">Hauteur du Rouleau m.<\/p>\n<\/td>\n<td valign=\"top\" width=\"74\">\n<p align=\"center\">Surfacie du Rouleau mq.<\/p>\n<\/td>\n<td valign=\"top\" width=\"74\">\n<p align=\"center\">Poids Rouleau Kg.<\/p>\n<\/td>\n<td valign=\"top\" width=\"74\">\n<p align=\"center\">Nombre de Rouleaux\/Palette<\/p>\n<\/td>\n<\/tr>\n<tr>\n<td valign=\"top\" width=\"88\">\n<p align=\"center\">0,5<\/p>\n<\/td>\n<td valign=\"top\" width=\"74\">\n<p align=\"center\">0,70<\/p>\n<\/td>\n<td valign=\"top\" width=\"74\">\n<p align=\"center\">70<\/p>\n<\/td>\n<td valign=\"top\" width=\"74\">\n<p align=\"center\">1,40<\/p>\n<\/td>\n<td valign=\"top\" width=\"74\">\n<p align=\"center\">98<\/p>\n<\/td>\n<td valign=\"top\" width=\"74\">\n<p align=\"center\">68,60<\/p>\n<\/td>\n<td valign=\"top\" width=\"74\">\n<p align=\"center\">14<\/p>\n<\/td>\n<\/tr>\n<tr>\n<td valign=\"top\" width=\"88\">\n<p align=\"center\">1<\/p>\n<\/td>\n<td valign=\"top\" width=\"74\">\n<p align=\"center\">1,26<\/p>\n<\/td>\n<td valign=\"top\" width=\"74\">\n<p align=\"center\">40<\/p>\n<\/td>\n<td valign=\"top\" width=\"74\">\n<p align=\"center\">1,40<\/p>\n<\/td>\n<td valign=\"top\" width=\"74\">\n<p align=\"center\">\u00a056<\/p>\n<\/td>\n<td valign=\"top\" width=\"74\">\n<p align=\"center\">70,55<\/p>\n<\/td>\n<td valign=\"top\" width=\"74\">\n<p align=\"center\">14<\/p>\n<\/td>\n<\/tr>\n<tr>\n<td valign=\"top\" width=\"88\">\n<p align=\"center\">2<\/p>\n<\/td>\n<td valign=\"top\" width=\"74\">\n<p align=\"center\">2,80<\/p>\n<\/td>\n<td valign=\"top\" width=\"74\">\n<p align=\"center\">20<\/p>\n<\/td>\n<td valign=\"top\" width=\"74\">\n<p align=\"center\">1.40<\/p>\n<\/td>\n<td valign=\"top\" width=\"74\">\n<p align=\"center\">28<\/p>\n<\/td>\n<td valign=\"top\" width=\"74\">\n<p align=\"center\">78,40<\/p>\n<\/td>\n<td valign=\"top\" width=\"74\">\n<p align=\"center\">14<\/p>\n<\/td>\n<\/tr>\n<\/tbody>\n<\/table>\n<p><span style=\"font-size: 14pt;\">Couleur: Noir<\/span><\/p>\n<p>Comme tous les produits de la gamme MARICOVER, les toiles de protection MARICOVER, ind\u00e9pendamment de l&rsquo;\u00e9paisseur, sont\u00a0<strong>certifi\u00e9es ignifuges<\/strong>, dans le respect des\u00a0normes nationles italiennes et europ\u00e9ennes.<\/p>\n<!-- AddThis Advanced Settings generic via filter on the_content --><!-- AddThis Share Buttons generic via filter on the_content -->","protected":false},"excerpt":{"rendered":"<h2><\/h2>\n<h2>MARICOVER est une protection temporaire pour surfaces\u00a0horizontales. C&rsquo;est un produit ignifuge et r\u00e9sistent aux choques. Id\u00e9ale pour la protection de ponts ext\u00e9rieures, couloirs et sols pr\u00e9cieux.<\/h2>\n<p>MARICOVER est une toile de protection temporaire ignifuge pour sols ext\u00e9rieures, finissions en r\u00e9sine, marbres, bois et tous sols en g\u00e9n\u00e9rale, \u00e9quipements et consoles. Conditionn\u00e9 en rouleaux de diff\u00e9rentes dimentions, permets de couvrire de mani\u00e8re rapide et facile n&rsquo;importe quel type de syrface.<!-- AddThis Advanced Settings generic via filter on get_the_excerpt --><!-- AddThis Share Buttons generic via filter on get_the_excerpt --><\/p>\n","protected":false},"featured_media":81,"template":"","meta":[],"product_brand":[],"product_cat":[17],"product_tag":[],"class_list":{"0":"post-62","1":"product","2":"type-product","3":"status-publish","4":"has-post-thumbnail","6":"product_cat-protections-temporaires","7":"has-thumb","9":"first","10":"instock","11":"shipping-taxable","12":"product-type-simple"},"yoast_head":"<!-- This site is optimized with the Yoast SEO plugin v27.4 - https:\/\/yoast.com\/product\/yoast-seo-wordpress\/ -->\n<title>MARICOVER - Union Trading Monaco<\/title>\n<meta name=\"description\" content=\"MARICOVER est une protection temporaire ignifuge et r\u00e9sistente aux choques pour ponts ext\u00e9rieures, couloirs, sols pr\u00e9cieux. Pose facile et rapide.\" \/>\n<meta name=\"robots\" content=\"index, follow, max-snippet:-1, max-image-preview:large, max-video-preview:-1\" \/>\n<link rel=\"canonical\" href=\"https:\/\/uniontradingmonaco-marine.com\/fr\/produit\/maricover\/\" \/>\n<meta property=\"og:locale\" content=\"fr_FR\" \/>\n<meta property=\"og:type\" content=\"article\" \/>\n<meta property=\"og:title\" content=\"MARICOVER - Union Trading Monaco\" \/>\n<meta property=\"og:description\" content=\"MARICOVER est une protection temporaire ignifuge et r\u00e9sistente aux choques pour ponts ext\u00e9rieures, couloirs, sols pr\u00e9cieux. Pose facile et rapide.\" \/>\n<meta property=\"og:url\" content=\"https:\/\/uniontradingmonaco-marine.com\/fr\/produit\/maricover\/\" \/>\n<meta property=\"og:site_name\" content=\"Union Trading Monaco\" \/>\n<meta property=\"article:modified_time\" content=\"2017-05-31T11:03:45+00:00\" \/>\n<meta property=\"og:image\" content=\"https:\/\/uniontradingmonaco-marine.com\/fr\/wp-content\/uploads\/sites\/2\/2017\/05\/maricover-03.jpg\" \/>\n\t<meta property=\"og:image:width\" content=\"600\" \/>\n\t<meta property=\"og:image:height\" content=\"350\" \/>\n\t<meta property=\"og:image:type\" content=\"image\/jpeg\" \/>\n<meta name=\"twitter:card\" content=\"summary_large_image\" \/>\n<!-- \/ Yoast SEO plugin. -->","yoast_head_json":{"title":"MARICOVER - Union Trading Monaco","description":"MARICOVER est une protection temporaire ignifuge et r\u00e9sistente aux choques pour ponts ext\u00e9rieures, couloirs, sols pr\u00e9cieux. Pose facile et rapide.","robots":{"index":"index","follow":"follow","max-snippet":"max-snippet:-1","max-image-preview":"max-image-preview:large","max-video-preview":"max-video-preview:-1"},"canonical":"https:\/\/uniontradingmonaco-marine.com\/fr\/produit\/maricover\/","og_locale":"fr_FR","og_type":"article","og_title":"MARICOVER - Union Trading Monaco","og_description":"MARICOVER est une protection temporaire ignifuge et r\u00e9sistente aux choques pour ponts ext\u00e9rieures, couloirs, sols pr\u00e9cieux. Pose facile et rapide.","og_url":"https:\/\/uniontradingmonaco-marine.com\/fr\/produit\/maricover\/","og_site_name":"Union Trading Monaco","article_modified_time":"2017-05-31T11:03:45+00:00","og_image":[{"width":600,"height":350,"url":"https:\/\/uniontradingmonaco-marine.com\/fr\/wp-content\/uploads\/sites\/2\/2017\/05\/maricover-03.jpg","type":"image\/jpeg"}],"twitter_card":"summary_large_image","schema":{"@context":"https:\/\/schema.org","@graph":[{"@type":"WebPage","@id":"https:\/\/uniontradingmonaco-marine.com\/fr\/produit\/maricover\/","url":"https:\/\/uniontradingmonaco-marine.com\/fr\/produit\/maricover\/","name":"MARICOVER - Union Trading Monaco","isPartOf":{"@id":"https:\/\/uniontradingmonaco-marine.com\/fr\/#website"},"primaryImageOfPage":{"@id":"https:\/\/uniontradingmonaco-marine.com\/fr\/produit\/maricover\/#primaryimage"},"image":{"@id":"https:\/\/uniontradingmonaco-marine.com\/fr\/produit\/maricover\/#primaryimage"},"thumbnailUrl":"https:\/\/uniontradingmonaco-marine.com\/fr\/wp-content\/uploads\/sites\/2\/2017\/05\/maricover-03.jpg","datePublished":"2017-05-16T22:19:03+00:00","dateModified":"2017-05-31T11:03:45+00:00","description":"MARICOVER est une protection temporaire ignifuge et r\u00e9sistente aux choques pour ponts ext\u00e9rieures, couloirs, sols pr\u00e9cieux. Pose facile et rapide.","breadcrumb":{"@id":"https:\/\/uniontradingmonaco-marine.com\/fr\/produit\/maricover\/#breadcrumb"},"inLanguage":"fr-FR","potentialAction":[{"@type":"ReadAction","target":["https:\/\/uniontradingmonaco-marine.com\/fr\/produit\/maricover\/"]}]},{"@type":"ImageObject","inLanguage":"fr-FR","@id":"https:\/\/uniontradingmonaco-marine.com\/fr\/produit\/maricover\/#primaryimage","url":"https:\/\/uniontradingmonaco-marine.com\/fr\/wp-content\/uploads\/sites\/2\/2017\/05\/maricover-03.jpg","contentUrl":"https:\/\/uniontradingmonaco-marine.com\/fr\/wp-content\/uploads\/sites\/2\/2017\/05\/maricover-03.jpg","width":600,"height":350,"caption":"MARICOVER"},{"@type":"BreadcrumbList","@id":"https:\/\/uniontradingmonaco-marine.com\/fr\/produit\/maricover\/#breadcrumb","itemListElement":[{"@type":"ListItem","position":1,"name":"Accueil","item":"https:\/\/uniontradingmonaco-marine.com\/fr\/"},{"@type":"ListItem","position":2,"name":"MARICOVER"}]},{"@type":"WebSite","@id":"https:\/\/uniontradingmonaco-marine.com\/fr\/#website","url":"https:\/\/uniontradingmonaco-marine.com\/fr\/","name":"Union Trading Monaco","description":"","publisher":{"@id":"https:\/\/uniontradingmonaco-marine.com\/fr\/#organization"},"potentialAction":[{"@type":"SearchAction","target":{"@type":"EntryPoint","urlTemplate":"https:\/\/uniontradingmonaco-marine.com\/fr\/?s={search_term_string}"},"query-input":{"@type":"PropertyValueSpecification","valueRequired":true,"valueName":"search_term_string"}}],"inLanguage":"fr-FR"},{"@type":"Organization","@id":"https:\/\/uniontradingmonaco-marine.com\/fr\/#organization","name":"Union Trading Monaco","url":"https:\/\/uniontradingmonaco-marine.com\/fr\/","logo":{"@type":"ImageObject","inLanguage":"fr-FR","@id":"https:\/\/uniontradingmonaco-marine.com\/fr\/#\/schema\/logo\/image\/","url":"https:\/\/uniontradingmonaco-marine.com\/fr\/wp-content\/uploads\/sites\/2\/2017\/06\/Logo-UTM-xs.png","contentUrl":"https:\/\/uniontradingmonaco-marine.com\/fr\/wp-content\/uploads\/sites\/2\/2017\/06\/Logo-UTM-xs.png","width":144,"height":113,"caption":"Union Trading Monaco"},"image":{"@id":"https:\/\/uniontradingmonaco-marine.com\/fr\/#\/schema\/logo\/image\/"},"sameAs":["https:\/\/www.linkedin.com\/company\/union-trading-monaco\/"]}]}},"_links":{"self":[{"href":"https:\/\/uniontradingmonaco-marine.com\/fr\/wp-json\/wp\/v2\/product\/62","targetHints":{"allow":["GET"]}}],"collection":[{"href":"https:\/\/uniontradingmonaco-marine.com\/fr\/wp-json\/wp\/v2\/product"}],"about":[{"href":"https:\/\/uniontradingmonaco-marine.com\/fr\/wp-json\/wp\/v2\/types\/product"}],"wp:featuredmedia":[{"embeddable":true,"href":"https:\/\/uniontradingmonaco-marine.com\/fr\/wp-json\/wp\/v2\/media\/81"}],"wp:attachment":[{"href":"https:\/\/uniontradingmonaco-marine.com\/fr\/wp-json\/wp\/v2\/media?parent=62"}],"wp:term":[{"taxonomy":"product_brand","embeddable":true,"href":"https:\/\/uniontradingmonaco-marine.com\/fr\/wp-json\/wp\/v2\/product_brand?post=62"},{"taxonomy":"product_cat","embeddable":true,"href":"https:\/\/uniontradingmonaco-marine.com\/fr\/wp-json\/wp\/v2\/product_cat?post=62"},{"taxonomy":"product_tag","embeddable":true,"href":"https:\/\/uniontradingmonaco-marine.com\/fr\/wp-json\/wp\/v2\/product_tag?post=62"}],"curies":[{"name":"wp","href":"https:\/\/api.w.org\/{rel}","templated":true}]}}