{"id":2584,"date":"2017-05-15T17:59:49","date_gmt":"2017-05-15T15:59:49","guid":{"rendered":"http:\/\/uniontradingmonaco-marine.com\/it\/?page_id=2584"},"modified":"2018-08-22T15:53:42","modified_gmt":"2018-08-22T13:53:42","slug":"chi-siamo","status":"publish","type":"page","link":"https:\/\/uniontradingmonaco-marine.com\/it\/chi-siamo\/","title":{"rendered":"Chi siamo"},"content":{"rendered":"<div id=\"pl-2584\"  class=\"panel-layout\" ><div id=\"pg-2584-0\"  class=\"panel-grid panel-has-style\" ><div class=\"siteorigin-panels-stretch panel-row-style panel-row-style-for-2584-0\" data-stretch-type=\"full-stretched\" ><div id=\"pgc-2584-0-0\"  class=\"panel-grid-cell\" ><div id=\"panel-2584-0-0-0\" class=\"so-panel widget widget_sow-hero panel-first-child panel-last-child\" data-index=\"0\" ><div\n\t\t\t\n\t\t\tclass=\"so-widget-sow-hero so-widget-sow-hero-default-dfa5fc7eec44-2584\"\n\t\t\t\n\t\t>\t\t\t\t<div class=\"sow-slider-base\" style=\"display: none\" tabindex=\"0\">\n\t\t\t\t\t<ul\n\t\t\t\t\tclass=\"sow-slider-images\"\n\t\t\t\t\tdata-settings=\"{&quot;pagination&quot;:true,&quot;speed&quot;:800,&quot;timeout&quot;:8000,&quot;paused&quot;:false,&quot;pause_on_hover&quot;:false,&quot;swipe&quot;:false,&quot;nav_always_show_desktop&quot;:&quot;&quot;,&quot;nav_always_show_mobile&quot;:&quot;&quot;,&quot;breakpoint&quot;:&quot;780px&quot;,&quot;unmute&quot;:false,&quot;anchor&quot;:null}\"\n\t\t\t\t\t\t\t\t\t\tdata-anchor-id=\"\"\n\t\t\t\t>\t\t<li class=\"sow-slider-image  sow-slider-image-cover\" style=\"visibility: visible;;background-color: #707070\" >\n\t\t\t\t\t<div class=\"sow-slider-image-container\">\n\t\t\t<div class=\"sow-slider-image-wrapper\">\n\t\t\t\t<h1 style=\"text-align: center\">Union Trading Monaco<\/h1>\n<h1 style=\"text-align: center\">PASSIONE &amp; INNOVAZIONE DA 1960<\/h1>\n\t\t\t<\/div>\n\t\t<\/div>\n\t\t<div class=\"sow-slider-image-overlay sow-slider-image-cover\" style=\"opacity: 0.3;background-image: url(https:\/\/uniontradingmonaco-marine.com\/it\/wp-content\/uploads\/sites\/3\/2018\/05\/ea31b10f21f4043ecd0b4204e2445b97e675e4d31ab011419c_1920.jpg)\"  ><\/div>\t\t<\/li>\n\t\t<\/ul>\t\t\t\t<ol class=\"sow-slider-pagination\">\n\t\t\t\t\t\t\t\t\t\t\t<li><a href=\"#\" data-goto=\"0\" aria-label=\"Display slide 1\"><\/a><\/li>\n\t\t\t\t\t\t\t\t\t<\/ol>\n\n\t\t\t\t<div class=\"sow-slide-nav sow-slide-nav-next\">\n\t\t\t\t\t<a href=\"#\" data-goto=\"next\" aria-label=\"Next slide\" data-action=\"next\">\n\t\t\t\t\t\t<em class=\"sow-sld-icon-thin-right\"><\/em>\n\t\t\t\t\t<\/a>\n\t\t\t\t<\/div>\n\n\t\t\t\t<div class=\"sow-slide-nav sow-slide-nav-prev\">\n\t\t\t\t\t<a href=\"#\" data-goto=\"previous\" aria-label=\"Previous slide\" data-action=\"prev\">\n\t\t\t\t\t\t<em class=\"sow-sld-icon-thin-left\"><\/em>\n\t\t\t\t\t<\/a>\n\t\t\t\t<\/div>\n\t\t\t\t<\/div><\/div><\/div><\/div><\/div><\/div><div id=\"pg-2584-1\"  class=\"panel-grid panel-no-style\" ><div id=\"pgc-2584-1-0\"  class=\"panel-grid-cell\" ><div id=\"panel-2584-1-0-0\" class=\"so-panel widget widget_sow-editor panel-first-child panel-last-child\" data-index=\"1\" ><div\n\t\t\t\n\t\t\tclass=\"so-widget-sow-editor so-widget-sow-editor-base\"\n\t\t\t\n\t\t>\n<div class=\"siteorigin-widget-tinymce textwidget\">\n\t<h2 style=\"text-align: center;\"><span style=\"color: #194196; font-size: 26px;\">UTM - UNION TRADING MONACO sam \u00e9 una societ\u00e0 anonima monegasca fondata nel 1960<\/span><\/h2>\n<p style=\"text-align: justify;\"><strong>Agli albori, la sua attivit\u00e0 era orientata verso l\u2019Africa Sud-Sahariana dove faceva del trading di materiale edile, principalmente verso la Costa D'avorio. <\/strong><strong>A partire dagli anni \u00a0'90, la soci\u00e8t\u00e0 ridisegna la sua strategia e concentra il suo lavoro di trading nel Settore Navale. <\/strong>L'attivit\u00e0 si svolge intorno alla fornitura di materiale per Navi Passeggeri e Super-Yacht e all'assistenza di controllo da parte di uno staff di ingegneri e tecnici operanti nel settore.<\/p>\n<p style=\"text-align: justify;\"><strong>Da allora,\u00a0UTM - UNION TRADING MONACO sam si \u00e9 specializzata nella ricerca e nella vendita di prodotti di protezione e d'isolamento per ponti e sotto-ponti, lampade di sicurezza e di design, sistemi tecnologicamente avanzati. Tutto questo per offrire alla sua clientela materiali di punta, senza dimenticare di ottimizzare il rapporto Qualit\u00e0\/ Prezzo.<\/strong><\/p>\n<p style=\"text-align: justify;\">Grazie alla sua ampia veduta sul mercato,\u00a0<strong>UTM - UNION TRADING MONACO sam<\/strong> si propose di trovare facilmente e rapidamente i materiali e gli strumenti necessari alla sua clientela. I suoi fornitori sono localizzati in Olanda, Regno Unito, Svezia, Germania, Italia e Francia.\u00a0UTM - UNION TRADING MONACO sam collabora con diversi armatori come <strong>Carnival Cruises, P&amp;O, Costa Crociere<\/strong> e coopera con cantieri di costruzione navale come <strong>Fincantieri<\/strong> e i <strong>cantieri di Saint- Nazaire<\/strong>. Estende principalmente la sua attivit\u00e0 attraverso l'Europa e gli Usa ma organizza anche l'invio di materiali e l'intervento di specialisti nel mondo intero.<\/p>\n<\/div>\n<\/div><\/div><\/div><\/div><div id=\"pg-2584-2\"  class=\"panel-grid panel-has-style\" ><div class=\"panel-row-style panel-row-style-for-2584-2\" ><div id=\"pgc-2584-2-0\"  class=\"panel-grid-cell\" ><div id=\"panel-2584-2-0-0\" class=\"so-panel widget widget_sow-button panel-first-child panel-last-child\" data-index=\"2\" ><div\n\t\t\t\n\t\t\tclass=\"so-widget-sow-button so-widget-sow-button-flat-6a488008e1b7-2584\"\n\t\t\t\n\t\t><div class=\"ow-button-base ow-button-align-center\"\n>\n\t\t\t<a\n\t\t\t\t\thref=\"https:\/\/uniontradingmonaco-marine.com\/it\/contatto\/\"\n\t\t\t\t\tclass=\"sowb-button ow-icon-placement-left ow-button-hover\" \t>\n\t\t<span>\n\t\t\t<span class=\"sow-icon-genericons\" data-sow-icon=\"&#xf410;\"\n\t\tstyle=\"color: #ffffff\" \n\t\taria-hidden=\"true\"><\/span>\n\t\t\tMaggiori informazioni\t\t<\/span>\n\t\t\t<\/a>\n\t<\/div>\n<\/div><\/div><\/div><\/div><\/div><\/div><!-- AddThis Advanced Settings generic via filter on the_content --><!-- AddThis Share Buttons generic via filter on the_content -->","protected":false},"excerpt":{"rendered":"<p>UTM &#8211; UNION TRADING MONACO sam \u00e9 una societ\u00e0 anonima monegasca fondata nel 1960 Agli albori, la sua attivit\u00e0 era orientata verso l\u2019Africa Sud-Sahariana dove faceva del trading di materiale edile, principalmente verso la Costa D&#8217;avorio. A partire dagli anni \u00a0&#8217;90, la soci\u00e8t\u00e0 ridisegna la sua strategia e concentra il suo lavoro di trading nel &hellip;<!-- AddThis Advanced Settings generic via filter on get_the_excerpt --><!-- AddThis Share Buttons generic via filter on get_the_excerpt --><\/p>\n","protected":false},"author":1,"featured_media":0,"parent":0,"menu_order":0,"comment_status":"closed","ping_status":"closed","template":"","meta":{"footnotes":""},"class_list":["post-2584","page","type-page","status-publish","hentry","no-thumb"],"yoast_head":"<!-- This site is optimized with the Yoast SEO plugin v27.2 - https:\/\/yoast.com\/product\/yoast-seo-wordpress\/ -->\n<title>Chi siamo - Union Trading Monaco<\/title>\n<meta name=\"description\" content=\"UTM - Union Trading Monaco sam, nata nel 1960... attivit\u00e0 nel Settore Navale, trading di protezione e d&#039;isolamento, lampade di sicurezza e di design, ...\" \/>\n<meta name=\"robots\" content=\"index, follow, max-snippet:-1, max-image-preview:large, max-video-preview:-1\" \/>\n<link rel=\"canonical\" href=\"https:\/\/uniontradingmonaco-marine.com\/it\/chi-siamo\/\" \/>\n<meta property=\"og:locale\" content=\"it_IT\" \/>\n<meta property=\"og:type\" content=\"article\" \/>\n<meta property=\"og:title\" content=\"Chi siamo - Union Trading Monaco\" \/>\n<meta property=\"og:description\" content=\"UTM - Union Trading Monaco sam, nata nel 1960... attivit\u00e0 nel Settore Navale, trading di protezione e d&#039;isolamento, lampade di sicurezza e di design, ...\" \/>\n<meta property=\"og:url\" content=\"https:\/\/uniontradingmonaco-marine.com\/it\/chi-siamo\/\" \/>\n<meta property=\"og:site_name\" content=\"Union Trading Monaco\" \/>\n<meta property=\"article:modified_time\" content=\"2018-08-22T13:53:42+00:00\" \/>\n<meta name=\"twitter:card\" content=\"summary_large_image\" \/>\n<meta name=\"twitter:label1\" content=\"Tempo di lettura stimato\" \/>\n\t<meta name=\"twitter:data1\" content=\"1 minuto\" \/>\n<!-- \/ Yoast SEO plugin. -->","yoast_head_json":{"title":"Chi siamo - Union Trading Monaco","description":"UTM - Union Trading Monaco sam, nata nel 1960... attivit\u00e0 nel Settore Navale, trading di protezione e d'isolamento, lampade di sicurezza e di design, ...","robots":{"index":"index","follow":"follow","max-snippet":"max-snippet:-1","max-image-preview":"max-image-preview:large","max-video-preview":"max-video-preview:-1"},"canonical":"https:\/\/uniontradingmonaco-marine.com\/it\/chi-siamo\/","og_locale":"it_IT","og_type":"article","og_title":"Chi siamo - Union Trading Monaco","og_description":"UTM - Union Trading Monaco sam, nata nel 1960... attivit\u00e0 nel Settore Navale, trading di protezione e d'isolamento, lampade di sicurezza e di design, ...","og_url":"https:\/\/uniontradingmonaco-marine.com\/it\/chi-siamo\/","og_site_name":"Union Trading Monaco","article_modified_time":"2018-08-22T13:53:42+00:00","twitter_card":"summary_large_image","twitter_misc":{"Tempo di lettura stimato":"1 minuto"},"schema":{"@context":"https:\/\/schema.org","@graph":[{"@type":"WebPage","@id":"https:\/\/uniontradingmonaco-marine.com\/it\/chi-siamo\/","url":"https:\/\/uniontradingmonaco-marine.com\/it\/chi-siamo\/","name":"Chi siamo - Union Trading Monaco","isPartOf":{"@id":"https:\/\/uniontradingmonaco-marine.com\/it\/#website"},"datePublished":"2017-05-15T15:59:49+00:00","dateModified":"2018-08-22T13:53:42+00:00","description":"UTM - Union Trading Monaco sam, nata nel 1960... attivit\u00e0 nel Settore Navale, trading di protezione e d'isolamento, lampade di sicurezza e di design, ...","breadcrumb":{"@id":"https:\/\/uniontradingmonaco-marine.com\/it\/chi-siamo\/#breadcrumb"},"inLanguage":"it-IT","potentialAction":[{"@type":"ReadAction","target":["https:\/\/uniontradingmonaco-marine.com\/it\/chi-siamo\/"]}]},{"@type":"BreadcrumbList","@id":"https:\/\/uniontradingmonaco-marine.com\/it\/chi-siamo\/#breadcrumb","itemListElement":[{"@type":"ListItem","position":1,"name":"Accueil","item":"https:\/\/uniontradingmonaco-marine.com\/it\/"},{"@type":"ListItem","position":2,"name":"Chi siamo"}]},{"@type":"WebSite","@id":"https:\/\/uniontradingmonaco-marine.com\/it\/#website","url":"https:\/\/uniontradingmonaco-marine.com\/it\/","name":"Union Trading Monaco","description":"Union Trading Monaco","potentialAction":[{"@type":"SearchAction","target":{"@type":"EntryPoint","urlTemplate":"https:\/\/uniontradingmonaco-marine.com\/it\/?s={search_term_string}"},"query-input":{"@type":"PropertyValueSpecification","valueRequired":true,"valueName":"search_term_string"}}],"inLanguage":"it-IT"}]}},"_links":{"self":[{"href":"https:\/\/uniontradingmonaco-marine.com\/it\/wp-json\/wp\/v2\/pages\/2584","targetHints":{"allow":["GET"]}}],"collection":[{"href":"https:\/\/uniontradingmonaco-marine.com\/it\/wp-json\/wp\/v2\/pages"}],"about":[{"href":"https:\/\/uniontradingmonaco-marine.com\/it\/wp-json\/wp\/v2\/types\/page"}],"author":[{"embeddable":true,"href":"https:\/\/uniontradingmonaco-marine.com\/it\/wp-json\/wp\/v2\/users\/1"}],"replies":[{"embeddable":true,"href":"https:\/\/uniontradingmonaco-marine.com\/it\/wp-json\/wp\/v2\/comments?post=2584"}],"version-history":[{"count":107,"href":"https:\/\/uniontradingmonaco-marine.com\/it\/wp-json\/wp\/v2\/pages\/2584\/revisions"}],"predecessor-version":[{"id":3745,"href":"https:\/\/uniontradingmonaco-marine.com\/it\/wp-json\/wp\/v2\/pages\/2584\/revisions\/3745"}],"wp:attachment":[{"href":"https:\/\/uniontradingmonaco-marine.com\/it\/wp-json\/wp\/v2\/media?parent=2584"}],"curies":[{"name":"wp","href":"https:\/\/api.w.org\/{rel}","templated":true}]}}