{"id":2562,"date":"2017-05-16T10:09:39","date_gmt":"2017-05-16T08:09:39","guid":{"rendered":"http:\/\/uniontradingmonaco-marine.com\/it\/?post_type=product&#038;p=2562"},"modified":"2017-07-12T16:02:32","modified_gmt":"2017-07-12T14:02:32","slug":"maricover-f15","status":"publish","type":"product","link":"https:\/\/uniontradingmonaco-marine.com\/it\/negozio\/protezioni-temporanee\/maricover-f15\/","title":{"rendered":"Telo Protettivo MARICOVER F15"},"content":{"rendered":"<h2>Telo Protettivo MARICOVER F15, protezione orizzontale e verticale temporanea certificata<\/h2>\n<p>Il Telo Protettivo MARICOVER F15 fa parte della\u00a0gamma di teli autoadesivi di protezione per pavimenti, ponti interni con finitura in moquette, pareti ed arredamenti in genere. \u00c8 disponibile nelle tipologie: MARICOVER F15 e MARICOVER F15 LIGHT.<\/p>\n<p>Il Telo Protettivo MARICOVER F15, come la sua declinazione MARICOVER F15 LIGHT, \u00e9 una pellicola\u00a0 <strong>\u201critardante di fiamma\u201d, \u00a0a base polietilenica adesivizzato, con resina acrilica<\/strong>.<\/p>\n<h5>Questi materiali hanno ottenuto le certificazioni , RINA, RINA MED e LLOYD&#8217;S REGISTER.<\/h5>\n<p>I due protettivi sono dello stesso colore, entrambi trasparenti. Si distinguono nello spessore e quindi, nel peso:<\/p>\n<table>\n<tbody>\n<tr>\n<td width=\"229\"><strong>Tipologia<\/strong><\/td>\n<td width=\"75\"><strong>g\/m<sup>2<\/sup><\/strong><\/td>\n<\/tr>\n<tr>\n<td width=\"229\">MARICOVER F15<\/td>\n<td width=\"75\">55<\/td>\n<\/tr>\n<tr>\n<td width=\"229\">MARICOVER F15 LIGHT<\/td>\n<td width=\"75\">51<\/td>\n<\/tr>\n<\/tbody>\n<\/table>\n<p>&nbsp;<\/p>\n<p><strong>Caratteristiche Tecnica:<\/strong><\/p>\n<table width=\"95%\">\n<tbody>\n<tr>\n<td width=\"45%\">\n<h3><u>TEST<\/u><\/h3>\n<p><em>\u00a0<\/em><\/td>\n<td width=\"13%\"><strong><u>U.M<\/u><\/strong><strong>.<\/strong><\/td>\n<td width=\"22%\">\n<h4><strong><u>METODO<\/u><\/strong><\/h4>\n<\/td>\n<td width=\"18%\">\n<h5><u>VALORE<\/u><\/h5>\n<\/td>\n<\/tr>\n<tr>\n<td width=\"45%\">\n<h6>Spessore medio<\/h6>\n<p>&nbsp;<\/td>\n<td width=\"13%\">micron<\/td>\n<td width=\"22%\">*A.F.E.R.A. 4006<\/td>\n<td width=\"18%\">50 (\u00b1 10 %)<\/td>\n<\/tr>\n<tr>\n<td width=\"45%\"><strong>Carico di rottura senso longitudinale<\/strong><\/td>\n<td width=\"13%\">daN\/cm<\/td>\n<td width=\"22%\">A.F.E.R.A. 4004<\/td>\n<td width=\"18%\">&gt; 1<\/td>\n<\/tr>\n<tr>\n<td width=\"45%\"><strong>Carico di rottura senso trasversale<\/strong><\/td>\n<td width=\"13%\">daN\/cm<\/td>\n<td width=\"22%\">A.F.E.R.A. 4004<\/td>\n<td width=\"18%\">&gt; 0.7<\/td>\n<\/tr>\n<tr>\n<td width=\"45%\"><strong>Allungamento massimo longitudinale<\/strong><\/td>\n<td width=\"13%\">%<\/td>\n<td width=\"22%\">A.F.E.R.A. 4005<\/td>\n<td width=\"18%\">&gt; 200<\/td>\n<\/tr>\n<tr>\n<td width=\"45%\"><strong>Allungamento massimo trasversale<\/strong><\/td>\n<td width=\"13%\">%<\/td>\n<td width=\"22%\">A.F.E.R.A. 4005<\/td>\n<td width=\"18%\">&gt; 470<\/td>\n<\/tr>\n<tr>\n<td width=\"45%\"><strong>Densit\u00e0<\/strong><\/td>\n<td width=\"13%\">g.\/cm<sup>3<\/sup><\/td>\n<td width=\"22%\">ASTM D1505<\/td>\n<td width=\"18%\">0.96 (\u00b1 10 %)<\/td>\n<\/tr>\n<\/tbody>\n<\/table>\n<p>*A.F.E.R.A.\u00a0: Association des Fabricants Europ\u00e9ens de Rubans Auto-adh\u00e9sifs<\/p>\n<p><strong>\u00a0<\/strong><\/p>\n<p><strong>Certificazioni<\/strong>:<\/p>\n<ul>\n<li>Reazione al fuoco in accordo con EN 13501-1:2007+A1:2009: B s1 \/ d0 &#8211; Rapporto di Classificazione RINA N\u00b0 RF0064 del 19\/05\/2014<\/li>\n<li>RINA: Certificato n\u00b0 MED047717CS\/001 rilasciato a Genova il 17\/03\/2017<\/li>\n<li>LLOYD\u2019S REGISTER: Certificato n\u00b0 SAS F150168 rilasciato a Genova il 25\/06\/2015<\/li>\n<\/ul>\n<p>&nbsp;<\/p>\n<p><strong>Imballaggio: <\/strong><\/p>\n<p>Il prodotto, nelle due tipologie, \u00e8 fornito su pallet \u201ceuropeo\u201d non sovrapponibile, con le sottoindicate caratteristiche di imballaggio:<\/p>\n<table border=\"1\" cellspacing=\"0\" cellpadding=\"0\">\n<tbody>\n<tr>\n<td valign=\"top\" width=\"109\">\n<p align=\"center\">Tipologia<\/p>\n<\/td>\n<td valign=\"top\" width=\"69\">\n<p align=\"center\">Spessore<\/p>\n<p align=\"center\">Micron<\/p>\n<\/td>\n<td valign=\"top\" width=\"50\">\n<p align=\"center\">Peso<\/p>\n<p align=\"center\">g.\/mq.<\/p>\n<\/td>\n<td valign=\"top\" width=\"71\">\n<p align=\"center\">Lunghezza rotolo m.<\/p>\n<\/td>\n<td valign=\"top\" width=\"57\">\n<p align=\"center\">Altezza rotolo m.<\/p>\n<\/td>\n<td valign=\"top\" width=\"71\">\n<p align=\"center\">Sviluppo rotolo mq.<\/p>\n<\/td>\n<td valign=\"top\" width=\"71\">\n<p align=\"center\">Peso netto rotolo Kg.<\/p>\n<\/td>\n<td valign=\"top\" width=\"57\">\n<p align=\"center\">Rotoli \/ Pallet n\u00b0<\/p>\n<\/td>\n<\/tr>\n<tr>\n<td valign=\"top\" width=\"109\">\n<p align=\"center\">MARICOVER F15<\/p>\n<\/td>\n<td valign=\"top\" width=\"69\">\n<p align=\"center\">50 (\u00b1 10 %)<\/p>\n<\/td>\n<td valign=\"top\" width=\"50\">\n<p align=\"center\">55<\/p>\n<\/td>\n<td valign=\"top\" width=\"71\">\n<p align=\"center\">200<\/p>\n<\/td>\n<td valign=\"top\" width=\"57\">\n<p align=\"center\">1,25<\/p>\n<\/td>\n<td valign=\"top\" width=\"71\">\n<p align=\"center\">250<\/p>\n<\/td>\n<td valign=\"top\" width=\"71\">\n<p align=\"center\">13,75<\/p>\n<\/td>\n<td valign=\"top\" width=\"57\">\n<p align=\"center\">20<\/p>\n<\/td>\n<\/tr>\n<tr>\n<td valign=\"top\" width=\"109\">\n<p align=\"center\">MARICOVER F15 LIGHT<\/p>\n<\/td>\n<td valign=\"top\" width=\"69\">\n<p align=\"center\">50 (\u00b1 10 %)<\/p>\n<\/td>\n<td valign=\"top\" width=\"50\">\n<p align=\"center\">51<\/p>\n<\/td>\n<td valign=\"top\" width=\"71\">\n<p align=\"center\">200<\/p>\n<\/td>\n<td valign=\"top\" width=\"57\">\n<p align=\"center\">1,25<\/p>\n<\/td>\n<td valign=\"top\" width=\"71\">\n<p align=\"center\">250<\/p>\n<\/td>\n<td valign=\"top\" width=\"71\">\n<p align=\"center\">12,75<\/p>\n<\/td>\n<td valign=\"top\" width=\"57\">\n<p align=\"center\">20<\/p>\n<\/td>\n<\/tr>\n<\/tbody>\n<\/table>\n<h6 style=\"text-align: left;\">I dati contenuti in questa scheda sono resi noti da parte nostra con la migliore accuratezza possibile.\u00a0Tuttavia questa accuratezza non \u00e8 oggetto di garanzia e i dati comunicati in questa scheda non costituiscono n\u00e9 implicano alcuna garanzia da parte della nostra societ\u00e0.<\/h6>\n<!-- AddThis Advanced Settings generic via filter on the_content --><!-- AddThis Share Buttons generic via filter on the_content -->","protected":false},"excerpt":{"rendered":"<h2><strong>Il Tepo Protettivo MARICOVER F15, protezione temporanea orizzontale ritardante di fiamma, telo autoadesivo<\/strong><\/h2>\n<p>Il Telo Protettivo MARICOVER F15 fa parte di una gamma di teli autoadesivi di protezione provvisoria, <strong>certificati ritardanti di fiamma<\/strong>, per pavimenti, ponti esterni \u00a0ed interni con finitura in moquette, pareti\u00a0 ed arredamenti in genere.<\/p>\n<p>E&#8217; disponibile in due tipologie: <strong>MARICOVER F15 e MARICOVER F15 LIGHT.<\/strong><!-- AddThis Advanced Settings generic via filter on get_the_excerpt --><!-- AddThis Share Buttons generic via filter on get_the_excerpt --><\/p>\n","protected":false},"featured_media":2603,"template":"","meta":[],"product_brand":[],"product_cat":[15],"product_tag":[],"class_list":{"0":"post-2562","1":"product","2":"type-product","3":"status-publish","4":"has-post-thumbnail","6":"product_cat-protezioni-temporanee","7":"has-thumb","9":"first","10":"instock","11":"shipping-taxable","12":"product-type-simple"},"yoast_head":"<!-- This site is optimized with the Yoast SEO plugin v27.4 - https:\/\/yoast.com\/product\/yoast-seo-wordpress\/ -->\n<title>Telo Protettivo MARICOVER F15 - Union Trading Monaco<\/title>\n<meta name=\"description\" content=\"MARICOVER F15, telo autoadesivo di protezione provvisoria, certificato ignifugo, per pavimenti a finitura mista, pareti ed arredamenti in genere.\" \/>\n<meta name=\"robots\" content=\"index, follow, max-snippet:-1, max-image-preview:large, max-video-preview:-1\" \/>\n<link rel=\"canonical\" href=\"https:\/\/uniontradingmonaco-marine.com\/it\/negozio\/protezioni-temporanee\/maricover-f15\/\" \/>\n<meta property=\"og:locale\" content=\"it_IT\" \/>\n<meta property=\"og:type\" content=\"article\" \/>\n<meta property=\"og:title\" content=\"Telo Protettivo MARICOVER F15 - Union Trading Monaco\" \/>\n<meta property=\"og:description\" content=\"MARICOVER F15, telo autoadesivo di protezione provvisoria, certificato ignifugo, per pavimenti a finitura mista, pareti ed arredamenti in genere.\" \/>\n<meta property=\"og:url\" content=\"https:\/\/uniontradingmonaco-marine.com\/it\/negozio\/protezioni-temporanee\/maricover-f15\/\" \/>\n<meta property=\"og:site_name\" content=\"Union Trading Monaco\" \/>\n<meta property=\"article:modified_time\" content=\"2017-07-12T14:02:32+00:00\" \/>\n<meta property=\"og:image\" content=\"https:\/\/uniontradingmonaco-marine.com\/it\/wp-content\/uploads\/sites\/3\/2017\/05\/MARICOVER-F-15.jpg\" \/>\n\t<meta property=\"og:image:width\" content=\"600\" \/>\n\t<meta property=\"og:image:height\" content=\"350\" \/>\n\t<meta property=\"og:image:type\" content=\"image\/jpeg\" \/>\n<meta name=\"twitter:card\" content=\"summary_large_image\" \/>\n<meta name=\"twitter:label1\" content=\"Tempo di lettura stimato\" \/>\n\t<meta name=\"twitter:data1\" content=\"2 minuti\" \/>\n<!-- \/ Yoast SEO plugin. -->","yoast_head_json":{"title":"Telo Protettivo MARICOVER F15 - Union Trading Monaco","description":"MARICOVER F15, telo autoadesivo di protezione provvisoria, certificato ignifugo, per pavimenti a finitura mista, pareti ed arredamenti in genere.","robots":{"index":"index","follow":"follow","max-snippet":"max-snippet:-1","max-image-preview":"max-image-preview:large","max-video-preview":"max-video-preview:-1"},"canonical":"https:\/\/uniontradingmonaco-marine.com\/it\/negozio\/protezioni-temporanee\/maricover-f15\/","og_locale":"it_IT","og_type":"article","og_title":"Telo Protettivo MARICOVER F15 - Union Trading Monaco","og_description":"MARICOVER F15, telo autoadesivo di protezione provvisoria, certificato ignifugo, per pavimenti a finitura mista, pareti ed arredamenti in genere.","og_url":"https:\/\/uniontradingmonaco-marine.com\/it\/negozio\/protezioni-temporanee\/maricover-f15\/","og_site_name":"Union Trading Monaco","article_modified_time":"2017-07-12T14:02:32+00:00","og_image":[{"width":600,"height":350,"url":"https:\/\/uniontradingmonaco-marine.com\/it\/wp-content\/uploads\/sites\/3\/2017\/05\/MARICOVER-F-15.jpg","type":"image\/jpeg"}],"twitter_card":"summary_large_image","twitter_misc":{"Tempo di lettura stimato":"2 minuti"},"schema":{"@context":"https:\/\/schema.org","@graph":[{"@type":"WebPage","@id":"https:\/\/uniontradingmonaco-marine.com\/it\/negozio\/protezioni-temporanee\/maricover-f15\/","url":"https:\/\/uniontradingmonaco-marine.com\/it\/negozio\/protezioni-temporanee\/maricover-f15\/","name":"Telo Protettivo MARICOVER F15 - Union Trading Monaco","isPartOf":{"@id":"https:\/\/uniontradingmonaco-marine.com\/it\/#website"},"primaryImageOfPage":{"@id":"https:\/\/uniontradingmonaco-marine.com\/it\/negozio\/protezioni-temporanee\/maricover-f15\/#primaryimage"},"image":{"@id":"https:\/\/uniontradingmonaco-marine.com\/it\/negozio\/protezioni-temporanee\/maricover-f15\/#primaryimage"},"thumbnailUrl":"https:\/\/uniontradingmonaco-marine.com\/it\/wp-content\/uploads\/sites\/3\/2017\/05\/MARICOVER-F-15.jpg","datePublished":"2017-05-16T08:09:39+00:00","dateModified":"2017-07-12T14:02:32+00:00","description":"MARICOVER F15, telo autoadesivo di protezione provvisoria, certificato ignifugo, per pavimenti a finitura mista, pareti ed arredamenti in genere.","breadcrumb":{"@id":"https:\/\/uniontradingmonaco-marine.com\/it\/negozio\/protezioni-temporanee\/maricover-f15\/#breadcrumb"},"inLanguage":"it-IT","potentialAction":[{"@type":"ReadAction","target":["https:\/\/uniontradingmonaco-marine.com\/it\/negozio\/protezioni-temporanee\/maricover-f15\/"]}]},{"@type":"ImageObject","inLanguage":"it-IT","@id":"https:\/\/uniontradingmonaco-marine.com\/it\/negozio\/protezioni-temporanee\/maricover-f15\/#primaryimage","url":"https:\/\/uniontradingmonaco-marine.com\/it\/wp-content\/uploads\/sites\/3\/2017\/05\/MARICOVER-F-15.jpg","contentUrl":"https:\/\/uniontradingmonaco-marine.com\/it\/wp-content\/uploads\/sites\/3\/2017\/05\/MARICOVER-F-15.jpg","width":600,"height":350,"caption":"Telo Protettivo MARICOVER F15"},{"@type":"BreadcrumbList","@id":"https:\/\/uniontradingmonaco-marine.com\/it\/negozio\/protezioni-temporanee\/maricover-f15\/#breadcrumb","itemListElement":[{"@type":"ListItem","position":1,"name":"Accueil","item":"https:\/\/uniontradingmonaco-marine.com\/it\/"},{"@type":"ListItem","position":2,"name":"Telo Protettivo MARICOVER F15"}]},{"@type":"WebSite","@id":"https:\/\/uniontradingmonaco-marine.com\/it\/#website","url":"https:\/\/uniontradingmonaco-marine.com\/it\/","name":"Union Trading Monaco","description":"Union Trading Monaco","potentialAction":[{"@type":"SearchAction","target":{"@type":"EntryPoint","urlTemplate":"https:\/\/uniontradingmonaco-marine.com\/it\/?s={search_term_string}"},"query-input":{"@type":"PropertyValueSpecification","valueRequired":true,"valueName":"search_term_string"}}],"inLanguage":"it-IT"}]}},"_links":{"self":[{"href":"https:\/\/uniontradingmonaco-marine.com\/it\/wp-json\/wp\/v2\/product\/2562","targetHints":{"allow":["GET"]}}],"collection":[{"href":"https:\/\/uniontradingmonaco-marine.com\/it\/wp-json\/wp\/v2\/product"}],"about":[{"href":"https:\/\/uniontradingmonaco-marine.com\/it\/wp-json\/wp\/v2\/types\/product"}],"wp:featuredmedia":[{"embeddable":true,"href":"https:\/\/uniontradingmonaco-marine.com\/it\/wp-json\/wp\/v2\/media\/2603"}],"wp:attachment":[{"href":"https:\/\/uniontradingmonaco-marine.com\/it\/wp-json\/wp\/v2\/media?parent=2562"}],"wp:term":[{"taxonomy":"product_brand","embeddable":true,"href":"https:\/\/uniontradingmonaco-marine.com\/it\/wp-json\/wp\/v2\/product_brand?post=2562"},{"taxonomy":"product_cat","embeddable":true,"href":"https:\/\/uniontradingmonaco-marine.com\/it\/wp-json\/wp\/v2\/product_cat?post=2562"},{"taxonomy":"product_tag","embeddable":true,"href":"https:\/\/uniontradingmonaco-marine.com\/it\/wp-json\/wp\/v2\/product_tag?post=2562"}],"curies":[{"name":"wp","href":"https:\/\/api.w.org\/{rel}","templated":true}]}}