{"id":2604,"date":"2017-05-16T10:34:54","date_gmt":"2017-05-16T08:34:54","guid":{"rendered":"http:\/\/uniontradingmonaco-marine.com\/it\/?post_type=product&#038;p=2604"},"modified":"2017-07-13T17:29:29","modified_gmt":"2017-07-13T15:29:29","slug":"telo-protettivo-maricover-bicolor","status":"publish","type":"product","link":"https:\/\/uniontradingmonaco-marine.com\/it\/negozio\/protezioni-temporanee\/telo-protettivo-maricover-bicolor\/","title":{"rendered":"Telo Protettivo MARICOVER BICOLORE"},"content":{"rendered":"<h2>Telo Protettivo MARICOVER BICOLORE, protezione autoadesiva per superfici principalmente esterne, a bordo nave<\/h2>\n<p>Il Telo Protettivo MARICOVER BICOLORE\u00a0fa parte della\u00a0gamma di teli autoadesivi di protezione per pavimenti. Questa pellicola \u00e9 stata ideata\u00a0per la protezione temporanea delle superfici. \u00c8 autoestinguente. Fa parte della famiglia dei teli protettivi, sempre autoadesivi F20. Il Telo Maricover BICOLORE \u00e9 particolarmente adatto per la copertura di superfici sui ponti esterni, a bordo nave, nonch\u00e9 per la copertura di accessori di arredamento.<\/p>\n<h5>Questo materiale ha ottenuto le certificazioni , RINA, RINA MED e LLOYD&#8217;S REGISTER.<\/h5>\n<p>Il Telo Protettivo MARICOVER BICOLORE \u00e9 una\u00a0<strong>pellicola autoadesiva<\/strong>, <strong>autoestinguente<\/strong>, <strong>a base di polimeri acrilici<\/strong>. Si distingue facilmente grazie al suo particilare colore <strong>bianco<\/strong> su un verso <strong>e nero<\/strong> sull&#8217;altro. Il suo peso \u00e9 di\u00a0105 g\/m<sup>2\u00a0<\/sup><\/p>\n<p>.<\/p>\n<p><strong>Caratteristiche Tecniche:<\/strong><\/p>\n<table width=\"88%\">\n<tbody>\n<tr>\n<td width=\"49%\">\n<h3><u>TEST<\/u><\/h3>\n<\/td>\n<td width=\"10%\"><strong><u>U.M<\/u><\/strong><strong>.<\/strong><\/td>\n<td width=\"21%\">\n<h4><strong><u>METODO<\/u><\/strong><\/h4>\n<\/td>\n<td width=\"18%\">\n<h5><u>VALORE<\/u><\/h5>\n<\/td>\n<\/tr>\n<tr>\n<td width=\"49%\">\n<h6>Spessore medio<\/h6>\n<\/td>\n<td width=\"10%\">micron<\/td>\n<td width=\"21%\">*A.F.E.R.A. 4006<\/td>\n<td width=\"18%\">100 (\u00b1 10%)<\/td>\n<\/tr>\n<tr>\n<td width=\"49%\"><strong>Carico di rottura senso longitudinale<\/strong><\/td>\n<td width=\"10%\">daN\/cm<\/td>\n<td width=\"21%\">A.F.E.R.A. 4004<\/td>\n<td width=\"18%\">&gt; 1.5<\/td>\n<\/tr>\n<tr>\n<td width=\"49%\"><strong>Carico di rottura senso trasversale<\/strong><\/td>\n<td width=\"10%\">daN\/cm<\/td>\n<td width=\"21%\">A.F.E.R.A. 4004<\/td>\n<td width=\"18%\">&gt; 1,2<\/td>\n<\/tr>\n<tr>\n<td width=\"49%\"><strong>Allungamento massimo longitudinale<\/strong><\/td>\n<td width=\"10%\">%<\/td>\n<td width=\"21%\">A.F.E.R.A. 4005<\/td>\n<td width=\"18%\">&gt; 200<\/td>\n<\/tr>\n<tr>\n<td width=\"49%\"><strong>Allungamento massimo trasversale<\/strong><\/td>\n<td width=\"10%\">%<\/td>\n<td width=\"21%\">A.F.E.R.A. 4005<\/td>\n<td width=\"18%\">&gt; 500<\/td>\n<\/tr>\n<tr>\n<td width=\"49%\"><strong>Densit\u00e0<\/strong><\/td>\n<td width=\"10%\">g.\/cm<sup>3<\/sup><\/td>\n<td width=\"21%\">ASTM D1505<\/td>\n<td width=\"18%\">0,96 (\u00b1 10%)<\/td>\n<\/tr>\n<\/tbody>\n<\/table>\n<p>*A.F.E.R.A.\u00a0: Association des Fabricants Europ\u00e9ens de Rubans Auto-adh\u00e9sifs<\/p>\n<p><strong>\u00a0<\/strong><\/p>\n<p><strong>Certificazioni<\/strong>:<\/p>\n<ul>\n<li>Reazione al fuoco in accordo con EN 13501-1:2007+A1:2009:<\/li>\n<\/ul>\n<p>Bfl s1 &#8211; Rapporto di Classificazione RINA N\u00b0 RF0039 del 29\/12\/2011<\/p>\n<p>B-s1 \/ d0 &#8211; Rapporto di Classificazione RINA N\u00b0 RF0060 del 19\/05\/2014<\/p>\n<ul>\n<li>RINA: Certificato n\u00b0 MED047717CS\/001 rilasciato a Genova il 17\/03\/2017<\/li>\n<li>LLOYD\u2019S REGISTER: Certificato n\u00b0 SAS F150168 rilasciato a Genova il 25\/06\/2015<\/li>\n<\/ul>\n<p><strong>\u00a0<\/strong><\/p>\n<p><strong>Imballaggio: <\/strong><\/p>\n<p>Il prodotto \u00e8 fornito, su pallet \u201ceuropeo\u201d non sovrapponibile, con le sottoindicate caratteristiche di imballaggio:<\/p>\n<table border=\"1\" cellspacing=\"0\" cellpadding=\"0\">\n<tbody>\n<tr>\n<td valign=\"top\" width=\"75\">\n<p align=\"center\">Spessore micron<\/p>\n<\/td>\n<td valign=\"top\" width=\"52\">\n<p align=\"center\">Peso<\/p>\n<p align=\"center\">g.\/mq.<\/p>\n<\/td>\n<td valign=\"top\" width=\"71\">\n<p align=\"center\">Lunghezza rotolo m.<\/p>\n<\/td>\n<td valign=\"top\" width=\"64\">\n<p align=\"center\">Altezza rotolo m.<\/p>\n<\/td>\n<td valign=\"top\" width=\"71\">\n<p align=\"center\">Sviluppo rotolo mq.<\/p>\n<\/td>\n<td valign=\"top\" width=\"78\">\n<p align=\"center\">Pesonetto rotolo Kg.<\/p>\n<\/td>\n<td valign=\"top\" width=\"71\">\n<p align=\"center\">Rotoli \/ Pallet n\u00b0<\/p>\n<\/td>\n<\/tr>\n<tr>\n<td valign=\"top\" width=\"75\">\n<p align=\"center\">100 (\u00b1 10%)<\/p>\n<\/td>\n<td valign=\"top\" width=\"52\">\n<p align=\"center\">105<\/p>\n<\/td>\n<td valign=\"top\" width=\"71\">\n<p align=\"center\">200<\/p>\n<\/td>\n<td valign=\"top\" width=\"64\">\n<p align=\"center\">1,25<\/p>\n<\/td>\n<td valign=\"top\" width=\"71\">\n<p align=\"center\">250<\/p>\n<\/td>\n<td valign=\"top\" width=\"78\">\n<p align=\"center\">26,25<\/p>\n<\/td>\n<td valign=\"top\" width=\"71\">\n<p align=\"center\">20<\/p>\n<\/td>\n<\/tr>\n<\/tbody>\n<\/table>\n<h6>I dati contenuti in questa scheda sono resi noti da parte nostra con la migliore accuratezza possibile.\u00a0Tuttavia questa accuratezza non \u00e8 oggetto di garanzia e i dati comunicati in questa scheda non costituiscono n\u00e9 implicano alcuna garanzia da parte della nostra societ\u00e0.<\/h6>\n<p>&nbsp;<\/p>\n<!-- AddThis Advanced Settings generic via filter on the_content --><!-- AddThis Share Buttons generic via filter on the_content -->","protected":false},"excerpt":{"rendered":"<h2><strong>Telo Protettivo MARICOVER BICOLORE \u00e9 una protezione provvisoria\u00a0autoadesiva ed autoestinguente, particolarmente adatta ad una posa all&#8217;esterno<\/strong><\/h2>\n<p>MARICOVER BICOLORE \u00e9 una pellicola autoadesiva, autoestinguente, della famiglia MARICOVER F20. Facilmente riconoscibile per la sua caratteristica visiva a due colori. Particolarmente adatta alla protezione temporanea delle superfici, in particolare di ponti esterni, a bordo nave, nonch\u00e9 per la copertura di accessori di arredamento.<!-- AddThis Advanced Settings generic via filter on get_the_excerpt --><!-- AddThis Share Buttons generic via filter on get_the_excerpt --><\/p>\n","protected":false},"featured_media":2606,"template":"","meta":[],"product_brand":[],"product_cat":[15],"product_tag":[],"class_list":{"0":"post-2604","1":"product","2":"type-product","3":"status-publish","4":"has-post-thumbnail","6":"product_cat-protezioni-temporanee","7":"has-thumb","9":"first","10":"instock","11":"shipping-taxable","12":"product-type-simple"},"yoast_head":"<!-- This site is optimized with the Yoast SEO plugin v27.4 - https:\/\/yoast.com\/product\/yoast-seo-wordpress\/ -->\n<title>Telo Protettivo MARICOVER BICOLORE - Union Trading Monaco<\/title>\n<meta name=\"description\" content=\"Telo Protettivo MARICOVER BICOLORE \u00e9 una protezione provvisoria autoadesiva, autoestinguente e certificata, particolarmente adatta ad una posa all&#039;esterno\" \/>\n<meta name=\"robots\" content=\"index, follow, max-snippet:-1, max-image-preview:large, max-video-preview:-1\" \/>\n<link rel=\"canonical\" href=\"https:\/\/uniontradingmonaco-marine.com\/it\/negozio\/protezioni-temporanee\/telo-protettivo-maricover-bicolor\/\" \/>\n<meta property=\"og:locale\" content=\"it_IT\" \/>\n<meta property=\"og:type\" content=\"article\" \/>\n<meta property=\"og:title\" content=\"Telo Protettivo MARICOVER BICOLORE - Union Trading Monaco\" \/>\n<meta property=\"og:description\" content=\"Telo Protettivo MARICOVER BICOLORE \u00e9 una protezione provvisoria autoadesiva, autoestinguente e certificata, particolarmente adatta ad una posa all&#039;esterno\" \/>\n<meta property=\"og:url\" content=\"https:\/\/uniontradingmonaco-marine.com\/it\/negozio\/protezioni-temporanee\/telo-protettivo-maricover-bicolor\/\" \/>\n<meta property=\"og:site_name\" content=\"Union Trading Monaco\" \/>\n<meta property=\"article:modified_time\" content=\"2017-07-13T15:29:29+00:00\" \/>\n<meta property=\"og:image\" content=\"https:\/\/uniontradingmonaco-marine.com\/it\/wp-content\/uploads\/sites\/3\/2017\/05\/MARICOVER-bicolore.jpg\" \/>\n\t<meta property=\"og:image:width\" content=\"600\" \/>\n\t<meta property=\"og:image:height\" content=\"350\" \/>\n\t<meta property=\"og:image:type\" content=\"image\/jpeg\" \/>\n<meta name=\"twitter:card\" content=\"summary_large_image\" \/>\n<meta name=\"twitter:label1\" content=\"Tempo di lettura stimato\" \/>\n\t<meta name=\"twitter:data1\" content=\"2 minuti\" \/>\n<!-- \/ Yoast SEO plugin. -->","yoast_head_json":{"title":"Telo Protettivo MARICOVER BICOLORE - Union Trading Monaco","description":"Telo Protettivo MARICOVER BICOLORE \u00e9 una protezione provvisoria autoadesiva, autoestinguente e certificata, particolarmente adatta ad una posa all'esterno","robots":{"index":"index","follow":"follow","max-snippet":"max-snippet:-1","max-image-preview":"max-image-preview:large","max-video-preview":"max-video-preview:-1"},"canonical":"https:\/\/uniontradingmonaco-marine.com\/it\/negozio\/protezioni-temporanee\/telo-protettivo-maricover-bicolor\/","og_locale":"it_IT","og_type":"article","og_title":"Telo Protettivo MARICOVER BICOLORE - Union Trading Monaco","og_description":"Telo Protettivo MARICOVER BICOLORE \u00e9 una protezione provvisoria autoadesiva, autoestinguente e certificata, particolarmente adatta ad una posa all'esterno","og_url":"https:\/\/uniontradingmonaco-marine.com\/it\/negozio\/protezioni-temporanee\/telo-protettivo-maricover-bicolor\/","og_site_name":"Union Trading Monaco","article_modified_time":"2017-07-13T15:29:29+00:00","og_image":[{"width":600,"height":350,"url":"https:\/\/uniontradingmonaco-marine.com\/it\/wp-content\/uploads\/sites\/3\/2017\/05\/MARICOVER-bicolore.jpg","type":"image\/jpeg"}],"twitter_card":"summary_large_image","twitter_misc":{"Tempo di lettura stimato":"2 minuti"},"schema":{"@context":"https:\/\/schema.org","@graph":[{"@type":"WebPage","@id":"https:\/\/uniontradingmonaco-marine.com\/it\/negozio\/protezioni-temporanee\/telo-protettivo-maricover-bicolor\/","url":"https:\/\/uniontradingmonaco-marine.com\/it\/negozio\/protezioni-temporanee\/telo-protettivo-maricover-bicolor\/","name":"Telo Protettivo MARICOVER BICOLORE - Union Trading Monaco","isPartOf":{"@id":"https:\/\/uniontradingmonaco-marine.com\/it\/#website"},"primaryImageOfPage":{"@id":"https:\/\/uniontradingmonaco-marine.com\/it\/negozio\/protezioni-temporanee\/telo-protettivo-maricover-bicolor\/#primaryimage"},"image":{"@id":"https:\/\/uniontradingmonaco-marine.com\/it\/negozio\/protezioni-temporanee\/telo-protettivo-maricover-bicolor\/#primaryimage"},"thumbnailUrl":"https:\/\/uniontradingmonaco-marine.com\/it\/wp-content\/uploads\/sites\/3\/2017\/05\/MARICOVER-bicolore.jpg","datePublished":"2017-05-16T08:34:54+00:00","dateModified":"2017-07-13T15:29:29+00:00","description":"Telo Protettivo MARICOVER BICOLORE \u00e9 una protezione provvisoria autoadesiva, autoestinguente e certificata, particolarmente adatta ad una posa all'esterno","breadcrumb":{"@id":"https:\/\/uniontradingmonaco-marine.com\/it\/negozio\/protezioni-temporanee\/telo-protettivo-maricover-bicolor\/#breadcrumb"},"inLanguage":"it-IT","potentialAction":[{"@type":"ReadAction","target":["https:\/\/uniontradingmonaco-marine.com\/it\/negozio\/protezioni-temporanee\/telo-protettivo-maricover-bicolor\/"]}]},{"@type":"ImageObject","inLanguage":"it-IT","@id":"https:\/\/uniontradingmonaco-marine.com\/it\/negozio\/protezioni-temporanee\/telo-protettivo-maricover-bicolor\/#primaryimage","url":"https:\/\/uniontradingmonaco-marine.com\/it\/wp-content\/uploads\/sites\/3\/2017\/05\/MARICOVER-bicolore.jpg","contentUrl":"https:\/\/uniontradingmonaco-marine.com\/it\/wp-content\/uploads\/sites\/3\/2017\/05\/MARICOVER-bicolore.jpg","width":600,"height":350,"caption":"Telo Protettivo MARICOVER BICOLORE"},{"@type":"BreadcrumbList","@id":"https:\/\/uniontradingmonaco-marine.com\/it\/negozio\/protezioni-temporanee\/telo-protettivo-maricover-bicolor\/#breadcrumb","itemListElement":[{"@type":"ListItem","position":1,"name":"Accueil","item":"https:\/\/uniontradingmonaco-marine.com\/it\/"},{"@type":"ListItem","position":2,"name":"Telo Protettivo MARICOVER BICOLORE"}]},{"@type":"WebSite","@id":"https:\/\/uniontradingmonaco-marine.com\/it\/#website","url":"https:\/\/uniontradingmonaco-marine.com\/it\/","name":"Union Trading Monaco","description":"Union Trading Monaco","potentialAction":[{"@type":"SearchAction","target":{"@type":"EntryPoint","urlTemplate":"https:\/\/uniontradingmonaco-marine.com\/it\/?s={search_term_string}"},"query-input":{"@type":"PropertyValueSpecification","valueRequired":true,"valueName":"search_term_string"}}],"inLanguage":"it-IT"}]}},"_links":{"self":[{"href":"https:\/\/uniontradingmonaco-marine.com\/it\/wp-json\/wp\/v2\/product\/2604","targetHints":{"allow":["GET"]}}],"collection":[{"href":"https:\/\/uniontradingmonaco-marine.com\/it\/wp-json\/wp\/v2\/product"}],"about":[{"href":"https:\/\/uniontradingmonaco-marine.com\/it\/wp-json\/wp\/v2\/types\/product"}],"wp:featuredmedia":[{"embeddable":true,"href":"https:\/\/uniontradingmonaco-marine.com\/it\/wp-json\/wp\/v2\/media\/2606"}],"wp:attachment":[{"href":"https:\/\/uniontradingmonaco-marine.com\/it\/wp-json\/wp\/v2\/media?parent=2604"}],"wp:term":[{"taxonomy":"product_brand","embeddable":true,"href":"https:\/\/uniontradingmonaco-marine.com\/it\/wp-json\/wp\/v2\/product_brand?post=2604"},{"taxonomy":"product_cat","embeddable":true,"href":"https:\/\/uniontradingmonaco-marine.com\/it\/wp-json\/wp\/v2\/product_cat?post=2604"},{"taxonomy":"product_tag","embeddable":true,"href":"https:\/\/uniontradingmonaco-marine.com\/it\/wp-json\/wp\/v2\/product_tag?post=2604"}],"curies":[{"name":"wp","href":"https:\/\/api.w.org\/{rel}","templated":true}]}}