{"id":2607,"date":"2017-05-16T11:48:17","date_gmt":"2017-05-16T09:48:17","guid":{"rendered":"http:\/\/uniontradingmonaco-marine.com\/it\/?post_type=product&#038;p=2607"},"modified":"2017-09-20T11:34:27","modified_gmt":"2017-09-20T09:34:27","slug":"maricover-adhesive-tape","status":"publish","type":"product","link":"https:\/\/uniontradingmonaco-marine.com\/it\/negozio\/protezioni-temporanee\/maricover-adhesive-tape\/","title":{"rendered":"Adhesive Tape &#8211; MARICOVER LINK"},"content":{"rendered":"<h2>Adhesive Tape &#8211; MARICOVER LINK nastro adesivo ad alta resistenza, certificato, per chiusura giunte tra teli della famiglia Maricover<\/h2>\n<p>Adhesive Tape &#8211; MARICOVER LINK \u00e8 un nastro adesivo per la realizzazione di <strong>giunture tra teli protettivi.\u00a0<\/strong>La sua alta resistenza permette di <strong>consolidare il fissaggio<\/strong> in punti che potrebbero essere pi\u00f9 sollecitati, come zone ad alto passaggio, <strong>con l&#8217;utilizzo di graffette<\/strong>, senza pero&#8217; rischiare alcun cedimento o rottura dello stesso.<\/p>\n<h5>Questo materiale ha ottenuto le certificazioni di resistenza alla fiamma, RINA.<\/h5>\n<p>Adhesive Tape &#8211; MARICOVER LINK \u00e9 un film a base di <strong>propilene biorientato<\/strong> e <strong>rinforzato mediante fibra di vetro<\/strong>, <strong>adesivizzato con gomma sintetica<\/strong>. Il suo colore \u00e9 trasparente e il suo peso \u00e9 di 6 g\/m.<\/p>\n<p><strong>\u00a0<\/strong><\/p>\n<p><strong>Caratteristiche tecniche:<\/strong><\/p>\n<table width=\"67%\">\n<tbody>\n<tr>\n<th scope=\"col\"><span style=\"color: #000080;\">TEST<\/span><\/th>\n<th scope=\"col\"><span style=\"color: #000080;\">U.M<\/span><\/th>\n<th scope=\"col\"><span style=\"color: #000080;\">METODO<\/span><\/th>\n<th scope=\"col\"><span style=\"color: #000080;\">VALORE<\/span><\/th>\n<\/tr>\n<tr>\n<td width=\"41%\">\n<h6>Spessore totale<\/h6>\n<\/td>\n<td width=\"11%\">micron<\/td>\n<td width=\"28%\">*A.F.E.R.A 4006<\/td>\n<td width=\"18%\">190 (\u00b110%)<\/td>\n<\/tr>\n<tr>\n<td width=\"41%\">\n<h6>Carico di rottura<\/h6>\n<\/td>\n<td width=\"11%\">N\/cm<\/td>\n<td width=\"28%\">A.F.E.R.A. 4004<\/td>\n<td width=\"18%\">300<\/td>\n<\/tr>\n<tr>\n<td width=\"41%\">\n<h6>Allungamento a rottura<\/h6>\n<\/td>\n<td width=\"11%\">%<\/td>\n<td width=\"28%\">A.F.E.R.A. 4005<\/td>\n<td width=\"18%\">10<\/td>\n<\/tr>\n<tr>\n<td width=\"41%\">\n<h6>Adesione metallo<\/h6>\n<\/td>\n<td width=\"11%\">N\/cm<\/td>\n<td width=\"28%\">**PSTC-1<\/td>\n<td width=\"18%\">&gt; 5,0<\/td>\n<\/tr>\n<tr>\n<td width=\"41%\"><strong>Rolling Ball Tack<\/strong><\/td>\n<td width=\"11%\">cm<\/td>\n<td width=\"28%\">PSTC-6<\/td>\n<td width=\"18%\">3<\/td>\n<\/tr>\n<\/tbody>\n<\/table>\n<p>*A.F.E.R.A. : Association des Fabricants Europ\u00e8ens de Rubans Auto-adh\u00e9sifs (Association of European Manufacturers of self-adhesive tapes.<\/p>\n<p>** PSTC: Pressure Sensitive Tape Council<\/p>\n<p><strong>\u00a0<\/strong><\/p>\n<p><strong>Certificazioni:<\/strong><\/p>\n<p>Reazione al fuoco in accordo con EN 13501-1:2007+A1:2009: Bfl s1 &#8211; Rapporto di Classificazione<\/p>\n<p>RINA N\u00b0 RF0067 del 19\/05\/2014<\/p>\n<p><strong>\u00a0<\/strong><\/p>\n<p><strong>Imballaggio:<\/strong><\/p>\n<p>Il prodotto, nelle sue tipologie, \u00e8 fornito in scatole con le sottoindicate caratteristiche di imballaggio:<\/p>\n<table border=\"1\" cellspacing=\"0\" cellpadding=\"0\">\n<tbody>\n<tr>\n<td valign=\"top\" width=\"84\">\n<p align=\"center\">Spessore micron<\/p>\n<\/td>\n<td valign=\"top\" width=\"43\">\n<p align=\"center\">Peso<\/p>\n<p align=\"center\">g.\/m.<\/p>\n<\/td>\n<td valign=\"top\" width=\"71\">\n<p align=\"center\">Lunghezza rotolo m.<\/p>\n<\/td>\n<td valign=\"top\" width=\"71\">\n<p align=\"center\">Altezza rotolo mm.<\/p>\n<\/td>\n<td valign=\"top\" width=\"71\">\n<p align=\"center\">Pesonetto rotolo g.<\/p>\n<\/td>\n<td valign=\"top\" width=\"78\">\n<p align=\"center\">Rotoli \/ Scatola n\u00b0<\/p>\n<\/td>\n<\/tr>\n<tr>\n<td valign=\"top\" width=\"84\">\n<p align=\"center\">190 (\u00b110%)<\/p>\n<\/td>\n<td valign=\"top\" width=\"43\">\n<p align=\"center\">6<\/p>\n<\/td>\n<td valign=\"top\" width=\"71\">\n<p align=\"center\">50<\/p>\n<\/td>\n<td valign=\"top\" width=\"71\">\n<p align=\"center\">50<\/p>\n<\/td>\n<td valign=\"top\" width=\"71\">\n<p align=\"center\">600<\/p>\n<\/td>\n<td valign=\"top\" width=\"78\">\n<p align=\"center\">18<\/p>\n<\/td>\n<\/tr>\n<\/tbody>\n<\/table>\n<h6>I dati contenuti in questa scheda sono resi noti da parte nostra con la migliore accuratezza possibile.\u00a0Tuttavia questa accuratezza non \u00e8 oggetto di garanzia e i dati comunicati in questa scheda non costituiscono n\u00e9 implicano alcuna garanzia da parte della nostra societ\u00e0.<\/h6>\n<!-- AddThis Advanced Settings generic via filter on the_content --><!-- AddThis Share Buttons generic via filter on the_content -->","protected":false},"excerpt":{"rendered":"<h2><strong>Adhesive Tape &#8211; MARICOVER LINK nastro adesivo ad alta resistenza, permette di realizzare giunte tra i teli, garantendo ottime prestazioni ignifughe certificate\u00a0<\/strong><\/h2>\n<p style=\"text-align: left;\" align=\"center\">Adhesive Tape &#8211; MARICOVER LINK \u00e9 un nastro adesivo per la realizzazione di giunte tra teli di protezione temporanea. La sua alta resistenza permette di consolidare il fissaggio in punti che potrebbero essere pi\u00f9 sollecitati, come zone ad alto passaggio, con l&#039;utilizzo di graffette, senza pero&#039; rischiare alcun cedimento o rottura dello stesso.<\/p>\n<p><!-- AddThis Advanced Settings generic via filter on get_the_excerpt --><!-- AddThis Share Buttons generic via filter on get_the_excerpt --><\/p>\n","protected":false},"featured_media":2608,"template":"","meta":[],"product_brand":[],"product_cat":[15],"product_tag":[],"class_list":{"0":"post-2607","1":"product","2":"type-product","3":"status-publish","4":"has-post-thumbnail","6":"product_cat-protezioni-temporanee","7":"has-thumb","9":"first","10":"instock","11":"shipping-taxable","12":"product-type-simple"},"yoast_head":"<!-- This site is optimized with the Yoast SEO plugin v27.4 - https:\/\/yoast.com\/product\/yoast-seo-wordpress\/ -->\n<title>Adhesive Tape - MARICOVER LINK - Union Trading Monaco<\/title>\n<meta name=\"description\" content=\"Adhesive Tape - MARICOVER LINK, nastro adesivo ad alta resistenza. Permette giuntare teli protettivi, garantendo le ottime prestazioni ignifughe della gamma\" \/>\n<meta name=\"robots\" content=\"index, follow, max-snippet:-1, max-image-preview:large, max-video-preview:-1\" \/>\n<link rel=\"canonical\" href=\"https:\/\/uniontradingmonaco-marine.com\/it\/negozio\/protezioni-temporanee\/maricover-adhesive-tape\/\" \/>\n<meta property=\"og:locale\" content=\"it_IT\" \/>\n<meta property=\"og:type\" content=\"article\" \/>\n<meta property=\"og:title\" content=\"Adhesive Tape - MARICOVER LINK - Union Trading Monaco\" \/>\n<meta property=\"og:description\" content=\"Adhesive Tape - MARICOVER LINK, nastro adesivo ad alta resistenza. Permette giuntare teli protettivi, garantendo le ottime prestazioni ignifughe della gamma\" \/>\n<meta property=\"og:url\" content=\"https:\/\/uniontradingmonaco-marine.com\/it\/negozio\/protezioni-temporanee\/maricover-adhesive-tape\/\" \/>\n<meta property=\"og:site_name\" content=\"Union Trading Monaco\" \/>\n<meta property=\"article:modified_time\" content=\"2017-09-20T09:34:27+00:00\" \/>\n<meta property=\"og:image\" content=\"https:\/\/uniontradingmonaco-marine.com\/it\/wp-content\/uploads\/sites\/3\/2017\/05\/MARICOVER-LINK.jpg\" \/>\n\t<meta property=\"og:image:width\" content=\"600\" \/>\n\t<meta property=\"og:image:height\" content=\"350\" \/>\n\t<meta property=\"og:image:type\" content=\"image\/jpeg\" \/>\n<meta name=\"twitter:card\" content=\"summary_large_image\" \/>\n<meta name=\"twitter:label1\" content=\"Tempo di lettura stimato\" \/>\n\t<meta name=\"twitter:data1\" content=\"1 minuto\" \/>\n<!-- \/ Yoast SEO plugin. -->","yoast_head_json":{"title":"Adhesive Tape - MARICOVER LINK - Union Trading Monaco","description":"Adhesive Tape - MARICOVER LINK, nastro adesivo ad alta resistenza. Permette giuntare teli protettivi, garantendo le ottime prestazioni ignifughe della gamma","robots":{"index":"index","follow":"follow","max-snippet":"max-snippet:-1","max-image-preview":"max-image-preview:large","max-video-preview":"max-video-preview:-1"},"canonical":"https:\/\/uniontradingmonaco-marine.com\/it\/negozio\/protezioni-temporanee\/maricover-adhesive-tape\/","og_locale":"it_IT","og_type":"article","og_title":"Adhesive Tape - MARICOVER LINK - Union Trading Monaco","og_description":"Adhesive Tape - MARICOVER LINK, nastro adesivo ad alta resistenza. Permette giuntare teli protettivi, garantendo le ottime prestazioni ignifughe della gamma","og_url":"https:\/\/uniontradingmonaco-marine.com\/it\/negozio\/protezioni-temporanee\/maricover-adhesive-tape\/","og_site_name":"Union Trading Monaco","article_modified_time":"2017-09-20T09:34:27+00:00","og_image":[{"width":600,"height":350,"url":"https:\/\/uniontradingmonaco-marine.com\/it\/wp-content\/uploads\/sites\/3\/2017\/05\/MARICOVER-LINK.jpg","type":"image\/jpeg"}],"twitter_card":"summary_large_image","twitter_misc":{"Tempo di lettura stimato":"1 minuto"},"schema":{"@context":"https:\/\/schema.org","@graph":[{"@type":"WebPage","@id":"https:\/\/uniontradingmonaco-marine.com\/it\/negozio\/protezioni-temporanee\/maricover-adhesive-tape\/","url":"https:\/\/uniontradingmonaco-marine.com\/it\/negozio\/protezioni-temporanee\/maricover-adhesive-tape\/","name":"Adhesive Tape - MARICOVER LINK - Union Trading Monaco","isPartOf":{"@id":"https:\/\/uniontradingmonaco-marine.com\/it\/#website"},"primaryImageOfPage":{"@id":"https:\/\/uniontradingmonaco-marine.com\/it\/negozio\/protezioni-temporanee\/maricover-adhesive-tape\/#primaryimage"},"image":{"@id":"https:\/\/uniontradingmonaco-marine.com\/it\/negozio\/protezioni-temporanee\/maricover-adhesive-tape\/#primaryimage"},"thumbnailUrl":"https:\/\/uniontradingmonaco-marine.com\/it\/wp-content\/uploads\/sites\/3\/2017\/05\/MARICOVER-LINK.jpg","datePublished":"2017-05-16T09:48:17+00:00","dateModified":"2017-09-20T09:34:27+00:00","description":"Adhesive Tape - MARICOVER LINK, nastro adesivo ad alta resistenza. Permette giuntare teli protettivi, garantendo le ottime prestazioni ignifughe della gamma","breadcrumb":{"@id":"https:\/\/uniontradingmonaco-marine.com\/it\/negozio\/protezioni-temporanee\/maricover-adhesive-tape\/#breadcrumb"},"inLanguage":"it-IT","potentialAction":[{"@type":"ReadAction","target":["https:\/\/uniontradingmonaco-marine.com\/it\/negozio\/protezioni-temporanee\/maricover-adhesive-tape\/"]}]},{"@type":"ImageObject","inLanguage":"it-IT","@id":"https:\/\/uniontradingmonaco-marine.com\/it\/negozio\/protezioni-temporanee\/maricover-adhesive-tape\/#primaryimage","url":"https:\/\/uniontradingmonaco-marine.com\/it\/wp-content\/uploads\/sites\/3\/2017\/05\/MARICOVER-LINK.jpg","contentUrl":"https:\/\/uniontradingmonaco-marine.com\/it\/wp-content\/uploads\/sites\/3\/2017\/05\/MARICOVER-LINK.jpg","width":600,"height":350,"caption":"Adhesive Tape &#8211; MARICOVER LINK"},{"@type":"BreadcrumbList","@id":"https:\/\/uniontradingmonaco-marine.com\/it\/negozio\/protezioni-temporanee\/maricover-adhesive-tape\/#breadcrumb","itemListElement":[{"@type":"ListItem","position":1,"name":"Accueil","item":"https:\/\/uniontradingmonaco-marine.com\/it\/"},{"@type":"ListItem","position":2,"name":"Adhesive Tape &#8211; MARICOVER LINK"}]},{"@type":"WebSite","@id":"https:\/\/uniontradingmonaco-marine.com\/it\/#website","url":"https:\/\/uniontradingmonaco-marine.com\/it\/","name":"Union Trading Monaco","description":"Union Trading Monaco","potentialAction":[{"@type":"SearchAction","target":{"@type":"EntryPoint","urlTemplate":"https:\/\/uniontradingmonaco-marine.com\/it\/?s={search_term_string}"},"query-input":{"@type":"PropertyValueSpecification","valueRequired":true,"valueName":"search_term_string"}}],"inLanguage":"it-IT"}]}},"_links":{"self":[{"href":"https:\/\/uniontradingmonaco-marine.com\/it\/wp-json\/wp\/v2\/product\/2607","targetHints":{"allow":["GET"]}}],"collection":[{"href":"https:\/\/uniontradingmonaco-marine.com\/it\/wp-json\/wp\/v2\/product"}],"about":[{"href":"https:\/\/uniontradingmonaco-marine.com\/it\/wp-json\/wp\/v2\/types\/product"}],"wp:featuredmedia":[{"embeddable":true,"href":"https:\/\/uniontradingmonaco-marine.com\/it\/wp-json\/wp\/v2\/media\/2608"}],"wp:attachment":[{"href":"https:\/\/uniontradingmonaco-marine.com\/it\/wp-json\/wp\/v2\/media?parent=2607"}],"wp:term":[{"taxonomy":"product_brand","embeddable":true,"href":"https:\/\/uniontradingmonaco-marine.com\/it\/wp-json\/wp\/v2\/product_brand?post=2607"},{"taxonomy":"product_cat","embeddable":true,"href":"https:\/\/uniontradingmonaco-marine.com\/it\/wp-json\/wp\/v2\/product_cat?post=2607"},{"taxonomy":"product_tag","embeddable":true,"href":"https:\/\/uniontradingmonaco-marine.com\/it\/wp-json\/wp\/v2\/product_tag?post=2607"}],"curies":[{"name":"wp","href":"https:\/\/api.w.org\/{rel}","templated":true}]}}