{"id":2612,"date":"2017-05-16T12:32:27","date_gmt":"2017-05-16T10:32:27","guid":{"rendered":"http:\/\/uniontradingmonaco-marine.com\/it\/?post_type=product&#038;p=2612"},"modified":"2017-09-20T11:36:59","modified_gmt":"2017-09-20T09:36:59","slug":"adhesive-tape-maricover-link-light","status":"publish","type":"product","link":"https:\/\/uniontradingmonaco-marine.com\/it\/negozio\/protezioni-temporanee\/adhesive-tape-maricover-link-light\/","title":{"rendered":"Adhesive Tape &#8211; MARICOVER LINK LIGHT"},"content":{"rendered":"<h2>Adhesive Tape &#8211; MARICOVER LINK LIGHT nastro adesivo certificato, per chiusura giunte tra teli della famiglia Maricover,\u00a0uso per aree esterne<\/h2>\n<p>Adhesive Tape &#8211; MARICOVER LINK LIGHT\u00a0\u00e8 un nastro adesivo <strong>autoestinguente<\/strong> per la realizzazione di giunture tra teli protettivi. L&#8217;<strong>alta resistenza<\/strong>\u00a0dell&#8217; Adhesive Tape &#8211; MARICOVER LINK LIGHT gli permette di <strong>essere graffettato<\/strong> senza rischio di rotture. \u00c8 particolarmente indicato per l\u2019impiego in ambienti esterni.<\/p>\n<h5>Questo materiale ha ottenuto le certificazioni di resistenza alla fiamma, RINA.<strong>\u00a0<\/strong><\/h5>\n<p>Adhesive Tape &#8211; MARICOVER LINK LIGHT \u00e9 un <strong>film\u00a0autoadesivo a base di polimeri acrilicia<\/strong>.\u00a0Il suo colore \u00e9 bianco e nero e il suo peso \u00e9 di 5,2 g\/m.<\/p>\n<p><strong>\u00a0<\/strong><\/p>\n<p><strong>Caratteristiche tecniche:<\/strong><\/p>\n<table width=\"99%\">\n<tbody>\n<tr>\n<th scope=\"col\"><span style=\"color: #000080;\">TEST<\/span><\/th>\n<th scope=\"col\"><span style=\"color: #000080;\">U.M<\/span><\/th>\n<th scope=\"col\"><span style=\"color: #000080;\">METODO<\/span><\/th>\n<th scope=\"col\"><span style=\"color: #000080;\">VALORE<\/span><\/th>\n<\/tr>\n<tr>\n<td width=\"52%\">\n<h6>Spessore medio<\/h6>\n<p>&nbsp;<\/td>\n<td width=\"11%\">\u03bc<\/td>\n<td width=\"19%\">*A.F.E.R.A. 4006<\/td>\n<td width=\"17%\">100 (\u00b1 10%)<\/td>\n<\/tr>\n<tr>\n<td width=\"52%\"><strong>Carico di rottura senso longitudinale<\/strong><\/td>\n<td width=\"11%\">N\/cm<\/td>\n<td width=\"19%\">A.F.E.R.A. 4004<\/td>\n<td width=\"17%\">&gt; 1,5<\/td>\n<\/tr>\n<tr>\n<td width=\"52%\"><strong>Carico di rottura senso trasversale<\/strong><\/td>\n<td width=\"11%\">N\/cm<\/td>\n<td width=\"19%\">A.F.E.R.A. 4004<\/td>\n<td width=\"17%\">&gt; 1.2<\/td>\n<\/tr>\n<tr>\n<td width=\"52%\"><strong>Allungamento massimo longitudinale<\/strong><\/td>\n<td width=\"11%\">%<\/td>\n<td width=\"19%\">A.F.E.R.A. 4005<\/td>\n<td width=\"17%\">&gt; 200<\/td>\n<\/tr>\n<tr>\n<td width=\"52%\"><strong>Allungamento massimo trasversale<\/strong><\/td>\n<td width=\"11%\">%<\/td>\n<td width=\"19%\">A.F.E.R.A. 4005<\/td>\n<td width=\"17%\">&gt; 500<\/td>\n<\/tr>\n<tr>\n<td width=\"52%\"><strong>Densit\u00e0<\/strong><\/td>\n<td width=\"11%\">g.\/cm<sup>3<\/sup><\/td>\n<td width=\"19%\">ASTM D1505<\/td>\n<td width=\"17%\">0.96 (\u00b1 10%)<\/td>\n<\/tr>\n<\/tbody>\n<\/table>\n<p>*A.F.E.R.A. : Association des Fabricants Europ\u00e8ens de Rubans Auto-adh\u00e9sifs (Association of European Manufacturers of<\/p>\n<p>self-adhesive tapes.<\/p>\n<p><strong>\u00a0<\/strong><\/p>\n<p><strong>Certificazioni:<\/strong><br \/>\nReazione al fuoco in accordo con EN 13501-1:2007+A1:2009:<br \/>\nBfl s1 &#8211; Rapporto di Classificazione RINA N\u00b0 RF0062 del 19\/05\/2014<\/p>\n<p><strong>\u00a0<\/strong><\/p>\n<p><strong>Imballaggio: <\/strong><\/p>\n<p>Il prodotto, nelle sue tipologie, \u00e8 fornito in scatole con le sottoindicate caratteristiche di imballaggio:<\/p>\n<table border=\"1\" cellspacing=\"0\" cellpadding=\"0\">\n<tbody>\n<tr>\n<td valign=\"top\" width=\"84\">\n<p align=\"center\">Spessore micron<\/p>\n<\/td>\n<td valign=\"top\" width=\"43\">\n<p align=\"center\">Peso<\/p>\n<p align=\"center\">g.\/m.<\/p>\n<\/td>\n<td valign=\"top\" width=\"71\">\n<p align=\"center\">Lunghezza rotolo m.<\/p>\n<\/td>\n<td valign=\"top\" width=\"71\">\n<p align=\"center\">Altezza rotolo mm.<\/p>\n<\/td>\n<td valign=\"top\" width=\"71\">\n<p align=\"center\">Pesonetto rotolo g.<\/p>\n<\/td>\n<td valign=\"top\" width=\"78\">\n<p align=\"center\">Rotoli \/ Scatola n\u00b0<\/p>\n<\/td>\n<\/tr>\n<tr>\n<td valign=\"top\" width=\"84\">\n<p align=\"center\">100 (\u00b110%)<\/p>\n<\/td>\n<td valign=\"top\" width=\"43\">\n<p align=\"center\">5,2<\/p>\n<\/td>\n<td valign=\"top\" width=\"71\">\n<p align=\"center\">50<\/p>\n<\/td>\n<td valign=\"top\" width=\"71\">\n<p align=\"center\">50<\/p>\n<\/td>\n<td valign=\"top\" width=\"71\">\n<p align=\"center\">270<\/p>\n<\/td>\n<td valign=\"top\" width=\"78\">\n<p align=\"center\">20<\/p>\n<\/td>\n<\/tr>\n<\/tbody>\n<\/table>\n<h6>I dati contenuti in questa scheda sono resi noti da parte nostra con la migliore accuratezza possibile.\u00a0Tuttavia questa accuratezza non \u00e8 oggetto di garanzia e i dati comunicati in questa scheda non costituiscono n\u00e9 implicano alcuna garanzia da parte della nostra societ\u00e0.<\/h6>\n<p>&nbsp;<\/p>\n<!-- AddThis Advanced Settings generic via filter on the_content --><!-- AddThis Share Buttons generic via filter on the_content -->","protected":false},"excerpt":{"rendered":"<h2><strong>Adhesive Tape &#8211; MARICOVER LINK LIGHT,\u00a0<\/strong><strong>nastro adesivo autoestinfuente per giuntare teli di protezione provvisoria della gamma Maricover<\/strong><\/h2>\n<p>Adhesive Tape &#8211; MARICOVER LINK LIGHT \u00e9 un \u00a0nastro adesivo per la realizzazione di giunture tra teli protettivi, garantendo cos\u00ec l&#039;uniformit\u00e0 delle caratteristiche tecniche e protezione della copertura. La sua alta resistenza permette l&#039;utilizzo di graffette per consolidare zone a rischio indebolimento, senza rischio di rottura. Particolarmente indicato per l\u2019impiego in ambienti esterni.<!-- AddThis Advanced Settings generic via filter on get_the_excerpt --><!-- AddThis Share Buttons generic via filter on get_the_excerpt --><\/p>\n","protected":false},"featured_media":2613,"template":"","meta":[],"product_brand":[],"product_cat":[15],"product_tag":[],"class_list":{"0":"post-2612","1":"product","2":"type-product","3":"status-publish","4":"has-post-thumbnail","6":"product_cat-protezioni-temporanee","7":"has-thumb","9":"first","10":"instock","11":"shipping-taxable","12":"product-type-simple"},"yoast_head":"<!-- This site is optimized with the Yoast SEO plugin v27.2 - https:\/\/yoast.com\/product\/yoast-seo-wordpress\/ -->\n<title>Adhesive Tape - MARICOVER LINK LIGHT - Union Trading Monaco<\/title>\n<meta name=\"description\" content=\"Adhesive Tape - MARICOVER LINK LIGHT, nastro adesivo ad alta resistenza, autoestinguente, sigilla le giunture tra i teli protettivi, uso ambienti esterni\" \/>\n<meta name=\"robots\" content=\"index, follow, max-snippet:-1, max-image-preview:large, max-video-preview:-1\" \/>\n<link rel=\"canonical\" href=\"https:\/\/uniontradingmonaco-marine.com\/it\/negozio\/protezioni-temporanee\/adhesive-tape-maricover-link-light\/\" \/>\n<meta property=\"og:locale\" content=\"it_IT\" \/>\n<meta property=\"og:type\" content=\"article\" \/>\n<meta property=\"og:title\" content=\"Adhesive Tape - MARICOVER LINK LIGHT - Union Trading Monaco\" \/>\n<meta property=\"og:description\" content=\"Adhesive Tape - MARICOVER LINK LIGHT, nastro adesivo ad alta resistenza, autoestinguente, sigilla le giunture tra i teli protettivi, uso ambienti esterni\" \/>\n<meta property=\"og:url\" content=\"https:\/\/uniontradingmonaco-marine.com\/it\/negozio\/protezioni-temporanee\/adhesive-tape-maricover-link-light\/\" \/>\n<meta property=\"og:site_name\" content=\"Union Trading Monaco\" \/>\n<meta property=\"article:modified_time\" content=\"2017-09-20T09:36:59+00:00\" \/>\n<meta property=\"og:image\" content=\"https:\/\/uniontradingmonaco-marine.com\/it\/wp-content\/uploads\/sites\/3\/2017\/05\/MARICOVER-LINK-light.jpg\" \/>\n\t<meta property=\"og:image:width\" content=\"600\" \/>\n\t<meta property=\"og:image:height\" content=\"350\" \/>\n\t<meta property=\"og:image:type\" content=\"image\/jpeg\" \/>\n<meta name=\"twitter:card\" content=\"summary_large_image\" \/>\n<meta name=\"twitter:label1\" content=\"Tempo di lettura stimato\" \/>\n\t<meta name=\"twitter:data1\" content=\"1 minuto\" \/>\n<!-- \/ Yoast SEO plugin. -->","yoast_head_json":{"title":"Adhesive Tape - MARICOVER LINK LIGHT - Union Trading Monaco","description":"Adhesive Tape - MARICOVER LINK LIGHT, nastro adesivo ad alta resistenza, autoestinguente, sigilla le giunture tra i teli protettivi, uso ambienti esterni","robots":{"index":"index","follow":"follow","max-snippet":"max-snippet:-1","max-image-preview":"max-image-preview:large","max-video-preview":"max-video-preview:-1"},"canonical":"https:\/\/uniontradingmonaco-marine.com\/it\/negozio\/protezioni-temporanee\/adhesive-tape-maricover-link-light\/","og_locale":"it_IT","og_type":"article","og_title":"Adhesive Tape - MARICOVER LINK LIGHT - Union Trading Monaco","og_description":"Adhesive Tape - MARICOVER LINK LIGHT, nastro adesivo ad alta resistenza, autoestinguente, sigilla le giunture tra i teli protettivi, uso ambienti esterni","og_url":"https:\/\/uniontradingmonaco-marine.com\/it\/negozio\/protezioni-temporanee\/adhesive-tape-maricover-link-light\/","og_site_name":"Union Trading Monaco","article_modified_time":"2017-09-20T09:36:59+00:00","og_image":[{"width":600,"height":350,"url":"https:\/\/uniontradingmonaco-marine.com\/it\/wp-content\/uploads\/sites\/3\/2017\/05\/MARICOVER-LINK-light.jpg","type":"image\/jpeg"}],"twitter_card":"summary_large_image","twitter_misc":{"Tempo di lettura stimato":"1 minuto"},"schema":{"@context":"https:\/\/schema.org","@graph":[{"@type":"WebPage","@id":"https:\/\/uniontradingmonaco-marine.com\/it\/negozio\/protezioni-temporanee\/adhesive-tape-maricover-link-light\/","url":"https:\/\/uniontradingmonaco-marine.com\/it\/negozio\/protezioni-temporanee\/adhesive-tape-maricover-link-light\/","name":"Adhesive Tape - MARICOVER LINK LIGHT - Union Trading Monaco","isPartOf":{"@id":"https:\/\/uniontradingmonaco-marine.com\/it\/#website"},"primaryImageOfPage":{"@id":"https:\/\/uniontradingmonaco-marine.com\/it\/negozio\/protezioni-temporanee\/adhesive-tape-maricover-link-light\/#primaryimage"},"image":{"@id":"https:\/\/uniontradingmonaco-marine.com\/it\/negozio\/protezioni-temporanee\/adhesive-tape-maricover-link-light\/#primaryimage"},"thumbnailUrl":"https:\/\/uniontradingmonaco-marine.com\/it\/wp-content\/uploads\/sites\/3\/2017\/05\/MARICOVER-LINK-light.jpg","datePublished":"2017-05-16T10:32:27+00:00","dateModified":"2017-09-20T09:36:59+00:00","description":"Adhesive Tape - MARICOVER LINK LIGHT, nastro adesivo ad alta resistenza, autoestinguente, sigilla le giunture tra i teli protettivi, uso ambienti esterni","breadcrumb":{"@id":"https:\/\/uniontradingmonaco-marine.com\/it\/negozio\/protezioni-temporanee\/adhesive-tape-maricover-link-light\/#breadcrumb"},"inLanguage":"it-IT","potentialAction":[{"@type":"ReadAction","target":["https:\/\/uniontradingmonaco-marine.com\/it\/negozio\/protezioni-temporanee\/adhesive-tape-maricover-link-light\/"]}]},{"@type":"ImageObject","inLanguage":"it-IT","@id":"https:\/\/uniontradingmonaco-marine.com\/it\/negozio\/protezioni-temporanee\/adhesive-tape-maricover-link-light\/#primaryimage","url":"https:\/\/uniontradingmonaco-marine.com\/it\/wp-content\/uploads\/sites\/3\/2017\/05\/MARICOVER-LINK-light.jpg","contentUrl":"https:\/\/uniontradingmonaco-marine.com\/it\/wp-content\/uploads\/sites\/3\/2017\/05\/MARICOVER-LINK-light.jpg","width":600,"height":350,"caption":"Adhesive Tape &#8211; MARICOVER LINK LIGHT"},{"@type":"BreadcrumbList","@id":"https:\/\/uniontradingmonaco-marine.com\/it\/negozio\/protezioni-temporanee\/adhesive-tape-maricover-link-light\/#breadcrumb","itemListElement":[{"@type":"ListItem","position":1,"name":"Accueil","item":"https:\/\/uniontradingmonaco-marine.com\/it\/"},{"@type":"ListItem","position":2,"name":"Adhesive Tape &#8211; MARICOVER LINK LIGHT"}]},{"@type":"WebSite","@id":"https:\/\/uniontradingmonaco-marine.com\/it\/#website","url":"https:\/\/uniontradingmonaco-marine.com\/it\/","name":"Union Trading Monaco","description":"Union Trading Monaco","potentialAction":[{"@type":"SearchAction","target":{"@type":"EntryPoint","urlTemplate":"https:\/\/uniontradingmonaco-marine.com\/it\/?s={search_term_string}"},"query-input":{"@type":"PropertyValueSpecification","valueRequired":true,"valueName":"search_term_string"}}],"inLanguage":"it-IT"}]}},"_links":{"self":[{"href":"https:\/\/uniontradingmonaco-marine.com\/it\/wp-json\/wp\/v2\/product\/2612","targetHints":{"allow":["GET"]}}],"collection":[{"href":"https:\/\/uniontradingmonaco-marine.com\/it\/wp-json\/wp\/v2\/product"}],"about":[{"href":"https:\/\/uniontradingmonaco-marine.com\/it\/wp-json\/wp\/v2\/types\/product"}],"wp:featuredmedia":[{"embeddable":true,"href":"https:\/\/uniontradingmonaco-marine.com\/it\/wp-json\/wp\/v2\/media\/2613"}],"wp:attachment":[{"href":"https:\/\/uniontradingmonaco-marine.com\/it\/wp-json\/wp\/v2\/media?parent=2612"}],"wp:term":[{"taxonomy":"product_brand","embeddable":true,"href":"https:\/\/uniontradingmonaco-marine.com\/it\/wp-json\/wp\/v2\/product_brand?post=2612"},{"taxonomy":"product_cat","embeddable":true,"href":"https:\/\/uniontradingmonaco-marine.com\/it\/wp-json\/wp\/v2\/product_cat?post=2612"},{"taxonomy":"product_tag","embeddable":true,"href":"https:\/\/uniontradingmonaco-marine.com\/it\/wp-json\/wp\/v2\/product_tag?post=2612"}],"curies":[{"name":"wp","href":"https:\/\/api.w.org\/{rel}","templated":true}]}}