{"id":2618,"date":"2017-05-16T13:53:46","date_gmt":"2017-05-16T11:53:46","guid":{"rendered":"http:\/\/uniontradingmonaco-marine.com\/it\/?post_type=product&#038;p=2618"},"modified":"2017-09-20T11:55:59","modified_gmt":"2017-09-20T09:55:59","slug":"fr-lps-1207-200-micron","status":"publish","type":"product","link":"https:\/\/uniontradingmonaco-marine.com\/it\/negozio\/protezioni-temporanee\/fr-lps-1207-200-micron\/","title":{"rendered":"Telo protettivo FR LPS 1207"},"content":{"rendered":"<h2>Telo Protettivo\u00a0FR LPS 1207,\u00a0protezione temporanea in polietilene di soli 200 micron di spessore, autoestinguente<\/h2>\n<p>Il\u00a0Telo Protettivo\u00a0FR LPS 1207 \u00e9 in polietilene liscio, autoestinguente, fornito in rotoli di grande formato da 4 m di larghezza, che lo rende ideale per drappeggi o tendaggi, assicurando una barriera economica ed efficace contro polveri in sospensione, sporcizia e vernice.<\/p>\n<h5>Questo materiale ha ottenuto le certificazioni LPCB (Loss Prevention Certification Board)<\/h5>\n<p>Il Telo Protettivo\u00a0FR LPS 1207, 200 Micron Polythene, \u00e8 impiegato di frequente durante operazioni di verniciatura, per evitare il trasferimento di polvere o sporcizia mediante schermature o delimitazioni di aree,in maniera da ottenere un ambiente interno controllato.<\/p>\n<p>Il prodotto, in polietilene ad alta resistenza, pu\u00f2 essere anche usato a protezione di pavimentazioni; nelle aree di considerevole passaggio, si consiglia, comunque, un&#8217;ulteriore protezione meccanica al di sopra, come per esempio il Proplex o le piastrelle Rhino.<\/p>\n<p><strong>\u00a0<\/strong><\/p>\n<p><strong>Certificazioni:<\/strong><\/p>\n<p>LPS1207:\u00a0 Certificato n. 843a Classificazione: Certificato LPS1207<\/p>\n<p>EN 13501-1:2007+A1:2009:\u00a0 Certificato n. 333998 Classificazione: B-s1\/d0<\/p>\n<p>&nbsp;<\/p>\n<p><strong>Dettagli tecnici:<\/strong><\/p>\n<p>Materiale:\u00a0Polietilene ignifugo<\/p>\n<p>Spessore:\u00a0200 micron (\u00b110%)<\/p>\n<p>Dimensioni: 4m (confezionato in 2m x 2) x 25m<\/p>\n<p>Peso:\u00a0184 g\/m2 (\u00b110%)<\/p>\n<p>Colore:\u00a0Bianco<\/p>\n<p>Stampa: logo Protec e certificazione LPS1207.<\/p>\n<p>Resistenza alla trazione:\u00a0D\u00a0 65 N\/25mm\u00a0ISO 1184\u00a0\u00a0\u00a0\u00a0\u00a0\u00a0\u00a0\u00a0\u00a0\u00a0\u00a0\u00a0\u00a0\u00a0\u00a0\u00a0\u00a0\u00a0\u00a0\u00a0\u00a0\u00a0\u00a0\u00a0\u00a0\u00a0\u00a0\u00a0\u00a0\u00a0\u00a0\u00a0\u00a0\u00a0\u00a0\u00a0\u00a0\u00a0\u00a0\u00a0\u00a0\u00a0\u00a0\u00a0\u00a0\u00a0\u00a0\u00a0\u00a0\u00a0\u00a0\u00a0\u00a0\u00a0\u00a0\u00a0\u00a0\u00a0\u00a0\u00a0\u00a0\u00a0\u00a0\u00a0\u00a0\u00a0\u00a0\u00a0\u00a0\u00a0\u00a0\u00a0\u00a0\u00a0\u00a0\u00a0\u00a0\u00a0\u00a0\u00a0\u00a0\u00a0\u00a0\u00a0\u00a0\u00a0\u00a0\u00a0\u00a0\u00a0\u00a0\u00a0\u00a0\u00a0\u00a0\u00a0\u00a0\u00a0\u00a0\u00a0\u00a0\u00a0\u00a0\u00a0\u00a0\u00a0\u00a0\u00a0\u00a0\u00a0\u00a0\u00a0\u00a0\u00a0\u00a0\u00a0\u00a0\u00a0\u00a0\u00a0\u00a0\u00a0\u00a0\u00a0\u00a0\u00a0\u00a0\u00a0\u00a0\u00a0\u00a0\u00a0\u00a0\u00a0\u00a0\u00a0\u00a0\u00a0 TD\u00a0\u00a0 58 N\/25mm\u00a0\u00a0 ISO 1184<\/p>\n<p>Allungamento a rottura %\u00a0 MD\u00a0\u00a0 425\u00a0 ISO1184<\/p>\n<p>TD\u00a0\u00a0 475\u00a0ISO 1184<br \/>\nImpatto (F50,g)\u00a0375\u00a0 BS 2782-352D<\/p>\n<p>Resistenza alla lacerazione (N)\u00a0 MD\u00a0 9\u00a0ISO 6383-2<\/p>\n<p>TD 14\u00a0 ISO 6383-2<\/p>\n<p><strong>Imballaggio: <\/strong><\/p>\n<p>Il prodotto \u00e8 fornito, su pallet \u201ceuropeo\u201d non sovrapponibile, con le sottoindicate caratteristiche di imballaggio:<\/p>\n<table border=\"1\" cellspacing=\"0\" cellpadding=\"0\">\n<tbody>\n<tr>\n<td valign=\"top\" width=\"85\">\n<p align=\"center\">Spessore<\/p>\n<p align=\"center\">Micron<\/p>\n<\/td>\n<td valign=\"top\" width=\"77\">\n<p align=\"center\">Peso<\/p>\n<p align=\"center\">g. \/mq.<\/p>\n<\/td>\n<td valign=\"top\" width=\"74\">\n<p align=\"center\">Lunghezza foglio m.<\/p>\n<\/td>\n<td valign=\"top\" width=\"74\">\n<p align=\"center\">Larghezza foglio m.<\/p>\n<\/td>\n<td valign=\"top\" width=\"74\">\n<p align=\"center\">Sviluppo foglio mq.<\/p>\n<\/td>\n<td valign=\"top\" width=\"74\">\n<p align=\"center\">Peso netto foglio g.\/mq.<\/p>\n<\/td>\n<td valign=\"top\" width=\"60\">\n<p align=\"center\">Fogli \/ Pallet n\u00b0<\/p>\n<\/td>\n<\/tr>\n<tr>\n<td valign=\"top\" width=\"85\">\n<p align=\"center\">200<\/p>\n<\/td>\n<td valign=\"top\" width=\"77\">\n<p align=\"center\">184 (\u00b110%)<\/p>\n<\/td>\n<td valign=\"top\" width=\"74\">\n<p align=\"center\">25<\/p>\n<\/td>\n<td valign=\"top\" width=\"74\">\n<p align=\"center\">4 (2 m x 2)<\/p>\n<\/td>\n<td valign=\"top\" width=\"74\">\n<p align=\"center\">100<\/p>\n<\/td>\n<td valign=\"top\" width=\"74\">\n<p align=\"center\">19<\/p>\n<\/td>\n<td valign=\"top\" width=\"60\">\n<p align=\"center\">25<\/p>\n<\/td>\n<\/tr>\n<\/tbody>\n<\/table>\n<p>&nbsp;<\/p>\n<h6>I dati contenuti in questa scheda sono resi noti da parte nostra con la migliore accuratezza possibile.\u00a0Tuttavia questa accuratezza non \u00e8 oggetto di garanzia e i dati comunicati in questa scheda non costituiscono n\u00e9 implicano alcuna garanzia da parte della nostra societ\u00e0.<\/h6>\n<!-- AddThis Advanced Settings generic via filter on the_content --><!-- AddThis Share Buttons generic via filter on the_content -->","protected":false},"excerpt":{"rendered":"<h2>Telo Protettivo FR LPS 1207 \u00a0protezione temporanea auto-estinguente\u00a0di ridotto\u00a0spessore, solo 200 micron, di facile e rapida posa.<\/h2>\n<p>FR LPS 1207 \u00e9 un telo di protezione temporanea in polietilene liscio, auto-estinguente. \u00c8 fornito in rotoli di grande formato, da 4m di altezza, che lo rende ideale per la copertura e protezione di drappeggi o tendaggi. Assicura una barriera efficace contro le polveri in sospensione, sporcizia e vernice.<!-- AddThis Advanced Settings generic via filter on get_the_excerpt --><!-- AddThis Share Buttons generic via filter on get_the_excerpt --><\/p>\n","protected":false},"featured_media":2623,"template":"","meta":[],"product_brand":[],"product_cat":[15],"product_tag":[],"class_list":{"0":"post-2618","1":"product","2":"type-product","3":"status-publish","4":"has-post-thumbnail","6":"product_cat-protezioni-temporanee","7":"has-thumb","9":"first","10":"instock","11":"shipping-taxable","12":"product-type-simple"},"yoast_head":"<!-- This site is optimized with the Yoast SEO plugin v27.3 - https:\/\/yoast.com\/product\/yoast-seo-wordpress\/ -->\n<title>Telo protettivo FR LPS 1207 - Union Trading Monaco<\/title>\n<meta name=\"description\" content=\"FR LPS 1207 \u00e9 un telo protettivo temporaneo autoestinguente di ridotto spessore, di facile e rapida posa, ideale per la copertura di grandi superfici.\" \/>\n<meta name=\"robots\" content=\"index, follow, max-snippet:-1, max-image-preview:large, max-video-preview:-1\" \/>\n<link rel=\"canonical\" href=\"https:\/\/uniontradingmonaco-marine.com\/it\/negozio\/protezioni-temporanee\/fr-lps-1207-200-micron\/\" \/>\n<meta property=\"og:locale\" content=\"it_IT\" \/>\n<meta property=\"og:type\" content=\"article\" \/>\n<meta property=\"og:title\" content=\"Telo protettivo FR LPS 1207 - Union Trading Monaco\" \/>\n<meta property=\"og:description\" content=\"FR LPS 1207 \u00e9 un telo protettivo temporaneo autoestinguente di ridotto spessore, di facile e rapida posa, ideale per la copertura di grandi superfici.\" \/>\n<meta property=\"og:url\" content=\"https:\/\/uniontradingmonaco-marine.com\/it\/negozio\/protezioni-temporanee\/fr-lps-1207-200-micron\/\" \/>\n<meta property=\"og:site_name\" content=\"Union Trading Monaco\" \/>\n<meta property=\"article:modified_time\" content=\"2017-09-20T09:55:59+00:00\" \/>\n<meta property=\"og:image\" content=\"https:\/\/uniontradingmonaco-marine.com\/it\/wp-content\/uploads\/sites\/3\/2017\/05\/FR-LPS-1207.jpg\" \/>\n\t<meta property=\"og:image:width\" content=\"600\" \/>\n\t<meta property=\"og:image:height\" content=\"350\" \/>\n\t<meta property=\"og:image:type\" content=\"image\/jpeg\" \/>\n<meta name=\"twitter:card\" content=\"summary_large_image\" \/>\n<meta name=\"twitter:label1\" content=\"Tempo di lettura stimato\" \/>\n\t<meta name=\"twitter:data1\" content=\"1 minuto\" \/>\n<!-- \/ Yoast SEO plugin. -->","yoast_head_json":{"title":"Telo protettivo FR LPS 1207 - Union Trading Monaco","description":"FR LPS 1207 \u00e9 un telo protettivo temporaneo autoestinguente di ridotto spessore, di facile e rapida posa, ideale per la copertura di grandi superfici.","robots":{"index":"index","follow":"follow","max-snippet":"max-snippet:-1","max-image-preview":"max-image-preview:large","max-video-preview":"max-video-preview:-1"},"canonical":"https:\/\/uniontradingmonaco-marine.com\/it\/negozio\/protezioni-temporanee\/fr-lps-1207-200-micron\/","og_locale":"it_IT","og_type":"article","og_title":"Telo protettivo FR LPS 1207 - Union Trading Monaco","og_description":"FR LPS 1207 \u00e9 un telo protettivo temporaneo autoestinguente di ridotto spessore, di facile e rapida posa, ideale per la copertura di grandi superfici.","og_url":"https:\/\/uniontradingmonaco-marine.com\/it\/negozio\/protezioni-temporanee\/fr-lps-1207-200-micron\/","og_site_name":"Union Trading Monaco","article_modified_time":"2017-09-20T09:55:59+00:00","og_image":[{"width":600,"height":350,"url":"https:\/\/uniontradingmonaco-marine.com\/it\/wp-content\/uploads\/sites\/3\/2017\/05\/FR-LPS-1207.jpg","type":"image\/jpeg"}],"twitter_card":"summary_large_image","twitter_misc":{"Tempo di lettura stimato":"1 minuto"},"schema":{"@context":"https:\/\/schema.org","@graph":[{"@type":"WebPage","@id":"https:\/\/uniontradingmonaco-marine.com\/it\/negozio\/protezioni-temporanee\/fr-lps-1207-200-micron\/","url":"https:\/\/uniontradingmonaco-marine.com\/it\/negozio\/protezioni-temporanee\/fr-lps-1207-200-micron\/","name":"Telo protettivo FR LPS 1207 - Union Trading Monaco","isPartOf":{"@id":"https:\/\/uniontradingmonaco-marine.com\/it\/#website"},"primaryImageOfPage":{"@id":"https:\/\/uniontradingmonaco-marine.com\/it\/negozio\/protezioni-temporanee\/fr-lps-1207-200-micron\/#primaryimage"},"image":{"@id":"https:\/\/uniontradingmonaco-marine.com\/it\/negozio\/protezioni-temporanee\/fr-lps-1207-200-micron\/#primaryimage"},"thumbnailUrl":"https:\/\/uniontradingmonaco-marine.com\/it\/wp-content\/uploads\/sites\/3\/2017\/05\/FR-LPS-1207.jpg","datePublished":"2017-05-16T11:53:46+00:00","dateModified":"2017-09-20T09:55:59+00:00","description":"FR LPS 1207 \u00e9 un telo protettivo temporaneo autoestinguente di ridotto spessore, di facile e rapida posa, ideale per la copertura di grandi superfici.","breadcrumb":{"@id":"https:\/\/uniontradingmonaco-marine.com\/it\/negozio\/protezioni-temporanee\/fr-lps-1207-200-micron\/#breadcrumb"},"inLanguage":"it-IT","potentialAction":[{"@type":"ReadAction","target":["https:\/\/uniontradingmonaco-marine.com\/it\/negozio\/protezioni-temporanee\/fr-lps-1207-200-micron\/"]}]},{"@type":"ImageObject","inLanguage":"it-IT","@id":"https:\/\/uniontradingmonaco-marine.com\/it\/negozio\/protezioni-temporanee\/fr-lps-1207-200-micron\/#primaryimage","url":"https:\/\/uniontradingmonaco-marine.com\/it\/wp-content\/uploads\/sites\/3\/2017\/05\/FR-LPS-1207.jpg","contentUrl":"https:\/\/uniontradingmonaco-marine.com\/it\/wp-content\/uploads\/sites\/3\/2017\/05\/FR-LPS-1207.jpg","width":600,"height":350,"caption":"Telo protettivo FR LPS 1207"},{"@type":"BreadcrumbList","@id":"https:\/\/uniontradingmonaco-marine.com\/it\/negozio\/protezioni-temporanee\/fr-lps-1207-200-micron\/#breadcrumb","itemListElement":[{"@type":"ListItem","position":1,"name":"Accueil","item":"https:\/\/uniontradingmonaco-marine.com\/it\/"},{"@type":"ListItem","position":2,"name":"Telo protettivo FR LPS 1207"}]},{"@type":"WebSite","@id":"https:\/\/uniontradingmonaco-marine.com\/it\/#website","url":"https:\/\/uniontradingmonaco-marine.com\/it\/","name":"Union Trading Monaco","description":"Union Trading Monaco","potentialAction":[{"@type":"SearchAction","target":{"@type":"EntryPoint","urlTemplate":"https:\/\/uniontradingmonaco-marine.com\/it\/?s={search_term_string}"},"query-input":{"@type":"PropertyValueSpecification","valueRequired":true,"valueName":"search_term_string"}}],"inLanguage":"it-IT"}]}},"_links":{"self":[{"href":"https:\/\/uniontradingmonaco-marine.com\/it\/wp-json\/wp\/v2\/product\/2618","targetHints":{"allow":["GET"]}}],"collection":[{"href":"https:\/\/uniontradingmonaco-marine.com\/it\/wp-json\/wp\/v2\/product"}],"about":[{"href":"https:\/\/uniontradingmonaco-marine.com\/it\/wp-json\/wp\/v2\/types\/product"}],"wp:featuredmedia":[{"embeddable":true,"href":"https:\/\/uniontradingmonaco-marine.com\/it\/wp-json\/wp\/v2\/media\/2623"}],"wp:attachment":[{"href":"https:\/\/uniontradingmonaco-marine.com\/it\/wp-json\/wp\/v2\/media?parent=2618"}],"wp:term":[{"taxonomy":"product_brand","embeddable":true,"href":"https:\/\/uniontradingmonaco-marine.com\/it\/wp-json\/wp\/v2\/product_brand?post=2618"},{"taxonomy":"product_cat","embeddable":true,"href":"https:\/\/uniontradingmonaco-marine.com\/it\/wp-json\/wp\/v2\/product_cat?post=2618"},{"taxonomy":"product_tag","embeddable":true,"href":"https:\/\/uniontradingmonaco-marine.com\/it\/wp-json\/wp\/v2\/product_tag?post=2618"}],"curies":[{"name":"wp","href":"https:\/\/api.w.org\/{rel}","templated":true}]}}