{"id":2625,"date":"2017-05-16T15:58:37","date_gmt":"2017-05-16T13:58:37","guid":{"rendered":"http:\/\/uniontradingmonaco-marine.com\/it\/?post_type=product&#038;p=2625"},"modified":"2017-07-18T12:29:33","modified_gmt":"2017-07-18T10:29:33","slug":"fire-blanket-alluminium","status":"publish","type":"product","link":"https:\/\/uniontradingmonaco-marine.com\/it\/negozio\/protezioni-temporanee\/fire-blanket-alluminium\/","title":{"rendered":"FIRE BLANKET ALUMINIUM"},"content":{"rendered":"<h2>FIRE BLANKET ALUMINIUM, protezione temporanea incombustibile per aree dove vengono effettuati lavori ad alte temperature<\/h2>\n<p>FIRE BLANKET ALUMINIUM \u00e9 un tessuto di vetro tipo &#8220;E&#8221; rivestito in alluminio, <strong>incombustibile<\/strong>, che pu\u00f2 essere utilizzato per la protezione di pavimenti o paratie e\/o di attrezzature, in aree dove \u00e8 probabile che siano effettuati lavori ad alte temperature quali molatura o saldatura.<\/p>\n<h5>Questo materiale ha ottenuto le certificazioni LPCB (Loss Prevention Certification Board)<\/h5>\n<p>&nbsp;<\/p>\n<p><strong>Certificazioni:<\/strong><\/p>\n<p>EN 13501-1:2007+A1:2009\u00a0\u00a0\u00a0\u00a0\u00a0\u00a0\u00a0\u00a0\u00a0\u00a0\u00a0\u00a0\u00a0\u00a0\u00a0 Certificato n. WF 339385 \u00a0\u00a0 Classificazione A1 \/ A1 FL<\/p>\n<p>&nbsp;<\/p>\n<p><strong>Dettagli tecnici:<\/strong><\/p>\n<p>Materiale:\u00a0\u00a0\u00a0\u00a0\u00a0\u00a0\u00a0\u00a0\u00a0\u00a0\u00a0\u00a0\u00a0\u00a0\u00a0\u00a0\u00a0\u00a0\u00a0\u00a0\u00a0\u00a0\u00a0\u00a0\u00a0\u00a0\u00a0\u00a0\u00a0\u00a0\u00a0\u00a0\u00a0\u00a0\u00a0\u00a0\u00a0\u00a0\u00a0\u00a0\u00a0\u00a0\u00a0\u00a0\u00a0\u00a0\u00a0\u00a0 Tessuto di vetro tipo &#8220;E&#8221; rivestito in alluminio<\/p>\n<p>Spessore:\u00a0\u00a0\u00a0\u00a0\u00a0\u00a0\u00a0\u00a0\u00a0\u00a0\u00a0\u00a0\u00a0\u00a0\u00a0\u00a0\u00a0\u00a0\u00a0\u00a0\u00a0\u00a0\u00a0\u00a0\u00a0\u00a0\u00a0\u00a0\u00a0\u00a0\u00a0\u00a0\u00a0\u00a0\u00a0\u00a0\u00a0\u00a0\u00a0\u00a0\u00a0\u00a0\u00a0\u00a0\u00a0\u00a0\u00a0\u00a0\u00a0\u00a0 0,48 mm (\u00b1 10 %)<\/p>\n<p>Dimensioni:\u00a0\u00a0\u00a0\u00a0\u00a0\u00a0\u00a0\u00a0\u00a0\u00a0\u00a0\u00a0\u00a0\u00a0\u00a0\u00a0\u00a0\u00a0\u00a0\u00a0\u00a0\u00a0\u00a0\u00a0\u00a0\u00a0\u00a0\u00a0\u00a0\u00a0\u00a0\u00a0\u00a0\u00a0\u00a0\u00a0\u00a0\u00a0\u00a0\u00a0\u00a0\u00a0\u00a0\u00a0\u00a0\u00a0 1m x 50m<\/p>\n<p>Peso:\u00a0\u00a0\u00a0\u00a0\u00a0\u00a0\u00a0\u00a0\u00a0\u00a0\u00a0\u00a0\u00a0\u00a0\u00a0\u00a0\u00a0\u00a0\u00a0\u00a0\u00a0\u00a0\u00a0\u00a0\u00a0\u00a0\u00a0\u00a0\u00a0\u00a0\u00a0\u00a0\u00a0\u00a0\u00a0\u00a0\u00a0\u00a0\u00a0\u00a0\u00a0\u00a0\u00a0\u00a0\u00a0\u00a0\u00a0\u00a0\u00a0\u00a0\u00a0\u00a0\u00a0\u00a0\u00a0\u00a0\u00a0\u00a0 480 g\/m2 (\u00b1 10%)<\/p>\n<p>Colore:\u00a0\u00a0\u00a0\u00a0\u00a0\u00a0\u00a0\u00a0\u00a0\u00a0\u00a0\u00a0\u00a0\u00a0\u00a0\u00a0\u00a0\u00a0\u00a0\u00a0\u00a0\u00a0\u00a0\u00a0\u00a0\u00a0\u00a0\u00a0\u00a0\u00a0\u00a0\u00a0\u00a0\u00a0\u00a0\u00a0\u00a0\u00a0\u00a0\u00a0\u00a0\u00a0\u00a0\u00a0\u00a0\u00a0\u00a0\u00a0\u00a0\u00a0\u00a0\u00a0\u00a0\u00a0\u00a0 argento su un lato, bianco sull&#8217;altro<\/p>\n<p>Stampa:\u00a0\u00a0\u00a0\u00a0\u00a0\u00a0\u00a0\u00a0\u00a0\u00a0\u00a0\u00a0\u00a0\u00a0\u00a0\u00a0\u00a0\u00a0\u00a0\u00a0\u00a0\u00a0\u00a0\u00a0\u00a0\u00a0\u00a0\u00a0\u00a0\u00a0\u00a0\u00a0\u00a0\u00a0\u00a0\u00a0\u00a0\u00a0\u00a0\u00a0\u00a0\u00a0\u00a0\u00a0\u00a0\u00a0\u00a0\u00a0\u00a0\u00a0\u00a0\u00a0\u00a0\u00a0\u00a0\u00a0\u00a0\u00a0\u00a0\u00a0\u00a0\u00a0\u00a0\u00a0\u00a0\u00a0\u00a0\u00a0\u00a0\u00a0 nessuna<\/p>\n<p>Struttura:\u00a0\u00a0\u00a0\u00a0\u00a0\u00a0\u00a0\u00a0\u00a0\u00a0\u00a0\u00a0\u00a0\u00a0\u00a0\u00a0\u00a0\u00a0\u00a0\u00a0\u00a0\u00a0\u00a0\u00a0\u00a0\u00a0\u00a0\u00a0\u00a0\u00a0\u00a0\u00a0\u00a0\u00a0\u00a0\u00a0\u00a0\u00a0\u00a0\u00a0\u00a0\u00a0\u00a0\u00a0\u00a0\u00a0\u00a0\u00a0\u00a0\u00a0 diagonale 3 x 1<\/p>\n<p>Tipo di ordito:\u00a0\u00a0\u00a0\u00a0\u00a0\u00a0\u00a0\u00a0\u00a0\u00a0\u00a0\u00a0\u00a0\u00a0\u00a0\u00a0\u00a0\u00a0\u00a0\u00a0\u00a0\u00a0\u00a0\u00a0\u00a0 \u00a0\u00a0\u00a0\u00a0\u00a0\u00a0\u00a0\u00a0\u00a0\u00a0\u00a0\u00a0\u00a0\u00a0 EC9 136 1&#215;0<\/p>\n<p>Tipo di trama:\u00a0\u00a0\u00a0\u00a0\u00a0\u00a0\u00a0\u00a0\u00a0\u00a0\u00a0\u00a0\u00a0\u00a0\u00a0\u00a0\u00a0\u00a0\u00a0\u00a0\u00a0\u00a0\u00a0\u00a0\u00a0\u00a0\u00a0\u00a0\u00a0\u00a0\u00a0\u00a0\u00a0\u00a0\u00a0\u00a0\u00a0\u00a0\u00a0\u00a0\u00a0\u00a0 EC9 136 1&#215;0<\/p>\n<p>Titolo di ordito:\u00a0\u00a0\u00a0\u00a0\u00a0\u00a0\u00a0\u00a0\u00a0\u00a0\u00a0\u00a0\u00a0\u00a0\u00a0\u00a0\u00a0\u00a0\u00a0\u00a0\u00a0\u00a0\u00a0\u00a0\u00a0\u00a0\u00a0\u00a0\u00a0\u00a0\u00a0\u00a0\u00a0\u00a0\u00a0\u00a0\u00a0\u00a0\u00a0\u00a0 18\/cm<\/p>\n<p>Titolo di trama:\u00a0\u00a0\u00a0\u00a0\u00a0\u00a0\u00a0\u00a0\u00a0\u00a0\u00a0\u00a0\u00a0\u00a0\u00a0\u00a0\u00a0\u00a0\u00a0\u00a0\u00a0\u00a0\u00a0\u00a0\u00a0\u00a0\u00a0\u00a0\u00a0\u00a0\u00a0\u00a0\u00a0\u00a0\u00a0\u00a0\u00a0\u00a0\u00a0 13\/cm\u00a0\u00a0\u00a0\u00a0\u00a0\u00a0\u00a0\u00a0\u00a0\u00a0\u00a0\u00a0\u00a0\u00a0\u00a0\u00a0\u00a0\u00a0\u00a0\u00a0\u00a0\u00a0\u00a0\u00a0\u00a0\u00a0\u00a0\u00a0\u00a0\u00a0\u00a0\u00a0\u00a0\u00a0\u00a0\u00a0\u00a0\u00a0\u00a0\u00a0\u00a0\u00a0\u00a0\u00a0\u00a0\u00a0\u00a0\u00a0\u00a0\u00a0\u00a0\u00a0\u00a0\u00a0\u00a0\u00a0\u00a0\u00a0\u00a0\u00a0\u00a0\u00a0\u00a0\u00a0\u00a0\u00a0\u00a0\u00a0\u00a0\u00a0\u00a0\u00a0\u00a0\u00a0\u00a0\u00a0\u00a0\u00a0\u00a0\u00a0\u00a0\u00a0\u00a0\u00a0\u00a0\u00a0\u00a0\u00a0\u00a0\u00a0\u00a0 ASTMD3775-2008<\/p>\n<p>Resistenza a rottura MD:\u00a0\u00a0\u00a0\u00a0\u00a0\u00a0\u00a0\u00a0\u00a0\u00a0\u00a0\u00a0\u00a0\u00a0\u00a0\u00a0\u00a0\u00a0\u00a0\u00a0 6200 N\/5cm\u00a0\u00a0\u00a0\u00a0\u00a0\u00a0\u00a0\u00a0\u00a0\u00a0\u00a0\u00a0\u00a0\u00a0\u00a0\u00a0\u00a0\u00a0\u00a0\u00a0\u00a0\u00a0\u00a0\u00a0\u00a0\u00a0\u00a0\u00a0\u00a0\u00a0\u00a0\u00a0\u00a0\u00a0\u00a0\u00a0\u00a0\u00a0\u00a0\u00a0\u00a0\u00a0\u00a0\u00a0\u00a0\u00a0\u00a0\u00a0\u00a0\u00a0\u00a0\u00a0\u00a0\u00a0\u00a0\u00a0\u00a0\u00a0\u00a0\u00a0\u00a0\u00a0\u00a0\u00a0\u00a0\u00a0\u00a0\u00a0\u00a0\u00a0\u00a0\u00a0\u00a0\u00a0\u00a0\u00a0\u00a0\u00a0\u00a0\u00a0 ASTMD5034-2001<\/p>\n<p>Resistenza a rottura CD:\u00a0\u00a0\u00a0\u00a0\u00a0\u00a0\u00a0\u00a0\u00a0\u00a0\u00a0\u00a0\u00a0\u00a0\u00a0\u00a0\u00a0\u00a0\u00a0\u00a0\u00a0\u00a0 4700 N\/5cm\u00a0\u00a0\u00a0\u00a0\u00a0\u00a0\u00a0\u00a0\u00a0\u00a0\u00a0\u00a0\u00a0\u00a0\u00a0\u00a0\u00a0\u00a0\u00a0\u00a0\u00a0\u00a0\u00a0\u00a0\u00a0\u00a0\u00a0\u00a0\u00a0\u00a0\u00a0\u00a0\u00a0\u00a0\u00a0\u00a0\u00a0\u00a0\u00a0\u00a0\u00a0\u00a0\u00a0\u00a0\u00a0\u00a0\u00a0\u00a0\u00a0\u00a0\u00a0\u00a0\u00a0\u00a0\u00a0\u00a0\u00a0\u00a0\u00a0\u00a0\u00a0\u00a0\u00a0\u00a0\u00a0\u00a0\u00a0\u00a0\u00a0\u00a0\u00a0\u00a0\u00a0\u00a0\u00a0\u00a0\u00a0\u00a0\u00a0\u00a0 ASTMD5034-2001<\/p>\n<h6><\/h6>\n<p><strong>Imballaggio: <\/strong><\/p>\n<p>Il prodotto \u00e8 fornito, su pallet \u201ceuropeo\u201d non sovrapponibile, con le sottoindicate caratteristiche di imballaggio:<\/p>\n<table border=\"1\" cellspacing=\"0\" cellpadding=\"0\">\n<tbody>\n<tr>\n<td valign=\"top\" width=\"85\">\n<p align=\"center\">Spessore<\/p>\n<p align=\"center\">mm.<\/p>\n<\/td>\n<td valign=\"top\" width=\"77\">\n<p align=\"center\">Peso<\/p>\n<p align=\"center\">g.\/mq.<\/p>\n<\/td>\n<td valign=\"top\" width=\"74\">\n<p align=\"center\">Lunghezza rotolo m.<\/p>\n<\/td>\n<td valign=\"top\" width=\"74\">\n<p align=\"center\">Altezza rotolo m.<\/p>\n<\/td>\n<td valign=\"top\" width=\"74\">\n<p align=\"center\">Sviluppo rotolo mq.<\/p>\n<\/td>\n<td valign=\"top\" width=\"74\">\n<p align=\"center\">Peso netto rotolo Kg.<\/p>\n<\/td>\n<td valign=\"top\" width=\"60\">\n<p align=\"center\">Rotoli \/ Pallet n\u00b0<\/p>\n<\/td>\n<\/tr>\n<tr>\n<td valign=\"top\" width=\"85\">\n<p align=\"center\">0,48 (\u00b1 10 %)<\/p>\n<\/td>\n<td valign=\"top\" width=\"77\">\n<p align=\"center\">480 (\u00b1 10%)<\/p>\n<\/td>\n<td valign=\"top\" width=\"74\">\n<p align=\"center\">50<\/p>\n<\/td>\n<td valign=\"top\" width=\"74\">\n<p align=\"center\">1<\/p>\n<\/td>\n<td valign=\"top\" width=\"74\">\n<p align=\"center\">50<\/p>\n<\/td>\n<td valign=\"top\" width=\"74\">\n<p align=\"center\">28<\/p>\n<\/td>\n<td valign=\"top\" width=\"60\">\n<p align=\"center\">20<\/p>\n<\/td>\n<\/tr>\n<\/tbody>\n<\/table>\n<p>&nbsp;<\/p>\n<p>&nbsp;<\/p>\n<h6>I dati contenuti in questa scheda sono resi noti da parte nostra con la migliore accuratezza possibile.\u00a0Tuttavia questa accuratezza non \u00e8 oggetto di garanzia e i dati comunicati in questa scheda non costituiscono n\u00e9 implicano alcuna garanzia da parte della nostra societ\u00e0.<\/h6>\n<!-- AddThis Advanced Settings generic via filter on the_content --><!-- AddThis Share Buttons generic via filter on the_content -->","protected":false},"excerpt":{"rendered":"<h2>FIRE BLANKET ALUMINIUM \u00e9 un tessuto di vetro ricoperto in alluminio, incombustibile. Ideale per la protezione di superfici da lavori ad alte temperature quali molature o saldature.<\/h2>\n<p>FIRE BLANKET ALUMINIUM \u00e9 un tessuto di vetro tipo &#8220;E&#8221; rivestito in alluminio. Questa particolarit\u00e0 lo rende incombustibile. \u00a0Particolarmente indicato per essere utilizzato per la protezione di pavimenti, paratie o di attrezzature, in aree dove \u00e8 probabile che siano effettuati lavori ad alte temperature, quali molature o saldature.<!-- AddThis Advanced Settings generic via filter on get_the_excerpt --><!-- AddThis Share Buttons generic via filter on get_the_excerpt --><\/p>\n","protected":false},"featured_media":2626,"template":"","meta":[],"product_brand":[],"product_cat":[15],"product_tag":[],"class_list":{"0":"post-2625","1":"product","2":"type-product","3":"status-publish","4":"has-post-thumbnail","6":"product_cat-protezioni-temporanee","7":"has-thumb","9":"first","10":"instock","11":"shipping-taxable","12":"product-type-simple"},"yoast_head":"<!-- This site is optimized with the Yoast SEO plugin v27.3 - https:\/\/yoast.com\/product\/yoast-seo-wordpress\/ -->\n<title>FIRE BLANKET ALUMINIUM - Union Trading Monaco<\/title>\n<meta name=\"description\" content=\"FIRE BLANKET ALUMINIUM, tessuto di vetro rivestito in alluminio, incombustibile, per la protezione di superfici da molature o saldature.\" \/>\n<meta name=\"robots\" content=\"index, follow, max-snippet:-1, max-image-preview:large, max-video-preview:-1\" \/>\n<link rel=\"canonical\" href=\"https:\/\/uniontradingmonaco-marine.com\/it\/negozio\/protezioni-temporanee\/fire-blanket-alluminium\/\" \/>\n<meta property=\"og:locale\" content=\"it_IT\" \/>\n<meta property=\"og:type\" content=\"article\" \/>\n<meta property=\"og:title\" content=\"FIRE BLANKET ALUMINIUM - Union Trading Monaco\" \/>\n<meta property=\"og:description\" content=\"FIRE BLANKET ALUMINIUM, tessuto di vetro rivestito in alluminio, incombustibile, per la protezione di superfici da molature o saldature.\" \/>\n<meta property=\"og:url\" content=\"https:\/\/uniontradingmonaco-marine.com\/it\/negozio\/protezioni-temporanee\/fire-blanket-alluminium\/\" \/>\n<meta property=\"og:site_name\" content=\"Union Trading Monaco\" \/>\n<meta property=\"article:modified_time\" content=\"2017-07-18T10:29:33+00:00\" \/>\n<meta property=\"og:image\" content=\"https:\/\/uniontradingmonaco-marine.com\/it\/wp-content\/uploads\/sites\/3\/2017\/05\/FIRE-BLANKET-ALUMINIUM.jpg\" \/>\n\t<meta property=\"og:image:width\" content=\"600\" \/>\n\t<meta property=\"og:image:height\" content=\"350\" \/>\n\t<meta property=\"og:image:type\" content=\"image\/jpeg\" \/>\n<meta name=\"twitter:card\" content=\"summary_large_image\" \/>\n<meta name=\"twitter:label1\" content=\"Tempo di lettura stimato\" \/>\n\t<meta name=\"twitter:data1\" content=\"1 minuto\" \/>\n<!-- \/ Yoast SEO plugin. -->","yoast_head_json":{"title":"FIRE BLANKET ALUMINIUM - Union Trading Monaco","description":"FIRE BLANKET ALUMINIUM, tessuto di vetro rivestito in alluminio, incombustibile, per la protezione di superfici da molature o saldature.","robots":{"index":"index","follow":"follow","max-snippet":"max-snippet:-1","max-image-preview":"max-image-preview:large","max-video-preview":"max-video-preview:-1"},"canonical":"https:\/\/uniontradingmonaco-marine.com\/it\/negozio\/protezioni-temporanee\/fire-blanket-alluminium\/","og_locale":"it_IT","og_type":"article","og_title":"FIRE BLANKET ALUMINIUM - Union Trading Monaco","og_description":"FIRE BLANKET ALUMINIUM, tessuto di vetro rivestito in alluminio, incombustibile, per la protezione di superfici da molature o saldature.","og_url":"https:\/\/uniontradingmonaco-marine.com\/it\/negozio\/protezioni-temporanee\/fire-blanket-alluminium\/","og_site_name":"Union Trading Monaco","article_modified_time":"2017-07-18T10:29:33+00:00","og_image":[{"width":600,"height":350,"url":"https:\/\/uniontradingmonaco-marine.com\/it\/wp-content\/uploads\/sites\/3\/2017\/05\/FIRE-BLANKET-ALUMINIUM.jpg","type":"image\/jpeg"}],"twitter_card":"summary_large_image","twitter_misc":{"Tempo di lettura stimato":"1 minuto"},"schema":{"@context":"https:\/\/schema.org","@graph":[{"@type":"WebPage","@id":"https:\/\/uniontradingmonaco-marine.com\/it\/negozio\/protezioni-temporanee\/fire-blanket-alluminium\/","url":"https:\/\/uniontradingmonaco-marine.com\/it\/negozio\/protezioni-temporanee\/fire-blanket-alluminium\/","name":"FIRE BLANKET ALUMINIUM - Union Trading Monaco","isPartOf":{"@id":"https:\/\/uniontradingmonaco-marine.com\/it\/#website"},"primaryImageOfPage":{"@id":"https:\/\/uniontradingmonaco-marine.com\/it\/negozio\/protezioni-temporanee\/fire-blanket-alluminium\/#primaryimage"},"image":{"@id":"https:\/\/uniontradingmonaco-marine.com\/it\/negozio\/protezioni-temporanee\/fire-blanket-alluminium\/#primaryimage"},"thumbnailUrl":"https:\/\/uniontradingmonaco-marine.com\/it\/wp-content\/uploads\/sites\/3\/2017\/05\/FIRE-BLANKET-ALUMINIUM.jpg","datePublished":"2017-05-16T13:58:37+00:00","dateModified":"2017-07-18T10:29:33+00:00","description":"FIRE BLANKET ALUMINIUM, tessuto di vetro rivestito in alluminio, incombustibile, per la protezione di superfici da molature o saldature.","breadcrumb":{"@id":"https:\/\/uniontradingmonaco-marine.com\/it\/negozio\/protezioni-temporanee\/fire-blanket-alluminium\/#breadcrumb"},"inLanguage":"it-IT","potentialAction":[{"@type":"ReadAction","target":["https:\/\/uniontradingmonaco-marine.com\/it\/negozio\/protezioni-temporanee\/fire-blanket-alluminium\/"]}]},{"@type":"ImageObject","inLanguage":"it-IT","@id":"https:\/\/uniontradingmonaco-marine.com\/it\/negozio\/protezioni-temporanee\/fire-blanket-alluminium\/#primaryimage","url":"https:\/\/uniontradingmonaco-marine.com\/it\/wp-content\/uploads\/sites\/3\/2017\/05\/FIRE-BLANKET-ALUMINIUM.jpg","contentUrl":"https:\/\/uniontradingmonaco-marine.com\/it\/wp-content\/uploads\/sites\/3\/2017\/05\/FIRE-BLANKET-ALUMINIUM.jpg","width":600,"height":350,"caption":"FIRE BLANKET ALUMINIUM"},{"@type":"BreadcrumbList","@id":"https:\/\/uniontradingmonaco-marine.com\/it\/negozio\/protezioni-temporanee\/fire-blanket-alluminium\/#breadcrumb","itemListElement":[{"@type":"ListItem","position":1,"name":"Accueil","item":"https:\/\/uniontradingmonaco-marine.com\/it\/"},{"@type":"ListItem","position":2,"name":"FIRE BLANKET ALUMINIUM"}]},{"@type":"WebSite","@id":"https:\/\/uniontradingmonaco-marine.com\/it\/#website","url":"https:\/\/uniontradingmonaco-marine.com\/it\/","name":"Union Trading Monaco","description":"Union Trading Monaco","potentialAction":[{"@type":"SearchAction","target":{"@type":"EntryPoint","urlTemplate":"https:\/\/uniontradingmonaco-marine.com\/it\/?s={search_term_string}"},"query-input":{"@type":"PropertyValueSpecification","valueRequired":true,"valueName":"search_term_string"}}],"inLanguage":"it-IT"}]}},"_links":{"self":[{"href":"https:\/\/uniontradingmonaco-marine.com\/it\/wp-json\/wp\/v2\/product\/2625","targetHints":{"allow":["GET"]}}],"collection":[{"href":"https:\/\/uniontradingmonaco-marine.com\/it\/wp-json\/wp\/v2\/product"}],"about":[{"href":"https:\/\/uniontradingmonaco-marine.com\/it\/wp-json\/wp\/v2\/types\/product"}],"wp:featuredmedia":[{"embeddable":true,"href":"https:\/\/uniontradingmonaco-marine.com\/it\/wp-json\/wp\/v2\/media\/2626"}],"wp:attachment":[{"href":"https:\/\/uniontradingmonaco-marine.com\/it\/wp-json\/wp\/v2\/media?parent=2625"}],"wp:term":[{"taxonomy":"product_brand","embeddable":true,"href":"https:\/\/uniontradingmonaco-marine.com\/it\/wp-json\/wp\/v2\/product_brand?post=2625"},{"taxonomy":"product_cat","embeddable":true,"href":"https:\/\/uniontradingmonaco-marine.com\/it\/wp-json\/wp\/v2\/product_cat?post=2625"},{"taxonomy":"product_tag","embeddable":true,"href":"https:\/\/uniontradingmonaco-marine.com\/it\/wp-json\/wp\/v2\/product_tag?post=2625"}],"curies":[{"name":"wp","href":"https:\/\/api.w.org\/{rel}","templated":true}]}}