{"id":2627,"date":"2017-05-16T16:17:30","date_gmt":"2017-05-16T14:17:30","guid":{"rendered":"http:\/\/uniontradingmonaco-marine.com\/it\/?post_type=product&#038;p=2627"},"modified":"2017-07-18T16:00:30","modified_gmt":"2017-07-18T14:00:30","slug":"fr-lsp-1207-impact-blue-foam","status":"publish","type":"product","link":"https:\/\/uniontradingmonaco-marine.com\/it\/negozio\/protezioni-temporanee\/fr-lsp-1207-impact-blue-foam\/","title":{"rendered":"FR LSP 1207 &#8211; Impact Blue Foam"},"content":{"rendered":"<h2>Protettivo\u00a0FR LSP 1207 &#8211; Impact Blue Foam, protezione temporanea in materiale espanso a celle chiuse<\/h2>\n<p>Il Protettivo\u00a0FR LSP 1207 &#8211; Impact Blue Foam \u00e9 costituito in materiale espanso a cellule chiuse, <strong>autoestinguente<\/strong>, ideale per l&#8217;uso come protezione temporanea di tutte le tipologie di attrezzature, paratie, mobili e arredi. Grazie alla propria struttura a cellule chiuse, il prodotto non assorbe acqua.<\/p>\n<h5>Questo materiale ha ottenuto le certificazioni LPCB (Loss Prevention Certification Board)<\/h5>\n<p>&nbsp;<\/p>\n<p><strong>Certificazioni:<\/strong><\/p>\n<p>EN 13501-1:2007+A1:2009:\u00a0\u00a0\u00a0\u00a0\u00a0\u00a0\u00a0\u00a0\u00a0\u00a0\u00a0\u00a0\u00a0\u00a0 Certificato n. 335069 \u00a0\u00a0\u00a0\u00a0\u00a0\u00a0\u00a0\u00a0\u00a0\u00a0 Classificazione: B-s1\/d0<\/p>\n<p>&nbsp;<\/p>\n<p><strong>Dettagli tecnici:<\/strong><\/p>\n<p>Materiale:\u00a0\u00a0\u00a0\u00a0\u00a0\u00a0\u00a0\u00a0\u00a0\u00a0\u00a0\u00a0\u00a0\u00a0\u00a0\u00a0\u00a0\u00a0\u00a0\u00a0\u00a0\u00a0\u00a0\u00a0\u00a0\u00a0\u00a0\u00a0\u00a0\u00a0\u00a0\u00a0\u00a0\u00a0\u00a0\u00a0\u00a0\u00a0\u00a0\u00a0\u00a0\u00a0\u00a0\u00a0\u00a0\u00a0\u00a0\u00a0 Schiuma polietilenica autoestinguente<\/p>\n<p>Spessore:\u00a0\u00a0\u00a0\u00a0\u00a0\u00a0\u00a0\u00a0\u00a0\u00a0\u00a0\u00a0\u00a0\u00a0\u00a0\u00a0\u00a0\u00a0\u00a0\u00a0\u00a0\u00a0\u00a0\u00a0\u00a0\u00a0\u00a0\u00a0\u00a0\u00a0\u00a0\u00a0\u00a0\u00a0\u00a0\u00a0\u00a0\u00a0\u00a0\u00a0\u00a0\u00a0\u00a0\u00a0\u00a0\u00a0\u00a0\u00a0\u00a0\u00a0 5mm (\u00b1 10%)<\/p>\n<p>Dimensioni:\u00a0\u00a0\u00a0\u00a0\u00a0\u00a0\u00a0\u00a0\u00a0\u00a0\u00a0\u00a0\u00a0\u00a0\u00a0\u00a0\u00a0\u00a0\u00a0\u00a0\u00a0\u00a0\u00a0\u00a0\u00a0\u00a0\u00a0\u00a0\u00a0\u00a0\u00a0\u00a0\u00a0\u00a0\u00a0\u00a0\u00a0\u00a0\u00a0\u00a0\u00a0\u00a0\u00a0\u00a0\u00a0\u00a0 1,5m x 75m<\/p>\n<p>Densit\u00e0 nominale:\u00a0\u00a0\u00a0\u00a0\u00a0\u00a0\u00a0\u00a0\u00a0\u00a0\u00a0\u00a0\u00a0\u00a0\u00a0\u00a0\u00a0\u00a0\u00a0\u00a0\u00a0\u00a0\u00a0\u00a0\u00a0\u00a0\u00a0\u00a0\u00a0\u00a0\u00a0\u00a0\u00a0 24 kg\/m3<\/p>\n<p>Peso:\u00a0\u00a0\u00a0\u00a0\u00a0\u00a0\u00a0\u00a0\u00a0\u00a0\u00a0\u00a0\u00a0\u00a0\u00a0\u00a0\u00a0\u00a0\u00a0\u00a0\u00a0\u00a0\u00a0\u00a0\u00a0\u00a0\u00a0\u00a0\u00a0\u00a0\u00a0\u00a0\u00a0\u00a0\u00a0\u00a0\u00a0\u00a0\u00a0\u00a0\u00a0\u00a0\u00a0\u00a0\u00a0\u00a0\u00a0\u00a0 \u00a0\u00a0\u00a0\u00a0\u00a0\u00a0\u00a0\u00a0\u00a0 125 g\/m2 (\u00b110)<\/p>\n<p>Colore:\u00a0\u00a0\u00a0\u00a0\u00a0\u00a0\u00a0\u00a0\u00a0\u00a0\u00a0\u00a0\u00a0\u00a0\u00a0\u00a0\u00a0\u00a0\u00a0\u00a0\u00a0\u00a0\u00a0\u00a0\u00a0\u00a0\u00a0\u00a0\u00a0\u00a0\u00a0\u00a0\u00a0\u00a0\u00a0\u00a0\u00a0\u00a0\u00a0\u00a0\u00a0\u00a0\u00a0\u00a0\u00a0\u00a0\u00a0\u00a0\u00a0\u00a0\u00a0\u00a0\u00a0\u00a0\u00a0 Blu marino<\/p>\n<p>Stampa:\u00a0\u00a0\u00a0\u00a0\u00a0\u00a0\u00a0\u00a0\u00a0\u00a0\u00a0\u00a0\u00a0\u00a0\u00a0\u00a0\u00a0\u00a0\u00a0\u00a0\u00a0\u00a0\u00a0\u00a0\u00a0\u00a0\u00a0\u00a0\u00a0\u00a0\u00a0\u00a0\u00a0\u00a0\u00a0\u00a0\u00a0\u00a0\u00a0\u00a0\u00a0\u00a0\u00a0\u00a0\u00a0\u00a0\u00a0\u00a0\u00a0\u00a0\u00a0\u00a0\u00a0\u00a0\u00a0\u00a0\u00a0\u00a0\u00a0\u00a0\u00a0\u00a0\u00a0\u00a0\u00a0\u00a0\u00a0\u00a0\u00a0\u00a0 nessuna<\/p>\n<p>Picco della resistenza a trazione\u00a0\u00a0\u00a0\u00a0 MD\/CD\u00a0\u00a0\u00a0\u00a0 180 kPa\u00a0\u00a0\u00a0\u00a0\u00a0\u00a0\u00a0\u00a0\u00a0\u00a0\u00a0\u00a0\u00a0\u00a0\u00a0\u00a0\u00a0\u00a0 ASTM D3575-08 Suffix T ISO 1798: 2008<\/p>\n<p>150 kPa\u00a0\u00a0\u00a0\u00a0\u00a0 \u00a0\u00a0\u00a0\u00a0\u00a0\u00a0\u00a0\u00a0\u00a0\u00a0\u00a0\u00a0\u00a0\u00a0 ISO 1798: 2008<\/p>\n<p>Allungamento a trazione %:\u00a0\u00a0\u00a0\u00a0\u00a0\u00a0\u00a0\u00a0\u00a0\u00a0\u00a0\u00a0\u00a0\u00a0\u00a0 MD\/CD\u00a0\u00a0 67\u00a0\u00a0\u00a0\u00a0\u00a0\u00a0\u00a0\u00a0\u00a0\u00a0\u00a0\u00a0\u00a0\u00a0\u00a0\u00a0\u00a0\u00a0\u00a0\u00a0\u00a0\u00a0\u00a0\u00a0\u00a0\u00a0\u00a0\u00a0\u00a0 ASTM D3575-08 Suffix T ISO 1798: 2008<\/p>\n<p>52\u00a0\u00a0\u00a0\u00a0\u00a0\u00a0\u00a0\u00a0\u00a0\u00a0\u00a0\u00a0\u00a0\u00a0\u00a0\u00a0\u00a0\u00a0\u00a0\u00a0\u00a0\u00a0\u00a0\u00a0\u00a0\u00a0\u00a0\u00a0\u00a0 ISO 1798 2008<\/p>\n<p>Stabilit\u00e0 termica %:\u00a0\u00a0\u00a0\u00a0\u00a0\u00a0\u00a0\u00a0\u00a0\u00a0\u00a0\u00a0\u00a0\u00a0\u00a0\u00a0\u00a0\u00a0\u00a0\u00a0\u00a0\u00a0\u00a0\u00a0\u00a0\u00a0\u00a0\u00a0\u00a0\u00a0\u00a0 &lt;2 (24 ORE A 70\u00b0C)\u00a0\u00a0\u00a0\u00a0\u00a0\u00a0\u00a0\u00a0\u00a0\u00a0\u00a0\u00a0\u00a0\u00a0 ASTM d3575-08 Suffix S ISO 2796<\/p>\n<p>Assorbimento d&#8217;acqua in 24 ore:\u00a0\u00a0\u00a0\u00a0\u00a0\u00a0 &lt;2 (Volume %) \u00a0\u00a0\u00a0\u00a0\u00a0\u00a0\u00a0\u00a0\u00a0\u00a0\u00a0\u00a0\u00a0\u00a0\u00a0\u00a0\u00a0\u00a0\u00a0\u00a0\u00a0\u00a0 ASTM D3575-08 Suffix L ISO 2896: 1986<\/p>\n<p>Resistenza allo strappo:\u00a0\u00a0\u00a0\u00a0\u00a0\u00a0\u00a0\u00a0\u00a0\u00a0\u00a0\u00a0\u00a0\u00a0\u00a0\u00a0\u00a0\u00a0\u00a0\u00a0\u00a0\u00a0\u00a0 MD\/CD\u00a0\u00a0 17 N\/cm\u00a0\u00a0\u00a0\u00a0\u00a0\u00a0\u00a0\u00a0\u00a0\u00a0\u00a0\u00a0\u00a0\u00a0\u00a0\u00a0\u00a0\u00a0\u00a0\u00a0\u00a0\u00a0\u00a0\u00a0\u00a0\u00a0\u00a0\u00a0\u00a0\u00a0\u00a0\u00a0\u00a0\u00a0\u00a0 ASTM D3575-08 Suffix G<\/p>\n<p>14 N\/cm\u00a0\u00a0\u00a0\u00a0\u00a0\u00a0\u00a0\u00a0\u00a0\u00a0\u00a0\u00a0\u00a0\u00a0\u00a0\u00a0\u00a0\u00a0\u00a0\u00a0\u00a0\u00a0\u00a0\u00a0\u00a0\u00a0\u00a0\u00a0\u00a0\u00a0\u00a0\u00a0\u00a0\u00a0\u00a0\u00a0\u00a0\u00a0\u00a0\u00a0\u00a0\u00a0\u00a0\u00a0\u00a0\u00a0\u00a0\u00a0\u00a0\u00a0\u00a0\u00a0 ASTM D3575-08 Suffix G<\/p>\n<p>Conduttivit\u00e0 termica:\u00a0\u00a0\u00a0\u00a0\u00a0\u00a0\u00a0\u00a0\u00a0\u00a0\u00a0\u00a0\u00a0\u00a0\u00a0\u00a0\u00a0\u00a0\u00a0\u00a0\u00a0\u00a0\u00a0\u00a0\u00a0\u00a0\u00a0\u00a0 0,055 W\/mK\u00a0\u00a0\u00a0\u00a0\u00a0\u00a0\u00a0\u00a0\u00a0\u00a0\u00a0\u00a0\u00a0\u00a0\u00a0\u00a0\u00a0\u00a0\u00a0\u00a0\u00a0\u00a0\u00a0\u00a0\u00a0\u00a0 ASTM C-177 ISO 8301<\/p>\n<h2><\/h2>\n<p><strong>Imballaggio: <\/strong><\/p>\n<p>Il prodotto \u00e8 fornito, su pallet \u201ceuropeo\u201d non sovrapponibile, con le sottoindicate caratteristiche di imballaggio:<\/p>\n<table border=\"1\" cellspacing=\"0\" cellpadding=\"0\">\n<tbody>\n<tr>\n<td valign=\"top\" width=\"85\">\n<p align=\"center\"><span style=\"font-size: 12pt;\">Spessore<\/span><\/p>\n<p align=\"center\"><span style=\"font-size: 12pt;\">mm.<\/span><\/p>\n<\/td>\n<td valign=\"top\" width=\"77\">\n<p align=\"center\"><span style=\"font-size: 12pt;\">Peso<\/span><\/p>\n<p align=\"center\"><span style=\"font-size: 12pt;\">g.\/mq.<\/span><\/p>\n<\/td>\n<td valign=\"top\" width=\"74\">\n<p align=\"center\"><span style=\"font-size: 12pt;\">Lunghezza rotolo m.<\/span><\/p>\n<\/td>\n<td valign=\"top\" width=\"74\">\n<p align=\"center\"><span style=\"font-size: 12pt;\">Altezza rotolo m.<\/span><\/p>\n<\/td>\n<td valign=\"top\" width=\"74\">\n<p align=\"center\"><span style=\"font-size: 12pt;\">Sviluppo rotolo mq.<\/span><\/p>\n<\/td>\n<td valign=\"top\" width=\"74\">\n<p align=\"center\"><span style=\"font-size: 12pt;\">Peso netto rotolo Kg.<\/span><\/p>\n<\/td>\n<td valign=\"top\" width=\"60\">\n<p align=\"center\"><span style=\"font-size: 12pt;\">Rotoli \/ Pallet n\u00b0<\/span><\/p>\n<\/td>\n<\/tr>\n<tr>\n<td valign=\"top\" width=\"85\">\n<p align=\"center\"><span style=\"font-size: 12pt;\">5 (\u00b1 10 %)<\/span><\/p>\n<\/td>\n<td valign=\"top\" width=\"77\">\n<p align=\"center\"><span style=\"font-size: 12pt;\">125 (\u00b1 10%)<\/span><\/p>\n<\/td>\n<td valign=\"top\" width=\"74\">\n<p align=\"center\"><span style=\"font-size: 12pt;\">75<\/span><\/p>\n<\/td>\n<td valign=\"top\" width=\"74\">\n<p align=\"center\"><span style=\"font-size: 12pt;\">1,5<\/span><\/p>\n<\/td>\n<td valign=\"top\" width=\"74\">\n<p align=\"center\"><span style=\"font-size: 12pt;\">112,5<\/span><\/p>\n<\/td>\n<td valign=\"top\" width=\"74\">\n<p align=\"center\"><span style=\"font-size: 12pt;\">16<\/span><\/p>\n<\/td>\n<td valign=\"top\" width=\"60\">\n<p align=\"center\"><span style=\"font-size: 12pt;\">25<\/span><\/p>\n<p><span style=\"font-size: 12pt;\">\u00a0<\/span><\/td>\n<\/tr>\n<\/tbody>\n<\/table>\n<h6><\/h6>\n<h6>I dati contenuti in questa scheda sono resi noti da parte nostra con la migliore accuratezza possibile.\u00a0Tuttavia questa accuratezza non \u00e8 oggetto di garanzia e i dati comunicati in questa scheda non costituiscono n\u00e9 implicano alcuna garanzia da parte della nostra societ\u00e0.<\/h6>\n<!-- AddThis Advanced Settings generic via filter on the_content --><!-- AddThis Share Buttons generic via filter on the_content -->","protected":false},"excerpt":{"rendered":"<h2><span style=\"font-size: 12pt;\">FR LSP 1207 &#8211; Impact Blue Foam \u00e9 un telo di protezione provvisoria in materiale espanso, autoestinguente ed idrorepellente<\/span><\/h2>\n<p>FR LSP 1207 &#8211; Impact Blue Foam \u00e9 un telo semi rigido di protezione temporanea costituito da materiale espanso a cellule chiuse. \u00c8 autoestinguente. \u00a0Questo protettivo \u00e9 ideale per la copertura di tutte le tipologie di attrezzature, paratie, mobili ed elementi di \u00a0arredo. Grazie alla particolare\u00a0struttura a cellule chiuse, il prodotto non assorbe acqua.<!-- AddThis Advanced Settings generic via filter on get_the_excerpt --><!-- AddThis Share Buttons generic via filter on get_the_excerpt --><\/p>\n","protected":false},"featured_media":2628,"template":"","meta":[],"product_brand":[],"product_cat":[15],"product_tag":[],"class_list":{"0":"post-2627","1":"product","2":"type-product","3":"status-publish","4":"has-post-thumbnail","6":"product_cat-protezioni-temporanee","7":"has-thumb","9":"first","10":"instock","11":"shipping-taxable","12":"product-type-simple"},"yoast_head":"<!-- This site is optimized with the Yoast SEO plugin v27.3 - https:\/\/yoast.com\/product\/yoast-seo-wordpress\/ -->\n<title>FR LSP 1207 - Impact Blue Foam - Union Trading Monaco<\/title>\n<meta name=\"description\" content=\"FR LSP 1207 - Impact Blue Foam \u00e9 un telo di protezione provvisoria in materiale espanso, autoestinguente ed idrorepellente di facile e rapida posa\" \/>\n<meta name=\"robots\" content=\"index, follow, max-snippet:-1, max-image-preview:large, max-video-preview:-1\" \/>\n<link rel=\"canonical\" href=\"https:\/\/uniontradingmonaco-marine.com\/it\/negozio\/protezioni-temporanee\/fr-lsp-1207-impact-blue-foam\/\" \/>\n<meta property=\"og:locale\" content=\"it_IT\" \/>\n<meta property=\"og:type\" content=\"article\" \/>\n<meta property=\"og:title\" content=\"FR LSP 1207 - Impact Blue Foam - Union Trading Monaco\" \/>\n<meta property=\"og:description\" content=\"FR LSP 1207 - Impact Blue Foam \u00e9 un telo di protezione provvisoria in materiale espanso, autoestinguente ed idrorepellente di facile e rapida posa\" \/>\n<meta property=\"og:url\" content=\"https:\/\/uniontradingmonaco-marine.com\/it\/negozio\/protezioni-temporanee\/fr-lsp-1207-impact-blue-foam\/\" \/>\n<meta property=\"og:site_name\" content=\"Union Trading Monaco\" \/>\n<meta property=\"article:modified_time\" content=\"2017-07-18T14:00:30+00:00\" \/>\n<meta property=\"og:image\" content=\"https:\/\/uniontradingmonaco-marine.com\/it\/wp-content\/uploads\/sites\/3\/2017\/05\/FR-LPS-1207-IMPACT-BLUE-FOAM.jpg\" \/>\n\t<meta property=\"og:image:width\" content=\"600\" \/>\n\t<meta property=\"og:image:height\" content=\"350\" \/>\n\t<meta property=\"og:image:type\" content=\"image\/jpeg\" \/>\n<meta name=\"twitter:card\" content=\"summary_large_image\" \/>\n<meta name=\"twitter:label1\" content=\"Tempo di lettura stimato\" \/>\n\t<meta name=\"twitter:data1\" content=\"1 minuto\" \/>\n<!-- \/ Yoast SEO plugin. -->","yoast_head_json":{"title":"FR LSP 1207 - Impact Blue Foam - Union Trading Monaco","description":"FR LSP 1207 - Impact Blue Foam \u00e9 un telo di protezione provvisoria in materiale espanso, autoestinguente ed idrorepellente di facile e rapida posa","robots":{"index":"index","follow":"follow","max-snippet":"max-snippet:-1","max-image-preview":"max-image-preview:large","max-video-preview":"max-video-preview:-1"},"canonical":"https:\/\/uniontradingmonaco-marine.com\/it\/negozio\/protezioni-temporanee\/fr-lsp-1207-impact-blue-foam\/","og_locale":"it_IT","og_type":"article","og_title":"FR LSP 1207 - Impact Blue Foam - Union Trading Monaco","og_description":"FR LSP 1207 - Impact Blue Foam \u00e9 un telo di protezione provvisoria in materiale espanso, autoestinguente ed idrorepellente di facile e rapida posa","og_url":"https:\/\/uniontradingmonaco-marine.com\/it\/negozio\/protezioni-temporanee\/fr-lsp-1207-impact-blue-foam\/","og_site_name":"Union Trading Monaco","article_modified_time":"2017-07-18T14:00:30+00:00","og_image":[{"width":600,"height":350,"url":"https:\/\/uniontradingmonaco-marine.com\/it\/wp-content\/uploads\/sites\/3\/2017\/05\/FR-LPS-1207-IMPACT-BLUE-FOAM.jpg","type":"image\/jpeg"}],"twitter_card":"summary_large_image","twitter_misc":{"Tempo di lettura stimato":"1 minuto"},"schema":{"@context":"https:\/\/schema.org","@graph":[{"@type":"WebPage","@id":"https:\/\/uniontradingmonaco-marine.com\/it\/negozio\/protezioni-temporanee\/fr-lsp-1207-impact-blue-foam\/","url":"https:\/\/uniontradingmonaco-marine.com\/it\/negozio\/protezioni-temporanee\/fr-lsp-1207-impact-blue-foam\/","name":"FR LSP 1207 - Impact Blue Foam - Union Trading Monaco","isPartOf":{"@id":"https:\/\/uniontradingmonaco-marine.com\/it\/#website"},"primaryImageOfPage":{"@id":"https:\/\/uniontradingmonaco-marine.com\/it\/negozio\/protezioni-temporanee\/fr-lsp-1207-impact-blue-foam\/#primaryimage"},"image":{"@id":"https:\/\/uniontradingmonaco-marine.com\/it\/negozio\/protezioni-temporanee\/fr-lsp-1207-impact-blue-foam\/#primaryimage"},"thumbnailUrl":"https:\/\/uniontradingmonaco-marine.com\/it\/wp-content\/uploads\/sites\/3\/2017\/05\/FR-LPS-1207-IMPACT-BLUE-FOAM.jpg","datePublished":"2017-05-16T14:17:30+00:00","dateModified":"2017-07-18T14:00:30+00:00","description":"FR LSP 1207 - Impact Blue Foam \u00e9 un telo di protezione provvisoria in materiale espanso, autoestinguente ed idrorepellente di facile e rapida posa","breadcrumb":{"@id":"https:\/\/uniontradingmonaco-marine.com\/it\/negozio\/protezioni-temporanee\/fr-lsp-1207-impact-blue-foam\/#breadcrumb"},"inLanguage":"it-IT","potentialAction":[{"@type":"ReadAction","target":["https:\/\/uniontradingmonaco-marine.com\/it\/negozio\/protezioni-temporanee\/fr-lsp-1207-impact-blue-foam\/"]}]},{"@type":"ImageObject","inLanguage":"it-IT","@id":"https:\/\/uniontradingmonaco-marine.com\/it\/negozio\/protezioni-temporanee\/fr-lsp-1207-impact-blue-foam\/#primaryimage","url":"https:\/\/uniontradingmonaco-marine.com\/it\/wp-content\/uploads\/sites\/3\/2017\/05\/FR-LPS-1207-IMPACT-BLUE-FOAM.jpg","contentUrl":"https:\/\/uniontradingmonaco-marine.com\/it\/wp-content\/uploads\/sites\/3\/2017\/05\/FR-LPS-1207-IMPACT-BLUE-FOAM.jpg","width":600,"height":350,"caption":"FR LSP 1207 &#8211; Impact Blue Foam"},{"@type":"BreadcrumbList","@id":"https:\/\/uniontradingmonaco-marine.com\/it\/negozio\/protezioni-temporanee\/fr-lsp-1207-impact-blue-foam\/#breadcrumb","itemListElement":[{"@type":"ListItem","position":1,"name":"Accueil","item":"https:\/\/uniontradingmonaco-marine.com\/it\/"},{"@type":"ListItem","position":2,"name":"FR LSP 1207 &#8211; Impact Blue Foam"}]},{"@type":"WebSite","@id":"https:\/\/uniontradingmonaco-marine.com\/it\/#website","url":"https:\/\/uniontradingmonaco-marine.com\/it\/","name":"Union Trading Monaco","description":"Union Trading Monaco","potentialAction":[{"@type":"SearchAction","target":{"@type":"EntryPoint","urlTemplate":"https:\/\/uniontradingmonaco-marine.com\/it\/?s={search_term_string}"},"query-input":{"@type":"PropertyValueSpecification","valueRequired":true,"valueName":"search_term_string"}}],"inLanguage":"it-IT"}]}},"_links":{"self":[{"href":"https:\/\/uniontradingmonaco-marine.com\/it\/wp-json\/wp\/v2\/product\/2627","targetHints":{"allow":["GET"]}}],"collection":[{"href":"https:\/\/uniontradingmonaco-marine.com\/it\/wp-json\/wp\/v2\/product"}],"about":[{"href":"https:\/\/uniontradingmonaco-marine.com\/it\/wp-json\/wp\/v2\/types\/product"}],"wp:featuredmedia":[{"embeddable":true,"href":"https:\/\/uniontradingmonaco-marine.com\/it\/wp-json\/wp\/v2\/media\/2628"}],"wp:attachment":[{"href":"https:\/\/uniontradingmonaco-marine.com\/it\/wp-json\/wp\/v2\/media?parent=2627"}],"wp:term":[{"taxonomy":"product_brand","embeddable":true,"href":"https:\/\/uniontradingmonaco-marine.com\/it\/wp-json\/wp\/v2\/product_brand?post=2627"},{"taxonomy":"product_cat","embeddable":true,"href":"https:\/\/uniontradingmonaco-marine.com\/it\/wp-json\/wp\/v2\/product_cat?post=2627"},{"taxonomy":"product_tag","embeddable":true,"href":"https:\/\/uniontradingmonaco-marine.com\/it\/wp-json\/wp\/v2\/product_tag?post=2627"}],"curies":[{"name":"wp","href":"https:\/\/api.w.org\/{rel}","templated":true}]}}