{"id":2629,"date":"2017-05-16T16:44:41","date_gmt":"2017-05-16T14:44:41","guid":{"rendered":"http:\/\/uniontradingmonaco-marine.com\/it\/?post_type=product&#038;p=2629"},"modified":"2017-09-20T11:44:37","modified_gmt":"2017-09-20T09:44:37","slug":"proplex-fr","status":"publish","type":"product","link":"https:\/\/uniontradingmonaco-marine.com\/it\/negozio\/protezioni-temporanee\/proplex-fr\/","title":{"rendered":"Pannello PROPLEX FR"},"content":{"rendered":"<h2>Protezione temporanea PROPLEX FR, ritardante di fiamma, fogli rigidi a doppia parete, leggeri e versatili<\/h2>\n<p>PROPLEX FR \u00e8 un prodotto a doppia parete, rigido, disponibile in fogli. Si tratta di un materiale al tempo stesso leggero e robusto, e perci\u00f2 assai versatile quale protettivo per superfici verticali; pu\u00f2 anche essere utilizzato per proteggere superfici orizzontali. Questo prodotto \u00e8 disponibile in una variet\u00e0 di spessori tra i 2 mm ed i 3,8 mm e peso da 250 g\/m2 fino a 700 g\/m2.<\/p>\n<p><strong>\u00a0<\/strong><\/p>\n<p><strong>Certificazioni:<\/strong><\/p>\n<p>LPS1207:\u00a0Certificato n. 843a\u00a0 Classificazione: LPS1207 (range di spessore da 2mm a 4 mm)<\/p>\n<p>EN 13501-1:2007+A1:2009\u00a0\u00a0Certificato n. WF 340283 Classificazione: B-s1\/d0 \u00a0(range di spessore da 2mm a 4 mm)<\/p>\n<p><strong>\u00a0<\/strong><\/p>\n<p><strong>Dettagli tecnici:<\/strong><\/p>\n<p>Materiale:\u00a0 polipropilene in fogli<\/p>\n<p>Spessore:\u00a02mm &#8211; 3,8mm (\u00b1 10%)<\/p>\n<p>Dimensioni:\u00a02,44 m x 1,22 m<\/p>\n<p>Peso:\u00a0da 250 g\/m2 (\u00b1 10%) a 700 g\/m2 (\u00b1 10%)<\/p>\n<p>Colore:\u00a0Traslucido o bianco (Altri colori su richiesta)<\/p>\n<p>Stampe:\u00a0 Certificazione LPS1207 e logo Protec (proprio logo su richiesta)<\/p>\n<p>Carico di rottura allo snervamento:\u00a0 29MPa<\/p>\n<p>Allungamento allo snervamento: 6%<\/p>\n<p>Modulo di trazione: 1500 MPa<\/p>\n<p>Modulo di flessione:\u00a01400 MPa<\/p>\n<p>Resistenza all&#8217;urto Izod,\u00a0 &gt;50 a 23\u00b0C<\/p>\n<p><strong>Imballaggio: <\/strong><\/p>\n<p>Il prodotto \u00e8 fornito, su pallet \u201ceuropeo\u201d sovrapponibile fino a tre strati, con le sottoindicate caratteristiche di imballaggio:<\/p>\n<table border=\"1\" cellspacing=\"0\" cellpadding=\"0\">\n<tbody>\n<tr>\n<td valign=\"top\" width=\"85\">\n<p align=\"center\">Spessore<\/p>\n<p align=\"center\">mm.<\/p>\n<\/td>\n<td valign=\"top\" width=\"121\">\n<p align=\"center\">Peso<\/p>\n<p align=\"center\">g.\/mq.<\/p>\n<\/td>\n<td valign=\"top\" width=\"64\">\n<p align=\"center\">Lunghezza lastra m.<\/p>\n<\/td>\n<td valign=\"top\" width=\"64\">\n<p align=\"center\">Larghezza lastra m.<\/p>\n<\/td>\n<td valign=\"top\" width=\"64\">\n<p align=\"center\">Sviluppo lastra mq.<\/p>\n<\/td>\n<td valign=\"top\" width=\"71\">\n<p align=\"center\">Peso netto lastra Kg.<\/p>\n<\/td>\n<td valign=\"top\" width=\"71\">\n<p align=\"center\">Lastre \/ Pallet n\u00b0<\/p>\n<\/td>\n<\/tr>\n<tr>\n<td valign=\"top\" width=\"85\">\n<p align=\"center\">2 &#8211; 3,8 (\u00b1 10%)<\/p>\n<\/td>\n<td valign=\"top\" width=\"121\">\n<p align=\"center\">da 250 a 700 (\u00b1 10%)<\/p>\n<\/td>\n<td valign=\"top\" width=\"64\">\n<p align=\"center\">2,44<\/p>\n<\/td>\n<td valign=\"top\" width=\"64\">\n<p align=\"center\">1,22<\/p>\n<\/td>\n<td valign=\"top\" width=\"64\">\n<p align=\"center\">2,97<\/p>\n<\/td>\n<td valign=\"top\" width=\"71\">\n<p align=\"center\">0,72 (2 mm.)<\/p>\n<p align=\"center\">2,0 (3,8 mm.)<\/p>\n<\/td>\n<td valign=\"top\" width=\"71\">500 (2 mm.)<\/p>\n<p>250 (3,8 mm.)<\/td>\n<\/tr>\n<\/tbody>\n<\/table>\n<h6><\/h6>\n<h6>I dati contenuti in questa scheda sono resi noti da parte nostra con la migliore accuratezza possibile.\u00a0Tuttavia questa accuratezza non \u00e8 oggetto di garanzia e i dati comunicati in questa scheda non costituiscono n\u00e9 implicano alcuna garanzia da parte della nostra societ\u00e0.<\/h6>\n<!-- AddThis Advanced Settings generic via filter on the_content --><!-- AddThis Share Buttons generic via filter on the_content -->","protected":false},"excerpt":{"rendered":"<h2>Protezione temporanea PROPLEX FR, ritardante di fiamma, fogli rigidi a doppia parete, leggeri e versatili<\/h2>\n<p style=\"text-align: left;\" align=\"center\">PROPLEX FR &#8211; Flame Retardant prodotto a doppia parete, rigido, ritardante di fiamma, \u00a0disponibile in fogli di varie dimensioni. Si tratta di un materiale al tempo stesso leggero e robusto e perci\u00f2 versatile quale protettivo provvisorio per superfici verticali; pu\u00f2 anche essere utilizzato per proteggere superfici orizzontali.\u00a0 Questo prodotto \u00e8 disponible in vari spessori tra i 2 mm ed i 3,8 mm. In proporzione allo spessore il peso pu\u00f2 variare da 250 g\/mq. fino a 700 g\/mq.<\/p>\n<p><!-- AddThis Advanced Settings generic via filter on get_the_excerpt --><!-- AddThis Share Buttons generic via filter on get_the_excerpt --><\/p>\n","protected":false},"featured_media":2630,"template":"","meta":[],"product_brand":[],"product_cat":[15],"product_tag":[],"class_list":{"0":"post-2629","1":"product","2":"type-product","3":"status-publish","4":"has-post-thumbnail","6":"product_cat-protezioni-temporanee","7":"has-thumb","9":"first","10":"instock","11":"shipping-taxable","12":"product-type-simple"},"yoast_head":"<!-- This site is optimized with the Yoast SEO plugin v27.4 - https:\/\/yoast.com\/product\/yoast-seo-wordpress\/ -->\n<title>Pannello PROPLEX FR - Union Trading Monaco<\/title>\n<meta name=\"description\" content=\"Protezione temporanea, PROPLEX FR prodotto a doppia parete, rigido, ritardante di fiamma, certificato. Disponibile in fogli di varie dimensioni e spessori.\" \/>\n<meta name=\"robots\" content=\"index, follow, max-snippet:-1, max-image-preview:large, max-video-preview:-1\" \/>\n<link rel=\"canonical\" href=\"https:\/\/uniontradingmonaco-marine.com\/it\/negozio\/protezioni-temporanee\/proplex-fr\/\" \/>\n<meta property=\"og:locale\" content=\"it_IT\" \/>\n<meta property=\"og:type\" content=\"article\" \/>\n<meta property=\"og:title\" content=\"Pannello PROPLEX FR - Union Trading Monaco\" \/>\n<meta property=\"og:description\" content=\"Protezione temporanea, PROPLEX FR prodotto a doppia parete, rigido, ritardante di fiamma, certificato. Disponibile in fogli di varie dimensioni e spessori.\" \/>\n<meta property=\"og:url\" content=\"https:\/\/uniontradingmonaco-marine.com\/it\/negozio\/protezioni-temporanee\/proplex-fr\/\" \/>\n<meta property=\"og:site_name\" content=\"Union Trading Monaco\" \/>\n<meta property=\"article:modified_time\" content=\"2017-09-20T09:44:37+00:00\" \/>\n<meta property=\"og:image\" content=\"https:\/\/uniontradingmonaco-marine.com\/it\/wp-content\/uploads\/sites\/3\/2017\/05\/PROPLEX-FR-Flame-Retardant.jpg\" \/>\n\t<meta property=\"og:image:width\" content=\"600\" \/>\n\t<meta property=\"og:image:height\" content=\"350\" \/>\n\t<meta property=\"og:image:type\" content=\"image\/jpeg\" \/>\n<meta name=\"twitter:card\" content=\"summary_large_image\" \/>\n<meta name=\"twitter:label1\" content=\"Tempo di lettura stimato\" \/>\n\t<meta name=\"twitter:data1\" content=\"1 minuto\" \/>\n<!-- \/ Yoast SEO plugin. -->","yoast_head_json":{"title":"Pannello PROPLEX FR - Union Trading Monaco","description":"Protezione temporanea, PROPLEX FR prodotto a doppia parete, rigido, ritardante di fiamma, certificato. Disponibile in fogli di varie dimensioni e spessori.","robots":{"index":"index","follow":"follow","max-snippet":"max-snippet:-1","max-image-preview":"max-image-preview:large","max-video-preview":"max-video-preview:-1"},"canonical":"https:\/\/uniontradingmonaco-marine.com\/it\/negozio\/protezioni-temporanee\/proplex-fr\/","og_locale":"it_IT","og_type":"article","og_title":"Pannello PROPLEX FR - Union Trading Monaco","og_description":"Protezione temporanea, PROPLEX FR prodotto a doppia parete, rigido, ritardante di fiamma, certificato. Disponibile in fogli di varie dimensioni e spessori.","og_url":"https:\/\/uniontradingmonaco-marine.com\/it\/negozio\/protezioni-temporanee\/proplex-fr\/","og_site_name":"Union Trading Monaco","article_modified_time":"2017-09-20T09:44:37+00:00","og_image":[{"width":600,"height":350,"url":"https:\/\/uniontradingmonaco-marine.com\/it\/wp-content\/uploads\/sites\/3\/2017\/05\/PROPLEX-FR-Flame-Retardant.jpg","type":"image\/jpeg"}],"twitter_card":"summary_large_image","twitter_misc":{"Tempo di lettura stimato":"1 minuto"},"schema":{"@context":"https:\/\/schema.org","@graph":[{"@type":"WebPage","@id":"https:\/\/uniontradingmonaco-marine.com\/it\/negozio\/protezioni-temporanee\/proplex-fr\/","url":"https:\/\/uniontradingmonaco-marine.com\/it\/negozio\/protezioni-temporanee\/proplex-fr\/","name":"Pannello PROPLEX FR - Union Trading Monaco","isPartOf":{"@id":"https:\/\/uniontradingmonaco-marine.com\/it\/#website"},"primaryImageOfPage":{"@id":"https:\/\/uniontradingmonaco-marine.com\/it\/negozio\/protezioni-temporanee\/proplex-fr\/#primaryimage"},"image":{"@id":"https:\/\/uniontradingmonaco-marine.com\/it\/negozio\/protezioni-temporanee\/proplex-fr\/#primaryimage"},"thumbnailUrl":"https:\/\/uniontradingmonaco-marine.com\/it\/wp-content\/uploads\/sites\/3\/2017\/05\/PROPLEX-FR-Flame-Retardant.jpg","datePublished":"2017-05-16T14:44:41+00:00","dateModified":"2017-09-20T09:44:37+00:00","description":"Protezione temporanea, PROPLEX FR prodotto a doppia parete, rigido, ritardante di fiamma, certificato. Disponibile in fogli di varie dimensioni e spessori.","breadcrumb":{"@id":"https:\/\/uniontradingmonaco-marine.com\/it\/negozio\/protezioni-temporanee\/proplex-fr\/#breadcrumb"},"inLanguage":"it-IT","potentialAction":[{"@type":"ReadAction","target":["https:\/\/uniontradingmonaco-marine.com\/it\/negozio\/protezioni-temporanee\/proplex-fr\/"]}]},{"@type":"ImageObject","inLanguage":"it-IT","@id":"https:\/\/uniontradingmonaco-marine.com\/it\/negozio\/protezioni-temporanee\/proplex-fr\/#primaryimage","url":"https:\/\/uniontradingmonaco-marine.com\/it\/wp-content\/uploads\/sites\/3\/2017\/05\/PROPLEX-FR-Flame-Retardant.jpg","contentUrl":"https:\/\/uniontradingmonaco-marine.com\/it\/wp-content\/uploads\/sites\/3\/2017\/05\/PROPLEX-FR-Flame-Retardant.jpg","width":600,"height":350,"caption":"Pannello PROPLEX FR"},{"@type":"BreadcrumbList","@id":"https:\/\/uniontradingmonaco-marine.com\/it\/negozio\/protezioni-temporanee\/proplex-fr\/#breadcrumb","itemListElement":[{"@type":"ListItem","position":1,"name":"Accueil","item":"https:\/\/uniontradingmonaco-marine.com\/it\/"},{"@type":"ListItem","position":2,"name":"Pannello PROPLEX FR"}]},{"@type":"WebSite","@id":"https:\/\/uniontradingmonaco-marine.com\/it\/#website","url":"https:\/\/uniontradingmonaco-marine.com\/it\/","name":"Union Trading Monaco","description":"Union Trading Monaco","potentialAction":[{"@type":"SearchAction","target":{"@type":"EntryPoint","urlTemplate":"https:\/\/uniontradingmonaco-marine.com\/it\/?s={search_term_string}"},"query-input":{"@type":"PropertyValueSpecification","valueRequired":true,"valueName":"search_term_string"}}],"inLanguage":"it-IT"}]}},"_links":{"self":[{"href":"https:\/\/uniontradingmonaco-marine.com\/it\/wp-json\/wp\/v2\/product\/2629","targetHints":{"allow":["GET"]}}],"collection":[{"href":"https:\/\/uniontradingmonaco-marine.com\/it\/wp-json\/wp\/v2\/product"}],"about":[{"href":"https:\/\/uniontradingmonaco-marine.com\/it\/wp-json\/wp\/v2\/types\/product"}],"wp:featuredmedia":[{"embeddable":true,"href":"https:\/\/uniontradingmonaco-marine.com\/it\/wp-json\/wp\/v2\/media\/2630"}],"wp:attachment":[{"href":"https:\/\/uniontradingmonaco-marine.com\/it\/wp-json\/wp\/v2\/media?parent=2629"}],"wp:term":[{"taxonomy":"product_brand","embeddable":true,"href":"https:\/\/uniontradingmonaco-marine.com\/it\/wp-json\/wp\/v2\/product_brand?post=2629"},{"taxonomy":"product_cat","embeddable":true,"href":"https:\/\/uniontradingmonaco-marine.com\/it\/wp-json\/wp\/v2\/product_cat?post=2629"},{"taxonomy":"product_tag","embeddable":true,"href":"https:\/\/uniontradingmonaco-marine.com\/it\/wp-json\/wp\/v2\/product_tag?post=2629"}],"curies":[{"name":"wp","href":"https:\/\/api.w.org\/{rel}","templated":true}]}}