{"id":2631,"date":"2017-05-16T16:57:45","date_gmt":"2017-05-16T14:57:45","guid":{"rendered":"http:\/\/uniontradingmonaco-marine.com\/it\/?post_type=product&#038;p=2631"},"modified":"2017-09-20T11:42:02","modified_gmt":"2017-09-20T09:42:02","slug":"polycarbonate","status":"publish","type":"product","link":"https:\/\/uniontradingmonaco-marine.com\/it\/negozio\/protezioni-temporanee\/polycarbonate\/","title":{"rendered":"Lastra POLYCARBONATE"},"content":{"rendered":"<h2>POLYCARBONATE, lastre autoestinguenti in policarbonato trasparente FLUTEC<\/h2>\n<p>POLYCARBONATE, sono lastre in policarbonato trasparente FLUTEC, <strong>autoestinguenti<\/strong>. Questo materiale \u00e9 utilizzabile per la protezione temporanea di attrezzature contro danni da impatto, nebbia di polverizzazione, scalfitture ecc.<\/p>\n<p>POLYCARBONATE \u00e8 una delle poche lastre trasparenti autoestinguenti presenti sul mercato. Permette di visualizzare facilmente le attrezzature poste a dimora. Questo grazie al particolare materiale che lo compone.<\/p>\n<p><strong>Certificazioni:<\/strong><\/p>\n<p>EN 13501-1:2007+A1:2009:\u00a0\u00a0\u00a0\u00a0\u00a0\u00a0\u00a0\u00a0\u00a0\u00a0\u00a0\u00a0\u00a0\u00a0 Certificato n. 335072 \u00a0\u00a0\u00a0\u00a0\u00a0\u00a0\u00a0\u00a0\u00a0\u00a0 Classificazione: B-s1\/d0<\/p>\n<p>&nbsp;<\/p>\n<p><strong>Dettagli tecnici:<\/strong><\/p>\n<p>Materiale: Policarbonato ignifugo<\/p>\n<p>Spessore: 4mm (\u00b1 10%)<\/p>\n<p>Dimensioni:\u00a05,8m x 2,1m<\/p>\n<p>Peso:\u00a0770 g\/m2 (\u00b110%)<\/p>\n<p>Raggio minimo di curvatura:\u00a0700 mm<\/p>\n<p>Colore\u00a0:\u00a0 Trasparente<\/p>\n<p>Trasmittanza:\u00a0 80 \u2013 90 %<\/p>\n<p>Coefficiente di trasmissione termica: 3,5 W(m2K)<\/p>\n<p>Coefficiente di dilatazione termica:\u00a0 0,067 mm\/m \u00b0C<\/p>\n<p>Carico di rottura allo snervamento:\u00a0 62 MPa\u00a0ISO R527<\/p>\n<p>Carico di rottura a trazione:\u00a072 MPa\u00a0ISO R527<\/p>\n<p>Allungamento allo snervamento:7% \u00a0ISO R527<\/p>\n<p>Allungamento a rottura: 150%\u00a0ISO R527<\/p>\n<p>Resistenza all&#8217;urto Izod con intaglio: 900 J\/m\u00a0ISO R180<\/p>\n<p>Resistenza all&#8217;urto Izod senza intaglio: nessuna rottura\u00a0ISO R 180<\/p>\n<p>Resistenza all&#8217;abrasione Taber: 45 % opacizzazione \u00a0ASTM D 1044<\/p>\n<p>(500 cicli)<\/p>\n<h2 style=\"text-align: left;\" align=\"center\"><\/h2>\n<p><strong>Imballaggio: <\/strong><\/p>\n<p>Il prodotto \u00e8 fornito, su pallet \u201ceuropeo\u201d sovrapponibile fino a tre strati, con le sottoindicate caratteristiche di imballaggio:<\/p>\n<table border=\"1\" cellspacing=\"0\" cellpadding=\"0\">\n<tbody>\n<tr>\n<td valign=\"top\" width=\"85\">\n<p align=\"center\">Spessore<\/p>\n<p align=\"center\">mm.<\/p>\n<\/td>\n<td valign=\"top\" width=\"78\">\n<p align=\"center\">Peso<\/p>\n<p align=\"center\">g.\/mq.<\/p>\n<\/td>\n<td valign=\"top\" width=\"85\">\n<p align=\"center\">Lunghezza Lastra m.<\/p>\n<\/td>\n<td valign=\"top\" width=\"71\">\n<p align=\"center\">Larghezza Lastra m.<\/p>\n<\/td>\n<td valign=\"top\" width=\"71\">\n<p align=\"center\">Sviluppo Lastra mq.<\/p>\n<\/td>\n<td valign=\"top\" width=\"68\">\n<p align=\"center\">Peso netto Lastra Kg.<\/p>\n<\/td>\n<td valign=\"top\" width=\"60\">\n<p align=\"center\">Lastre \/ Pallet n\u00b0<\/p>\n<\/td>\n<\/tr>\n<tr>\n<td valign=\"top\" width=\"85\">\n<p align=\"center\">4 \u00a0(\u00b1 10%)<\/p>\n<\/td>\n<td valign=\"top\" width=\"78\">\n<p align=\"center\">770 (\u00b1 10%)<\/p>\n<\/td>\n<td valign=\"top\" width=\"85\">\n<p align=\"center\">5,8<\/p>\n<\/td>\n<td valign=\"top\" width=\"71\">\n<p align=\"center\">2,1<\/p>\n<\/td>\n<td valign=\"top\" width=\"71\">\n<p align=\"center\">12,18<\/p>\n<\/td>\n<td valign=\"top\" width=\"68\">\n<p align=\"center\">8,5<\/p>\n<\/td>\n<td valign=\"top\" width=\"60\">\n<p align=\"center\">80<\/p>\n<\/td>\n<\/tr>\n<\/tbody>\n<\/table>\n<p>&nbsp;<\/p>\n<h6>I dati contenuti in questa scheda sono resi noti da parte nostra con la migliore accuratezza possibile.\u00a0Tuttavia questa accuratezza non \u00e8 oggetto di garanzia e i dati comunicati in questa scheda non costituiscono n\u00e9 implicano alcuna garanzia da parte della nostra societ\u00e0.<\/h6>\n<!-- AddThis Advanced Settings generic via filter on the_content --><!-- AddThis Share Buttons generic via filter on the_content -->","protected":false},"excerpt":{"rendered":"<h2 style=\"text-align: left;\" align=\"center\">POLYCARBONATE, protezione temporanea in policarbonato, autoestinguente, certificata.<\/h2>\n<p style=\"text-align: left;\" align=\"center\">POLYCARBONATE Lastra in policarbonato trasparente FLUTEC, autoestinguente, utilizzabile per la protezione di attrezzature e materiali contro danni da impatto, nebbia di polverizzazione, scalfitture ecc. Polycarbonate \u00e8 una delle poche lamine trasparenti autoestinguenti presenti sul mercato che, grazie al particolare materiale di cui \u00e8 composto, permette di identificare facilmente le attrezzature protette.<\/p>\n<p><!-- AddThis Advanced Settings generic via filter on get_the_excerpt --><!-- AddThis Share Buttons generic via filter on get_the_excerpt --><\/p>\n","protected":false},"featured_media":2632,"template":"","meta":[],"product_brand":[],"product_cat":[15],"product_tag":[],"class_list":{"0":"post-2631","1":"product","2":"type-product","3":"status-publish","4":"has-post-thumbnail","6":"product_cat-protezioni-temporanee","7":"has-thumb","9":"first","10":"instock","11":"shipping-taxable","12":"product-type-simple"},"yoast_head":"<!-- This site is optimized with the Yoast SEO plugin v27.4 - https:\/\/yoast.com\/product\/yoast-seo-wordpress\/ -->\n<title>Lastra POLYCARBONATE - Union Trading Monaco<\/title>\n<meta name=\"description\" content=\"POLYCARBONATE \u00e9 una protezione provvisoria in policarbonato, auto-estinguente, certificata. Ripara e protegge materiali ed attrezzature depositati.\" \/>\n<meta name=\"robots\" content=\"index, follow, max-snippet:-1, max-image-preview:large, max-video-preview:-1\" \/>\n<link rel=\"canonical\" href=\"https:\/\/uniontradingmonaco-marine.com\/it\/negozio\/protezioni-temporanee\/polycarbonate\/\" \/>\n<meta property=\"og:locale\" content=\"it_IT\" \/>\n<meta property=\"og:type\" content=\"article\" \/>\n<meta property=\"og:title\" content=\"Lastra POLYCARBONATE - Union Trading Monaco\" \/>\n<meta property=\"og:description\" content=\"POLYCARBONATE \u00e9 una protezione provvisoria in policarbonato, auto-estinguente, certificata. Ripara e protegge materiali ed attrezzature depositati.\" \/>\n<meta property=\"og:url\" content=\"https:\/\/uniontradingmonaco-marine.com\/it\/negozio\/protezioni-temporanee\/polycarbonate\/\" \/>\n<meta property=\"og:site_name\" content=\"Union Trading Monaco\" \/>\n<meta property=\"article:modified_time\" content=\"2017-09-20T09:42:02+00:00\" \/>\n<meta property=\"og:image\" content=\"https:\/\/uniontradingmonaco-marine.com\/it\/wp-content\/uploads\/sites\/3\/2017\/05\/POLYCARBONATE-SHEET-Flame-Retardant_0.jpg\" \/>\n\t<meta property=\"og:image:width\" content=\"600\" \/>\n\t<meta property=\"og:image:height\" content=\"350\" \/>\n\t<meta property=\"og:image:type\" content=\"image\/jpeg\" \/>\n<meta name=\"twitter:card\" content=\"summary_large_image\" \/>\n<meta name=\"twitter:label1\" content=\"Tempo di lettura stimato\" \/>\n\t<meta name=\"twitter:data1\" content=\"1 minuto\" \/>\n<!-- \/ Yoast SEO plugin. -->","yoast_head_json":{"title":"Lastra POLYCARBONATE - Union Trading Monaco","description":"POLYCARBONATE \u00e9 una protezione provvisoria in policarbonato, auto-estinguente, certificata. Ripara e protegge materiali ed attrezzature depositati.","robots":{"index":"index","follow":"follow","max-snippet":"max-snippet:-1","max-image-preview":"max-image-preview:large","max-video-preview":"max-video-preview:-1"},"canonical":"https:\/\/uniontradingmonaco-marine.com\/it\/negozio\/protezioni-temporanee\/polycarbonate\/","og_locale":"it_IT","og_type":"article","og_title":"Lastra POLYCARBONATE - Union Trading Monaco","og_description":"POLYCARBONATE \u00e9 una protezione provvisoria in policarbonato, auto-estinguente, certificata. Ripara e protegge materiali ed attrezzature depositati.","og_url":"https:\/\/uniontradingmonaco-marine.com\/it\/negozio\/protezioni-temporanee\/polycarbonate\/","og_site_name":"Union Trading Monaco","article_modified_time":"2017-09-20T09:42:02+00:00","og_image":[{"width":600,"height":350,"url":"https:\/\/uniontradingmonaco-marine.com\/it\/wp-content\/uploads\/sites\/3\/2017\/05\/POLYCARBONATE-SHEET-Flame-Retardant_0.jpg","type":"image\/jpeg"}],"twitter_card":"summary_large_image","twitter_misc":{"Tempo di lettura stimato":"1 minuto"},"schema":{"@context":"https:\/\/schema.org","@graph":[{"@type":"WebPage","@id":"https:\/\/uniontradingmonaco-marine.com\/it\/negozio\/protezioni-temporanee\/polycarbonate\/","url":"https:\/\/uniontradingmonaco-marine.com\/it\/negozio\/protezioni-temporanee\/polycarbonate\/","name":"Lastra POLYCARBONATE - Union Trading Monaco","isPartOf":{"@id":"https:\/\/uniontradingmonaco-marine.com\/it\/#website"},"primaryImageOfPage":{"@id":"https:\/\/uniontradingmonaco-marine.com\/it\/negozio\/protezioni-temporanee\/polycarbonate\/#primaryimage"},"image":{"@id":"https:\/\/uniontradingmonaco-marine.com\/it\/negozio\/protezioni-temporanee\/polycarbonate\/#primaryimage"},"thumbnailUrl":"https:\/\/uniontradingmonaco-marine.com\/it\/wp-content\/uploads\/sites\/3\/2017\/05\/POLYCARBONATE-SHEET-Flame-Retardant_0.jpg","datePublished":"2017-05-16T14:57:45+00:00","dateModified":"2017-09-20T09:42:02+00:00","description":"POLYCARBONATE \u00e9 una protezione provvisoria in policarbonato, auto-estinguente, certificata. Ripara e protegge materiali ed attrezzature depositati.","breadcrumb":{"@id":"https:\/\/uniontradingmonaco-marine.com\/it\/negozio\/protezioni-temporanee\/polycarbonate\/#breadcrumb"},"inLanguage":"it-IT","potentialAction":[{"@type":"ReadAction","target":["https:\/\/uniontradingmonaco-marine.com\/it\/negozio\/protezioni-temporanee\/polycarbonate\/"]}]},{"@type":"ImageObject","inLanguage":"it-IT","@id":"https:\/\/uniontradingmonaco-marine.com\/it\/negozio\/protezioni-temporanee\/polycarbonate\/#primaryimage","url":"https:\/\/uniontradingmonaco-marine.com\/it\/wp-content\/uploads\/sites\/3\/2017\/05\/POLYCARBONATE-SHEET-Flame-Retardant_0.jpg","contentUrl":"https:\/\/uniontradingmonaco-marine.com\/it\/wp-content\/uploads\/sites\/3\/2017\/05\/POLYCARBONATE-SHEET-Flame-Retardant_0.jpg","width":600,"height":350,"caption":"Lastra POLYCARBONATE"},{"@type":"BreadcrumbList","@id":"https:\/\/uniontradingmonaco-marine.com\/it\/negozio\/protezioni-temporanee\/polycarbonate\/#breadcrumb","itemListElement":[{"@type":"ListItem","position":1,"name":"Accueil","item":"https:\/\/uniontradingmonaco-marine.com\/it\/"},{"@type":"ListItem","position":2,"name":"Lastra POLYCARBONATE"}]},{"@type":"WebSite","@id":"https:\/\/uniontradingmonaco-marine.com\/it\/#website","url":"https:\/\/uniontradingmonaco-marine.com\/it\/","name":"Union Trading Monaco","description":"Union Trading Monaco","potentialAction":[{"@type":"SearchAction","target":{"@type":"EntryPoint","urlTemplate":"https:\/\/uniontradingmonaco-marine.com\/it\/?s={search_term_string}"},"query-input":{"@type":"PropertyValueSpecification","valueRequired":true,"valueName":"search_term_string"}}],"inLanguage":"it-IT"}]}},"_links":{"self":[{"href":"https:\/\/uniontradingmonaco-marine.com\/it\/wp-json\/wp\/v2\/product\/2631","targetHints":{"allow":["GET"]}}],"collection":[{"href":"https:\/\/uniontradingmonaco-marine.com\/it\/wp-json\/wp\/v2\/product"}],"about":[{"href":"https:\/\/uniontradingmonaco-marine.com\/it\/wp-json\/wp\/v2\/types\/product"}],"wp:featuredmedia":[{"embeddable":true,"href":"https:\/\/uniontradingmonaco-marine.com\/it\/wp-json\/wp\/v2\/media\/2632"}],"wp:attachment":[{"href":"https:\/\/uniontradingmonaco-marine.com\/it\/wp-json\/wp\/v2\/media?parent=2631"}],"wp:term":[{"taxonomy":"product_brand","embeddable":true,"href":"https:\/\/uniontradingmonaco-marine.com\/it\/wp-json\/wp\/v2\/product_brand?post=2631"},{"taxonomy":"product_cat","embeddable":true,"href":"https:\/\/uniontradingmonaco-marine.com\/it\/wp-json\/wp\/v2\/product_cat?post=2631"},{"taxonomy":"product_tag","embeddable":true,"href":"https:\/\/uniontradingmonaco-marine.com\/it\/wp-json\/wp\/v2\/product_tag?post=2631"}],"curies":[{"name":"wp","href":"https:\/\/api.w.org\/{rel}","templated":true}]}}