{"id":2642,"date":"2017-05-19T09:11:11","date_gmt":"2017-05-19T07:11:11","guid":{"rendered":"http:\/\/uniontradingmonaco-marine.com\/it\/?post_type=product&#038;p=2642"},"modified":"2017-07-18T19:41:14","modified_gmt":"2017-07-18T17:41:14","slug":"isospray","status":"publish","type":"product","link":"https:\/\/uniontradingmonaco-marine.com\/it\/negozio\/sistemi-tagliafuoco\/isospray\/","title":{"rendered":"ISOSPRAY A30 &#8211; A60"},"content":{"rendered":"<p><strong>Caratteristiche:<\/strong> ISOSPRAY A30 &#8211; A60 \u00e9 un intonaco concepito per la protezione dal fuoco di strutture in acciaio. \u00c8 un materiale isolante, leggero, a base di minerali espansi e riempitivi inorganici, quali gesso e speciali additivi. Da miscelare con acqua al momento dell\u2019applicazione.<\/p>\n<p><strong>Campi d\u2019impiego:<\/strong>\u00a0sistema ISOSPRAY \u00e9 un protettivo antincendio per la resistenza al fuoco di ponti, paratie, e costruzioni in acciaio per il settore navale; ottime prestazioni meccaniche, buona adesione su numerosi supporti, particolarmente idoneo come sottofondo incombustibile per la realizzazione di pavimentazioni antincendio.<\/p>\n<h5>\u00c8 un materiale <strong>incombustibile<\/strong> certificato, RINA, MED RINA e LLOYD&#8217;S.<\/h5>\n<p>&nbsp;<\/p>\n<p><strong>Dati tecnici:\u00a0<\/strong><\/p>\n<table>\n<tbody>\n<tr>\n<td width=\"161\"><strong>Colore:<\/strong><\/td>\n<td width=\"248\">bianco<\/td>\n<\/tr>\n<tr>\n<td width=\"161\"><strong>Densit\u00e0:<\/strong><\/td>\n<td width=\"248\">circa 495 Kg\/m<sup>3<\/sup> \u00b1 10%(densit\u00e0 del prodotto in opera)<\/td>\n<\/tr>\n<tr>\n<td width=\"161\"><strong>Essiccazione:<\/strong><\/td>\n<td width=\"248\">in funzione della temperatura e dell\u2019umidit\u00e0 dell\u2019aria; a 20\u00b0C con ventilazione naturale: 24 ore in superficie, 48 ore in profondit\u00e0; pedonabile dopo 72 ore dall\u2019applicazione<\/td>\n<\/tr>\n<tr>\n<td width=\"161\"><strong>Caratteristiche chimiche:<\/strong><\/td>\n<td width=\"248\">materiale completamente inorganico, inerte, imputrescibile; ottima adesione su qualsiasi tipo di supporto<\/td>\n<\/tr>\n<tr>\n<td width=\"161\"><strong>Caratteristiche fisiche:<\/strong><\/td>\n<td width=\"248\">materiale non combustibile; ottima resistenza meccanica<\/td>\n<\/tr>\n<tr>\n<td width=\"161\"><strong>Resistenza alla compressione:<\/strong><\/td>\n<td width=\"248\">5,4 N\/mm<sup>2<\/sup><\/td>\n<\/tr>\n<tr>\n<td width=\"161\"><strong>Forma di fornitura:<\/strong><\/td>\n<td width=\"248\">sacchi da 10 Kg.<\/td>\n<\/tr>\n<tr>\n<td width=\"161\"><strong>Magazzinaggio:<\/strong><\/td>\n<td width=\"248\">in luogo asciutto, nelle confezioni originali integre<\/td>\n<\/tr>\n<tr>\n<td width=\"161\"><strong>Stoccaggio:<\/strong><\/td>\n<td width=\"248\">1 anno<\/td>\n<\/tr>\n<\/tbody>\n<\/table>\n<p>&nbsp;<\/p>\n<h6>I dati contenuti in questa scheda sono resi noti da parte nostra con la migliore accuratezza possibile.\u00a0Tuttavia questa accuratezza non \u00e8 oggetto di garanzia e i dati comunicati in questa scheda non costituiscono n\u00e9 implicano alcuna garanzia da parte della nostra societ\u00e0.<\/h6>\n<!-- AddThis Advanced Settings generic via filter on the_content --><!-- AddThis Share Buttons generic via filter on the_content -->","protected":false},"excerpt":{"rendered":"<h2>ISOSPRAY A30 &#8211; A60 \u00e9 un&#8217;insolazione tagliafuoco a bassissimo spessore ad uso pavimento<\/h2>\n<p>ISOSPRAY A30 &#8211; A60 \u00e9 un intonaco concepito per la protezione dal fuoco di strutture in acciaio. \u00c8 un materiale isolante, leggero, a base di minerali espansi e riempitivi inorganici, quali gesso e speciali additivi. Da miscelare con acqua al momento dell\u2019applicazione.<!-- AddThis Advanced Settings generic via filter on get_the_excerpt --><!-- AddThis Share Buttons generic via filter on get_the_excerpt --><\/p>\n","protected":false},"featured_media":2644,"template":"","meta":[],"product_brand":[],"product_cat":[44],"product_tag":[],"class_list":{"0":"post-2642","1":"product","2":"type-product","3":"status-publish","4":"has-post-thumbnail","6":"product_cat-sistemi-tagliafuoco","7":"has-thumb","9":"first","10":"instock","11":"shipping-taxable","12":"product-type-simple"},"yoast_head":"<!-- This site is optimized with the Yoast SEO plugin v27.4 - https:\/\/yoast.com\/product\/yoast-seo-wordpress\/ -->\n<title>ISOSPRAY A30 - A60 - Union Trading Monaco<\/title>\n<meta name=\"description\" content=\"ISOSPRAY A30 - A60, intonaco anti-fuoco per strutture in acciaio, materiale isolante, leggero, a base di minerali espansi e riempitivi inorganici\" \/>\n<meta name=\"robots\" content=\"index, follow, max-snippet:-1, max-image-preview:large, max-video-preview:-1\" \/>\n<link rel=\"canonical\" href=\"https:\/\/uniontradingmonaco-marine.com\/it\/negozio\/sistemi-tagliafuoco\/isospray\/\" \/>\n<meta property=\"og:locale\" content=\"it_IT\" \/>\n<meta property=\"og:type\" content=\"article\" \/>\n<meta property=\"og:title\" content=\"ISOSPRAY A30 - A60 - Union Trading Monaco\" \/>\n<meta property=\"og:description\" content=\"ISOSPRAY A30 - A60, intonaco anti-fuoco per strutture in acciaio, materiale isolante, leggero, a base di minerali espansi e riempitivi inorganici\" \/>\n<meta property=\"og:url\" content=\"https:\/\/uniontradingmonaco-marine.com\/it\/negozio\/sistemi-tagliafuoco\/isospray\/\" \/>\n<meta property=\"og:site_name\" content=\"Union Trading Monaco\" \/>\n<meta property=\"article:modified_time\" content=\"2017-07-18T17:41:14+00:00\" \/>\n<meta property=\"og:image\" content=\"https:\/\/uniontradingmonaco-marine.com\/it\/wp-content\/uploads\/sites\/3\/2017\/05\/ISOSPRAY-A30-\u2013-A60_0.jpg\" \/>\n\t<meta property=\"og:image:width\" content=\"600\" \/>\n\t<meta property=\"og:image:height\" content=\"350\" \/>\n\t<meta property=\"og:image:type\" content=\"image\/jpeg\" \/>\n<meta name=\"twitter:card\" content=\"summary_large_image\" \/>\n<meta name=\"twitter:label1\" content=\"Tempo di lettura stimato\" \/>\n\t<meta name=\"twitter:data1\" content=\"1 minuto\" \/>\n<!-- \/ Yoast SEO plugin. -->","yoast_head_json":{"title":"ISOSPRAY A30 - A60 - Union Trading Monaco","description":"ISOSPRAY A30 - A60, intonaco anti-fuoco per strutture in acciaio, materiale isolante, leggero, a base di minerali espansi e riempitivi inorganici","robots":{"index":"index","follow":"follow","max-snippet":"max-snippet:-1","max-image-preview":"max-image-preview:large","max-video-preview":"max-video-preview:-1"},"canonical":"https:\/\/uniontradingmonaco-marine.com\/it\/negozio\/sistemi-tagliafuoco\/isospray\/","og_locale":"it_IT","og_type":"article","og_title":"ISOSPRAY A30 - A60 - Union Trading Monaco","og_description":"ISOSPRAY A30 - A60, intonaco anti-fuoco per strutture in acciaio, materiale isolante, leggero, a base di minerali espansi e riempitivi inorganici","og_url":"https:\/\/uniontradingmonaco-marine.com\/it\/negozio\/sistemi-tagliafuoco\/isospray\/","og_site_name":"Union Trading Monaco","article_modified_time":"2017-07-18T17:41:14+00:00","og_image":[{"width":600,"height":350,"url":"https:\/\/uniontradingmonaco-marine.com\/it\/wp-content\/uploads\/sites\/3\/2017\/05\/ISOSPRAY-A30-\u2013-A60_0.jpg","type":"image\/jpeg"}],"twitter_card":"summary_large_image","twitter_misc":{"Tempo di lettura stimato":"1 minuto"},"schema":{"@context":"https:\/\/schema.org","@graph":[{"@type":"WebPage","@id":"https:\/\/uniontradingmonaco-marine.com\/it\/negozio\/sistemi-tagliafuoco\/isospray\/","url":"https:\/\/uniontradingmonaco-marine.com\/it\/negozio\/sistemi-tagliafuoco\/isospray\/","name":"ISOSPRAY A30 - A60 - Union Trading Monaco","isPartOf":{"@id":"https:\/\/uniontradingmonaco-marine.com\/it\/#website"},"primaryImageOfPage":{"@id":"https:\/\/uniontradingmonaco-marine.com\/it\/negozio\/sistemi-tagliafuoco\/isospray\/#primaryimage"},"image":{"@id":"https:\/\/uniontradingmonaco-marine.com\/it\/negozio\/sistemi-tagliafuoco\/isospray\/#primaryimage"},"thumbnailUrl":"https:\/\/uniontradingmonaco-marine.com\/it\/wp-content\/uploads\/sites\/3\/2017\/05\/ISOSPRAY-A30-\u2013-A60_0.jpg","datePublished":"2017-05-19T07:11:11+00:00","dateModified":"2017-07-18T17:41:14+00:00","description":"ISOSPRAY A30 - A60, intonaco anti-fuoco per strutture in acciaio, materiale isolante, leggero, a base di minerali espansi e riempitivi inorganici","breadcrumb":{"@id":"https:\/\/uniontradingmonaco-marine.com\/it\/negozio\/sistemi-tagliafuoco\/isospray\/#breadcrumb"},"inLanguage":"it-IT","potentialAction":[{"@type":"ReadAction","target":["https:\/\/uniontradingmonaco-marine.com\/it\/negozio\/sistemi-tagliafuoco\/isospray\/"]}]},{"@type":"ImageObject","inLanguage":"it-IT","@id":"https:\/\/uniontradingmonaco-marine.com\/it\/negozio\/sistemi-tagliafuoco\/isospray\/#primaryimage","url":"https:\/\/uniontradingmonaco-marine.com\/it\/wp-content\/uploads\/sites\/3\/2017\/05\/ISOSPRAY-A30-\u2013-A60_0.jpg","contentUrl":"https:\/\/uniontradingmonaco-marine.com\/it\/wp-content\/uploads\/sites\/3\/2017\/05\/ISOSPRAY-A30-\u2013-A60_0.jpg","width":600,"height":350,"caption":"ISOSPRAY A30 &#8211; A60"},{"@type":"BreadcrumbList","@id":"https:\/\/uniontradingmonaco-marine.com\/it\/negozio\/sistemi-tagliafuoco\/isospray\/#breadcrumb","itemListElement":[{"@type":"ListItem","position":1,"name":"Accueil","item":"https:\/\/uniontradingmonaco-marine.com\/it\/"},{"@type":"ListItem","position":2,"name":"ISOSPRAY A30 &#8211; A60"}]},{"@type":"WebSite","@id":"https:\/\/uniontradingmonaco-marine.com\/it\/#website","url":"https:\/\/uniontradingmonaco-marine.com\/it\/","name":"Union Trading Monaco","description":"Union Trading Monaco","potentialAction":[{"@type":"SearchAction","target":{"@type":"EntryPoint","urlTemplate":"https:\/\/uniontradingmonaco-marine.com\/it\/?s={search_term_string}"},"query-input":{"@type":"PropertyValueSpecification","valueRequired":true,"valueName":"search_term_string"}}],"inLanguage":"it-IT"}]}},"_links":{"self":[{"href":"https:\/\/uniontradingmonaco-marine.com\/it\/wp-json\/wp\/v2\/product\/2642","targetHints":{"allow":["GET"]}}],"collection":[{"href":"https:\/\/uniontradingmonaco-marine.com\/it\/wp-json\/wp\/v2\/product"}],"about":[{"href":"https:\/\/uniontradingmonaco-marine.com\/it\/wp-json\/wp\/v2\/types\/product"}],"wp:featuredmedia":[{"embeddable":true,"href":"https:\/\/uniontradingmonaco-marine.com\/it\/wp-json\/wp\/v2\/media\/2644"}],"wp:attachment":[{"href":"https:\/\/uniontradingmonaco-marine.com\/it\/wp-json\/wp\/v2\/media?parent=2642"}],"wp:term":[{"taxonomy":"product_brand","embeddable":true,"href":"https:\/\/uniontradingmonaco-marine.com\/it\/wp-json\/wp\/v2\/product_brand?post=2642"},{"taxonomy":"product_cat","embeddable":true,"href":"https:\/\/uniontradingmonaco-marine.com\/it\/wp-json\/wp\/v2\/product_cat?post=2642"},{"taxonomy":"product_tag","embeddable":true,"href":"https:\/\/uniontradingmonaco-marine.com\/it\/wp-json\/wp\/v2\/product_tag?post=2642"}],"curies":[{"name":"wp","href":"https:\/\/api.w.org\/{rel}","templated":true}]}}