{"id":2646,"date":"2017-05-18T19:54:14","date_gmt":"2017-05-18T17:54:14","guid":{"rendered":"http:\/\/uniontradingmonaco-marine.com\/it\/?post_type=product&#038;p=2646"},"modified":"2017-07-18T19:08:47","modified_gmt":"2017-07-18T17:08:47","slug":"navycross","status":"publish","type":"product","link":"https:\/\/uniontradingmonaco-marine.com\/it\/negozio\/sistemi-tagliafuoco\/navycross\/","title":{"rendered":"Tamponamento NAVYCROSS classe A60 &#8211; A0"},"content":{"rendered":"<p><strong>Caratteristiche:<\/strong> NAVYCROSS \u00e8 un mastice incombustibile, monocomponente, a base di fibre di ossidi minerali e speciali additivi chimici dispersi in una soluzione acquosa di leganti inorganici.<\/p>\n<p><strong>Campo di impiego:<\/strong>\u00a0sistema NAVYCROSS\u00a0per la realizzazione di sbarramenti antifuoco e di tamponamento delle\u00a0\u00a0 aperture\u00a0\u00a0 per\u00a0\u00a0 il passaggio di impianti tecnologici su ponti e paratie, nel settore navale.<\/p>\n<h5>\u00c8 un materiale <strong>incombustibile<\/strong> certificato, RINA, MED RINA e LLOYD&#8217;S.<\/h5>\n<p><strong>\u00a0<\/strong><\/p>\n<p><strong>Dati tecnici:\u00a0<\/strong><\/p>\n<table width=\"445\">\n<tbody>\n<tr>\n<td width=\"133\"><strong>Colore: \u00a0\u00a0\u00a0\u00a0\u00a0\u00a0\u00a0\u00a0\u00a0\u00a0\u00a0\u00a0\u00a0\u00a0\u00a0\u00a0\u00a0\u00a0\u00a0\u00a0\u00a0\u00a0\u00a0\u00a0\u00a0\u00a0\u00a0\u00a0\u00a0\u00a0\u00a0\u00a0\u00a0\u00a0\u00a0\u00a0\u00a0\u00a0\u00a0\u00a0\u00a0\u00a0\u00a0\u00a0\u00a0\u00a0\u00a0<\/strong><\/td>\n<td width=\"312\">bianco<\/td>\n<\/tr>\n<tr>\n<td width=\"133\"><strong>Peso specifico:<\/strong><\/td>\n<td width=\"312\">1300 g\/l<\/td>\n<\/tr>\n<tr>\n<td width=\"133\"><strong>Residuo secco in peso:<\/strong><\/td>\n<td width=\"312\">78%<\/td>\n<\/tr>\n<tr>\n<td width=\"133\"><strong>Viscosit\u00e0:<\/strong><\/td>\n<td width=\"312\">liquido pastoso<\/td>\n<\/tr>\n<tr>\n<td width=\"133\"><strong>Odore: <\/strong><\/td>\n<td width=\"312\">completamente inodore<\/td>\n<\/tr>\n<tr>\n<td width=\"133\"><strong>Essiccazione:\u00a0\u00a0\u00a0\u00a0\u00a0\u00a0\u00a0\u00a0\u00a0\u00a0\u00a0 <\/strong><\/td>\n<td width=\"312\">in funzione della temperatura e dell\u2019umidit\u00e0 dell\u2019aria;<\/td>\n<\/tr>\n<tr>\n<td width=\"133\"><strong>\u00a0<\/strong><\/td>\n<td width=\"312\">A 25\u00b0C, 65% umidit\u00e0 relativa, con ventilazione naturale,<\/p>\n<p>10 mm di prodotto umido: 24 ore in superficie, 72 ore in \u00a0 \u00a0 profondit\u00e0<\/td>\n<\/tr>\n<tr>\n<td width=\"133\"><strong>Punto di infiammabilit\u00e0:<\/strong><\/td>\n<td width=\"312\">materiale incombustibile<\/td>\n<\/tr>\n<tr>\n<td width=\"133\"><strong>Forma di fornitura:<\/strong><\/td>\n<td width=\"312\">secchielli in plastica da 15 kg, cartucce in politene da 0,450 kg.<\/td>\n<\/tr>\n<tr>\n<td width=\"133\"><strong>Magazzinaggio:<\/strong><\/td>\n<td width=\"312\">conservare nelle confezioni originali, all\u2019interno, al riparo dal gelo.<\/td>\n<\/tr>\n<tr>\n<td width=\"133\"><strong>Stoccaggio<\/strong>:<\/td>\n<td width=\"312\">6 mesi<\/td>\n<\/tr>\n<\/tbody>\n<\/table>\n<p>&nbsp;<\/p>\n<h6>I dati contenuti in questa scheda sono resi noti da parte nostra con la migliore accuratezza possibile.\u00a0Tuttavia questa accuratezza non \u00e8 oggetto di garanzia e i dati comunicati in questa scheda non costituiscono n\u00e9 implicano alcuna garanzia da parte della nostra societ\u00e0.<\/h6>\n<!-- AddThis Advanced Settings generic via filter on the_content --><!-- AddThis Share Buttons generic via filter on the_content -->","protected":false},"excerpt":{"rendered":"<h2>Sistema di sbarramento antifuoco NAVYCROSS per chiusura di attraversamenti di multicavi elettrici, tubature e blindosbarre, su ponti e pareti di classe A0-A60 e sottobattente<\/h2>\n<p style=\"text-align: left;\">La soluzione di tamponamento NAVYCROSS permette una chiusura di forature a ponte, paratia e sottobattente, con una soluzione di Classe A \/ B semplice, di dimensioni e peso ridotto, facilmente gestibile nel caso di introduzione e\/o eliminazione di utenze, quali: cavi, fasci di cavi, tubi, condotte, blindosbarre \u2026<\/p>\n<p style=\"text-align: left;\">Il sistema \u00e8 applicabile anche per attraversamenti di divisioni in lega leggera o supporti non metallici (vedi LOLAMAT)<\/p>\n<p><!-- AddThis Advanced Settings generic via filter on get_the_excerpt --><!-- AddThis Share Buttons generic via filter on get_the_excerpt --><\/p>\n","protected":false},"featured_media":2647,"template":"","meta":[],"product_brand":[],"product_cat":[44],"product_tag":[],"class_list":{"0":"post-2646","1":"product","2":"type-product","3":"status-publish","4":"has-post-thumbnail","6":"product_cat-sistemi-tagliafuoco","7":"has-thumb","9":"first","10":"instock","11":"shipping-taxable","12":"product-type-simple"},"yoast_head":"<!-- This site is optimized with the Yoast SEO plugin v27.4 - https:\/\/yoast.com\/product\/yoast-seo-wordpress\/ -->\n<title>Tamponamento NAVYCROSS classe A60 - A0 - Union Trading Monaco<\/title>\n<meta name=\"description\" content=\"La soluzione di sbarramento antifuoco NAVYCROSS permette la chiusura di forature a ponte, paratia e sottobattente, con una soluzione di Classe A\/B\" \/>\n<meta name=\"robots\" content=\"index, follow, max-snippet:-1, max-image-preview:large, max-video-preview:-1\" \/>\n<link rel=\"canonical\" href=\"https:\/\/uniontradingmonaco-marine.com\/it\/negozio\/sistemi-tagliafuoco\/navycross\/\" \/>\n<meta property=\"og:locale\" content=\"it_IT\" \/>\n<meta property=\"og:type\" content=\"article\" \/>\n<meta property=\"og:title\" content=\"Tamponamento NAVYCROSS classe A60 - A0 - Union Trading Monaco\" \/>\n<meta property=\"og:description\" content=\"La soluzione di sbarramento antifuoco NAVYCROSS permette la chiusura di forature a ponte, paratia e sottobattente, con una soluzione di Classe A\/B\" \/>\n<meta property=\"og:url\" content=\"https:\/\/uniontradingmonaco-marine.com\/it\/negozio\/sistemi-tagliafuoco\/navycross\/\" \/>\n<meta property=\"og:site_name\" content=\"Union Trading Monaco\" \/>\n<meta property=\"article:modified_time\" content=\"2017-07-18T17:08:47+00:00\" \/>\n<meta property=\"og:image\" content=\"https:\/\/uniontradingmonaco-marine.com\/it\/wp-content\/uploads\/sites\/3\/2017\/05\/NAVYCROSS.png\" \/>\n\t<meta property=\"og:image:width\" content=\"600\" \/>\n\t<meta property=\"og:image:height\" content=\"350\" \/>\n\t<meta property=\"og:image:type\" content=\"image\/png\" \/>\n<meta name=\"twitter:card\" content=\"summary_large_image\" \/>\n<meta name=\"twitter:label1\" content=\"Tempo di lettura stimato\" \/>\n\t<meta name=\"twitter:data1\" content=\"1 minuto\" \/>\n<!-- \/ Yoast SEO plugin. -->","yoast_head_json":{"title":"Tamponamento NAVYCROSS classe A60 - A0 - Union Trading Monaco","description":"La soluzione di sbarramento antifuoco NAVYCROSS permette la chiusura di forature a ponte, paratia e sottobattente, con una soluzione di Classe A\/B","robots":{"index":"index","follow":"follow","max-snippet":"max-snippet:-1","max-image-preview":"max-image-preview:large","max-video-preview":"max-video-preview:-1"},"canonical":"https:\/\/uniontradingmonaco-marine.com\/it\/negozio\/sistemi-tagliafuoco\/navycross\/","og_locale":"it_IT","og_type":"article","og_title":"Tamponamento NAVYCROSS classe A60 - A0 - Union Trading Monaco","og_description":"La soluzione di sbarramento antifuoco NAVYCROSS permette la chiusura di forature a ponte, paratia e sottobattente, con una soluzione di Classe A\/B","og_url":"https:\/\/uniontradingmonaco-marine.com\/it\/negozio\/sistemi-tagliafuoco\/navycross\/","og_site_name":"Union Trading Monaco","article_modified_time":"2017-07-18T17:08:47+00:00","og_image":[{"width":600,"height":350,"url":"https:\/\/uniontradingmonaco-marine.com\/it\/wp-content\/uploads\/sites\/3\/2017\/05\/NAVYCROSS.png","type":"image\/png"}],"twitter_card":"summary_large_image","twitter_misc":{"Tempo di lettura stimato":"1 minuto"},"schema":{"@context":"https:\/\/schema.org","@graph":[{"@type":"WebPage","@id":"https:\/\/uniontradingmonaco-marine.com\/it\/negozio\/sistemi-tagliafuoco\/navycross\/","url":"https:\/\/uniontradingmonaco-marine.com\/it\/negozio\/sistemi-tagliafuoco\/navycross\/","name":"Tamponamento NAVYCROSS classe A60 - A0 - Union Trading Monaco","isPartOf":{"@id":"https:\/\/uniontradingmonaco-marine.com\/it\/#website"},"primaryImageOfPage":{"@id":"https:\/\/uniontradingmonaco-marine.com\/it\/negozio\/sistemi-tagliafuoco\/navycross\/#primaryimage"},"image":{"@id":"https:\/\/uniontradingmonaco-marine.com\/it\/negozio\/sistemi-tagliafuoco\/navycross\/#primaryimage"},"thumbnailUrl":"https:\/\/uniontradingmonaco-marine.com\/it\/wp-content\/uploads\/sites\/3\/2017\/05\/NAVYCROSS.png","datePublished":"2017-05-18T17:54:14+00:00","dateModified":"2017-07-18T17:08:47+00:00","description":"La soluzione di sbarramento antifuoco NAVYCROSS permette la chiusura di forature a ponte, paratia e sottobattente, con una soluzione di Classe A\/B","breadcrumb":{"@id":"https:\/\/uniontradingmonaco-marine.com\/it\/negozio\/sistemi-tagliafuoco\/navycross\/#breadcrumb"},"inLanguage":"it-IT","potentialAction":[{"@type":"ReadAction","target":["https:\/\/uniontradingmonaco-marine.com\/it\/negozio\/sistemi-tagliafuoco\/navycross\/"]}]},{"@type":"ImageObject","inLanguage":"it-IT","@id":"https:\/\/uniontradingmonaco-marine.com\/it\/negozio\/sistemi-tagliafuoco\/navycross\/#primaryimage","url":"https:\/\/uniontradingmonaco-marine.com\/it\/wp-content\/uploads\/sites\/3\/2017\/05\/NAVYCROSS.png","contentUrl":"https:\/\/uniontradingmonaco-marine.com\/it\/wp-content\/uploads\/sites\/3\/2017\/05\/NAVYCROSS.png","width":600,"height":350,"caption":"Tamponamento NAVYCROSS classe A60 &#8211; A0"},{"@type":"BreadcrumbList","@id":"https:\/\/uniontradingmonaco-marine.com\/it\/negozio\/sistemi-tagliafuoco\/navycross\/#breadcrumb","itemListElement":[{"@type":"ListItem","position":1,"name":"Accueil","item":"https:\/\/uniontradingmonaco-marine.com\/it\/"},{"@type":"ListItem","position":2,"name":"Tamponamento NAVYCROSS classe A60 &#8211; A0"}]},{"@type":"WebSite","@id":"https:\/\/uniontradingmonaco-marine.com\/it\/#website","url":"https:\/\/uniontradingmonaco-marine.com\/it\/","name":"Union Trading Monaco","description":"Union Trading Monaco","potentialAction":[{"@type":"SearchAction","target":{"@type":"EntryPoint","urlTemplate":"https:\/\/uniontradingmonaco-marine.com\/it\/?s={search_term_string}"},"query-input":{"@type":"PropertyValueSpecification","valueRequired":true,"valueName":"search_term_string"}}],"inLanguage":"it-IT"}]}},"_links":{"self":[{"href":"https:\/\/uniontradingmonaco-marine.com\/it\/wp-json\/wp\/v2\/product\/2646","targetHints":{"allow":["GET"]}}],"collection":[{"href":"https:\/\/uniontradingmonaco-marine.com\/it\/wp-json\/wp\/v2\/product"}],"about":[{"href":"https:\/\/uniontradingmonaco-marine.com\/it\/wp-json\/wp\/v2\/types\/product"}],"wp:featuredmedia":[{"embeddable":true,"href":"https:\/\/uniontradingmonaco-marine.com\/it\/wp-json\/wp\/v2\/media\/2647"}],"wp:attachment":[{"href":"https:\/\/uniontradingmonaco-marine.com\/it\/wp-json\/wp\/v2\/media?parent=2646"}],"wp:term":[{"taxonomy":"product_brand","embeddable":true,"href":"https:\/\/uniontradingmonaco-marine.com\/it\/wp-json\/wp\/v2\/product_brand?post=2646"},{"taxonomy":"product_cat","embeddable":true,"href":"https:\/\/uniontradingmonaco-marine.com\/it\/wp-json\/wp\/v2\/product_cat?post=2646"},{"taxonomy":"product_tag","embeddable":true,"href":"https:\/\/uniontradingmonaco-marine.com\/it\/wp-json\/wp\/v2\/product_tag?post=2646"}],"curies":[{"name":"wp","href":"https:\/\/api.w.org\/{rel}","templated":true}]}}