{"id":2651,"date":"2017-05-19T09:26:57","date_gmt":"2017-05-19T07:26:57","guid":{"rendered":"http:\/\/uniontradingmonaco-marine.com\/it\/?post_type=product&#038;p=2651"},"modified":"2017-07-19T11:44:38","modified_gmt":"2017-07-19T09:44:38","slug":"isobulk-b15","status":"publish","type":"product","link":"https:\/\/uniontradingmonaco-marine.com\/it\/negozio\/sistemi-tagliafuoco\/isobulk-b15\/","title":{"rendered":"Sistema Tamponamento ISOBULK B15"},"content":{"rendered":"<h3><span style=\"text-decoration: underline;\"><strong>Composizione del sistema di tamponamento ISOBULK B0\/B15<\/strong><\/span><\/h3>\n<p>Pannello Isobulk B15 composito \u00a0 \u00a0 \u00a0 \u00a0 \u00a0 \u00a0 \u00a0 \u00a0 \u00a0 \u00a0 \u00a0 \u00a0 \u00a0 \u00a0 \u00a0\u00a0 Dim. pannello: mt. 1 x 0,6<\/p>\n<p>Sigillante \u201cNavycross m\u201d (x B15) \u00a0 \u00a0 \u00a0 \u00a0 \u00a0 \u00a0 \u00a0 \u00a0 \u00a0 \u00a0 \u00a0 \u00a0 \u00a0 \u00a0 \u00a0C<span style=\"text-align: -webkit-center;\">onfezioni da Kg. 15<\/span><\/p>\n<p><em>1 confezione ogni 10 mq. di pannelli<\/em><\/p>\n<p>Arpioni e Rondelle \u00a0 \u00a0 \u00a0 \u00a0 \u00a0 \u00a0 \u00a0 \u00a0 \u00a0 \u00a0 \u00a0 \u00a0 \u00a0 \u00a0 \u00a0 \u00a0 \u00a0 \u00a0 \u00a0 \u00a0 \u00a0 \u00a0 \u00a0 \u00a0 \u00a0Reperibili in cantiere c\/o \u00a0 ditte d\u2019isolazione<\/p>\n<p>&nbsp;<\/p>\n<h5>\u00c8 un materiale <strong>incombustibile<\/strong> certificato, RINA e LLOYD&#8217;S.<\/h5>\n<p>&nbsp;<\/p>\n<p><strong>Caratteristiche:\u00a0<\/strong>ISOBULK B15 \u00e8 un sistema innovativo per la realizzazione di <strong>sbarramenti per tagliatiraggio<\/strong>, le cui ottime caratteristiche di resistenza al fuoco (classe B30) ne consentono l\u2019utilizzo in paratie di classe B, anche quale <strong>tamponamento per attraversamento di cavi, tubi e condotte<\/strong>; la versatilit\u00e0 con cui si sposa ad ogni situazione strutturale, la semplicit\u00e0 di applicazione e, non da ultimo, la leggerezza dei suoi componenti lo rendono preferibile a qualsiasi altra soluzione, evitando, in particolar maniera, l\u2019utilizzo di scomodi elementi metallici.<\/p>\n<p>ISOBULK B15 \u00e8 costituito da un pannello autoportante, isolante, rivestito con una peculiare finitura da entrambi i lati.<\/p>\n<p>Di facile sagomatura, viene adattato ed inserito nella struttura di contesto, tramite sigillante denominato \u201cNAVYCROSS m\u201d.<\/p>\n<p>&nbsp;<\/p>\n<p><strong>Dati Tecnici:<\/strong><\/p>\n<table>\n<tbody>\n<tr>\n<td width=\"437\">\n<table width=\"100%\">\n<tbody>\n<tr>\n<td>Composizione chimica:\u00a0\u00a0\u00a0\u00a0\u00a0\u00a0 &#8211;\u00a0\u00a0\u00a0\u00a0 pannello isolante<\/p>\n<p>&#8211;\u00a0\u00a0\u00a0\u00a0\u00a0\u00a0\u00a0 rivestimento di finitura<\/p>\n<p>&#8211;\u00a0\u00a0\u00a0\u00a0\u00a0\u00a0\u00a0 adesivo a base di composti chimici inorganici<\/p>\n<p>Colore del rivestimento:\u00a0\u00a0 nero<\/p>\n<p>Densit\u00e0 complessiva:\u00a0\u00a0\u00a0\u00a0 145 (\u00b1 10%) Kg\/m<sup>3<\/sup><\/p>\n<p>Peso (Kg\/m<sup>2<\/sup>):\u00a0\u00a0\u00a0\u00a0\u00a0\u00a0\u00a0\u00a0\u00a0\u00a0\u00a0\u00a0\u00a0\u00a0\u00a0\u00a0 4.5 Kg\/m<sup>2<\/sup><\/p>\n<p><sup>\u00a0<\/sup><\/p>\n<p>Dimensioni pannello:\u00a0\u00a0\u00a0\u00a0\u00a0\u00a0 1200X600 mm<\/p>\n<p>&nbsp;<\/p>\n<p>Spessore:\u00a0\u00a0\u00a0\u00a0\u00a0\u00a0\u00a0\u00a0\u00a0\u00a0\u00a0\u00a0\u00a0\u00a0\u00a0\u00a0\u00a0\u00a0\u00a0\u00a0\u00a0\u00a0\u00a0\u00a0 30 mm<\/p>\n<p>&nbsp;<\/td>\n<\/tr>\n<\/tbody>\n<\/table>\n<\/td>\n<\/tr>\n<\/tbody>\n<\/table>\n<p>&nbsp;<\/p>\n<h6>I dati contenuti in questa scheda sono resi noti da parte nostra con la migliore accuratezza possibile.\u00a0Tuttavia questa accuratezza non \u00e8 oggetto di garanzia e i dati comunicati in questa scheda non costituiscono n\u00e9 implicano alcuna garanzia da parte della nostra societ\u00e0.<\/h6>\n<!-- AddThis Advanced Settings generic via filter on the_content --><!-- AddThis Share Buttons generic via filter on the_content -->","protected":false},"excerpt":{"rendered":"<h2>Sistema\u00a0di tamponamento in proseguo di pannelli divisori cabine e pannelli aree pubbliche:\u00a0\u201cISOBULK B15\u201dE \u201cMARINE DRAUGHT STOP\u201d CON PANNELLO ISOBULK TT.<\/h2>\n<p>La combinazione delle soluzioni ISOBULK B15 e MARINE DRAUGHT STOP con pannello ISOBULK TT , permette il tamponamento delle <em>luci libere<\/em> intercorrenti tra il bordo superiore dei suddetti pannelli ed il sottoponte, con la relativa sigillatura certificata di tutte le utenze traversanti, quali: tubi, cavi, condotte di ventilazione, ecc.<!-- AddThis Advanced Settings generic via filter on get_the_excerpt --><!-- AddThis Share Buttons generic via filter on get_the_excerpt --><\/p>\n","protected":false},"featured_media":2652,"template":"","meta":[],"product_brand":[],"product_cat":[44],"product_tag":[],"class_list":{"0":"post-2651","1":"product","2":"type-product","3":"status-publish","4":"has-post-thumbnail","6":"product_cat-sistemi-tagliafuoco","7":"has-thumb","9":"first","10":"instock","11":"shipping-taxable","12":"product-type-simple"},"yoast_head":"<!-- This site is optimized with the Yoast SEO plugin v27.3 - https:\/\/yoast.com\/product\/yoast-seo-wordpress\/ -->\n<title>ISOBULK B0\/B15<\/title>\n<meta name=\"description\" content=\"Tamponamento luci libere intercorrenti tra il bordo superiore dei pannelli ed il sottoponte con sigillatura certificata di tutte le utenze traversanti\" \/>\n<meta name=\"robots\" content=\"index, follow, max-snippet:-1, max-image-preview:large, max-video-preview:-1\" \/>\n<link rel=\"canonical\" href=\"https:\/\/uniontradingmonaco-marine.com\/it\/negozio\/sistemi-tagliafuoco\/isobulk-b15\/\" \/>\n<meta property=\"og:locale\" content=\"it_IT\" \/>\n<meta property=\"og:type\" content=\"article\" \/>\n<meta property=\"og:title\" content=\"ISOBULK B0\/B15\" \/>\n<meta property=\"og:description\" content=\"Tamponamento luci libere intercorrenti tra il bordo superiore dei pannelli ed il sottoponte con sigillatura certificata di tutte le utenze traversanti\" \/>\n<meta property=\"og:url\" content=\"https:\/\/uniontradingmonaco-marine.com\/it\/negozio\/sistemi-tagliafuoco\/isobulk-b15\/\" \/>\n<meta property=\"og:site_name\" content=\"Union Trading Monaco\" \/>\n<meta property=\"article:modified_time\" content=\"2017-07-19T09:44:38+00:00\" \/>\n<meta property=\"og:image\" content=\"https:\/\/uniontradingmonaco-marine.com\/it\/wp-content\/uploads\/sites\/3\/2017\/05\/isobulkb15_1.jpg\" \/>\n\t<meta property=\"og:image:width\" content=\"600\" \/>\n\t<meta property=\"og:image:height\" content=\"350\" \/>\n\t<meta property=\"og:image:type\" content=\"image\/jpeg\" \/>\n<meta name=\"twitter:card\" content=\"summary_large_image\" \/>\n<meta name=\"twitter:label1\" content=\"Tempo di lettura stimato\" \/>\n\t<meta name=\"twitter:data1\" content=\"1 minuto\" \/>\n<!-- \/ Yoast SEO plugin. -->","yoast_head_json":{"title":"ISOBULK B0\/B15","description":"Tamponamento luci libere intercorrenti tra il bordo superiore dei pannelli ed il sottoponte con sigillatura certificata di tutte le utenze traversanti","robots":{"index":"index","follow":"follow","max-snippet":"max-snippet:-1","max-image-preview":"max-image-preview:large","max-video-preview":"max-video-preview:-1"},"canonical":"https:\/\/uniontradingmonaco-marine.com\/it\/negozio\/sistemi-tagliafuoco\/isobulk-b15\/","og_locale":"it_IT","og_type":"article","og_title":"ISOBULK B0\/B15","og_description":"Tamponamento luci libere intercorrenti tra il bordo superiore dei pannelli ed il sottoponte con sigillatura certificata di tutte le utenze traversanti","og_url":"https:\/\/uniontradingmonaco-marine.com\/it\/negozio\/sistemi-tagliafuoco\/isobulk-b15\/","og_site_name":"Union Trading Monaco","article_modified_time":"2017-07-19T09:44:38+00:00","og_image":[{"width":600,"height":350,"url":"https:\/\/uniontradingmonaco-marine.com\/it\/wp-content\/uploads\/sites\/3\/2017\/05\/isobulkb15_1.jpg","type":"image\/jpeg"}],"twitter_card":"summary_large_image","twitter_misc":{"Tempo di lettura stimato":"1 minuto"},"schema":{"@context":"https:\/\/schema.org","@graph":[{"@type":"WebPage","@id":"https:\/\/uniontradingmonaco-marine.com\/it\/negozio\/sistemi-tagliafuoco\/isobulk-b15\/","url":"https:\/\/uniontradingmonaco-marine.com\/it\/negozio\/sistemi-tagliafuoco\/isobulk-b15\/","name":"ISOBULK B0\/B15","isPartOf":{"@id":"https:\/\/uniontradingmonaco-marine.com\/it\/#website"},"primaryImageOfPage":{"@id":"https:\/\/uniontradingmonaco-marine.com\/it\/negozio\/sistemi-tagliafuoco\/isobulk-b15\/#primaryimage"},"image":{"@id":"https:\/\/uniontradingmonaco-marine.com\/it\/negozio\/sistemi-tagliafuoco\/isobulk-b15\/#primaryimage"},"thumbnailUrl":"https:\/\/uniontradingmonaco-marine.com\/it\/wp-content\/uploads\/sites\/3\/2017\/05\/isobulkb15_1.jpg","datePublished":"2017-05-19T07:26:57+00:00","dateModified":"2017-07-19T09:44:38+00:00","description":"Tamponamento luci libere intercorrenti tra il bordo superiore dei pannelli ed il sottoponte con sigillatura certificata di tutte le utenze traversanti","breadcrumb":{"@id":"https:\/\/uniontradingmonaco-marine.com\/it\/negozio\/sistemi-tagliafuoco\/isobulk-b15\/#breadcrumb"},"inLanguage":"it-IT","potentialAction":[{"@type":"ReadAction","target":["https:\/\/uniontradingmonaco-marine.com\/it\/negozio\/sistemi-tagliafuoco\/isobulk-b15\/"]}]},{"@type":"ImageObject","inLanguage":"it-IT","@id":"https:\/\/uniontradingmonaco-marine.com\/it\/negozio\/sistemi-tagliafuoco\/isobulk-b15\/#primaryimage","url":"https:\/\/uniontradingmonaco-marine.com\/it\/wp-content\/uploads\/sites\/3\/2017\/05\/isobulkb15_1.jpg","contentUrl":"https:\/\/uniontradingmonaco-marine.com\/it\/wp-content\/uploads\/sites\/3\/2017\/05\/isobulkb15_1.jpg","width":600,"height":350,"caption":"Sistema Tamponamento ISOBULK B15"},{"@type":"BreadcrumbList","@id":"https:\/\/uniontradingmonaco-marine.com\/it\/negozio\/sistemi-tagliafuoco\/isobulk-b15\/#breadcrumb","itemListElement":[{"@type":"ListItem","position":1,"name":"Accueil","item":"https:\/\/uniontradingmonaco-marine.com\/it\/"},{"@type":"ListItem","position":2,"name":"Sistema Tamponamento ISOBULK B15"}]},{"@type":"WebSite","@id":"https:\/\/uniontradingmonaco-marine.com\/it\/#website","url":"https:\/\/uniontradingmonaco-marine.com\/it\/","name":"Union Trading Monaco","description":"Union Trading Monaco","potentialAction":[{"@type":"SearchAction","target":{"@type":"EntryPoint","urlTemplate":"https:\/\/uniontradingmonaco-marine.com\/it\/?s={search_term_string}"},"query-input":{"@type":"PropertyValueSpecification","valueRequired":true,"valueName":"search_term_string"}}],"inLanguage":"it-IT"}]}},"_links":{"self":[{"href":"https:\/\/uniontradingmonaco-marine.com\/it\/wp-json\/wp\/v2\/product\/2651","targetHints":{"allow":["GET"]}}],"collection":[{"href":"https:\/\/uniontradingmonaco-marine.com\/it\/wp-json\/wp\/v2\/product"}],"about":[{"href":"https:\/\/uniontradingmonaco-marine.com\/it\/wp-json\/wp\/v2\/types\/product"}],"wp:featuredmedia":[{"embeddable":true,"href":"https:\/\/uniontradingmonaco-marine.com\/it\/wp-json\/wp\/v2\/media\/2652"}],"wp:attachment":[{"href":"https:\/\/uniontradingmonaco-marine.com\/it\/wp-json\/wp\/v2\/media?parent=2651"}],"wp:term":[{"taxonomy":"product_brand","embeddable":true,"href":"https:\/\/uniontradingmonaco-marine.com\/it\/wp-json\/wp\/v2\/product_brand?post=2651"},{"taxonomy":"product_cat","embeddable":true,"href":"https:\/\/uniontradingmonaco-marine.com\/it\/wp-json\/wp\/v2\/product_cat?post=2651"},{"taxonomy":"product_tag","embeddable":true,"href":"https:\/\/uniontradingmonaco-marine.com\/it\/wp-json\/wp\/v2\/product_tag?post=2651"}],"curies":[{"name":"wp","href":"https:\/\/api.w.org\/{rel}","templated":true}]}}