{"id":2675,"date":"2017-05-19T09:42:50","date_gmt":"2017-05-19T07:42:50","guid":{"rendered":"http:\/\/uniontradingmonaco-marine.com\/it\/?post_type=product&#038;p=2675"},"modified":"2017-07-20T12:17:08","modified_gmt":"2017-07-20T10:17:08","slug":"protherm-ce-2000","status":"publish","type":"product","link":"https:\/\/uniontradingmonaco-marine.com\/it\/negozio\/sistemi-tagliafuoco\/protherm-ce-2000\/","title":{"rendered":"Sistema PROTHERM CE 2000"},"content":{"rendered":"<p><strong>Caratteristiche:<\/strong> PROTHERM CE 2000 \u00e8 un rivestimento protettivo per le vie cavo ed i cavi elettrici che, in seguito alla reazione chimico-fisica innescata al momento in cui il prodotto viene investito dal calore o dalla fiamma diretta, genera una schiuma carboniosa a cellule chiuse dall\u2019altissimo potere coibente.<\/p>\n<p>&nbsp;<\/p>\n<h5>\u00c8 un materiale <strong>antifiamma<\/strong> certificato e omologato , CESI, RINA e LLOYD&#8217;S.<\/h5>\n<p>&nbsp;<\/p>\n<p><strong>Impiego:<\/strong> PROTHERM CE 2000, protettivo a spruzzo e\/o pennello per cavi elettrici, vie cavo e passerelle, efficace per qualsiasi tipo di cavo, flessibile e non aggressivo nei confronti degli isolanti.<\/p>\n<p>&nbsp;<\/p>\n<p><strong>Dati tecnici:\u00a0<\/strong><\/p>\n<table>\n<tbody>\n<tr>\n<td width=\"400\">\n<table width=\"100%\">\n<tbody>\n<tr>\n<td>&nbsp;<\/p>\n<p><strong>Caratteristiche chimiche:<\/strong>\u00a0\u00a0 Monocomponente a base di copolimeri vinilici in<\/p>\n<p>dispersione acquosa<\/p>\n<p><strong>\u00a0<\/strong><\/p>\n<p><strong>Colore:<\/strong>\u00a0\u00a0\u00a0\u00a0\u00a0\u00a0\u00a0\u00a0\u00a0\u00a0\u00a0\u00a0\u00a0\u00a0\u00a0\u00a0\u00a0\u00a0\u00a0\u00a0\u00a0\u00a0\u00a0\u00a0\u00a0\u00a0\u00a0\u00a0\u00a0\u00a0\u00a0\u00a0 Azzurro \/ Grigio<\/p>\n<p>&nbsp;<\/p>\n<p><strong>Punto di infiammabilit\u00e0:<\/strong>\u00a0\u00a0\u00a0\u00a0 Non infiammabile<\/p>\n<p>&nbsp;<\/p>\n<p><strong>Peso specifico:\u00a0\u00a0\u00a0\u00a0\u00a0\u00a0\u00a0\u00a0\u00a0\u00a0\u00a0\u00a0\u00a0\u00a0\u00a0\u00a0\u00a0\u00a0 <\/strong>1,25 (\u00b1 10%) g\/cm<sup>3<\/sup><\/p>\n<p>&nbsp;<\/p>\n<p><strong>Residuo secco: <\/strong>\u00a0\u00a0\u00a0\u00a0\u00a0\u00a0\u00a0\u00a0\u00a0\u00a0\u00a0\u00a0\u00a0\u00a0\u00a0\u00a0\u00a0\u00a0\u00a065,8 % in peso<\/p>\n<p>&nbsp;<\/p>\n<p><strong>Viscosit\u00e0:<\/strong>\u00a0\u00a0\u00a0\u00a0\u00a0\u00a0\u00a0\u00a0\u00a0\u00a0\u00a0\u00a0\u00a0\u00a0\u00a0\u00a0\u00a0\u00a0\u00a0\u00a0\u00a0\u00a0\u00a0\u00a0\u00a0\u00a0\u00a0\u00a0 150 \u2013 200 Poise (Viscosimetro Brookfield)<\/p>\n<p>&nbsp;<\/p>\n<p><strong>Consumo:\u00a0\u00a0\u00a0\u00a0\u00a0\u00a0\u00a0\u00a0\u00a0\u00a0\u00a0\u00a0\u00a0\u00a0\u00a0\u00a0\u00a0\u00a0\u00a0\u00a0\u00a0\u00a0\u00a0\u00a0\u00a0\u00a0 \u00a0\u00a0\u00a0<\/strong>fino a 3 Kg\/m<sup>2 <\/sup><\/p>\n<p>&nbsp;<\/p>\n<p><strong>Essiccamento:<\/strong>\u00a0\u00a0\u00a0\u00a0\u00a0\u00a0\u00a0\u00a0\u00a0\u00a0\u00a0\u00a0\u00a0\u00a0\u00a0\u00a0\u00a0\u00a0\u00a0\u00a0 48 ore<\/p>\n<p>&nbsp;<\/p>\n<p><strong>Spessore del film secco:<\/strong>\u00a0\u00a0\u00a0\u00a0 1,5 \u00b1 0.5 mm<\/td>\n<\/tr>\n<\/tbody>\n<\/table>\n<\/td>\n<\/tr>\n<\/tbody>\n<\/table>\n<p>&nbsp;<\/p>\n<p><em>Vedi anche PROTHERM TFP nelle Protezioni\u00a0Temporanee<\/em><\/p>\n<p>&nbsp;<\/p>\n<h6>I dati contenuti in questa scheda sono resi noti da parte nostra con la migliore accuratezza possibile.\u00a0Tuttavia questa accuratezza non \u00e8 oggetto di garanzia e i dati comunicati in questa scheda non costituiscono n\u00e9 implicano alcuna garanzia da parte della nostra societ\u00e0.<\/h6>\n<!-- AddThis Advanced Settings generic via filter on the_content --><!-- AddThis Share Buttons generic via filter on the_content -->","protected":false},"excerpt":{"rendered":"<h2>PROTHERM CE 2000 rivestimento per la protezione dal fuoco<\/h2>\n<p>I\u00a0\u201cSETTI\u201d\u00a0antifiamma PROTHERM CE 2000, applicati a spruzzo lungo il percorso dei cavi in fascio, realizzano, ad intervalli,\u00a0\u201cbarriere protettive\u201d\u00a0di 1 millimetro, lungo il percorso cavi, atte allo spegnimento dell\u2019eventuale incendio<!-- AddThis Advanced Settings generic via filter on get_the_excerpt --><!-- AddThis Share Buttons generic via filter on get_the_excerpt --><\/p>\n","protected":false},"featured_media":2677,"template":"","meta":[],"product_brand":[],"product_cat":[44],"product_tag":[],"class_list":{"0":"post-2675","1":"product","2":"type-product","3":"status-publish","4":"has-post-thumbnail","6":"product_cat-sistemi-tagliafuoco","7":"has-thumb","9":"first","10":"instock","11":"shipping-taxable","12":"product-type-simple"},"yoast_head":"<!-- This site is optimized with the Yoast SEO plugin v27.3 - https:\/\/yoast.com\/product\/yoast-seo-wordpress\/ -->\n<title>Sistema PROTHERM CE 2000 - Union Trading Monaco<\/title>\n<meta name=\"description\" content=\"Sistema antifuoco PROTHERM CE 2000 crea una barriera protettiva di 1mm, lungo il percorso \u2013 cavi, atte allo spegnimento dell\u2019eventuale incendio\" \/>\n<meta name=\"robots\" content=\"index, follow, max-snippet:-1, max-image-preview:large, max-video-preview:-1\" \/>\n<link rel=\"canonical\" href=\"https:\/\/uniontradingmonaco-marine.com\/it\/negozio\/sistemi-tagliafuoco\/protherm-ce-2000\/\" \/>\n<meta property=\"og:locale\" content=\"it_IT\" \/>\n<meta property=\"og:type\" content=\"article\" \/>\n<meta property=\"og:title\" content=\"Sistema PROTHERM CE 2000 - Union Trading Monaco\" \/>\n<meta property=\"og:description\" content=\"Sistema antifuoco PROTHERM CE 2000 crea una barriera protettiva di 1mm, lungo il percorso \u2013 cavi, atte allo spegnimento dell\u2019eventuale incendio\" \/>\n<meta property=\"og:url\" content=\"https:\/\/uniontradingmonaco-marine.com\/it\/negozio\/sistemi-tagliafuoco\/protherm-ce-2000\/\" \/>\n<meta property=\"og:site_name\" content=\"Union Trading Monaco\" \/>\n<meta property=\"article:modified_time\" content=\"2017-07-20T10:17:08+00:00\" \/>\n<meta property=\"og:image\" content=\"https:\/\/uniontradingmonaco-marine.com\/it\/wp-content\/uploads\/sites\/3\/2017\/05\/PROTHERM-CE-2000-2.png\" \/>\n\t<meta property=\"og:image:width\" content=\"278\" \/>\n\t<meta property=\"og:image:height\" content=\"209\" \/>\n\t<meta property=\"og:image:type\" content=\"image\/png\" \/>\n<meta name=\"twitter:card\" content=\"summary_large_image\" \/>\n<meta name=\"twitter:label1\" content=\"Tempo di lettura stimato\" \/>\n\t<meta name=\"twitter:data1\" content=\"1 minuto\" \/>\n<!-- \/ Yoast SEO plugin. -->","yoast_head_json":{"title":"Sistema PROTHERM CE 2000 - Union Trading Monaco","description":"Sistema antifuoco PROTHERM CE 2000 crea una barriera protettiva di 1mm, lungo il percorso \u2013 cavi, atte allo spegnimento dell\u2019eventuale incendio","robots":{"index":"index","follow":"follow","max-snippet":"max-snippet:-1","max-image-preview":"max-image-preview:large","max-video-preview":"max-video-preview:-1"},"canonical":"https:\/\/uniontradingmonaco-marine.com\/it\/negozio\/sistemi-tagliafuoco\/protherm-ce-2000\/","og_locale":"it_IT","og_type":"article","og_title":"Sistema PROTHERM CE 2000 - Union Trading Monaco","og_description":"Sistema antifuoco PROTHERM CE 2000 crea una barriera protettiva di 1mm, lungo il percorso \u2013 cavi, atte allo spegnimento dell\u2019eventuale incendio","og_url":"https:\/\/uniontradingmonaco-marine.com\/it\/negozio\/sistemi-tagliafuoco\/protherm-ce-2000\/","og_site_name":"Union Trading Monaco","article_modified_time":"2017-07-20T10:17:08+00:00","og_image":[{"width":278,"height":209,"url":"https:\/\/uniontradingmonaco-marine.com\/it\/wp-content\/uploads\/sites\/3\/2017\/05\/PROTHERM-CE-2000-2.png","type":"image\/png"}],"twitter_card":"summary_large_image","twitter_misc":{"Tempo di lettura stimato":"1 minuto"},"schema":{"@context":"https:\/\/schema.org","@graph":[{"@type":"WebPage","@id":"https:\/\/uniontradingmonaco-marine.com\/it\/negozio\/sistemi-tagliafuoco\/protherm-ce-2000\/","url":"https:\/\/uniontradingmonaco-marine.com\/it\/negozio\/sistemi-tagliafuoco\/protherm-ce-2000\/","name":"Sistema PROTHERM CE 2000 - Union Trading Monaco","isPartOf":{"@id":"https:\/\/uniontradingmonaco-marine.com\/it\/#website"},"primaryImageOfPage":{"@id":"https:\/\/uniontradingmonaco-marine.com\/it\/negozio\/sistemi-tagliafuoco\/protherm-ce-2000\/#primaryimage"},"image":{"@id":"https:\/\/uniontradingmonaco-marine.com\/it\/negozio\/sistemi-tagliafuoco\/protherm-ce-2000\/#primaryimage"},"thumbnailUrl":"https:\/\/uniontradingmonaco-marine.com\/it\/wp-content\/uploads\/sites\/3\/2017\/05\/PROTHERM-CE-2000-2.png","datePublished":"2017-05-19T07:42:50+00:00","dateModified":"2017-07-20T10:17:08+00:00","description":"Sistema antifuoco PROTHERM CE 2000 crea una barriera protettiva di 1mm, lungo il percorso \u2013 cavi, atte allo spegnimento dell\u2019eventuale incendio","breadcrumb":{"@id":"https:\/\/uniontradingmonaco-marine.com\/it\/negozio\/sistemi-tagliafuoco\/protherm-ce-2000\/#breadcrumb"},"inLanguage":"it-IT","potentialAction":[{"@type":"ReadAction","target":["https:\/\/uniontradingmonaco-marine.com\/it\/negozio\/sistemi-tagliafuoco\/protherm-ce-2000\/"]}]},{"@type":"ImageObject","inLanguage":"it-IT","@id":"https:\/\/uniontradingmonaco-marine.com\/it\/negozio\/sistemi-tagliafuoco\/protherm-ce-2000\/#primaryimage","url":"https:\/\/uniontradingmonaco-marine.com\/it\/wp-content\/uploads\/sites\/3\/2017\/05\/PROTHERM-CE-2000-2.png","contentUrl":"https:\/\/uniontradingmonaco-marine.com\/it\/wp-content\/uploads\/sites\/3\/2017\/05\/PROTHERM-CE-2000-2.png","width":278,"height":209,"caption":"Sistema PROTHERM CE 2000"},{"@type":"BreadcrumbList","@id":"https:\/\/uniontradingmonaco-marine.com\/it\/negozio\/sistemi-tagliafuoco\/protherm-ce-2000\/#breadcrumb","itemListElement":[{"@type":"ListItem","position":1,"name":"Accueil","item":"https:\/\/uniontradingmonaco-marine.com\/it\/"},{"@type":"ListItem","position":2,"name":"Sistema PROTHERM CE 2000"}]},{"@type":"WebSite","@id":"https:\/\/uniontradingmonaco-marine.com\/it\/#website","url":"https:\/\/uniontradingmonaco-marine.com\/it\/","name":"Union Trading Monaco","description":"Union Trading Monaco","potentialAction":[{"@type":"SearchAction","target":{"@type":"EntryPoint","urlTemplate":"https:\/\/uniontradingmonaco-marine.com\/it\/?s={search_term_string}"},"query-input":{"@type":"PropertyValueSpecification","valueRequired":true,"valueName":"search_term_string"}}],"inLanguage":"it-IT"}]}},"_links":{"self":[{"href":"https:\/\/uniontradingmonaco-marine.com\/it\/wp-json\/wp\/v2\/product\/2675","targetHints":{"allow":["GET"]}}],"collection":[{"href":"https:\/\/uniontradingmonaco-marine.com\/it\/wp-json\/wp\/v2\/product"}],"about":[{"href":"https:\/\/uniontradingmonaco-marine.com\/it\/wp-json\/wp\/v2\/types\/product"}],"wp:featuredmedia":[{"embeddable":true,"href":"https:\/\/uniontradingmonaco-marine.com\/it\/wp-json\/wp\/v2\/media\/2677"}],"wp:attachment":[{"href":"https:\/\/uniontradingmonaco-marine.com\/it\/wp-json\/wp\/v2\/media?parent=2675"}],"wp:term":[{"taxonomy":"product_brand","embeddable":true,"href":"https:\/\/uniontradingmonaco-marine.com\/it\/wp-json\/wp\/v2\/product_brand?post=2675"},{"taxonomy":"product_cat","embeddable":true,"href":"https:\/\/uniontradingmonaco-marine.com\/it\/wp-json\/wp\/v2\/product_cat?post=2675"},{"taxonomy":"product_tag","embeddable":true,"href":"https:\/\/uniontradingmonaco-marine.com\/it\/wp-json\/wp\/v2\/product_tag?post=2675"}],"curies":[{"name":"wp","href":"https:\/\/api.w.org\/{rel}","templated":true}]}}