{"id":2679,"date":"2017-05-19T09:51:56","date_gmt":"2017-05-19T07:51:56","guid":{"rendered":"http:\/\/uniontradingmonaco-marine.com\/it\/?post_type=product&#038;p=2679"},"modified":"2017-09-20T11:51:48","modified_gmt":"2017-09-20T09:51:48","slug":"protherm-tfp","status":"publish","type":"product","link":"https:\/\/uniontradingmonaco-marine.com\/it\/negozio\/protezioni-temporanee\/protherm-tfp\/","title":{"rendered":"PROTHERM TFP"},"content":{"rendered":"<p><strong>Caratteristiche :<\/strong> PROTHERM TFP \u00e9 costituito da una tendina intumescente, formata da un telo di fibra di vetro, dello spessore di mm. 0.5, per un peso di 450 gr.\/mq.. Questa tendina \u00e9 impregnata e rivestita su entrambi i lati di prodotto intumescente, della gamma PROTHERM, per uno spessore totale finale di mm. 2 \u00f7 2.5.<\/p>\n<p>&nbsp;<\/p>\n<h5>\u00c8 un materiale\u00a0<strong>intumescente<\/strong>\u00a0certificato e omologato CESI, RINA e LLOYD&#8217;S.<\/h5>\n<p>&nbsp;<\/p>\n<p><strong>Impiego:<\/strong> Tendina intumescente, efficace per l\u2019arresto della propagazione delle fiamme, attraverso aperture provvisorie a paratia e\/o ponte, da applicarsi prima del tamponamento definitivo<\/p>\n<p>&nbsp;<\/p>\n<p><strong>Dati tecnici:\u00a0<\/strong><\/p>\n<p><strong>Spessore telo interno: <\/strong>mm. 0.5<\/p>\n<p><strong>\u00a0<\/strong><\/p>\n<p><strong>Peso telo interno:<\/strong>gr.\/m<sup>2<\/sup> 450<\/p>\n<p><strong>\u00a0<\/strong><\/p>\n<p><strong>Spessore di applicazione del<\/strong><\/p>\n<p><strong>prodotto intumescente:<\/strong> mm. 1,5 \u00f7 2<\/p>\n<p><strong>\u00a0<\/strong><\/p>\n<p><strong>Colore telo interno:<\/strong>\u00a0Bianco o nero<\/p>\n<p><strong>\u00a0<\/strong><\/p>\n<p><strong>Colore rivestimento esterno:<\/strong> Antracite<\/p>\n<p>&nbsp;<\/p>\n<p><strong>Diluente per pulizia:<\/strong> Acqua<\/p>\n<p>&nbsp;<\/p>\n<p><strong>Punto di infiammabilit\u00e0:<\/strong> Non infiammabile<\/p>\n<p>&nbsp;<\/p>\n<p><strong>Peso Totale:<\/strong> 2.5 Kg.\/m<sup>2<\/sup><\/p>\n<p>&nbsp;<\/p>\n<p><strong>Odore:<\/strong> inodore, come per pitture a base acqua<\/p>\n<p><strong>\u00a0<\/strong><\/p>\n<p><strong>Essiccazione:<\/strong> 24 \u00f7 48 ore in funzione di temperatura ed umidit\u00e0 ambiente,<\/p>\n<p>riferita al sigillante perimetrale, in quanto il telo \u00e8 pretrattato.<\/p>\n<p>&nbsp;<\/p>\n<p><strong>Fornitura teli: <\/strong> fogli ritagliabili di dimensione a piacere per h. massima di m.1<\/p>\n<p>&nbsp;<\/p>\n<p><strong>Fornitura sigillante:\u00a0 <\/strong> confezioni da Kg. 5 o cartucce<\/p>\n<p>&nbsp;<\/p>\n<p><strong>Magazzinaggio:<\/strong>\u00a0 in ambiente asciutto<\/p>\n<p>&nbsp;<\/p>\n<p><strong>Stoccaggio:\u00a0<\/strong>12 mesi<\/p>\n<p>Vedi<em> anche PROTHERM CE 2000 nei Sistemi Tagliafuoco<\/em><\/p>\n<h6>I dati contenuti in questa scheda sono resi noti da parte nostra con la migliore accuratezza possibile.\u00a0Tuttavia questa accuratezza non \u00e8 oggetto di garanzia e i dati comunicati in questa scheda non costituiscono n\u00e9 implicano alcuna garanzia da parte della nostra societ\u00e0.<\/h6>\n<!-- AddThis Advanced Settings generic via filter on the_content --><!-- AddThis Share Buttons generic via filter on the_content -->","protected":false},"excerpt":{"rendered":"<h2>PROTHERM TFP, tendina intumescente per l\u2019arresto della propagazione del fuoco<\/h2>\n<p>Le bandine\u00a0\u201cPROTHERM TFP\u201d\u00a0stoppano il possibile propagarsi dell\u2019incendio, all\u2019interno delle forature provvisorie, mediante una reazione intumescente.<!-- AddThis Advanced Settings generic via filter on get_the_excerpt --><!-- AddThis Share Buttons generic via filter on get_the_excerpt --><\/p>\n","protected":false},"featured_media":2676,"template":"","meta":[],"product_brand":[],"product_cat":[15],"product_tag":[],"class_list":{"0":"post-2679","1":"product","2":"type-product","3":"status-publish","4":"has-post-thumbnail","6":"product_cat-protezioni-temporanee","7":"has-thumb","9":"first","10":"instock","11":"shipping-taxable","12":"product-type-simple"},"yoast_head":"<!-- This site is optimized with the Yoast SEO plugin v27.2 - https:\/\/yoast.com\/product\/yoast-seo-wordpress\/ -->\n<title>PROTHERM TFP - Union Trading Monaco<\/title>\n<meta name=\"description\" content=\"Le bandine PROTHERM TFP stoppano il possibile propagarsi dell\u2019incendio, all\u2019interno delle forature provvisorie, mediante una reazione intumescente\" \/>\n<meta name=\"robots\" content=\"index, follow, max-snippet:-1, max-image-preview:large, max-video-preview:-1\" \/>\n<link rel=\"canonical\" href=\"https:\/\/uniontradingmonaco-marine.com\/it\/negozio\/protezioni-temporanee\/protherm-tfp\/\" \/>\n<meta property=\"og:locale\" content=\"it_IT\" \/>\n<meta property=\"og:type\" content=\"article\" \/>\n<meta property=\"og:title\" content=\"PROTHERM TFP - Union Trading Monaco\" \/>\n<meta property=\"og:description\" content=\"Le bandine PROTHERM TFP stoppano il possibile propagarsi dell\u2019incendio, all\u2019interno delle forature provvisorie, mediante una reazione intumescente\" \/>\n<meta property=\"og:url\" content=\"https:\/\/uniontradingmonaco-marine.com\/it\/negozio\/protezioni-temporanee\/protherm-tfp\/\" \/>\n<meta property=\"og:site_name\" content=\"Union Trading Monaco\" \/>\n<meta property=\"article:modified_time\" content=\"2017-09-20T09:51:48+00:00\" \/>\n<meta property=\"og:image\" content=\"https:\/\/uniontradingmonaco-marine.com\/it\/wp-content\/uploads\/sites\/3\/2017\/05\/PROTHERM-CE-2000.jpg\" \/>\n\t<meta property=\"og:image:width\" content=\"2560\" \/>\n\t<meta property=\"og:image:height\" content=\"1627\" \/>\n\t<meta property=\"og:image:type\" content=\"image\/jpeg\" \/>\n<meta name=\"twitter:card\" content=\"summary_large_image\" \/>\n<meta name=\"twitter:label1\" content=\"Tempo di lettura stimato\" \/>\n\t<meta name=\"twitter:data1\" content=\"1 minuto\" \/>\n<!-- \/ Yoast SEO plugin. -->","yoast_head_json":{"title":"PROTHERM TFP - Union Trading Monaco","description":"Le bandine PROTHERM TFP stoppano il possibile propagarsi dell\u2019incendio, all\u2019interno delle forature provvisorie, mediante una reazione intumescente","robots":{"index":"index","follow":"follow","max-snippet":"max-snippet:-1","max-image-preview":"max-image-preview:large","max-video-preview":"max-video-preview:-1"},"canonical":"https:\/\/uniontradingmonaco-marine.com\/it\/negozio\/protezioni-temporanee\/protherm-tfp\/","og_locale":"it_IT","og_type":"article","og_title":"PROTHERM TFP - Union Trading Monaco","og_description":"Le bandine PROTHERM TFP stoppano il possibile propagarsi dell\u2019incendio, all\u2019interno delle forature provvisorie, mediante una reazione intumescente","og_url":"https:\/\/uniontradingmonaco-marine.com\/it\/negozio\/protezioni-temporanee\/protherm-tfp\/","og_site_name":"Union Trading Monaco","article_modified_time":"2017-09-20T09:51:48+00:00","og_image":[{"width":2560,"height":1627,"url":"https:\/\/uniontradingmonaco-marine.com\/it\/wp-content\/uploads\/sites\/3\/2017\/05\/PROTHERM-CE-2000.jpg","type":"image\/jpeg"}],"twitter_card":"summary_large_image","twitter_misc":{"Tempo di lettura stimato":"1 minuto"},"schema":{"@context":"https:\/\/schema.org","@graph":[{"@type":"WebPage","@id":"https:\/\/uniontradingmonaco-marine.com\/it\/negozio\/protezioni-temporanee\/protherm-tfp\/","url":"https:\/\/uniontradingmonaco-marine.com\/it\/negozio\/protezioni-temporanee\/protherm-tfp\/","name":"PROTHERM TFP - Union Trading Monaco","isPartOf":{"@id":"https:\/\/uniontradingmonaco-marine.com\/it\/#website"},"primaryImageOfPage":{"@id":"https:\/\/uniontradingmonaco-marine.com\/it\/negozio\/protezioni-temporanee\/protherm-tfp\/#primaryimage"},"image":{"@id":"https:\/\/uniontradingmonaco-marine.com\/it\/negozio\/protezioni-temporanee\/protherm-tfp\/#primaryimage"},"thumbnailUrl":"https:\/\/uniontradingmonaco-marine.com\/it\/wp-content\/uploads\/sites\/3\/2017\/05\/PROTHERM-CE-2000.jpg","datePublished":"2017-05-19T07:51:56+00:00","dateModified":"2017-09-20T09:51:48+00:00","description":"Le bandine PROTHERM TFP stoppano il possibile propagarsi dell\u2019incendio, all\u2019interno delle forature provvisorie, mediante una reazione intumescente","breadcrumb":{"@id":"https:\/\/uniontradingmonaco-marine.com\/it\/negozio\/protezioni-temporanee\/protherm-tfp\/#breadcrumb"},"inLanguage":"it-IT","potentialAction":[{"@type":"ReadAction","target":["https:\/\/uniontradingmonaco-marine.com\/it\/negozio\/protezioni-temporanee\/protherm-tfp\/"]}]},{"@type":"ImageObject","inLanguage":"it-IT","@id":"https:\/\/uniontradingmonaco-marine.com\/it\/negozio\/protezioni-temporanee\/protherm-tfp\/#primaryimage","url":"https:\/\/uniontradingmonaco-marine.com\/it\/wp-content\/uploads\/sites\/3\/2017\/05\/PROTHERM-CE-2000.jpg","contentUrl":"https:\/\/uniontradingmonaco-marine.com\/it\/wp-content\/uploads\/sites\/3\/2017\/05\/PROTHERM-CE-2000.jpg","width":2560,"height":1627,"caption":"PROTHERM TFP"},{"@type":"BreadcrumbList","@id":"https:\/\/uniontradingmonaco-marine.com\/it\/negozio\/protezioni-temporanee\/protherm-tfp\/#breadcrumb","itemListElement":[{"@type":"ListItem","position":1,"name":"Accueil","item":"https:\/\/uniontradingmonaco-marine.com\/it\/"},{"@type":"ListItem","position":2,"name":"PROTHERM TFP"}]},{"@type":"WebSite","@id":"https:\/\/uniontradingmonaco-marine.com\/it\/#website","url":"https:\/\/uniontradingmonaco-marine.com\/it\/","name":"Union Trading Monaco","description":"Union Trading Monaco","potentialAction":[{"@type":"SearchAction","target":{"@type":"EntryPoint","urlTemplate":"https:\/\/uniontradingmonaco-marine.com\/it\/?s={search_term_string}"},"query-input":{"@type":"PropertyValueSpecification","valueRequired":true,"valueName":"search_term_string"}}],"inLanguage":"it-IT"}]}},"_links":{"self":[{"href":"https:\/\/uniontradingmonaco-marine.com\/it\/wp-json\/wp\/v2\/product\/2679","targetHints":{"allow":["GET"]}}],"collection":[{"href":"https:\/\/uniontradingmonaco-marine.com\/it\/wp-json\/wp\/v2\/product"}],"about":[{"href":"https:\/\/uniontradingmonaco-marine.com\/it\/wp-json\/wp\/v2\/types\/product"}],"wp:featuredmedia":[{"embeddable":true,"href":"https:\/\/uniontradingmonaco-marine.com\/it\/wp-json\/wp\/v2\/media\/2676"}],"wp:attachment":[{"href":"https:\/\/uniontradingmonaco-marine.com\/it\/wp-json\/wp\/v2\/media?parent=2679"}],"wp:term":[{"taxonomy":"product_brand","embeddable":true,"href":"https:\/\/uniontradingmonaco-marine.com\/it\/wp-json\/wp\/v2\/product_brand?post=2679"},{"taxonomy":"product_cat","embeddable":true,"href":"https:\/\/uniontradingmonaco-marine.com\/it\/wp-json\/wp\/v2\/product_cat?post=2679"},{"taxonomy":"product_tag","embeddable":true,"href":"https:\/\/uniontradingmonaco-marine.com\/it\/wp-json\/wp\/v2\/product_tag?post=2679"}],"curies":[{"name":"wp","href":"https:\/\/api.w.org\/{rel}","templated":true}]}}