{"id":2680,"date":"2017-05-19T10:04:48","date_gmt":"2017-05-19T08:04:48","guid":{"rendered":"http:\/\/uniontradingmonaco-marine.com\/it\/?post_type=product&#038;p=2680"},"modified":"2017-07-20T23:16:24","modified_gmt":"2017-07-20T21:16:24","slug":"flooding-panel","status":"publish","type":"product","link":"https:\/\/uniontradingmonaco-marine.com\/it\/negozio\/sistemi-tagliafuoco\/flooding-panel\/","title":{"rendered":"Sistema FLOODING PANEL"},"content":{"rendered":"<p><strong>Caratteristiche: <\/strong>FLOODING PANEL \u00e8 un sistema innovativo di tamponamento per fori di allagamento. Tale sistema ha la peculiarit\u00e0 di cedere nei tempi richiesti dagli enti di certificazione, sotto la spinta dell\u2019acqua, in un eventuale allagamento della zona circostante, e contemporaneamente di garantire in condizioni normali la classe di resistenza al fuoco propria della divisione in cui \u00e8 posizionato (fino alla classe A60).\u00a0La versatilit\u00e0 con cui si sposa ad ogni situazione strutturale, la semplicit\u00e0 di applicazione lo rendono preferibile a qualsiasi altra soluzione.<\/p>\n<h5><\/h5>\n<h5>Materiale sigillante \u00a0non combustibile certificato e omologato RINA e BUREAU VERITAS<\/h5>\n<p>&nbsp;<\/p>\n<p><strong>Dati Tecnici:\u00a0<\/strong><\/p>\n<p>Gli elementi principali che compongono <strong>FLOODING PANEL <\/strong>sono:<\/p>\n<p>1 &#8211; Inserto sagomato di chiusura in acciaio avente spessore 5 mm (+ 1 mm).<\/p>\n<p>2 &#8211; Clips di tenuta in lamierino forato di acciaio.<\/p>\n<p>3 &#8211; Arpioni in acciaio.<\/p>\n<p>4 &#8211; Rondelle di tenuta in acciaio zincato.<\/p>\n<p>5 &#8211; Lana di roccia con densit\u00e0 100 kg\/m3 e spessore 30 mm (Classe A-30 e Classe A-0)<\/p>\n<p>6 &#8211; Lana di roccia con densit\u00e0 100 kg\/m3 e spessore 60 mm (Classe A-60)<\/p>\n<p>7 &#8211; Sigillante non combustibile NAVYCROSS MS avente densit\u00e0 700 kg\/m3 \u00b110%.<\/p>\n<p>(RINA Test Report No. 2009CS01872 del 10\/03\/2009)<\/p>\n<p>&nbsp;<\/p>\n<h6>I dati contenuti in questa scheda sono resi noti da parte nostra con la migliore accuratezza possibile.\u00a0Tuttavia questa accuratezza non \u00e8 oggetto di garanzia e i dati comunicati in questa scheda non costituiscono n\u00e9 implicano alcuna garanzia da parte della nostra societ\u00e0.<\/h6>\n<!-- AddThis Advanced Settings generic via filter on the_content --><!-- AddThis Share Buttons generic via filter on the_content -->","protected":false},"excerpt":{"rendered":"<h2>FLOODING PANEL \u00e9 un sistema di tamponamento per fissaggio der fori di allagamento<\/h2>\n<p>FLOODING PANEL \u00e8 un sistema certificato ed innovativo di tamponamento per fori di allagamento. La versatilit\u00e0 con cui questo materiale si sposa ad ogni situazione strutturale e la sua semplicit\u00e0 di applicazione lo rendono preferifile a qualsiasi altra soluzione.<\/p>\n<p>&nbsp;<!-- AddThis Advanced Settings generic via filter on get_the_excerpt --><!-- AddThis Share Buttons generic via filter on get_the_excerpt --><\/p>\n","protected":false},"featured_media":2688,"template":"","meta":[],"product_brand":[],"product_cat":[44],"product_tag":[],"class_list":{"0":"post-2680","1":"product","2":"type-product","3":"status-publish","4":"has-post-thumbnail","6":"product_cat-sistemi-tagliafuoco","7":"has-thumb","9":"first","10":"instock","11":"shipping-taxable","12":"product-type-simple"},"yoast_head":"<!-- This site is optimized with the Yoast SEO plugin v27.4 - https:\/\/yoast.com\/product\/yoast-seo-wordpress\/ -->\n<title>Sistema FLOODING PANEL - Union Trading Monaco<\/title>\n<meta name=\"description\" content=\"FLOODING PANEL \u00e8 un sistema certificato ed innovativo di tamponamento per fori di allagamento a bordo nave, di semplice applicazione\" \/>\n<meta name=\"robots\" content=\"index, follow, max-snippet:-1, max-image-preview:large, max-video-preview:-1\" \/>\n<link rel=\"canonical\" href=\"https:\/\/uniontradingmonaco-marine.com\/it\/negozio\/sistemi-tagliafuoco\/flooding-panel\/\" \/>\n<meta property=\"og:locale\" content=\"it_IT\" \/>\n<meta property=\"og:type\" content=\"article\" \/>\n<meta property=\"og:title\" content=\"Sistema FLOODING PANEL - Union Trading Monaco\" \/>\n<meta property=\"og:description\" content=\"FLOODING PANEL \u00e8 un sistema certificato ed innovativo di tamponamento per fori di allagamento a bordo nave, di semplice applicazione\" \/>\n<meta property=\"og:url\" content=\"https:\/\/uniontradingmonaco-marine.com\/it\/negozio\/sistemi-tagliafuoco\/flooding-panel\/\" \/>\n<meta property=\"og:site_name\" content=\"Union Trading Monaco\" \/>\n<meta property=\"article:modified_time\" content=\"2017-07-20T21:16:24+00:00\" \/>\n<meta property=\"og:image\" content=\"https:\/\/uniontradingmonaco-marine.com\/it\/wp-content\/uploads\/sites\/3\/2017\/05\/FLODING-PANEL.jpg\" \/>\n\t<meta property=\"og:image:width\" content=\"600\" \/>\n\t<meta property=\"og:image:height\" content=\"350\" \/>\n\t<meta property=\"og:image:type\" content=\"image\/jpeg\" \/>\n<meta name=\"twitter:card\" content=\"summary_large_image\" \/>\n<meta name=\"twitter:label1\" content=\"Tempo di lettura stimato\" \/>\n\t<meta name=\"twitter:data1\" content=\"1 minuto\" \/>\n<!-- \/ Yoast SEO plugin. -->","yoast_head_json":{"title":"Sistema FLOODING PANEL - Union Trading Monaco","description":"FLOODING PANEL \u00e8 un sistema certificato ed innovativo di tamponamento per fori di allagamento a bordo nave, di semplice applicazione","robots":{"index":"index","follow":"follow","max-snippet":"max-snippet:-1","max-image-preview":"max-image-preview:large","max-video-preview":"max-video-preview:-1"},"canonical":"https:\/\/uniontradingmonaco-marine.com\/it\/negozio\/sistemi-tagliafuoco\/flooding-panel\/","og_locale":"it_IT","og_type":"article","og_title":"Sistema FLOODING PANEL - Union Trading Monaco","og_description":"FLOODING PANEL \u00e8 un sistema certificato ed innovativo di tamponamento per fori di allagamento a bordo nave, di semplice applicazione","og_url":"https:\/\/uniontradingmonaco-marine.com\/it\/negozio\/sistemi-tagliafuoco\/flooding-panel\/","og_site_name":"Union Trading Monaco","article_modified_time":"2017-07-20T21:16:24+00:00","og_image":[{"width":600,"height":350,"url":"https:\/\/uniontradingmonaco-marine.com\/it\/wp-content\/uploads\/sites\/3\/2017\/05\/FLODING-PANEL.jpg","type":"image\/jpeg"}],"twitter_card":"summary_large_image","twitter_misc":{"Tempo di lettura stimato":"1 minuto"},"schema":{"@context":"https:\/\/schema.org","@graph":[{"@type":"WebPage","@id":"https:\/\/uniontradingmonaco-marine.com\/it\/negozio\/sistemi-tagliafuoco\/flooding-panel\/","url":"https:\/\/uniontradingmonaco-marine.com\/it\/negozio\/sistemi-tagliafuoco\/flooding-panel\/","name":"Sistema FLOODING PANEL - Union Trading Monaco","isPartOf":{"@id":"https:\/\/uniontradingmonaco-marine.com\/it\/#website"},"primaryImageOfPage":{"@id":"https:\/\/uniontradingmonaco-marine.com\/it\/negozio\/sistemi-tagliafuoco\/flooding-panel\/#primaryimage"},"image":{"@id":"https:\/\/uniontradingmonaco-marine.com\/it\/negozio\/sistemi-tagliafuoco\/flooding-panel\/#primaryimage"},"thumbnailUrl":"https:\/\/uniontradingmonaco-marine.com\/it\/wp-content\/uploads\/sites\/3\/2017\/05\/FLODING-PANEL.jpg","datePublished":"2017-05-19T08:04:48+00:00","dateModified":"2017-07-20T21:16:24+00:00","description":"FLOODING PANEL \u00e8 un sistema certificato ed innovativo di tamponamento per fori di allagamento a bordo nave, di semplice applicazione","breadcrumb":{"@id":"https:\/\/uniontradingmonaco-marine.com\/it\/negozio\/sistemi-tagliafuoco\/flooding-panel\/#breadcrumb"},"inLanguage":"it-IT","potentialAction":[{"@type":"ReadAction","target":["https:\/\/uniontradingmonaco-marine.com\/it\/negozio\/sistemi-tagliafuoco\/flooding-panel\/"]}]},{"@type":"ImageObject","inLanguage":"it-IT","@id":"https:\/\/uniontradingmonaco-marine.com\/it\/negozio\/sistemi-tagliafuoco\/flooding-panel\/#primaryimage","url":"https:\/\/uniontradingmonaco-marine.com\/it\/wp-content\/uploads\/sites\/3\/2017\/05\/FLODING-PANEL.jpg","contentUrl":"https:\/\/uniontradingmonaco-marine.com\/it\/wp-content\/uploads\/sites\/3\/2017\/05\/FLODING-PANEL.jpg","width":600,"height":350,"caption":"Sistema FLOODING PANEL"},{"@type":"BreadcrumbList","@id":"https:\/\/uniontradingmonaco-marine.com\/it\/negozio\/sistemi-tagliafuoco\/flooding-panel\/#breadcrumb","itemListElement":[{"@type":"ListItem","position":1,"name":"Accueil","item":"https:\/\/uniontradingmonaco-marine.com\/it\/"},{"@type":"ListItem","position":2,"name":"Sistema FLOODING PANEL"}]},{"@type":"WebSite","@id":"https:\/\/uniontradingmonaco-marine.com\/it\/#website","url":"https:\/\/uniontradingmonaco-marine.com\/it\/","name":"Union Trading Monaco","description":"Union Trading Monaco","potentialAction":[{"@type":"SearchAction","target":{"@type":"EntryPoint","urlTemplate":"https:\/\/uniontradingmonaco-marine.com\/it\/?s={search_term_string}"},"query-input":{"@type":"PropertyValueSpecification","valueRequired":true,"valueName":"search_term_string"}}],"inLanguage":"it-IT"}]}},"_links":{"self":[{"href":"https:\/\/uniontradingmonaco-marine.com\/it\/wp-json\/wp\/v2\/product\/2680","targetHints":{"allow":["GET"]}}],"collection":[{"href":"https:\/\/uniontradingmonaco-marine.com\/it\/wp-json\/wp\/v2\/product"}],"about":[{"href":"https:\/\/uniontradingmonaco-marine.com\/it\/wp-json\/wp\/v2\/types\/product"}],"wp:featuredmedia":[{"embeddable":true,"href":"https:\/\/uniontradingmonaco-marine.com\/it\/wp-json\/wp\/v2\/media\/2688"}],"wp:attachment":[{"href":"https:\/\/uniontradingmonaco-marine.com\/it\/wp-json\/wp\/v2\/media?parent=2680"}],"wp:term":[{"taxonomy":"product_brand","embeddable":true,"href":"https:\/\/uniontradingmonaco-marine.com\/it\/wp-json\/wp\/v2\/product_brand?post=2680"},{"taxonomy":"product_cat","embeddable":true,"href":"https:\/\/uniontradingmonaco-marine.com\/it\/wp-json\/wp\/v2\/product_cat?post=2680"},{"taxonomy":"product_tag","embeddable":true,"href":"https:\/\/uniontradingmonaco-marine.com\/it\/wp-json\/wp\/v2\/product_tag?post=2680"}],"curies":[{"name":"wp","href":"https:\/\/api.w.org\/{rel}","templated":true}]}}