{"id":2691,"date":"2017-05-19T10:28:54","date_gmt":"2017-05-19T08:28:54","guid":{"rendered":"http:\/\/uniontradingmonaco-marine.com\/it\/?post_type=product&#038;p=2691"},"modified":"2017-07-20T23:35:53","modified_gmt":"2017-07-20T21:35:53","slug":"corrimano-aluteak","status":"publish","type":"product","link":"https:\/\/uniontradingmonaco-marine.com\/it\/negozio\/allestimenti-esterni\/corrimano-aluteak\/","title":{"rendered":"IL CORRIMANO ALUTEAK"},"content":{"rendered":"<p>Il CORRINAMO ALUTEAK, nelle due versioni progettate per Aree Pubbliche e \u00a0Balcony \u00e8 prodotto con lo stesso sistema di montaggio del corrispondente prodotto in massello di teak, cos\u00ec da garantire:<\/p>\n<p>1. continuit\u00e0 di procedure di montaggio per le nuove costruzioni<\/p>\n<p>2. totale compatibilit\u00e0 per il refitting<\/p>\n<p>3. disconnessione tra il corrimano Aluteak col supporto\u00a0metallico delle balaustre<\/p>\n<p>4. superficie di taglio di sezione trattata con\u00a0\u00a0\u201cEPOXSYSTEM-C\u201d e terminale\/lamella sigillato con\u00a0adesivo \u201cMS-MUL\u201d<\/p>\n<p>5. terminale\/lamella e vite, in acciaio inox AISI 316L<\/p>\n<p>Profili corrimano in alluminio CORRINAMO ALUTEAK, Brevetto n\u00b0 GE2014A000076<\/p>\n<p>&nbsp;<\/p>\n<h6>I dati contenuti in questa scheda sono resi noti da parte nostra con la migliore accuratezza possibile.\u00a0Tuttavia questa accuratezza non \u00e8 oggetto di garanzia e i dati comunicati in questa scheda non costituiscono n\u00e9 implicano alcuna garanzia da parte della nostra societ\u00e0.<\/h6>\n<!-- AddThis Advanced Settings generic via filter on the_content --><!-- AddThis Share Buttons generic via filter on the_content -->","protected":false},"excerpt":{"rendered":"<h2>Corrimano in alluminio ALUTEAK, stesso profilo e aspetto decorativo finale dei corrimano originali in massello di teak, ma pi\u00f9 comodi e resistenti<\/h2>\n<p>Il CORRIMANO ALUTEAK \u00e9 la proposta innovativa di\u00a0sostituzione degli attuali corrimani esterni in massello di teak, con una soluzione in estruso di alluminio, che ne riproduce esattamente lo stesso profilo e l&#8217;aspetto decorativo finale. Prodotto certificato per l&#8217;impegno navale.<!-- AddThis Advanced Settings generic via filter on get_the_excerpt --><!-- AddThis Share Buttons generic via filter on get_the_excerpt --><\/p>\n","protected":false},"featured_media":2692,"template":"","meta":[],"product_brand":[],"product_cat":[45],"product_tag":[],"class_list":{"0":"post-2691","1":"product","2":"type-product","3":"status-publish","4":"has-post-thumbnail","6":"product_cat-allestimenti-esterni","7":"has-thumb","9":"first","10":"instock","11":"shipping-taxable","12":"product-type-simple"},"yoast_head":"<!-- This site is optimized with the Yoast SEO plugin v27.4 - https:\/\/yoast.com\/product\/yoast-seo-wordpress\/ -->\n<title>IL CORRIMANO ALUTEAK - Union Trading Monaco<\/title>\n<meta name=\"description\" content=\"CORRINAMO ALUTEAK, la proposta innovativa di sostituzione degli attuali corrimani esterni in massello di teak con una soluzione in estruso di alluminio\" \/>\n<meta name=\"robots\" content=\"index, follow, max-snippet:-1, max-image-preview:large, max-video-preview:-1\" \/>\n<link rel=\"canonical\" href=\"https:\/\/uniontradingmonaco-marine.com\/it\/negozio\/allestimenti-esterni\/corrimano-aluteak\/\" \/>\n<meta property=\"og:locale\" content=\"it_IT\" \/>\n<meta property=\"og:type\" content=\"article\" \/>\n<meta property=\"og:title\" content=\"IL CORRIMANO ALUTEAK - Union Trading Monaco\" \/>\n<meta property=\"og:description\" content=\"CORRINAMO ALUTEAK, la proposta innovativa di sostituzione degli attuali corrimani esterni in massello di teak con una soluzione in estruso di alluminio\" \/>\n<meta property=\"og:url\" content=\"https:\/\/uniontradingmonaco-marine.com\/it\/negozio\/allestimenti-esterni\/corrimano-aluteak\/\" \/>\n<meta property=\"og:site_name\" content=\"Union Trading Monaco\" \/>\n<meta property=\"article:modified_time\" content=\"2017-07-20T21:35:53+00:00\" \/>\n<meta property=\"og:image\" content=\"https:\/\/uniontradingmonaco-marine.com\/it\/wp-content\/uploads\/sites\/3\/2017\/05\/ALUTEAK.jpg\" \/>\n\t<meta property=\"og:image:width\" content=\"600\" \/>\n\t<meta property=\"og:image:height\" content=\"350\" \/>\n\t<meta property=\"og:image:type\" content=\"image\/jpeg\" \/>\n<meta name=\"twitter:card\" content=\"summary_large_image\" \/>\n<meta name=\"twitter:label1\" content=\"Tempo di lettura stimato\" \/>\n\t<meta name=\"twitter:data1\" content=\"1 minuto\" \/>\n<!-- \/ Yoast SEO plugin. -->","yoast_head_json":{"title":"IL CORRIMANO ALUTEAK - Union Trading Monaco","description":"CORRINAMO ALUTEAK, la proposta innovativa di sostituzione degli attuali corrimani esterni in massello di teak con una soluzione in estruso di alluminio","robots":{"index":"index","follow":"follow","max-snippet":"max-snippet:-1","max-image-preview":"max-image-preview:large","max-video-preview":"max-video-preview:-1"},"canonical":"https:\/\/uniontradingmonaco-marine.com\/it\/negozio\/allestimenti-esterni\/corrimano-aluteak\/","og_locale":"it_IT","og_type":"article","og_title":"IL CORRIMANO ALUTEAK - Union Trading Monaco","og_description":"CORRINAMO ALUTEAK, la proposta innovativa di sostituzione degli attuali corrimani esterni in massello di teak con una soluzione in estruso di alluminio","og_url":"https:\/\/uniontradingmonaco-marine.com\/it\/negozio\/allestimenti-esterni\/corrimano-aluteak\/","og_site_name":"Union Trading Monaco","article_modified_time":"2017-07-20T21:35:53+00:00","og_image":[{"width":600,"height":350,"url":"https:\/\/uniontradingmonaco-marine.com\/it\/wp-content\/uploads\/sites\/3\/2017\/05\/ALUTEAK.jpg","type":"image\/jpeg"}],"twitter_card":"summary_large_image","twitter_misc":{"Tempo di lettura stimato":"1 minuto"},"schema":{"@context":"https:\/\/schema.org","@graph":[{"@type":"WebPage","@id":"https:\/\/uniontradingmonaco-marine.com\/it\/negozio\/allestimenti-esterni\/corrimano-aluteak\/","url":"https:\/\/uniontradingmonaco-marine.com\/it\/negozio\/allestimenti-esterni\/corrimano-aluteak\/","name":"IL CORRIMANO ALUTEAK - Union Trading Monaco","isPartOf":{"@id":"https:\/\/uniontradingmonaco-marine.com\/it\/#website"},"primaryImageOfPage":{"@id":"https:\/\/uniontradingmonaco-marine.com\/it\/negozio\/allestimenti-esterni\/corrimano-aluteak\/#primaryimage"},"image":{"@id":"https:\/\/uniontradingmonaco-marine.com\/it\/negozio\/allestimenti-esterni\/corrimano-aluteak\/#primaryimage"},"thumbnailUrl":"https:\/\/uniontradingmonaco-marine.com\/it\/wp-content\/uploads\/sites\/3\/2017\/05\/ALUTEAK.jpg","datePublished":"2017-05-19T08:28:54+00:00","dateModified":"2017-07-20T21:35:53+00:00","description":"CORRINAMO ALUTEAK, la proposta innovativa di sostituzione degli attuali corrimani esterni in massello di teak con una soluzione in estruso di alluminio","breadcrumb":{"@id":"https:\/\/uniontradingmonaco-marine.com\/it\/negozio\/allestimenti-esterni\/corrimano-aluteak\/#breadcrumb"},"inLanguage":"it-IT","potentialAction":[{"@type":"ReadAction","target":["https:\/\/uniontradingmonaco-marine.com\/it\/negozio\/allestimenti-esterni\/corrimano-aluteak\/"]}]},{"@type":"ImageObject","inLanguage":"it-IT","@id":"https:\/\/uniontradingmonaco-marine.com\/it\/negozio\/allestimenti-esterni\/corrimano-aluteak\/#primaryimage","url":"https:\/\/uniontradingmonaco-marine.com\/it\/wp-content\/uploads\/sites\/3\/2017\/05\/ALUTEAK.jpg","contentUrl":"https:\/\/uniontradingmonaco-marine.com\/it\/wp-content\/uploads\/sites\/3\/2017\/05\/ALUTEAK.jpg","width":600,"height":350,"caption":"IL CORRIMANO ALUTEAK"},{"@type":"BreadcrumbList","@id":"https:\/\/uniontradingmonaco-marine.com\/it\/negozio\/allestimenti-esterni\/corrimano-aluteak\/#breadcrumb","itemListElement":[{"@type":"ListItem","position":1,"name":"Accueil","item":"https:\/\/uniontradingmonaco-marine.com\/it\/"},{"@type":"ListItem","position":2,"name":"IL CORRIMANO ALUTEAK"}]},{"@type":"WebSite","@id":"https:\/\/uniontradingmonaco-marine.com\/it\/#website","url":"https:\/\/uniontradingmonaco-marine.com\/it\/","name":"Union Trading Monaco","description":"Union Trading Monaco","potentialAction":[{"@type":"SearchAction","target":{"@type":"EntryPoint","urlTemplate":"https:\/\/uniontradingmonaco-marine.com\/it\/?s={search_term_string}"},"query-input":{"@type":"PropertyValueSpecification","valueRequired":true,"valueName":"search_term_string"}}],"inLanguage":"it-IT"}]}},"_links":{"self":[{"href":"https:\/\/uniontradingmonaco-marine.com\/it\/wp-json\/wp\/v2\/product\/2691","targetHints":{"allow":["GET"]}}],"collection":[{"href":"https:\/\/uniontradingmonaco-marine.com\/it\/wp-json\/wp\/v2\/product"}],"about":[{"href":"https:\/\/uniontradingmonaco-marine.com\/it\/wp-json\/wp\/v2\/types\/product"}],"wp:featuredmedia":[{"embeddable":true,"href":"https:\/\/uniontradingmonaco-marine.com\/it\/wp-json\/wp\/v2\/media\/2692"}],"wp:attachment":[{"href":"https:\/\/uniontradingmonaco-marine.com\/it\/wp-json\/wp\/v2\/media?parent=2691"}],"wp:term":[{"taxonomy":"product_brand","embeddable":true,"href":"https:\/\/uniontradingmonaco-marine.com\/it\/wp-json\/wp\/v2\/product_brand?post=2691"},{"taxonomy":"product_cat","embeddable":true,"href":"https:\/\/uniontradingmonaco-marine.com\/it\/wp-json\/wp\/v2\/product_cat?post=2691"},{"taxonomy":"product_tag","embeddable":true,"href":"https:\/\/uniontradingmonaco-marine.com\/it\/wp-json\/wp\/v2\/product_tag?post=2691"}],"curies":[{"name":"wp","href":"https:\/\/api.w.org\/{rel}","templated":true}]}}